{"id":1872,"date":"2017-11-18T20:19:04","date_gmt":"2017-11-18T20:19:04","guid":{"rendered":"http:\/\/biblian.is\/1981\/salmarnir-47-kafli\/"},"modified":"2021-06-06T11:09:52","modified_gmt":"2021-06-06T11:09:52","slug":"salmarnir-47-kafli","status":"publish","type":"page","link":"https:\/\/biblian.is\/1981\/salmarnir-47-kafli\/","title":{"rendered":"S\u00e1lmarnir 47. kafli"},"content":{"rendered":"<p><a name=\"1\"><span class=\"versanumer\">1<\/span><\/a>Til s\u00f6ngstj\u00f3rans. K\u00f3ra\u00edtas\u00e1lmur.<a name=\"2\"><span class=\"versanumer\">2<\/span><\/a>Klappi\u00f0 saman l\u00f3fum, allar \u00fej\u00f3\u00f0ir, fagni\u00f0 fyrir Gu\u00f0i me\u00f0 gle\u00f0i\u00f3pi.<a name=\"3\"><span class=\"versanumer\">3<\/span><\/a>\u00dev\u00ed a\u00f0 Drottinn, Hinn h\u00e6sti, er \u00f3gurlegur, voldugur konungur yfir gj\u00f6rvallri j\u00f6r\u00f0inni.<a name=\"4\"><span class=\"versanumer\">4<\/span><\/a>Hann leggur undir oss l\u00fd\u00f0i og \u00fej\u00f3\u00f0ir fyrir f\u00e6tur vora.<a name=\"5\"><span class=\"versanumer\">5<\/span><\/a>Hann \u00fatvaldi handa oss \u00f3\u00f0al vort, fremdarhnoss Jakobs, sem hann elskar.  Sela<a name=\"6\"><span class=\"versanumer\">6<\/span><\/a>Gu\u00f0 er upp stiginn me\u00f0 fagna\u00f0ar\u00f3pi, me\u00f0 l\u00fa\u00f0urhlj\u00f3mi er Drottinn upp stiginn.<a name=\"7\"><span class=\"versanumer\">7<\/span><\/a>Syngi\u00f0 Gu\u00f0i, syngi\u00f0, syngi\u00f0 konungi vorum, syngi\u00f0!<a name=\"8\"><span class=\"versanumer\">8<\/span><\/a>\u00dev\u00ed a\u00f0 Gu\u00f0 er konungur yfir gj\u00f6rvallri j\u00f6r\u00f0inni, syngi\u00f0 Gu\u00f0i lofs\u00f6ng!<a name=\"9\"><span class=\"versanumer\">9<\/span><\/a>Gu\u00f0 er or\u00f0inn konungur yfir \u00fej\u00f3\u00f0unum, Gu\u00f0 er setstur \u00ed sitt heilaga h\u00e1s\u00e6ti.<a name=\"10\"><span class=\"versanumer\">10<\/span><\/a>G\u00f6fugmenni \u00fej\u00f3\u00f0anna safnast saman \u00e1samt l\u00fd\u00f0 Abrahams Gu\u00f0s. \u00dev\u00ed a\u00f0 Gu\u00f0s eru skildir jar\u00f0arinnar, hann er mj\u00f6g h\u00e1tt upphafinn.<\/p>\n<div class=\"footnote1981\"><b>47.2<\/b> Fagna\u00f0 fyrir Gu\u00f0i Sef 3.14-15<br \/>\n<b>47.3<\/b> \u00d3gurlegur Gu\u00f0 Slm 68.36.; 76.8; 96.4; 5M\u00f3s 7.21; Dan 9.4- voldugur konungur Slm 95.3; 2M\u00f3s 15.18; Jes 52.7; Mal 1.14; 1T\u00edm 6.15 \u2013 yfir j\u00f6r\u00f0inni Sak 14.9<br \/>\n<b>47.5<\/b> Hann valdi Slm 132.13+ &#8211; stolt Jakobs Am 8.7<br \/>\n<b>47.6<\/b> Upp stiginn Slm 68.19 \u2013 me\u00f0 fagna\u00f0ar\u00f3pi Slm 24.7-10; 89.16 \u2013 l\u00fa\u00f0urhlj\u00f3mur Slm 98.6<br \/>\n<b>47.7<\/b> Syngi\u00f0 Slm 96.1+<br \/>\n<b>47.9<\/b> H\u00e1s\u00e6ti Gu\u00f0s Slm 9.5; 11.4; 89.15; 93.2; 97.2; 103.19; 1Kon 22.19; Jes 6.1; Opb 4.2<br \/>\n<b>47.10<\/b> Safnast saman Jes 2.2 \u2013 \u00fej\u00f3\u00f0 Abrahams Gu\u00f0s 1M\u00f3s 22.18, sbr Slm 87 \u2013 h\u00e1tt upphafinn Slm 97.9; sbr 95.3; 96.4<\/div>\n","protected":false},"excerpt":{"rendered":"<p>1Til s\u00f6ngstj\u00f3rans. K\u00f3ra\u00edtas\u00e1lmur.2Klappi\u00f0 saman l\u00f3fum, allar \u00fej\u00f3\u00f0ir, fagni\u00f0 fyrir Gu\u00f0i me\u00f0 gle\u00f0i\u00f3pi.3\u00dev\u00ed a\u00f0 Drottinn, Hinn h\u00e6sti, er \u00f3gurlegur, voldugur konungur yfir gj\u00f6rvallri j\u00f6r\u00f0inni.4Hann leggur undir oss l\u00fd\u00f0i og \u00fej\u00f3\u00f0ir fyrir f\u00e6tur vora.5Hann \u00fatvaldi handa oss \u00f3\u00f0al vort, fremdarhnoss Jakobs, sem hann elskar. Sela6Gu\u00f0 er upp stiginn me\u00f0 fagna\u00f0ar\u00f3pi, me\u00f0 l\u00fa\u00f0urhlj\u00f3mi er Drottinn upp stiginn.7Syngi\u00f0 Gu\u00f0i, syngi\u00f0, syngi\u00f0 konungi vorum, syngi\u00f0!8\u00dev\u00ed a\u00f0 Gu\u00f0 er konungur yfir gj\u00f6rvallri j\u00f6r\u00f0inni, syngi\u00f0 Gu\u00f0i lofs\u00f6ng!9Gu\u00f0 er or\u00f0inn konungur yfir \u00fej\u00f3\u00f0unum, Gu\u00f0 er setstur \u00ed sitt heilaga h\u00e1s\u00e6ti.10G\u00f6fugmenni \u00fej\u00f3\u00f0anna safnast saman \u00e1samt l\u00fd\u00f0 Abrahams Gu\u00f0s. \u00dev\u00ed a\u00f0 Gu\u00f0s eru skildir jar\u00f0arinnar, hann er mj\u00f6g h\u00e1tt upphafinn. <a href=\"https:\/\/biblian.is\/1981\/salmarnir-47-kafli\/\"> [&#8230;]<\/a><\/p>\n","protected":false},"author":1,"featured_media":0,"parent":0,"menu_order":0,"comment_status":"open","ping_status":"open","template":"bibliukaflar.php","meta":{"footnotes":""},"class_list":["post-1872","page","type-page","status-publish","hentry"],"_links":{"self":[{"href":"https:\/\/biblian.is\/1981\/wp-json\/wp\/v2\/pages\/1872","targetHints":{"allow":["GET"]}}],"collection":[{"href":"https:\/\/biblian.is\/1981\/wp-json\/wp\/v2\/pages"}],"about":[{"href":"https:\/\/biblian.is\/1981\/wp-json\/wp\/v2\/types\/page"}],"author":[{"embeddable":true,"href":"https:\/\/biblian.is\/1981\/wp-json\/wp\/v2\/users\/1"}],"replies":[{"embeddable":true,"href":"https:\/\/biblian.is\/1981\/wp-json\/wp\/v2\/comments?post=1872"}],"version-history":[{"count":0,"href":"https:\/\/biblian.is\/1981\/wp-json\/wp\/v2\/pages\/1872\/revisions"}],"wp:attachment":[{"href":"https:\/\/biblian.is\/1981\/wp-json\/wp\/v2\/media?parent=1872"}],"curies":[{"name":"wp","href":"https:\/\/api.w.org\/{rel}","templated":true}]}}