{"id":1871,"date":"2017-11-18T20:19:04","date_gmt":"2017-11-18T20:19:04","guid":{"rendered":"http:\/\/biblian.is\/1981\/salmarnir-46-kafli\/"},"modified":"2021-06-06T11:09:52","modified_gmt":"2021-06-06T11:09:52","slug":"salmarnir-46-kafli","status":"publish","type":"page","link":"https:\/\/biblian.is\/1981\/salmarnir-46-kafli\/","title":{"rendered":"S\u00e1lmarnir 46. kafli"},"content":{"rendered":"<p><a name=\"1\"><span class=\"versanumer\">1<\/span><\/a>Til s\u00f6ngstj\u00f3rans. Eftir K\u00f3ra\u00edta. Fyrir kvenraddir. Lj\u00f3\u00f0.<a name=\"2\"><span class=\"versanumer\">2<\/span><\/a>Gu\u00f0 er oss h\u00e6li og styrkur, \u00f6rugg hj\u00e1lp \u00ed nau\u00f0um.<a name=\"3\"><span class=\"versanumer\">3<\/span><\/a>Fyrir \u00fev\u00ed hr\u00e6\u00f0umst v\u00e9r eigi, \u00fe\u00f3tt j\u00f6r\u00f0in haggist og fj\u00f6llin bifist og steypist \u00ed skaut sj\u00e1varins.<a name=\"4\"><span class=\"versanumer\">4<\/span><\/a>L\u00e1tum v\u00f6tnin gn\u00fdja og frey\u00f0a, l\u00e1tum fj\u00f6llin gn\u00f6tra fyrir \u00e6\u00f0igangi hafsins.  Sela<a name=\"5\"><span class=\"versanumer\">5<\/span><\/a>Elfar-kv\u00edslir gle\u00f0ja Gu\u00f0s borg, heilagan b\u00fasta\u00f0 Hins h\u00e6sta.<a name=\"6\"><span class=\"versanumer\">6<\/span><\/a>Gu\u00f0 b\u00fdr \u00ed henni, eigi mun h\u00fan bifast, Gu\u00f0 hj\u00e1lpar henni, \u00feegar birtir af degi.<a name=\"7\"><span class=\"versanumer\">7<\/span><\/a>\u00dej\u00f3\u00f0ir gn\u00fa\u00f0u, r\u00edki ri\u00f0u\u00f0u, raust hans \u00feruma\u00f0i, j\u00f6r\u00f0in n\u00f6tra\u00f0i.<a name=\"8\"><span class=\"versanumer\">8<\/span><\/a>Drottinn hersveitanna er me\u00f0 oss, Jakobs Gu\u00f0 vort v\u00edgi.  Sela<a name=\"9\"><span class=\"versanumer\">9<\/span><\/a>Komi\u00f0, sko\u00f0i\u00f0 d\u00e1\u00f0ir Drottins, hversu hann framkv\u00e6mir fur\u00f0uverk \u00e1 j\u00f6r\u00f0u.<a name=\"10\"><span class=\"versanumer\">10<\/span><\/a>Hann st\u00f6\u00f0var styrjaldir til endimarka jar\u00f0ar, br\u00fdtur bogann, sl\u00e6r af oddinn, brennir skj\u00f6ldu \u00ed eldi.<a name=\"11\"><span class=\"versanumer\">11<\/span><\/a>Veri\u00f0 kyrrir og vi\u00f0urkenni\u00f0, a\u00f0 \u00e9g er Gu\u00f0, h\u00e1tt upphafinn me\u00f0al \u00fej\u00f3\u00f0anna, h\u00e1tt upphafinn \u00e1 j\u00f6r\u00f0u.<a name=\"12\"><span class=\"versanumer\">12<\/span><\/a>Drottinn hersveitanna er me\u00f0 oss, Jakobs Gu\u00f0 vort v\u00edgi.  Sela<\/p>\n<div class=\"footnote1981\"><b>46.2<\/b> H\u00e6li Slm 62.8-9; 71.7<br \/>\n<b>46.3<\/b> J\u00f6r\u00f0in haggast Jes 24.19; 54.10; Job 9.5-6<br \/>\n<b>46.4<\/b> Ofstopi hafsins Slm 93.3<br \/>\n<b>46.5<\/b> Kv\u00edslir Esk 47.2-12; Jl 4.18; Opb 22.1-2; sbr Jes 8.6; Slm 65.10 \u2013 b\u00fasta\u00f0ur hins h\u00e6sta Slm 68.17; 78.68<br \/>\n<b>46.6<\/b> S\u00edon haggast ekki Slm 125.1 \u2013 Gu\u00f0 hj\u00e1lpar Jes 37.36-37<br \/>\n<b>46.7<\/b> \u00dej\u00f3\u00f0ir geisu\u00f0u Slm 2.1-3; Opb 11.18 \u2013 r\u00f6dd Drottins Slm 29<br \/>\n<b>46.8<\/b> Drottinn er me\u00f0 oss Jes 7.14; 8.10 \u2013 Drottinn,v\u00edgi Slm 9.10+<br \/>\n<b>46.9<\/b> D\u00e1\u00f0ir Drottins Slm 66.5 \u2013 ey\u00f0ing Jes 13.9<br \/>\n<b>46.10<\/b> Hann st\u00f6\u00f0var str\u00ed\u00f0 Jes 2.4 \u2013 ey\u00f0ir vopnum Slm 76.4; H\u00f3s 2.20<br \/>\n<b>46.11<\/b> \u00c9g er Gu\u00f0 5M\u00f3s 32.39; Esk 12.16 \u2013 Gu\u00f0 upphafinn  Slm 47.8-9<\/div>\n","protected":false},"excerpt":{"rendered":"<p>1Til s\u00f6ngstj\u00f3rans. Eftir K\u00f3ra\u00edta. Fyrir kvenraddir. Lj\u00f3\u00f0.2Gu\u00f0 er oss h\u00e6li og styrkur, \u00f6rugg hj\u00e1lp \u00ed nau\u00f0um.3Fyrir \u00fev\u00ed hr\u00e6\u00f0umst v\u00e9r eigi, \u00fe\u00f3tt j\u00f6r\u00f0in haggist og fj\u00f6llin bifist og steypist \u00ed skaut sj\u00e1varins.4L\u00e1tum v\u00f6tnin gn\u00fdja og frey\u00f0a, l\u00e1tum fj\u00f6llin gn\u00f6tra fyrir \u00e6\u00f0igangi hafsins. Sela5Elfar-kv\u00edslir gle\u00f0ja Gu\u00f0s borg, heilagan b\u00fasta\u00f0 Hins h\u00e6sta.6Gu\u00f0 b\u00fdr \u00ed henni, eigi mun h\u00fan bifast, Gu\u00f0 hj\u00e1lpar henni, \u00feegar birtir af degi.7\u00dej\u00f3\u00f0ir gn\u00fa\u00f0u, r\u00edki ri\u00f0u\u00f0u, raust hans \u00feruma\u00f0i, j\u00f6r\u00f0in n\u00f6tra\u00f0i.8Drottinn hersveitanna er me\u00f0 oss, Jakobs Gu\u00f0 vort v\u00edgi. Sela9Komi\u00f0, sko\u00f0i\u00f0 d\u00e1\u00f0ir Drottins, hversu hann framkv\u00e6mir fur\u00f0uverk \u00e1 j\u00f6r\u00f0u.10Hann st\u00f6\u00f0var styrjaldir til endimarka jar\u00f0ar, br\u00fdtur bogann, sl\u00e6r af oddinn, brennir <a href=\"https:\/\/biblian.is\/1981\/salmarnir-46-kafli\/\"> [&#8230;]<\/a><\/p>\n","protected":false},"author":1,"featured_media":0,"parent":0,"menu_order":0,"comment_status":"open","ping_status":"open","template":"bibliukaflar.php","meta":{"footnotes":""},"class_list":["post-1871","page","type-page","status-publish","hentry"],"_links":{"self":[{"href":"https:\/\/biblian.is\/1981\/wp-json\/wp\/v2\/pages\/1871","targetHints":{"allow":["GET"]}}],"collection":[{"href":"https:\/\/biblian.is\/1981\/wp-json\/wp\/v2\/pages"}],"about":[{"href":"https:\/\/biblian.is\/1981\/wp-json\/wp\/v2\/types\/page"}],"author":[{"embeddable":true,"href":"https:\/\/biblian.is\/1981\/wp-json\/wp\/v2\/users\/1"}],"replies":[{"embeddable":true,"href":"https:\/\/biblian.is\/1981\/wp-json\/wp\/v2\/comments?post=1871"}],"version-history":[{"count":0,"href":"https:\/\/biblian.is\/1981\/wp-json\/wp\/v2\/pages\/1871\/revisions"}],"wp:attachment":[{"href":"https:\/\/biblian.is\/1981\/wp-json\/wp\/v2\/media?parent=1871"}],"curies":[{"name":"wp","href":"https:\/\/api.w.org\/{rel}","templated":true}]}}