{"id":1870,"date":"2017-11-18T20:19:04","date_gmt":"2017-11-18T20:19:04","guid":{"rendered":"http:\/\/biblian.is\/1981\/salmarnir-45-kafli\/"},"modified":"2021-06-06T11:09:52","modified_gmt":"2021-06-06T11:09:52","slug":"salmarnir-45-kafli","status":"publish","type":"page","link":"https:\/\/biblian.is\/1981\/salmarnir-45-kafli\/","title":{"rendered":"S\u00e1lmarnir 45. kafli"},"content":{"rendered":"<p><a name=\"1\"><span class=\"versanumer\">1<\/span><\/a>Til s\u00f6ngstj\u00f3rans. Lag: Liljur. K\u00f3ra\u00edtamask\u00edl. Br\u00fa\u00f0kaupskv\u00e6\u00f0i.<a name=\"2\"><span class=\"versanumer\">2<\/span><\/a>Hjarta mitt svellur af lj\u00fafum or\u00f0um, \u00e9g flyt konungi kv\u00e6\u00f0i mitt, tunga m\u00edn er sem penni hra\u00f0ritarans.<a name=\"3\"><span class=\"versanumer\">3<\/span><\/a>Fegurri ert \u00fe\u00fa en mannanna b\u00f6rn, yndisleik er \u00fathellt yfir varir \u00fe\u00ednar, fyrir \u00fev\u00ed hefir Gu\u00f0 blessa\u00f0 \u00feig a\u00f0 eil\u00edfu.<a name=\"4\"><span class=\"versanumer\">4<\/span><\/a>Gyr\u00f0 lendar \u00fe\u00ednar sver\u00f0i, \u00fe\u00fa hetja, lj\u00f3ma \u00fe\u00ednum og vegsemd.<a name=\"5\"><span class=\"versanumer\">5<\/span><\/a>S\u00e6k fram sigurs\u00e6ll sakir trygg\u00f0ar og r\u00e9ttl\u00e6tis, h\u00e6gri h\u00f6nd \u00fe\u00edn mun s\u00fdna \u00fe\u00e9r \u00f3gurlega hluti.<a name=\"6\"><span class=\"versanumer\">6<\/span><\/a>\u00d6rvar \u00fe\u00ednar eru hvesstar, \u00fej\u00f3\u00f0ir falla a\u00f0 f\u00f3tum \u00fe\u00e9r, fjandmenn konungs eru horfnir.<a name=\"7\"><span class=\"versanumer\">7<\/span><\/a>H\u00e1s\u00e6ti \u00feitt er Gu\u00f0s h\u00e1s\u00e6ti um aldur og \u00e6vi, sproti r\u00edkis \u00fe\u00edns er r\u00e9ttl\u00e6tis-sproti.<a name=\"8\"><span class=\"versanumer\">8<\/span><\/a>\u00de\u00fa elskar r\u00e9ttl\u00e6ti og hatar rangl\u00e6ti, fyrir \u00fev\u00ed hefir Gu\u00f0, \u00feinn Gu\u00f0, smurt \u00feig me\u00f0 fagna\u00f0arol\u00edu framar f\u00e9l\u00f6gum \u00fe\u00ednum.<a name=\"9\"><span class=\"versanumer\">9<\/span><\/a>Myrra og al\u00f3e og kass\u00eda eru \u00f6ll \u00fe\u00edn kl\u00e6\u00f0i, fr\u00e1 f\u00edlabeinsh\u00f6llinni gle\u00f0ur strengleikurinn \u00feig.<a name=\"10\"><span class=\"versanumer\">10<\/span><\/a>Konungad\u00e6tur eru me\u00f0al vildarkvenna \u00feinna, konungsbr\u00fa\u00f0urin stendur \u00fe\u00e9r til h\u00e6gri handar \u00ed skr\u00fa\u00f0a \u00d3f\u00edr-gulls.<a name=\"11\"><span class=\"versanumer\">11<\/span><\/a>Heyr, d\u00f3ttir, og hneig eyra \u00feitt! Gleym \u00fej\u00f3\u00f0 \u00feinni og f\u00f6\u00f0urlandi,<a name=\"12\"><span class=\"versanumer\">12<\/span><\/a>a\u00f0 konungi megi renna hugur til fegur\u00f0ar \u00feinnar, \u00fev\u00ed a\u00f0 hann er herra \u00feinn og honum \u00e1tt \u00fe\u00fa a\u00f0 l\u00fata.<a name=\"13\"><span class=\"versanumer\">13<\/span><\/a>Fr\u00e1 T\u00fdrus munu menn koma me\u00f0 gjafir, au\u00f0ugustu menn l\u00fd\u00f0sins leita hylli \u00feinnar.<a name=\"14\"><span class=\"versanumer\">14<\/span><\/a>Eint\u00f3mt skraut er konungsd\u00f3ttirin, perlum sett og gullsaumi eru kl\u00e6\u00f0i hennar.<a name=\"15\"><span class=\"versanumer\">15<\/span><\/a>\u00cd glitofnum kl\u00e6\u00f0um er h\u00fan leidd fyrir konung, meyjar fylgja henni, vinkonur hennar eru f\u00e6r\u00f0ar fram fyrir \u00feig.<a name=\"16\"><span class=\"versanumer\">16<\/span><\/a>\u00de\u00e6r eru leiddar inn me\u00f0 f\u00f6gnu\u00f0i og gle\u00f0i, \u00fe\u00e6r fara inn \u00ed h\u00f6ll konungs.<a name=\"17\"><span class=\"versanumer\">17<\/span><\/a>\u00cd sta\u00f0 fe\u00f0ra \u00feinna komi synir \u00fe\u00ednir, \u00fe\u00fa munt gj\u00f6ra \u00fe\u00e1 a\u00f0 h\u00f6f\u00f0ingjum um land allt.<a name=\"18\"><span class=\"versanumer\">18<\/span><\/a>\u00c9g vil gj\u00f6ra nafn \u00feitt minnisst\u00e6tt \u00f6llum komandi kynsl\u00f3\u00f0um, \u00feess vegna skulu \u00fej\u00f3\u00f0ir lofa \u00feig um aldur og \u00e6vi.<\/p>\n<div class=\"footnote1981\"><b>45.2<\/b> Hjarta\u00f0 svellur Job 32.18-20<br \/>\n<b>45.3<\/b> Fegurri \u00f6\u00f0rum m\u00f6nnum Esk 28.12,17 \u2013 yndi streymir L\u00fak 4.22 \u2013 blessa\u00f0 a\u00f0 eil\u00edfu Slm 21.7<br \/>\n<b>45.5-6<\/b> Fjandmenn sigra\u00f0ir Slm 2.9; 21.9; 110.2<br \/>\n<b>45.7<\/b> R\u00e9ttl\u00e6tissproti Jes 11.3-5<br \/>\n<b>45.8<\/b> Konungur smur\u00f0ur D\u00f3m 9.8; 1Sam 10.1; 2Sam 2.4; 5.3; 1Kon 1.45.; 19.15; 2Kon 9.6; 11.12 \u2013 fremur en f\u00e9laga \u00fe\u00edna 1Sam 16.6-13<br \/>\n<b>45.9<\/b> F\u00edlabeinsh\u00f6ll 1Kon 22.39; Am 3.15<br \/>\n<b>45.10<\/b> Konungasd\u00e6tur Ljl 6.8 \u2013 \u00d3f\u00edrgull Jes 13.12+<br \/>\n<b>45.11<\/b> Gleym \u00fej\u00f3\u00f0 \u00feinni Rut 1.16<br \/>\n<b>45.12<\/b> Herra minn 2M\u00f3s 21.8; 1P\u00e9t 3.6 \u2013 l\u00fata honum Ef 5.24<br \/>\n<b>45.13<\/b> Leita hylli \u00feinnar Slm 72.10-12<br \/>\n<b>45.18<\/b> Um aldur og \u00e6vi 2Sam 7.29<\/div>\n","protected":false},"excerpt":{"rendered":"<p>1Til s\u00f6ngstj\u00f3rans. Lag: Liljur. K\u00f3ra\u00edtamask\u00edl. Br\u00fa\u00f0kaupskv\u00e6\u00f0i.2Hjarta mitt svellur af lj\u00fafum or\u00f0um, \u00e9g flyt konungi kv\u00e6\u00f0i mitt, tunga m\u00edn er sem penni hra\u00f0ritarans.3Fegurri ert \u00fe\u00fa en mannanna b\u00f6rn, yndisleik er \u00fathellt yfir varir \u00fe\u00ednar, fyrir \u00fev\u00ed hefir Gu\u00f0 blessa\u00f0 \u00feig a\u00f0 eil\u00edfu.4Gyr\u00f0 lendar \u00fe\u00ednar sver\u00f0i, \u00fe\u00fa hetja, lj\u00f3ma \u00fe\u00ednum og vegsemd.5S\u00e6k fram sigurs\u00e6ll sakir trygg\u00f0ar og r\u00e9ttl\u00e6tis, h\u00e6gri h\u00f6nd \u00fe\u00edn mun s\u00fdna \u00fe\u00e9r \u00f3gurlega hluti.6\u00d6rvar \u00fe\u00ednar eru hvesstar, \u00fej\u00f3\u00f0ir falla a\u00f0 f\u00f3tum \u00fe\u00e9r, fjandmenn konungs eru horfnir.7H\u00e1s\u00e6ti \u00feitt er Gu\u00f0s h\u00e1s\u00e6ti um aldur og \u00e6vi, sproti r\u00edkis \u00fe\u00edns er r\u00e9ttl\u00e6tis-sproti.8\u00de\u00fa elskar r\u00e9ttl\u00e6ti og hatar rangl\u00e6ti, fyrir \u00fev\u00ed hefir Gu\u00f0, \u00feinn Gu\u00f0, <a href=\"https:\/\/biblian.is\/1981\/salmarnir-45-kafli\/\"> [&#8230;]<\/a><\/p>\n","protected":false},"author":1,"featured_media":0,"parent":0,"menu_order":0,"comment_status":"open","ping_status":"open","template":"bibliukaflar.php","meta":{"footnotes":""},"class_list":["post-1870","page","type-page","status-publish","hentry"],"_links":{"self":[{"href":"https:\/\/biblian.is\/1981\/wp-json\/wp\/v2\/pages\/1870","targetHints":{"allow":["GET"]}}],"collection":[{"href":"https:\/\/biblian.is\/1981\/wp-json\/wp\/v2\/pages"}],"about":[{"href":"https:\/\/biblian.is\/1981\/wp-json\/wp\/v2\/types\/page"}],"author":[{"embeddable":true,"href":"https:\/\/biblian.is\/1981\/wp-json\/wp\/v2\/users\/1"}],"replies":[{"embeddable":true,"href":"https:\/\/biblian.is\/1981\/wp-json\/wp\/v2\/comments?post=1870"}],"version-history":[{"count":0,"href":"https:\/\/biblian.is\/1981\/wp-json\/wp\/v2\/pages\/1870\/revisions"}],"wp:attachment":[{"href":"https:\/\/biblian.is\/1981\/wp-json\/wp\/v2\/media?parent=1870"}],"curies":[{"name":"wp","href":"https:\/\/api.w.org\/{rel}","templated":true}]}}