{"id":1869,"date":"2017-11-18T20:19:04","date_gmt":"2017-11-18T20:19:04","guid":{"rendered":"http:\/\/biblian.is\/1981\/salmarnir-44-kafli\/"},"modified":"2021-06-06T11:09:52","modified_gmt":"2021-06-06T11:09:52","slug":"salmarnir-44-kafli","status":"publish","type":"page","link":"https:\/\/biblian.is\/1981\/salmarnir-44-kafli\/","title":{"rendered":"S\u00e1lmarnir 44. kafli"},"content":{"rendered":"<p><a name=\"1\"><span class=\"versanumer\">1<\/span><\/a>Til s\u00f6ngstj\u00f3rans. K\u00f3ra\u00edtamask\u00edl.<a name=\"2\"><span class=\"versanumer\">2<\/span><\/a>Gu\u00f0, me\u00f0 eyrum vorum h\u00f6fum v\u00e9r heyrt, fe\u00f0ur vorir hafa sagt oss fr\u00e1 d\u00e1\u00f0 \u00feeirri, er \u00fe\u00fa dr\u00fdg\u00f0ir \u00e1 d\u00f6gum \u00feeirra, fr\u00e1 \u00fev\u00ed, er \u00fe\u00fa gj\u00f6r\u00f0ir for\u00f0um daga.<a name=\"3\"><span class=\"versanumer\">3<\/span><\/a>\u00de\u00fa st\u00f6kktir burt \u00fej\u00f3\u00f0um, en gr\u00f3\u00f0ursettir \u00fe\u00e1, \u00fe\u00fa l\u00e9kst l\u00fd\u00f0i har\u00f0lega, en \u00fatbreiddir \u00fe\u00e1.<a name=\"4\"><span class=\"versanumer\">4<\/span><\/a>Eigi unnu \u00feeir landi\u00f0 me\u00f0 sver\u00f0um s\u00ednum, og eigi hj\u00e1lpa\u00f0i armleggur \u00feeirra \u00feeim, heldur h\u00e6gri h\u00f6nd \u00fe\u00edn og armleggur \u00feinn og lj\u00f3s auglitis \u00fe\u00edns, \u00fev\u00ed a\u00f0 \u00fe\u00fa haf\u00f0ir \u00fe\u00f3knun \u00e1 \u00feeim.<a name=\"5\"><span class=\"versanumer\">5<\/span><\/a>\u00de\u00fa einn ert konungur minn, \u00f3 Gu\u00f0, bj\u00f3\u00f0 \u00fat hj\u00e1lp Jakobs\u00e6tt til handa.<a name=\"6\"><span class=\"versanumer\">6<\/span><\/a>Fyrir \u00fe\u00edna hj\u00e1lp rekum v\u00e9r fjandmenn vora undir, og fyrir \u00feitt nafn tro\u00f0um v\u00e9r m\u00f3tst\u00f6\u00f0umenn vora f\u00f3tum.<a name=\"7\"><span class=\"versanumer\">7<\/span><\/a>\u00c9g treysti eigi boga m\u00ednum, og sver\u00f0 mitt veitir m\u00e9r eigi sigur,<a name=\"8\"><span class=\"versanumer\">8<\/span><\/a>heldur veitir \u00fe\u00fa oss sigur yfir fjandm\u00f6nnum vorum og l\u00e6tur hatursmenn vora ver\u00f0a til skammar.<a name=\"9\"><span class=\"versanumer\">9<\/span><\/a>Af Gu\u00f0i hr\u00f3sum v\u00e9r oss \u00e6t\u00ed\u00f0 og lofum nafn \u00feitt a\u00f0 eil\u00edfu.  Sela<a name=\"10\"><span class=\"versanumer\">10<\/span><\/a>Og \u00fe\u00f3 hefir \u00fe\u00fa \u00fatsk\u00fafa\u00f0 oss og l\u00e1ti\u00f0 oss ver\u00f0a til skammar og fer eigi \u00fat me\u00f0 hersveitum vorum.<a name=\"11\"><span class=\"versanumer\">11<\/span><\/a>\u00de\u00fa l\u00e6tur oss h\u00f6rfa undan fjandm\u00f6nnum, og hatursmenn vorir taka herfang.<a name=\"12\"><span class=\"versanumer\">12<\/span><\/a>\u00de\u00fa selur oss fram sem f\u00e9na\u00f0 til sl\u00e1trunar og tv\u00edstrar oss me\u00f0al \u00fej\u00f3\u00f0anna.<a name=\"13\"><span class=\"versanumer\">13<\/span><\/a>\u00de\u00fa selur l\u00fd\u00f0 \u00feinn fyrir gjafver\u00f0, tekur ekkert ver\u00f0 fyrir hann.<a name=\"14\"><span class=\"versanumer\">14<\/span><\/a>\u00de\u00fa l\u00e6tur oss ver\u00f0a til h\u00e1\u00f0ungar n\u00e1gr\u00f6nnum vorum, til spotts og athl\u00e6gis \u00feeim er b\u00faa umhverfis oss.<a name=\"15\"><span class=\"versanumer\">15<\/span><\/a>\u00de\u00fa gj\u00f6rir oss a\u00f0 or\u00f0skvi\u00f0 me\u00f0al l\u00fd\u00f0anna, l\u00e6tur \u00fej\u00f3\u00f0irnar hrista h\u00f6fu\u00f0i\u00f0 yfir oss.<a name=\"16\"><span class=\"versanumer\">16<\/span><\/a>St\u00f6\u00f0uglega stendur sm\u00e1n m\u00edn m\u00e9r fyrir sj\u00f3num, og sk\u00f6mm hylur auglit mitt,<a name=\"17\"><span class=\"versanumer\">17<\/span><\/a>af \u00fev\u00ed \u00e9g ver\u00f0 a\u00f0 heyra spott og lastm\u00e6li og horfa \u00e1 \u00f3vininn og hinn hefnigjarna.<a name=\"18\"><span class=\"versanumer\">18<\/span><\/a>Allt \u00feetta hefir m\u00e6tt oss, og \u00fe\u00f3 h\u00f6fum v\u00e9r eigi gleymt \u00fe\u00e9r og eigi rofi\u00f0 s\u00e1ttm\u00e1la \u00feinn.<a name=\"19\"><span class=\"versanumer\">19<\/span><\/a>Hjarta vort hefir eigi horfi\u00f0 fr\u00e1 \u00fe\u00e9r n\u00e9 skref vor beygt \u00fat af vegi \u00fe\u00ednum,<a name=\"20\"><span class=\"versanumer\">20<\/span><\/a>en samt hefir \u00fe\u00fa krami\u00f0 oss sundur \u00e1 sta\u00f0 sjakalanna og huli\u00f0 oss ni\u00f0dimmu.<a name=\"21\"><span class=\"versanumer\">21<\/span><\/a>Ef v\u00e9r hef\u00f0um gleymt nafni Gu\u00f0s vors og f\u00f3rna\u00f0 h\u00f6ndum til \u00fatlendra gu\u00f0a,<a name=\"22\"><span class=\"versanumer\">22<\/span><\/a>mundi Gu\u00f0 eigi ver\u00f0a \u00feess \u00e1skynja, hann sem \u00feekkir leyndarm\u00e1l hjartans?<a name=\"23\"><span class=\"versanumer\">23<\/span><\/a>En \u00fe\u00edn vegna erum v\u00e9r st\u00f6\u00f0ugt drepnir, erum metnir sem sl\u00e1turf\u00e9.<a name=\"24\"><span class=\"versanumer\">24<\/span><\/a>Vakna! Hv\u00ed sefur \u00fe\u00fa, Drottinn? Vakna, \u00fatsk\u00fafa oss eigi um aldur!<a name=\"25\"><span class=\"versanumer\">25<\/span><\/a>Hv\u00ed hylur \u00fe\u00fa auglit \u00feitt, gleymir eymd vorri og k\u00fagun?<a name=\"26\"><span class=\"versanumer\">26<\/span><\/a>S\u00e1l vor er beyg\u00f0 \u00ed dufti\u00f0, l\u00edkami vor lo\u00f0ir vi\u00f0 j\u00f6r\u00f0ina.<a name=\"27\"><span class=\"versanumer\">27<\/span><\/a>R\u00eds upp, veit oss li\u00f0 og frelsa oss sakir miskunnar \u00feinnar.<\/p>\n<div class=\"footnote1981\"><b>44.1<\/b> K\u00f3ra\u00edtamask\u00edl Slm 42.1<br \/>\n<b>44.2<\/b> Heyrt 2Sam 7.22 \u2013 fe\u00f0ur vorir Slm 78.3 \u2013 li\u00f0num t\u00edmum Slm 77.6<br \/>\n<b>44.3<\/b> St\u00f6kktir burt Slm 78.55 \u2013 gr\u00f3\u00f0ursettir Slm 80.9; 2M\u00f3s 15.17<br \/>\n<b>44.4<\/b> Ekki me\u00f0 sver\u00f0i 5M\u00f3s 8.17-18; J\u00f3s 24.12; H\u00f3s1.7 \u2013 lj\u00f3mi Slm 4.7 \u2013 h\u00e6gri h\u00f6nd \u00fe\u00edn Slm 17.7+ &#8211; haf\u00f0ir \u00fe\u00f3knun \u00e1 \u00feeim Slm 41.12; 5M\u00f3s 7.8<br \/>\n<b>44.5<\/b> Konungur minn Slm 74.12; Jes 33.22<br \/>\n<b>44.6<\/b> Leggja a\u00f0 velli 1Kon 22.11 \u2013 tro\u00f0um f\u00f3tum Slm 60.14; 108.14<br \/>\n<b>44.7<\/b> Hvorki bogi n\u00e9 sver\u00f0 Slm 20.8; H\u00f3s 1.7<br \/>\n<b>44.8<\/b> Drottinn veitir sigur Slm 37.39-40 \u2013 til skammar Slm 132.17<br \/>\n<b>44.9<\/b> Lofum a\u00f0 eil\u00edfu Slm 34.2<br \/>\n<b>44.10<\/b> Hafna\u00f0 oss Slm 60.12; 74.1; 77.8; 89.39<br \/>\n<b>44.11<\/b> H\u00f6rfa undan 5M\u00f3s 28.25 \u2013 herfang haturmanna D\u00f3m 2.14<br \/>\n<b>44.12<\/b> Sl\u00e1turf\u00e9 Jes 53.7 \u2013 tv\u00edstra Slm 106.27; 3M\u00f3s 26.33; 5M\u00f3s 28.64<br \/>\n<b>44.13<\/b> Selur \u00fej\u00f3\u00f0 \u00fe\u00edna 5M\u00f3s 32.30 \u2013 fyrir gjafaver\u00f0 Jes 52.3<br \/>\n<b>44.14<\/b> Sm\u00e1na Slm 79.4<br \/>\n<b>44.15<\/b> A\u00f0 or\u00f0taki Slm 69.12 \u2013 fyrirlitnir sbr Jer 48.17<br \/>\n<b>44.16<\/b> Fyrir sj\u00f3num Slm 38.18 \u2013 sk\u00f6mm Slm 69.8<br \/>\n<b>44.18<\/b> Ekki gleymt \u00fe\u00e9r Slm 78.7; 103.2<br \/>\n<b>44.20<\/b> Sjakalar Jes 34.13<br \/>\n<b>44.22<\/b> Gu\u00f0 \u00feekkir Okv 5.21 \u2013 leyndarm\u00e1l hjartans Jer 17.10<br \/>\n<b>44.23<\/b> \u00de\u00edn vegna &#8230; R\u00f3m 8.36<br \/>\n<b>44.24<\/b> Vakna Slm 35.2+ &#8211; \u00fatsk\u00fafa eigi um aldur Slm 74.1; 79.5; 80<br \/>\n<b>44.25<\/b> Hylja auglit sitt Slm 10.11<br \/>\n<b>44.26<\/b> \u00cd dufti\u00f0 Slm 119.25<br \/>\n<b>44.27<\/b> R\u00eds upp Slm 3.8; 35.2<\/div>\n","protected":false},"excerpt":{"rendered":"<p>1Til s\u00f6ngstj\u00f3rans. K\u00f3ra\u00edtamask\u00edl.2Gu\u00f0, me\u00f0 eyrum vorum h\u00f6fum v\u00e9r heyrt, fe\u00f0ur vorir hafa sagt oss fr\u00e1 d\u00e1\u00f0 \u00feeirri, er \u00fe\u00fa dr\u00fdg\u00f0ir \u00e1 d\u00f6gum \u00feeirra, fr\u00e1 \u00fev\u00ed, er \u00fe\u00fa gj\u00f6r\u00f0ir for\u00f0um daga.3\u00de\u00fa st\u00f6kktir burt \u00fej\u00f3\u00f0um, en gr\u00f3\u00f0ursettir \u00fe\u00e1, \u00fe\u00fa l\u00e9kst l\u00fd\u00f0i har\u00f0lega, en \u00fatbreiddir \u00fe\u00e1.4Eigi unnu \u00feeir landi\u00f0 me\u00f0 sver\u00f0um s\u00ednum, og eigi hj\u00e1lpa\u00f0i armleggur \u00feeirra \u00feeim, heldur h\u00e6gri h\u00f6nd \u00fe\u00edn og armleggur \u00feinn og lj\u00f3s auglitis \u00fe\u00edns, \u00fev\u00ed a\u00f0 \u00fe\u00fa haf\u00f0ir \u00fe\u00f3knun \u00e1 \u00feeim.5\u00de\u00fa einn ert konungur minn, \u00f3 Gu\u00f0, bj\u00f3\u00f0 \u00fat hj\u00e1lp Jakobs\u00e6tt til handa.6Fyrir \u00fe\u00edna hj\u00e1lp rekum v\u00e9r fjandmenn vora undir, og fyrir \u00feitt nafn tro\u00f0um v\u00e9r m\u00f3tst\u00f6\u00f0umenn vora <a href=\"https:\/\/biblian.is\/1981\/salmarnir-44-kafli\/\"> [&#8230;]<\/a><\/p>\n","protected":false},"author":1,"featured_media":0,"parent":0,"menu_order":0,"comment_status":"open","ping_status":"open","template":"bibliukaflar.php","meta":{"footnotes":""},"class_list":["post-1869","page","type-page","status-publish","hentry"],"_links":{"self":[{"href":"https:\/\/biblian.is\/1981\/wp-json\/wp\/v2\/pages\/1869","targetHints":{"allow":["GET"]}}],"collection":[{"href":"https:\/\/biblian.is\/1981\/wp-json\/wp\/v2\/pages"}],"about":[{"href":"https:\/\/biblian.is\/1981\/wp-json\/wp\/v2\/types\/page"}],"author":[{"embeddable":true,"href":"https:\/\/biblian.is\/1981\/wp-json\/wp\/v2\/users\/1"}],"replies":[{"embeddable":true,"href":"https:\/\/biblian.is\/1981\/wp-json\/wp\/v2\/comments?post=1869"}],"version-history":[{"count":0,"href":"https:\/\/biblian.is\/1981\/wp-json\/wp\/v2\/pages\/1869\/revisions"}],"wp:attachment":[{"href":"https:\/\/biblian.is\/1981\/wp-json\/wp\/v2\/media?parent=1869"}],"curies":[{"name":"wp","href":"https:\/\/api.w.org\/{rel}","templated":true}]}}