{"id":1868,"date":"2017-11-18T20:19:04","date_gmt":"2017-11-18T20:19:04","guid":{"rendered":"http:\/\/biblian.is\/1981\/salmarnir-43-kafli\/"},"modified":"2021-06-06T11:09:51","modified_gmt":"2021-06-06T11:09:51","slug":"salmarnir-43-kafli","status":"publish","type":"page","link":"https:\/\/biblian.is\/1981\/salmarnir-43-kafli\/","title":{"rendered":"S\u00e1lmarnir 43. kafli"},"content":{"rendered":"<p><a name=\"1\"><span class=\"versanumer\">1<\/span><\/a>L\u00e1t mig n\u00e1 r\u00e9tti m\u00ednum, Gu\u00f0, berst fyrir m\u00e1lefni m\u00ednu gegn miskunnarlausri \u00fej\u00f3\u00f0, bjarga m\u00e9r fr\u00e1 svikulum og rangl\u00e1tum m\u00f6nnum.<a name=\"2\"><span class=\"versanumer\">2<\/span><\/a>\u00dev\u00ed a\u00f0 \u00fe\u00fa ert s\u00e1 Gu\u00f0, sem er m\u00e9r v\u00edgi, hv\u00ed hefir \u00fe\u00fa \u00fatsk\u00fafa\u00f0 m\u00e9r? hv\u00ed ver\u00f0 \u00e9g a\u00f0 ganga um harmandi, k\u00faga\u00f0ur af \u00f3vinum?<a name=\"3\"><span class=\"versanumer\">3<\/span><\/a>Send lj\u00f3s \u00feitt og tr\u00fafesti \u00fe\u00edna, \u00feau skulu lei\u00f0a mig, \u00feau skulu fara me\u00f0 mig til fjallsins \u00fe\u00edns helga, til b\u00fasta\u00f0ar \u00fe\u00edns,<a name=\"4\"><span class=\"versanumer\">4<\/span><\/a>svo a\u00f0 \u00e9g megi inn ganga a\u00f0 altari Gu\u00f0s, til Gu\u00f0s minnar fagnandi gle\u00f0i, og lofa \u00feig me\u00f0 g\u00edgjuhlj\u00f3mi, \u00f3 Gu\u00f0, \u00fe\u00fa Gu\u00f0 minn.<a name=\"5\"><span class=\"versanumer\">5<\/span><\/a>Hv\u00ed ert \u00fe\u00fa beyg\u00f0, s\u00e1l m\u00edn, og \u00f3lgar \u00ed m\u00e9r? Vona \u00e1 Gu\u00f0, \u00fev\u00ed a\u00f0 enn mun \u00e9g f\u00e1 a\u00f0 lofa hann, hj\u00e1lpr\u00e6\u00f0i auglitis m\u00edns og Gu\u00f0 minn.<\/p>\n<div class=\"footnote1981\"><b>43.1<\/b> L\u00e1t mig n\u00e1 r\u00e9tti m\u00ednum Slm 9.5; 119.154<br \/>\n<b>43.2<\/b> \u00datsk\u00fafa\u00f0 m\u00e9r Slm 44.10,24; 60.12; 74.1 \u2013 harmandi Slm 42.10<br \/>\n<b>43.3<\/b> Send tr\u00fafesti \u00fe\u00edna Slm 57.4<br \/>\n<b>43.5<\/b> Hv\u00ed &#8230; ? Slm 42.6,12<\/div>\n","protected":false},"excerpt":{"rendered":"<p>1L\u00e1t mig n\u00e1 r\u00e9tti m\u00ednum, Gu\u00f0, berst fyrir m\u00e1lefni m\u00ednu gegn miskunnarlausri \u00fej\u00f3\u00f0, bjarga m\u00e9r fr\u00e1 svikulum og rangl\u00e1tum m\u00f6nnum.2\u00dev\u00ed a\u00f0 \u00fe\u00fa ert s\u00e1 Gu\u00f0, sem er m\u00e9r v\u00edgi, hv\u00ed hefir \u00fe\u00fa \u00fatsk\u00fafa\u00f0 m\u00e9r? hv\u00ed ver\u00f0 \u00e9g a\u00f0 ganga um harmandi, k\u00faga\u00f0ur af \u00f3vinum?3Send lj\u00f3s \u00feitt og tr\u00fafesti \u00fe\u00edna, \u00feau skulu lei\u00f0a mig, \u00feau skulu fara me\u00f0 mig til fjallsins \u00fe\u00edns helga, til b\u00fasta\u00f0ar \u00fe\u00edns,4svo a\u00f0 \u00e9g megi inn ganga a\u00f0 altari Gu\u00f0s, til Gu\u00f0s minnar fagnandi gle\u00f0i, og lofa \u00feig me\u00f0 g\u00edgjuhlj\u00f3mi, \u00f3 Gu\u00f0, \u00fe\u00fa Gu\u00f0 minn.5Hv\u00ed ert \u00fe\u00fa beyg\u00f0, s\u00e1l m\u00edn, og \u00f3lgar \u00ed m\u00e9r? Vona \u00e1 Gu\u00f0, <a href=\"https:\/\/biblian.is\/1981\/salmarnir-43-kafli\/\"> [&#8230;]<\/a><\/p>\n","protected":false},"author":1,"featured_media":0,"parent":0,"menu_order":0,"comment_status":"open","ping_status":"open","template":"bibliukaflar.php","meta":{"footnotes":""},"class_list":["post-1868","page","type-page","status-publish","hentry"],"_links":{"self":[{"href":"https:\/\/biblian.is\/1981\/wp-json\/wp\/v2\/pages\/1868","targetHints":{"allow":["GET"]}}],"collection":[{"href":"https:\/\/biblian.is\/1981\/wp-json\/wp\/v2\/pages"}],"about":[{"href":"https:\/\/biblian.is\/1981\/wp-json\/wp\/v2\/types\/page"}],"author":[{"embeddable":true,"href":"https:\/\/biblian.is\/1981\/wp-json\/wp\/v2\/users\/1"}],"replies":[{"embeddable":true,"href":"https:\/\/biblian.is\/1981\/wp-json\/wp\/v2\/comments?post=1868"}],"version-history":[{"count":0,"href":"https:\/\/biblian.is\/1981\/wp-json\/wp\/v2\/pages\/1868\/revisions"}],"wp:attachment":[{"href":"https:\/\/biblian.is\/1981\/wp-json\/wp\/v2\/media?parent=1868"}],"curies":[{"name":"wp","href":"https:\/\/api.w.org\/{rel}","templated":true}]}}