{"id":1866,"date":"2017-11-18T20:18:58","date_gmt":"2017-11-18T20:18:58","guid":{"rendered":"http:\/\/biblian.is\/1981\/salmarnir-42-kafli\/"},"modified":"2021-06-06T11:09:51","modified_gmt":"2021-06-06T11:09:51","slug":"salmarnir-42-kafli","status":"publish","type":"page","link":"https:\/\/biblian.is\/1981\/salmarnir-42-kafli\/","title":{"rendered":"S\u00e1lmarnir 42. kafli"},"content":{"rendered":"<p><a name=\"1\"><span class=\"versanumer\">1<\/span><\/a>Til s\u00f6ngstj\u00f3rans. K\u00f3ra\u00edtamask\u00edl.<a name=\"2\"><span class=\"versanumer\">2<\/span><\/a>Eins og hindin, sem \u00fer\u00e1ir vatnslindir, \u00fer\u00e1ir s\u00e1l m\u00edn \u00feig, \u00f3 Gu\u00f0.<a name=\"3\"><span class=\"versanumer\">3<\/span><\/a>S\u00e1l m\u00edna \u00feyrstir eftir Gu\u00f0i, hinum lifanda Gu\u00f0i. Hven\u00e6r mun \u00e9g f\u00e1 a\u00f0 koma og birtast fyrir augliti Gu\u00f0s?<a name=\"4\"><span class=\"versanumer\">4<\/span><\/a>T\u00e1r m\u00edn ur\u00f0u f\u00e6\u00f0a m\u00edn dag og n\u00f3tt, af \u00fev\u00ed menn segja vi\u00f0 mig allan daginn: Hvar er Gu\u00f0 \u00feinn?<a name=\"5\"><span class=\"versanumer\">5<\/span><\/a>Um \u00fea\u00f0 vil \u00e9g hugsa og \u00fathella s\u00e1l minni, sem \u00ed m\u00e9r er, hversu \u00e9g gekk fram \u00ed mann\u00fer\u00f6nginni, leiddi \u00fe\u00e1 til Gu\u00f0s h\u00fass me\u00f0 fagna\u00f0ar\u00f3pi og lofs\u00f6ng, me\u00f0 h\u00e1t\u00ed\u00f0aglaumi.<a name=\"6\"><span class=\"versanumer\">6<\/span><\/a>Hv\u00ed ert \u00fe\u00fa beyg\u00f0, s\u00e1l m\u00edn, og \u00f3lgar \u00ed m\u00e9r? Vona \u00e1 Gu\u00f0, \u00fev\u00ed a\u00f0 enn mun \u00e9g f\u00e1 a\u00f0 lofa hann, hj\u00e1lpr\u00e6\u00f0i auglitis m\u00edns og Gu\u00f0 minn.<a name=\"7\"><span class=\"versanumer\">7<\/span><\/a>Gu\u00f0 minn, s\u00e1l m\u00edn er beyg\u00f0 \u00ed m\u00e9r, fyrir \u00fev\u00ed vil \u00e9g minnast \u00fe\u00edn fr\u00e1 J\u00f3rdan- og Hermonlandi, fr\u00e1 litla fjallinu.<a name=\"8\"><span class=\"versanumer\">8<\/span><\/a>Eitt fl\u00f3\u00f0i\u00f0 kallar \u00e1 anna\u00f0, \u00feegar fossar \u00fe\u00ednir duna, allir bo\u00f0ar \u00fe\u00ednir og bylgjur ganga yfir mig.<a name=\"9\"><span class=\"versanumer\">9<\/span><\/a>Um daga b\u00fd\u00f0ur Drottinn \u00fat n\u00e1\u00f0 sinni, og um n\u00e6tur syng \u00e9g honum lj\u00f3\u00f0, b\u00e6n til Gu\u00f0s l\u00edfs m\u00edns.<a name=\"10\"><span class=\"versanumer\">10<\/span><\/a>\u00c9g m\u00e6li til Gu\u00f0s: \u00de\u00fa bjarg mitt, hv\u00ed hefir \u00fe\u00fa gleymt m\u00e9r? hv\u00ed ver\u00f0 \u00e9g a\u00f0 ganga harmandi, k\u00faga\u00f0ur af \u00f3vinum?<a name=\"11\"><span class=\"versanumer\">11<\/span><\/a>H\u00e1\u00f0 fjandmanna minna er sem rotnun \u00ed beinum m\u00ednum, er \u00feeir segja vi\u00f0 mig allan daginn: Hvar er Gu\u00f0 \u00feinn?<a name=\"12\"><span class=\"versanumer\">12<\/span><\/a>Hv\u00ed ert \u00fe\u00fa beyg\u00f0, s\u00e1l m\u00edn, og \u00f3lgar \u00ed m\u00e9r? Vona \u00e1 Gu\u00f0, \u00fev\u00ed a\u00f0 enn mun \u00e9g f\u00e1 a\u00f0 lofa hann, hj\u00e1lpr\u00e6\u00f0i auglitis m\u00edns og Gu\u00f0 minn.<\/p>\n<div class=\"footnote1981\"><b>42.3<\/b> \u00deyrstir eftir Gu\u00f0i Slm 36.10; 63.2; 84.3; J\u00f3h 4.10-14; sbr J\u00f3h 7.38- auglit Gu\u00f0s Slm 11.7; 17.15; 84.8; 2M\u00f3s 23.15-17; 24.11; Jes 1.12; sbr 2M\u00f3s 33.20; Opb 22.4<br \/>\n<b>42.4<\/b> T\u00e1rin Slm 80.6; 102.10 \u2013 hvar er Gu\u00f0 \u00feinn? Slm 79.10; 115.2; Jl 2.17; M\u00edk 7.10; Mal 2.17<br \/>\n<b>42.5<\/b> Bugast af sorg Slm 62.9; 102.1; 1Sam 1.15; Job 30.16 \u2013 Gu\u00f0s h\u00fas Slm 27.4<br \/>\n<b>42.6<\/b> Hv\u00ed &#8230; ? Slm 42.12; 43.5; sbr J\u00f3h 12.27<br \/>\n<b>42.7<\/b> S\u00e1l m\u00edn er beyg\u00f0 Hlj 3.20 \u2013 Hermonland Slm 89.13; 133.3; 5M\u00f3s 3.8; 4.48; J\u00f3s 12.1<br \/>\n<b>42.8<\/b> Bylgjur Slm 69.3; 88.8; J\u00f3n 2.4<br \/>\n<b>42.10<\/b> Bjarg mitt Slm 28.1+ &#8211; harmandi Slm 43.2<br \/>\n<b>42.12<\/b> Hv\u00ed &#8230;? Slm 42.6<\/div>\n","protected":false},"excerpt":{"rendered":"<p>1Til s\u00f6ngstj\u00f3rans. K\u00f3ra\u00edtamask\u00edl.2Eins og hindin, sem \u00fer\u00e1ir vatnslindir, \u00fer\u00e1ir s\u00e1l m\u00edn \u00feig, \u00f3 Gu\u00f0.3S\u00e1l m\u00edna \u00feyrstir eftir Gu\u00f0i, hinum lifanda Gu\u00f0i. Hven\u00e6r mun \u00e9g f\u00e1 a\u00f0 koma og birtast fyrir augliti Gu\u00f0s?4T\u00e1r m\u00edn ur\u00f0u f\u00e6\u00f0a m\u00edn dag og n\u00f3tt, af \u00fev\u00ed menn segja vi\u00f0 mig allan daginn: Hvar er Gu\u00f0 \u00feinn?5Um \u00fea\u00f0 vil \u00e9g hugsa og \u00fathella s\u00e1l minni, sem \u00ed m\u00e9r er, hversu \u00e9g gekk fram \u00ed mann\u00fer\u00f6nginni, leiddi \u00fe\u00e1 til Gu\u00f0s h\u00fass me\u00f0 fagna\u00f0ar\u00f3pi og lofs\u00f6ng, me\u00f0 h\u00e1t\u00ed\u00f0aglaumi.6Hv\u00ed ert \u00fe\u00fa beyg\u00f0, s\u00e1l m\u00edn, og \u00f3lgar \u00ed m\u00e9r? Vona \u00e1 Gu\u00f0, \u00fev\u00ed a\u00f0 enn mun \u00e9g f\u00e1 a\u00f0 lofa <a href=\"https:\/\/biblian.is\/1981\/salmarnir-42-kafli\/\"> [&#8230;]<\/a><\/p>\n","protected":false},"author":1,"featured_media":0,"parent":0,"menu_order":0,"comment_status":"open","ping_status":"open","template":"bibliukaflar.php","meta":{"footnotes":""},"class_list":["post-1866","page","type-page","status-publish","hentry"],"_links":{"self":[{"href":"https:\/\/biblian.is\/1981\/wp-json\/wp\/v2\/pages\/1866","targetHints":{"allow":["GET"]}}],"collection":[{"href":"https:\/\/biblian.is\/1981\/wp-json\/wp\/v2\/pages"}],"about":[{"href":"https:\/\/biblian.is\/1981\/wp-json\/wp\/v2\/types\/page"}],"author":[{"embeddable":true,"href":"https:\/\/biblian.is\/1981\/wp-json\/wp\/v2\/users\/1"}],"replies":[{"embeddable":true,"href":"https:\/\/biblian.is\/1981\/wp-json\/wp\/v2\/comments?post=1866"}],"version-history":[{"count":0,"href":"https:\/\/biblian.is\/1981\/wp-json\/wp\/v2\/pages\/1866\/revisions"}],"wp:attachment":[{"href":"https:\/\/biblian.is\/1981\/wp-json\/wp\/v2\/media?parent=1866"}],"curies":[{"name":"wp","href":"https:\/\/api.w.org\/{rel}","templated":true}]}}