{"id":1865,"date":"2017-11-18T20:18:58","date_gmt":"2017-11-18T20:18:58","guid":{"rendered":"http:\/\/biblian.is\/1981\/salmarnir-41-kafli\/"},"modified":"2021-06-06T11:09:51","modified_gmt":"2021-06-06T11:09:51","slug":"salmarnir-41-kafli","status":"publish","type":"page","link":"https:\/\/biblian.is\/1981\/salmarnir-41-kafli\/","title":{"rendered":"S\u00e1lmarnir 41. kafli"},"content":{"rendered":"<p><a name=\"1\"><span class=\"versanumer\">1<\/span><\/a>Til s\u00f6ngstj\u00f3rans. Dav\u00ed\u00f0ss\u00e1lmur.<a name=\"2\"><span class=\"versanumer\">2<\/span><\/a>S\u00e6ll er s\u00e1 er gefur gaum a\u00f0 b\u00e1gst\u00f6ddum, \u00e1 m\u00e6\u00f0udeginum bjargar Drottinn honum.<a name=\"3\"><span class=\"versanumer\">3<\/span><\/a>Drottinn var\u00f0veitir hann og l\u00e6tur hann nj\u00f3ta l\u00edfs og s\u00e6lu \u00ed landinu. Og eigi ofurselur \u00fe\u00fa hann gr\u00e6\u00f0gi \u00f3vina hans.<a name=\"4\"><span class=\"versanumer\">4<\/span><\/a>Drottinn sty\u00f0ur hann \u00e1 s\u00f3ttars\u00e6nginni, \u00feegar hann er sj\u00fakur, breytir \u00fe\u00fa be\u00f0 hans \u00ed hv\u00edlur\u00fam.<a name=\"5\"><span class=\"versanumer\">5<\/span><\/a>\u00c9g sag\u00f0i: Ver m\u00e9r n\u00e1\u00f0ugur, Drottinn, l\u00e6kna s\u00e1l m\u00edna, \u00fev\u00ed a\u00f0 \u00e9g hefi syndga\u00f0 m\u00f3ti \u00fe\u00e9r.<a name=\"6\"><span class=\"versanumer\">6<\/span><\/a>\u00d3vinir m\u00ednir bi\u00f0ja m\u00e9r \u00f3b\u00e6na: Hven\u00e6r skyldi hann deyja og nafn hans hverfa?<a name=\"7\"><span class=\"versanumer\">7<\/span><\/a>Og ef einhver kemur til \u00feess a\u00f0 vitja m\u00edn, talar hann t\u00e1l. Hjarta hans safnar a\u00f0 s\u00e9r illsku, hann fer \u00fat og l\u00e6tur d\u00e6luna ganga.<a name=\"8\"><span class=\"versanumer\">8<\/span><\/a>Allir hatursmenn m\u00ednir hv\u00edskra um mig, \u00feeir hyggja \u00e1 illt m\u00e9r til handa:<a name=\"9\"><span class=\"versanumer\">9<\/span><\/a>Hann er altekinn hels\u00f3tt, hann er lagstur og r\u00eds eigi upp framar.<a name=\"10\"><span class=\"versanumer\">10<\/span><\/a>Jafnvel s\u00e1 er \u00e9g lif\u00f0i \u00ed s\u00e1tt vi\u00f0, s\u00e1 er \u00e9g treysti, s\u00e1 er eti\u00f0 hefir af mat m\u00ednum, lyftir h\u00e6l s\u00ednum \u00ed m\u00f3ti m\u00e9r.<a name=\"11\"><span class=\"versanumer\">11<\/span><\/a>En \u00fe\u00fa, Drottinn, ver m\u00e9r n\u00e1\u00f0ugur og l\u00e1t mig aftur r\u00edsa \u00e1 f\u00e6tur, a\u00f0 \u00e9g megi endurgjalda \u00feeim.<a name=\"12\"><span class=\"versanumer\">12<\/span><\/a>Af \u00fev\u00ed veit \u00e9g, a\u00f0 \u00fe\u00fa hefir \u00fe\u00f3knun \u00e1 m\u00e9r, a\u00f0 \u00f3vinur minn hlakkar ekki yfir m\u00e9r.<a name=\"13\"><span class=\"versanumer\">13<\/span><\/a>Vegna sakleysis m\u00edns h\u00e9lst \u00fe\u00fa m\u00e9r uppi og l\u00e6tur mig standa frammi fyrir augliti \u00fe\u00ednu a\u00f0 eil\u00edfu.________<a name=\"14\"><span class=\"versanumer\">14<\/span><\/a>Lofa\u00f0ur s\u00e9 Drottinn, Gu\u00f0 \u00cdsraels, fr\u00e1 eil\u00edf\u00f0 til eil\u00edf\u00f0ar. Amen. Amen.<\/p>\n<div class=\"footnote1981\"><b>41.2<\/b> S\u00e6ll Slm 1.1+<br \/>\n<b>41.3<\/b> Ofurselur ekki Slm 27.12 \u2013 gr\u00e6\u00f0gi \u00f3vina Slm 17.9<br \/>\n<b>41.5<\/b> L\u00e6kna mig Slm 6.3+ &#8211; syndga\u00f0 gegn \u00fe\u00e9r Slm 51.6; sbr L\u00fak 15.21<br \/>\n<b>41.6<\/b> \u00d3vinir m\u00ednir Slm 31.12-14; 38.17-20 \u2013 \u00e1setningur \u00f3vinanna Slm 35.25+<br \/>\n<b>41.8<\/b> Hyggja \u00e1 illt Slm 36.5<br \/>\n<b>41.10<\/b> Jafnvel vinur &#8230; Slm 38.12; 55.14; 88.8; Job 19.13-21; sbr Job 2.11-13 \u2013 neytti matar &#8230; Mrk 14.18 \u2013 lyftir h\u00e6l s\u00ednum J\u00f3h 13.18<br \/>\n<b>41.14<\/b> Lofa\u00f0ur s\u00e9 Drottinn Slm 72.18; 89.53; 106.48; L\u00fak 1.68<\/div>\n","protected":false},"excerpt":{"rendered":"<p>1Til s\u00f6ngstj\u00f3rans. Dav\u00ed\u00f0ss\u00e1lmur.2S\u00e6ll er s\u00e1 er gefur gaum a\u00f0 b\u00e1gst\u00f6ddum, \u00e1 m\u00e6\u00f0udeginum bjargar Drottinn honum.3Drottinn var\u00f0veitir hann og l\u00e6tur hann nj\u00f3ta l\u00edfs og s\u00e6lu \u00ed landinu. Og eigi ofurselur \u00fe\u00fa hann gr\u00e6\u00f0gi \u00f3vina hans.4Drottinn sty\u00f0ur hann \u00e1 s\u00f3ttars\u00e6nginni, \u00feegar hann er sj\u00fakur, breytir \u00fe\u00fa be\u00f0 hans \u00ed hv\u00edlur\u00fam.5\u00c9g sag\u00f0i: Ver m\u00e9r n\u00e1\u00f0ugur, Drottinn, l\u00e6kna s\u00e1l m\u00edna, \u00fev\u00ed a\u00f0 \u00e9g hefi syndga\u00f0 m\u00f3ti \u00fe\u00e9r.6\u00d3vinir m\u00ednir bi\u00f0ja m\u00e9r \u00f3b\u00e6na: Hven\u00e6r skyldi hann deyja og nafn hans hverfa?7Og ef einhver kemur til \u00feess a\u00f0 vitja m\u00edn, talar hann t\u00e1l. Hjarta hans safnar a\u00f0 s\u00e9r illsku, hann fer \u00fat og l\u00e6tur d\u00e6luna ganga.8Allir hatursmenn <a href=\"https:\/\/biblian.is\/1981\/salmarnir-41-kafli\/\"> [&#8230;]<\/a><\/p>\n","protected":false},"author":1,"featured_media":0,"parent":0,"menu_order":0,"comment_status":"open","ping_status":"open","template":"bibliukaflar.php","meta":{"footnotes":""},"class_list":["post-1865","page","type-page","status-publish","hentry"],"_links":{"self":[{"href":"https:\/\/biblian.is\/1981\/wp-json\/wp\/v2\/pages\/1865","targetHints":{"allow":["GET"]}}],"collection":[{"href":"https:\/\/biblian.is\/1981\/wp-json\/wp\/v2\/pages"}],"about":[{"href":"https:\/\/biblian.is\/1981\/wp-json\/wp\/v2\/types\/page"}],"author":[{"embeddable":true,"href":"https:\/\/biblian.is\/1981\/wp-json\/wp\/v2\/users\/1"}],"replies":[{"embeddable":true,"href":"https:\/\/biblian.is\/1981\/wp-json\/wp\/v2\/comments?post=1865"}],"version-history":[{"count":0,"href":"https:\/\/biblian.is\/1981\/wp-json\/wp\/v2\/pages\/1865\/revisions"}],"wp:attachment":[{"href":"https:\/\/biblian.is\/1981\/wp-json\/wp\/v2\/media?parent=1865"}],"curies":[{"name":"wp","href":"https:\/\/api.w.org\/{rel}","templated":true}]}}