{"id":1864,"date":"2017-11-18T20:18:58","date_gmt":"2017-11-18T20:18:58","guid":{"rendered":"http:\/\/biblian.is\/1981\/salmarnir-40-kafli\/"},"modified":"2021-06-06T11:09:51","modified_gmt":"2021-06-06T11:09:51","slug":"salmarnir-40-kafli","status":"publish","type":"page","link":"https:\/\/biblian.is\/1981\/salmarnir-40-kafli\/","title":{"rendered":"S\u00e1lmarnir 40. kafli"},"content":{"rendered":"<p><a name=\"1\"><span class=\"versanumer\">1<\/span><\/a>Til s\u00f6ngstj\u00f3rans. Dav\u00ed\u00f0ss\u00e1lmur.<a name=\"2\"><span class=\"versanumer\">2<\/span><\/a>\u00c9g hefi sett alla von m\u00edna \u00e1 Drottin, og hann laut ni\u00f0ur a\u00f0 m\u00e9r og heyr\u00f0i kvein mitt.<a name=\"3\"><span class=\"versanumer\">3<\/span><\/a>Hann dr\u00f3 mig upp \u00far gl\u00f6tunargr\u00f6finni, upp \u00far hinni botnlausu le\u00f0ju, og veitti m\u00e9r f\u00f3tfestu \u00e1 kletti, gj\u00f6r\u00f0i mig styrkan \u00ed gangi.<a name=\"4\"><span class=\"versanumer\">4<\/span><\/a>Hann lag\u00f0i m\u00e9r n\u00fd lj\u00f3\u00f0 \u00ed munn, lofs\u00f6ng um Gu\u00f0 vorn. Margir sj\u00e1 \u00fea\u00f0 og \u00f3ttast og treysta Drottni.<a name=\"5\"><span class=\"versanumer\">5<\/span><\/a>S\u00e6ll er s\u00e1 ma\u00f0ur, er gj\u00f6rir Drottin a\u00f0 athvarfi s\u00ednu og sn\u00fdr s\u00e9r eigi til hinna drambl\u00e1tu n\u00e9 \u00feeirra er sn\u00faist hafa aflei\u00f0is til lygi.<a name=\"6\"><span class=\"versanumer\">6<\/span><\/a>M\u00f6rg hefir \u00fe\u00fa, Drottinn, Gu\u00f0 minn, gj\u00f6rt d\u00e1semdarverk \u00fe\u00edn og \u00e1form \u00fe\u00edn oss til handa, ekkert kemst \u00ed samj\u00f6fnu\u00f0 vi\u00f0 \u00feig. Ef \u00e9g \u00e6tti a\u00f0 bo\u00f0a \u00feau og kunngj\u00f6ra, eru \u00feau fleiri en t\u00f6lu ver\u00f0i \u00e1 komi\u00f0.<a name=\"7\"><span class=\"versanumer\">7<\/span><\/a>\u00c1 sl\u00e1turf\u00f3rnum og matf\u00f3rnum hefir \u00fe\u00fa enga \u00fe\u00f3knun, \u00fe\u00fa hefir gefi\u00f0 m\u00e9r opin eyru brennif\u00f3rnir og syndaf\u00f3rnir heimtar \u00fe\u00fa eigi.<a name=\"8\"><span class=\"versanumer\">8<\/span><\/a>\u00de\u00e1 m\u00e6lti \u00e9g: Sj\u00e1, \u00e9g kem, \u00ed b\u00f3krollunni eru m\u00e9r reglur settar.<a name=\"9\"><span class=\"versanumer\">9<\/span><\/a>A\u00f0 gj\u00f6ra vilja \u00feinn, Gu\u00f0 minn, er m\u00e9r yndi, og l\u00f6gm\u00e1l \u00feitt er hi\u00f0 innra \u00ed m\u00e9r.<a name=\"10\"><span class=\"versanumer\">10<\/span><\/a>\u00c9g hefi bo\u00f0a\u00f0 r\u00e9ttl\u00e6ti\u00f0 \u00ed miklum s\u00f6fnu\u00f0i, \u00e9g hefi eigi haldi\u00f0 v\u00f6runum aftur, \u00fea\u00f0 veist \u00fe\u00fa, Drottinn!<a name=\"11\"><span class=\"versanumer\">11<\/span><\/a>\u00c9g leyndi eigi r\u00e9ttl\u00e6ti \u00fe\u00ednu \u00ed hjarta m\u00e9r, \u00e9g kunngj\u00f6r\u00f0i tr\u00fafesti \u00fe\u00edna og hj\u00e1lpr\u00e6\u00f0i og dr\u00f3 eigi dul \u00e1 n\u00e1\u00f0 \u00fe\u00edna og trygg\u00f0 \u00ed hinum mikla s\u00f6fnu\u00f0i.<a name=\"12\"><span class=\"versanumer\">12<\/span><\/a>Tak \u00fe\u00e1 eigi miskunn \u00fe\u00edna fr\u00e1 m\u00e9r, Drottinn, l\u00e1t n\u00e1\u00f0 \u00fe\u00edna og tr\u00fafesti \u00e6t\u00ed\u00f0 vernda mig.<a name=\"13\"><span class=\"versanumer\">13<\/span><\/a>\u00dev\u00ed a\u00f0 \u00f3tal h\u00e6ttur umkringja mig, misgj\u00f6r\u00f0ir m\u00ednar hafa n\u00e1\u00f0 m\u00e9r, svo a\u00f0 \u00e9g m\u00e1 eigi sj\u00e1, \u00fe\u00e6r eru fleiri en h\u00e1rin \u00e1 h\u00f6f\u00f0i m\u00e9r, m\u00e9r fellst hugur.<a name=\"14\"><span class=\"versanumer\">14<\/span><\/a>L\u00e1t \u00fe\u00e9r, Drottinn, \u00fe\u00f3knast a\u00f0 frelsa mig, skunda, Drottinn, m\u00e9r til hj\u00e1lpar.<a name=\"15\"><span class=\"versanumer\">15<\/span><\/a>L\u00e1t \u00fe\u00e1 ver\u00f0a til skammar og hlj\u00f3ta kinnro\u00f0a, er sitja um l\u00edf mitt, l\u00e1t \u00fe\u00e1 hverfa aftur me\u00f0 sk\u00f6mm, er \u00f3ska m\u00e9r \u00f3g\u00e6fu.<a name=\"16\"><span class=\"versanumer\">16<\/span><\/a>L\u00e1t \u00fe\u00e1 ver\u00f0a forvi\u00f0a yfir sm\u00e1n sinni, er hr\u00f3pa h\u00e1\u00f0 og sp\u00e9.<a name=\"17\"><span class=\"versanumer\">17<\/span><\/a>En allir \u00feeir er leita \u00fe\u00edn skulu gle\u00f0jast og fagna yfir \u00fe\u00e9r, \u00feeir er unna hj\u00e1lpr\u00e6\u00f0i \u00fe\u00ednu skulu s\u00edfellt segja: Vegsama\u00f0ur s\u00e9 Drottinn!<a name=\"18\"><span class=\"versanumer\">18<\/span><\/a>\u00c9g er hrj\u00e1\u00f0ur og snau\u00f0ur, en Drottinn ber umhyggju fyrir m\u00e9r. \u00de\u00fa ert fulltingi mitt og frelsari, tef eigi, Gu\u00f0 minn!<\/p>\n<div class=\"footnote1981\"><b>40.2<\/b> Drottinn heyr\u00f0i Slm 4.4+<br \/>\n<b>40.3<\/b> Gl\u00f6tun Slm 18.5; 69.3<br \/>\n<b>40.4<\/b> N\u00fd lj\u00f3\u00f0 Slm 33.3+ &#8211; treysta Drottni Slm 9.11+ ; 55.24+<br \/>\n<b>40.5<\/b> S\u00e6ll Slm 1.1+ &#8211; athvarf mitt Slm 71.5+<br \/>\n<b>40.6<\/b> Enginn \u00feinn l\u00edki Slm 35.10+ &#8211; fleiri en Slm 71.15+ ; J\u00f3h 20.30; 21.25<br \/>\n<b>40.7<\/b> Hvorki Sl\u00e1turf\u00f3rnir n\u00e9 matf\u00f3rnir Slm 50.8-10; 51.18-21; 69.31-32; H\u00f3s 6.6; Am 5.22; Heb 10.5 \u2013 opin eyru Jes 50.4-5; Esk 12.2; Okv 20.12; Matt 11.15+<br \/>\n<b>40.8<\/b> \u00cd b\u00f3krollunni 2Kon 22.13<br \/>\n<b>40.10<\/b> \u00cd miklum s\u00f6fnu\u00f0i Slm 35.18+<br \/>\n<b>40.11<\/b> \u00c9g leyndi eigi Slm 78.4<br \/>\n<b>40.12<\/b> Vernda Slm 25.21+ &#8211; n\u00e1\u00f0 og tr\u00fafesti Slm 25.10+<br \/>\n<b>40.13<\/b> Misgj\u00f6r\u00f0ir m\u00ednar Slm 38.5<br \/>\n<b>40.14<\/b> Til hj\u00e1lpar Slm 22.20+<br \/>\n<b>40.15<\/b> Til skammar Slm 35.4<br \/>\n<b>40.16<\/b> H\u00e1\u00f0syr\u00f0i Slm 35.21,25+<br \/>\n<b>40.17<\/b> Leita Drottins Slm 9.11+ &#8211; gle\u00f0jist Slm 35.27<br \/>\n<b>40.18<\/b> Frelsari minn Slm 18.3; 144.2<\/div>\n","protected":false},"excerpt":{"rendered":"<p>1Til s\u00f6ngstj\u00f3rans. Dav\u00ed\u00f0ss\u00e1lmur.2\u00c9g hefi sett alla von m\u00edna \u00e1 Drottin, og hann laut ni\u00f0ur a\u00f0 m\u00e9r og heyr\u00f0i kvein mitt.3Hann dr\u00f3 mig upp \u00far gl\u00f6tunargr\u00f6finni, upp \u00far hinni botnlausu le\u00f0ju, og veitti m\u00e9r f\u00f3tfestu \u00e1 kletti, gj\u00f6r\u00f0i mig styrkan \u00ed gangi.4Hann lag\u00f0i m\u00e9r n\u00fd lj\u00f3\u00f0 \u00ed munn, lofs\u00f6ng um Gu\u00f0 vorn. Margir sj\u00e1 \u00fea\u00f0 og \u00f3ttast og treysta Drottni.5S\u00e6ll er s\u00e1 ma\u00f0ur, er gj\u00f6rir Drottin a\u00f0 athvarfi s\u00ednu og sn\u00fdr s\u00e9r eigi til hinna drambl\u00e1tu n\u00e9 \u00feeirra er sn\u00faist hafa aflei\u00f0is til lygi.6M\u00f6rg hefir \u00fe\u00fa, Drottinn, Gu\u00f0 minn, gj\u00f6rt d\u00e1semdarverk \u00fe\u00edn og \u00e1form \u00fe\u00edn oss til handa, ekkert kemst \u00ed <a href=\"https:\/\/biblian.is\/1981\/salmarnir-40-kafli\/\"> [&#8230;]<\/a><\/p>\n","protected":false},"author":1,"featured_media":0,"parent":0,"menu_order":0,"comment_status":"open","ping_status":"open","template":"bibliukaflar.php","meta":{"footnotes":""},"class_list":["post-1864","page","type-page","status-publish","hentry"],"_links":{"self":[{"href":"https:\/\/biblian.is\/1981\/wp-json\/wp\/v2\/pages\/1864","targetHints":{"allow":["GET"]}}],"collection":[{"href":"https:\/\/biblian.is\/1981\/wp-json\/wp\/v2\/pages"}],"about":[{"href":"https:\/\/biblian.is\/1981\/wp-json\/wp\/v2\/types\/page"}],"author":[{"embeddable":true,"href":"https:\/\/biblian.is\/1981\/wp-json\/wp\/v2\/users\/1"}],"replies":[{"embeddable":true,"href":"https:\/\/biblian.is\/1981\/wp-json\/wp\/v2\/comments?post=1864"}],"version-history":[{"count":0,"href":"https:\/\/biblian.is\/1981\/wp-json\/wp\/v2\/pages\/1864\/revisions"}],"wp:attachment":[{"href":"https:\/\/biblian.is\/1981\/wp-json\/wp\/v2\/media?parent=1864"}],"curies":[{"name":"wp","href":"https:\/\/api.w.org\/{rel}","templated":true}]}}