{"id":1863,"date":"2017-11-18T20:18:58","date_gmt":"2017-11-18T20:18:58","guid":{"rendered":"http:\/\/biblian.is\/1981\/salmarnir-39-kafli\/"},"modified":"2021-06-06T11:09:50","modified_gmt":"2021-06-06T11:09:50","slug":"salmarnir-39-kafli","status":"publish","type":"page","link":"https:\/\/biblian.is\/1981\/salmarnir-39-kafli\/","title":{"rendered":"S\u00e1lmarnir 39. kafli"},"content":{"rendered":"<p><a name=\"1\"><span class=\"versanumer\">1<\/span><\/a>Til s\u00f6ngstj\u00f3rans, eftir Jed\u00fat\u00fan. Dav\u00ed\u00f0ss\u00e1lmur.<a name=\"2\"><span class=\"versanumer\">2<\/span><\/a>\u00c9g sag\u00f0i: \u00c9g vil gefa g\u00e6tur a\u00f0 vegum m\u00ednum, a\u00f0 \u00e9g dr\u00fdgi eigi synd me\u00f0 tungunni, \u00e9g vil leggja haft \u00e1 munn minn, me\u00f0an hinn illgjarni er \u00ed n\u00e1nd vi\u00f0 mig.<a name=\"3\"><span class=\"versanumer\">3<\/span><\/a>\u00c9g var hlj\u00f3\u00f0ur og \u00feag\u00f0i, en kv\u00f6l m\u00edn \u00fdf\u00f0ist.<a name=\"4\"><span class=\"versanumer\">4<\/span><\/a>Hjarta\u00f0 brann \u00ed brj\u00f3sti m\u00e9r, vi\u00f0 andv\u00f6rp m\u00edn loga\u00f0i eldurinn upp, \u00e9g sag\u00f0i:<a name=\"5\"><span class=\"versanumer\">5<\/span><\/a>L\u00e1t mig, Drottinn, sj\u00e1 afdrif m\u00edn og hva\u00f0 m\u00e9r er \u00fatm\u00e6lt af d\u00f6gum, l\u00e1t mig sj\u00e1, hversu skamm\u00e6r \u00e9g er.<a name=\"6\"><span class=\"versanumer\">6<\/span><\/a>Sj\u00e1, \u00f6rf\u00e1ar \u00feverhendur hefir \u00fe\u00fa gj\u00f6rt daga m\u00edna, og \u00e6vi m\u00edn er sem ekkert fyrir \u00fe\u00e9r. Andgustur einn eru allir menn.  Sela<a name=\"7\"><span class=\"versanumer\">7<\/span><\/a>Sem t\u00f3mur skuggi gengur ma\u00f0urinn um, gj\u00f6rir h\u00e1reysti um h\u00e9g\u00f3mann einan, hann safnar \u00ed hr\u00fagur, en veit eigi hver \u00fe\u00e6r hl\u00fdtur.<a name=\"8\"><span class=\"versanumer\">8<\/span><\/a>Hvers vona \u00e9g \u00fe\u00e1, Drottinn? Von m\u00edn er \u00f6ll \u00e1 \u00fe\u00e9r.<a name=\"9\"><span class=\"versanumer\">9<\/span><\/a>Frelsa mig fr\u00e1 \u00f6llum syndum m\u00ednum, l\u00e1t mig eigi ver\u00f0a heimskingjum a\u00f0 spotti.<a name=\"10\"><span class=\"versanumer\">10<\/span><\/a>\u00c9g \u00feegi, \u00e9g opna eigi munninn, \u00fev\u00ed a\u00f0 \u00fe\u00fa hefir tala\u00f0.<a name=\"11\"><span class=\"versanumer\">11<\/span><\/a>L\u00e1t pl\u00e1gu \u00fe\u00edna v\u00edkja fr\u00e1 m\u00e9r, \u00e9g ver\u00f0 a\u00f0 engu fyrir krafti handar \u00feinnar.<a name=\"12\"><span class=\"versanumer\">12<\/span><\/a>\u00de\u00e1 er \u00fe\u00fa beitir hirtingu vi\u00f0 manninn fyrir misgj\u00f6r\u00f0 hans, l\u00e6tur \u00fe\u00fa yndisleik hans ey\u00f0ast, sem m\u00f6lur v\u00e6ri. Andgustur einn eru allir menn.  Sela<a name=\"13\"><span class=\"versanumer\">13<\/span><\/a>Heyr b\u00e6n m\u00edna, Drottinn, og hl\u00fd\u00f0 \u00e1 kvein mitt, ver eigi hlj\u00f3\u00f0ur vi\u00f0 t\u00e1rum m\u00ednum, \u00fev\u00ed a\u00f0 \u00e9g er a\u00f0komandi hj\u00e1 \u00fe\u00e9r, \u00fatlendingur eins og allir fe\u00f0ur m\u00ednir.<a name=\"14\"><span class=\"versanumer\">14<\/span><\/a>L\u00edt af m\u00e9r, svo a\u00f0 h\u00fdrna megi yfir m\u00e9r, \u00e1\u00f0ur en \u00e9g fer burt og er eigi til framar.<\/p>\n<div class=\"footnote1981\"><b>39.1<\/b> Jeb\u00fat\u00fan Slm 62.1; 77.1<br \/>\n<b>39.2<\/b> Me\u00f0 or\u00f0um Job 2.10<br \/>\n<b>39.3<\/b> Hlj\u00f3\u00f0ur, stein\u00feag\u00f0i Slm 32.3; 38.14<br \/>\n<b>39.5<\/b> \u00datm\u00e6lt af d\u00f6gum Slm 89.48; 90.9-10; Job 7.6-21; 14.1-5; sbr Jes 40.7; Pr\u00e9d 6.2<br \/>\n<b>39.6<\/b> Andgustur Slm 62.10; 144.4<br \/>\n<b>39.8<\/b> Hvers vona \u00e9g? Job 17.13-16<br \/>\n<b>39.12<\/b> Eins og m\u00f6lur Job 13.28<br \/>\n<b>39.13<\/b> \u00datlendingur Slm 119.19; 1M\u00f3s 23.4; 3M\u00f3s 25.23; 1Kro 29.15; Heb 11.13; 1P\u00e9t 2.11<br \/>\n<b>39.14<\/b> L\u00edttu af m\u00e9r Job 7.19,21; 10.20-22; 14.6<\/div>\n","protected":false},"excerpt":{"rendered":"<p>1Til s\u00f6ngstj\u00f3rans, eftir Jed\u00fat\u00fan. Dav\u00ed\u00f0ss\u00e1lmur.2\u00c9g sag\u00f0i: \u00c9g vil gefa g\u00e6tur a\u00f0 vegum m\u00ednum, a\u00f0 \u00e9g dr\u00fdgi eigi synd me\u00f0 tungunni, \u00e9g vil leggja haft \u00e1 munn minn, me\u00f0an hinn illgjarni er \u00ed n\u00e1nd vi\u00f0 mig.3\u00c9g var hlj\u00f3\u00f0ur og \u00feag\u00f0i, en kv\u00f6l m\u00edn \u00fdf\u00f0ist.4Hjarta\u00f0 brann \u00ed brj\u00f3sti m\u00e9r, vi\u00f0 andv\u00f6rp m\u00edn loga\u00f0i eldurinn upp, \u00e9g sag\u00f0i:5L\u00e1t mig, Drottinn, sj\u00e1 afdrif m\u00edn og hva\u00f0 m\u00e9r er \u00fatm\u00e6lt af d\u00f6gum, l\u00e1t mig sj\u00e1, hversu skamm\u00e6r \u00e9g er.6Sj\u00e1, \u00f6rf\u00e1ar \u00feverhendur hefir \u00fe\u00fa gj\u00f6rt daga m\u00edna, og \u00e6vi m\u00edn er sem ekkert fyrir \u00fe\u00e9r. Andgustur einn eru allir menn. Sela7Sem t\u00f3mur skuggi gengur ma\u00f0urinn um, <a href=\"https:\/\/biblian.is\/1981\/salmarnir-39-kafli\/\"> [&#8230;]<\/a><\/p>\n","protected":false},"author":1,"featured_media":0,"parent":0,"menu_order":0,"comment_status":"open","ping_status":"open","template":"bibliukaflar.php","meta":{"footnotes":""},"class_list":["post-1863","page","type-page","status-publish","hentry"],"_links":{"self":[{"href":"https:\/\/biblian.is\/1981\/wp-json\/wp\/v2\/pages\/1863","targetHints":{"allow":["GET"]}}],"collection":[{"href":"https:\/\/biblian.is\/1981\/wp-json\/wp\/v2\/pages"}],"about":[{"href":"https:\/\/biblian.is\/1981\/wp-json\/wp\/v2\/types\/page"}],"author":[{"embeddable":true,"href":"https:\/\/biblian.is\/1981\/wp-json\/wp\/v2\/users\/1"}],"replies":[{"embeddable":true,"href":"https:\/\/biblian.is\/1981\/wp-json\/wp\/v2\/comments?post=1863"}],"version-history":[{"count":0,"href":"https:\/\/biblian.is\/1981\/wp-json\/wp\/v2\/pages\/1863\/revisions"}],"wp:attachment":[{"href":"https:\/\/biblian.is\/1981\/wp-json\/wp\/v2\/media?parent=1863"}],"curies":[{"name":"wp","href":"https:\/\/api.w.org\/{rel}","templated":true}]}}