{"id":1862,"date":"2017-11-18T20:18:58","date_gmt":"2017-11-18T20:18:58","guid":{"rendered":"http:\/\/biblian.is\/1981\/salmarnir-38-kafli\/"},"modified":"2021-06-06T11:09:50","modified_gmt":"2021-06-06T11:09:50","slug":"salmarnir-38-kafli","status":"publish","type":"page","link":"https:\/\/biblian.is\/1981\/salmarnir-38-kafli\/","title":{"rendered":"S\u00e1lmarnir 38. kafli"},"content":{"rendered":"<p><a name=\"1\"><span class=\"versanumer\">1<\/span><\/a>Dav\u00ed\u00f0ss\u00e1lmur. Minningarlj\u00f3\u00f0.<a name=\"2\"><span class=\"versanumer\">2<\/span><\/a>Drottinn, refsa m\u00e9r ekki \u00ed rei\u00f0i \u00feinni og tyfta mig ekki \u00ed gremi \u00feinni.<a name=\"3\"><span class=\"versanumer\">3<\/span><\/a>\u00d6rvar \u00fe\u00ednar standa fastar \u00ed m\u00e9r, og h\u00f6nd \u00fe\u00edn liggur \u00feungt \u00e1 m\u00e9r.<a name=\"4\"><span class=\"versanumer\">4<\/span><\/a>Enginn heilbrig\u00f0ur blettur er \u00e1 l\u00edkama m\u00ednum sakir rei\u00f0i \u00feinnar, ekkert heilt \u00ed beinum m\u00ednum sakir syndar minnar.<a name=\"5\"><span class=\"versanumer\">5<\/span><\/a>Misgj\u00f6r\u00f0ir m\u00ednar ganga m\u00e9r yfir h\u00f6fu\u00f0, sem \u00feung byr\u00f0i eru \u00fe\u00e6r m\u00e9r of \u00feungar or\u00f0nar.<a name=\"6\"><span class=\"versanumer\">6<\/span><\/a>\u00d3daun leggur af s\u00e1rum m\u00ednum, rotnun er \u00ed \u00feeim sakir heimsku minnar.<a name=\"7\"><span class=\"versanumer\">7<\/span><\/a>\u00c9g er beyg\u00f0ur og mj\u00f6g buga\u00f0ur, r\u00e1fa um harmandi daginn langan.<a name=\"8\"><span class=\"versanumer\">8<\/span><\/a>Lendar m\u00ednar eru fullar bruna, og enginn heilbrig\u00f0ur blettur er \u00e1 l\u00edkama m\u00ednum.<a name=\"9\"><span class=\"versanumer\">9<\/span><\/a>\u00c9g er l\u00e9magna og kraminn mj\u00f6g, kveina af angist hjartans.<a name=\"10\"><span class=\"versanumer\">10<\/span><\/a>Drottinn, \u00f6ll m\u00edn \u00fer\u00e1 er \u00fe\u00e9r kunn og andv\u00f6rp m\u00edn eru eigi hulin \u00fe\u00e9r.<a name=\"11\"><span class=\"versanumer\">11<\/span><\/a>Hjarta mitt berst \u00e1kaft, kraftur minn er \u00ferotinn, jafnvel lj\u00f3s augna minna er horfi\u00f0 m\u00e9r.<a name=\"12\"><span class=\"versanumer\">12<\/span><\/a>\u00c1stvinir m\u00ednir og kunningjar h\u00f6rfa burt fyrir kr\u00f6m minni, og fr\u00e6ndur m\u00ednir standa fjarri.<a name=\"13\"><span class=\"versanumer\">13<\/span><\/a>\u00deeir er sitja um l\u00edf mitt, leggja sn\u00f6rur fyrir mig, \u00feeir er leita m\u00e9r meins, m\u00e6la ska\u00f0r\u00e6\u00f0i og hyggja \u00e1 svik allan li\u00f0langan daginn.<a name=\"14\"><span class=\"versanumer\">14<\/span><\/a>En \u00e9g er sem daufur, \u00e9g heyri \u00fea\u00f0 ekki, og sem dumbur, er eigi opnar munninn,<a name=\"15\"><span class=\"versanumer\">15<\/span><\/a>\u00e9g er sem ma\u00f0ur er eigi heyrir og engin andm\u00e6li eru \u00ed munni hans.<a name=\"16\"><span class=\"versanumer\">16<\/span><\/a>\u00dev\u00ed a\u00f0 \u00e1 \u00feig, Drottinn, vona \u00e9g, \u00fe\u00fa munt svara m\u00e9r, Drottinn minn og Gu\u00f0 minn,<a name=\"17\"><span class=\"versanumer\">17<\/span><\/a>\u00fev\u00ed a\u00f0 \u00e9g segi: L\u00e1t \u00fe\u00e1 eigi hlakka yfir m\u00e9r, eigi h\u00e6last um af \u00fev\u00ed, a\u00f0 m\u00e9r skri\u00f0ni f\u00f3tur.<a name=\"18\"><span class=\"versanumer\">18<\/span><\/a>\u00dev\u00ed a\u00f0 \u00e9g er a\u00f0 falli kominn, og \u00fej\u00e1ningar m\u00ednar eru m\u00e9r \u00e6 fyrir augum.<a name=\"19\"><span class=\"versanumer\">19<\/span><\/a>\u00c9g j\u00e1ta misgj\u00f6r\u00f0 m\u00edna, harma synd m\u00edna,<a name=\"20\"><span class=\"versanumer\">20<\/span><\/a>og \u00feeir sem \u00e1n saka eru \u00f3vinir m\u00ednir, eru margir, fj\u00f6lmargir \u00feeir er hata mig a\u00f0 \u00e1st\u00e6\u00f0ulausu.<a name=\"21\"><span class=\"versanumer\">21<\/span><\/a>\u00deeir gjalda m\u00e9r gott me\u00f0 illu, s\u00fdna m\u00e9r fjandskap, af \u00fev\u00ed \u00e9g legg stund \u00e1 \u00fea\u00f0 sem gott er.<a name=\"22\"><span class=\"versanumer\">22<\/span><\/a>Yfirgef mig ekki, Drottinn, Gu\u00f0 minn, ver ekki fjarri m\u00e9r,<a name=\"23\"><span class=\"versanumer\">23<\/span><\/a>skunda til li\u00f0s vi\u00f0 mig, Drottinn, \u00fe\u00fa hj\u00e1lp m\u00edn.<\/p>\n<div class=\"footnote1981\"><b>38.2<\/b> \u00cd rei\u00f0i Slm 6.2+<br \/>\n<b>38.3<\/b> \u00d6rvar \u00fe\u00ednar Job 6.4; 16.13<br \/>\n<b>38.4<\/b> Enginn heill blettur Jes 1.5-6<br \/>\n<b>38.5<\/b> Yfir h\u00f6fu\u00f0 Esr 9.6 \u2013 misgj\u00f6r\u00f0ir m\u00ednar Slm 40.13<br \/>\n<b>38.7<\/b> Buga\u00f0ur og harmandi Slm 35.14; 42.10<br \/>\n<b>38.9<\/b> L\u00e9magna Slm 102.4-6<br \/>\n<b>38.10<\/b> \u00der\u00e1 m\u00edn er \u00fe\u00e9r kunn 2M\u00f3s 2.24; 6.5; Slm 5.2; 79.11<br \/>\n<b>38.11<\/b> Lj\u00f3s augnanna horfi\u00f0 Slm 6.8; 31.10-11<br \/>\n<b>38.12<\/b> Halda sig fjarri Slm 31.12+<br \/>\n<b>38.13<\/b> Sn\u00f6rur Slm 35.7; 57.7 \u2013 svik Slm 35.20<br \/>\n<b>38.14<\/b> Sem dumbur Slm 39.2-3+<br \/>\n<b>38.16<\/b> Vona \u00e1 Drottinn Slm 31.25; sbr 25.3; 27.14<br \/>\n<b>38.17<\/b> Eigi hlakka yfir m\u00e9r Slm 35.15,19<br \/>\n<b>38.19<\/b> Syndaj\u00e1tning Slm 32.5+<br \/>\n<b>38.20<\/b> \u00c1n saka Slm 35.19+<br \/>\n<b>38.21<\/b> Gjalda gott me\u00f0 illu Slm 35.12+<br \/>\n<b>38.22<\/b> Yfirgef mig ekki Slm 22.2; 27.9; 71.18; 119.8 \u2013 ver ekki fjarri Slm 22.12; 35.22; 71.12<br \/>\n<b>38.23<\/b> Skunda til hj\u00e1lpar Slm 22.20+<\/div>\n","protected":false},"excerpt":{"rendered":"<p>1Dav\u00ed\u00f0ss\u00e1lmur. Minningarlj\u00f3\u00f0.2Drottinn, refsa m\u00e9r ekki \u00ed rei\u00f0i \u00feinni og tyfta mig ekki \u00ed gremi \u00feinni.3\u00d6rvar \u00fe\u00ednar standa fastar \u00ed m\u00e9r, og h\u00f6nd \u00fe\u00edn liggur \u00feungt \u00e1 m\u00e9r.4Enginn heilbrig\u00f0ur blettur er \u00e1 l\u00edkama m\u00ednum sakir rei\u00f0i \u00feinnar, ekkert heilt \u00ed beinum m\u00ednum sakir syndar minnar.5Misgj\u00f6r\u00f0ir m\u00ednar ganga m\u00e9r yfir h\u00f6fu\u00f0, sem \u00feung byr\u00f0i eru \u00fe\u00e6r m\u00e9r of \u00feungar or\u00f0nar.6\u00d3daun leggur af s\u00e1rum m\u00ednum, rotnun er \u00ed \u00feeim sakir heimsku minnar.7\u00c9g er beyg\u00f0ur og mj\u00f6g buga\u00f0ur, r\u00e1fa um harmandi daginn langan.8Lendar m\u00ednar eru fullar bruna, og enginn heilbrig\u00f0ur blettur er \u00e1 l\u00edkama m\u00ednum.9\u00c9g er l\u00e9magna og kraminn mj\u00f6g, kveina af angist hjartans.10Drottinn, <a href=\"https:\/\/biblian.is\/1981\/salmarnir-38-kafli\/\"> [&#8230;]<\/a><\/p>\n","protected":false},"author":1,"featured_media":0,"parent":0,"menu_order":0,"comment_status":"open","ping_status":"open","template":"bibliukaflar.php","meta":{"footnotes":""},"class_list":["post-1862","page","type-page","status-publish","hentry"],"_links":{"self":[{"href":"https:\/\/biblian.is\/1981\/wp-json\/wp\/v2\/pages\/1862","targetHints":{"allow":["GET"]}}],"collection":[{"href":"https:\/\/biblian.is\/1981\/wp-json\/wp\/v2\/pages"}],"about":[{"href":"https:\/\/biblian.is\/1981\/wp-json\/wp\/v2\/types\/page"}],"author":[{"embeddable":true,"href":"https:\/\/biblian.is\/1981\/wp-json\/wp\/v2\/users\/1"}],"replies":[{"embeddable":true,"href":"https:\/\/biblian.is\/1981\/wp-json\/wp\/v2\/comments?post=1862"}],"version-history":[{"count":0,"href":"https:\/\/biblian.is\/1981\/wp-json\/wp\/v2\/pages\/1862\/revisions"}],"wp:attachment":[{"href":"https:\/\/biblian.is\/1981\/wp-json\/wp\/v2\/media?parent=1862"}],"curies":[{"name":"wp","href":"https:\/\/api.w.org\/{rel}","templated":true}]}}