{"id":1861,"date":"2017-11-18T20:18:58","date_gmt":"2017-11-18T20:18:58","guid":{"rendered":"http:\/\/biblian.is\/1981\/salmarnir-37-kafli\/"},"modified":"2021-06-06T11:09:49","modified_gmt":"2021-06-06T11:09:49","slug":"salmarnir-37-kafli","status":"publish","type":"page","link":"https:\/\/biblian.is\/1981\/salmarnir-37-kafli\/","title":{"rendered":"S\u00e1lmarnir 37. kafli"},"content":{"rendered":"<p><a name=\"1\"><span class=\"versanumer\">1<\/span><\/a>Dav\u00ed\u00f0ss\u00e1lmur. Ver eigi of br\u00e1\u00f0ur vegna illvirkjanna, \u00f6funda eigi \u00fe\u00e1 er rangl\u00e6ti fremja,<a name=\"2\"><span class=\"versanumer\">2<\/span><\/a>\u00fev\u00ed a\u00f0 \u00feeir f\u00f6lna skj\u00f3tt sem grasi\u00f0, visna sem gr\u00e6nar jurtir.<a name=\"3\"><span class=\"versanumer\">3<\/span><\/a>Treyst Drottni og gj\u00f6r gott, b\u00fa \u00fe\u00fa \u00ed landinu og i\u00f0ka r\u00e1\u00f0vendni,<a name=\"4\"><span class=\"versanumer\">4<\/span><\/a>\u00fe\u00e1 munt \u00fe\u00fa gle\u00f0jast yfir Drottni, og hann mun veita \u00fe\u00e9r \u00fea\u00f0 sem hjarta \u00feitt girnist.<a name=\"5\"><span class=\"versanumer\">5<\/span><\/a>Fel Drottni vegu \u00fe\u00edna og treyst honum, hann mun vel fyrir sj\u00e1.<a name=\"6\"><span class=\"versanumer\">6<\/span><\/a>Hann mun l\u00e1ta r\u00e9ttl\u00e6ti \u00feitt renna upp sem lj\u00f3s og r\u00e9tt \u00feinn sem h\u00e1bjartan dag.<a name=\"7\"><span class=\"versanumer\">7<\/span><\/a>Ver hlj\u00f3\u00f0ur fyrir Drottni og vona \u00e1 hann. Ver eigi of br\u00e1\u00f0ur vegna \u00feeirra er vel gengur, vegna \u00feess manns er svik fremur.<a name=\"8\"><span class=\"versanumer\">8<\/span><\/a>L\u00e1t af rei\u00f0i og slepp heiftinni, ver eigi of br\u00e1\u00f0ur, \u00fea\u00f0 lei\u00f0ir til ills eins.<a name=\"9\"><span class=\"versanumer\">9<\/span><\/a>Illvirkjarnir ver\u00f0a afm\u00e1\u00f0ir, en \u00feeir er vona \u00e1 Drottin, f\u00e1 landi\u00f0 til eignar.<a name=\"10\"><span class=\"versanumer\">10<\/span><\/a>Innan stundar eru engir gu\u00f0lausir til framar, \u00feegar \u00fe\u00fa gefur g\u00e6tur a\u00f0 sta\u00f0 \u00feeirra, eru \u00feeir horfnir.<a name=\"11\"><span class=\"versanumer\">11<\/span><\/a>En hinir h\u00f3gv\u00e6ru f\u00e1 landi\u00f0 til eignar, gle\u00f0jast yfir r\u00edkulegri g\u00e6fu.<a name=\"12\"><span class=\"versanumer\">12<\/span><\/a>\u00d3gu\u00f0legur ma\u00f0ur b\u00fdr yfir illu gegn r\u00e9ttl\u00e1tum, n\u00edstir t\u00f6nnum gegn honum.<a name=\"13\"><span class=\"versanumer\">13<\/span><\/a>Drottinn hl\u00e6r a\u00f0 honum, \u00fev\u00ed a\u00f0 hann s\u00e9r a\u00f0 dagur hans kemur.<a name=\"14\"><span class=\"versanumer\">14<\/span><\/a>\u00d3gu\u00f0legir breg\u00f0a sver\u00f0inu og benda boga s\u00edna til \u00feess a\u00f0 fella hinn hrj\u00e1\u00f0a og snau\u00f0a, til \u00feess a\u00f0 brytja ni\u00f0ur hina r\u00e1\u00f0v\u00f6ndu.<a name=\"15\"><span class=\"versanumer\">15<\/span><\/a>En sver\u00f0 \u00feeirra lendir \u00ed \u00feeirra eigin hj\u00f6rtum, og bogar \u00feeirra munu brotnir ver\u00f0a.<a name=\"16\"><span class=\"versanumer\">16<\/span><\/a>Betri er l\u00edtil eign r\u00e9ttl\u00e1ts manns en au\u00f0leg\u00f0 margra illgjarnra,<a name=\"17\"><span class=\"versanumer\">17<\/span><\/a>\u00fev\u00ed a\u00f0 armleggur illgjarnra ver\u00f0ur brotinn, en r\u00e9ttl\u00e1ta sty\u00f0ur Drottinn.<a name=\"18\"><span class=\"versanumer\">18<\/span><\/a>Drottinn \u00feekkir daga r\u00e1\u00f0vandra, og arfleif\u00f0 \u00feeirra varir a\u00f0 eil\u00edfu.<a name=\"19\"><span class=\"versanumer\">19<\/span><\/a>\u00c1 vondum t\u00edmum ver\u00f0a \u00feeir eigi til skammar, \u00e1 hall\u00e6rist\u00edmum hlj\u00f3ta \u00feeir sa\u00f0ning.<a name=\"20\"><span class=\"versanumer\">20<\/span><\/a>En \u00f3gu\u00f0legir farast, og \u00f3vinir Drottins eru sem skraut vallarins: \u00feeir hverfa sem reykur hverfa \u00feeir.<a name=\"21\"><span class=\"versanumer\">21<\/span><\/a>Gu\u00f0laus ma\u00f0ur tekur l\u00e1n og borgar eigi, en hinn r\u00e9ttl\u00e1ti er mildur og \u00f6rl\u00e1tur.<a name=\"22\"><span class=\"versanumer\">22<\/span><\/a>\u00dev\u00ed a\u00f0 \u00feeir sem Drottinn blessar, f\u00e1 landi\u00f0 til eignar, en hinum bannf\u00e6r\u00f0u ver\u00f0ur \u00fatr\u00fdmt.<a name=\"23\"><span class=\"versanumer\">23<\/span><\/a>Fr\u00e1 Drottni kemur skrefum mannsins festa, \u00feegar hann hefir \u00fe\u00f3knun \u00e1 breytni hans.<a name=\"24\"><span class=\"versanumer\">24<\/span><\/a>\u00de\u00f3tt hann falli, \u00fe\u00e1 liggur hann ekki flatur, \u00fev\u00ed a\u00f0 Drottinn heldur \u00ed h\u00f6nd hans.<a name=\"25\"><span class=\"versanumer\">25<\/span><\/a>Ungur var \u00e9g og gamall er \u00e9g or\u00f0inn, en aldrei s\u00e1 \u00e9g r\u00e9ttl\u00e1tan mann yfirgefinn n\u00e9 ni\u00f0ja hans bi\u00f0ja s\u00e9r matar.<a name=\"26\"><span class=\"versanumer\">26<\/span><\/a>\u00c6t\u00ed\u00f0 er hann mildur og l\u00e1nar, og ni\u00f0jar hans ver\u00f0a \u00f6\u00f0rum til blessunar.<a name=\"27\"><span class=\"versanumer\">27<\/span><\/a>For\u00f0astu illt og gj\u00f6r\u00f0u gott, \u00fe\u00e1 munt \u00fe\u00fa b\u00faa kyrr um aldur,<a name=\"28\"><span class=\"versanumer\">28<\/span><\/a>\u00fev\u00ed a\u00f0 Drottinn hefir m\u00e6tur \u00e1 r\u00e9ttl\u00e6ti og yfirgefur ekki s\u00edna tr\u00fau\u00f0u. \u00deeir ver\u00f0a eil\u00edflega var\u00f0veittir, en ni\u00f0jar \u00f3gu\u00f0legra uppr\u00e6tast.<a name=\"29\"><span class=\"versanumer\">29<\/span><\/a>Hinir r\u00e9ttl\u00e1tu f\u00e1 landi\u00f0 til eignar og b\u00faa \u00ed \u00fev\u00ed um aldur.<a name=\"30\"><span class=\"versanumer\">30<\/span><\/a>Munnur r\u00e9ttl\u00e1ts manns m\u00e6lir speki og tunga hans talar \u00fea\u00f0 sem r\u00e9tt er.<a name=\"31\"><span class=\"versanumer\">31<\/span><\/a>L\u00f6gm\u00e1l Gu\u00f0s hans er \u00ed hjarta hans, eigi skri\u00f0nar honum f\u00f3tur.<a name=\"32\"><span class=\"versanumer\">32<\/span><\/a>Hinn gu\u00f0lausi skimar eftir hinum r\u00e9ttl\u00e1ta og situr um a\u00f0 drepa hann,<a name=\"33\"><span class=\"versanumer\">33<\/span><\/a>en Drottinn ofurselur hann honum ekki og l\u00e6tur hann ekki ganga sekan fr\u00e1 d\u00f3mi.<a name=\"34\"><span class=\"versanumer\">34<\/span><\/a>Vona \u00e1 Drottin og gef g\u00e6tur a\u00f0 vegi hans, \u00fe\u00e1 mun hann hefja \u00feig upp, a\u00f0 \u00fe\u00fa erfir landi\u00f0, og \u00fe\u00fa skalt horfa \u00e1, \u00feegar illvirkjum ver\u00f0ur \u00fatr\u00fdmt.<a name=\"35\"><span class=\"versanumer\">35<\/span><\/a>\u00c9g s\u00e1 hinn \u00f3gu\u00f0lega \u00ed ofstopa s\u00ednum og \u00feenja sig \u00fat sem gr\u00e6nt tr\u00e9 \u00e1 gr\u00f3\u00f0rarst\u00f6\u00f0vum s\u00ednum,<a name=\"36\"><span class=\"versanumer\">36<\/span><\/a>og \u00e9g gekk fram hj\u00e1, og sj\u00e1, hann var \u00fear ekki framar, \u00e9g leita\u00f0i hans, en hann fannst ekki.<a name=\"37\"><span class=\"versanumer\">37<\/span><\/a>Gef g\u00e6tur a\u00f0 hinum r\u00e1\u00f0vanda og l\u00edt \u00e1 hinn hreinskilna, \u00fev\u00ed a\u00f0 fri\u00f0samir menn eiga framt\u00ed\u00f0 fyrir h\u00f6ndum,<a name=\"38\"><span class=\"versanumer\">38<\/span><\/a>en afbrotam\u00f6nnum ver\u00f0ur \u00fatr\u00fdmt \u00f6llum samt, framt\u00ed\u00f0arvon \u00f3gu\u00f0legra bregst.<a name=\"39\"><span class=\"versanumer\">39<\/span><\/a>Hj\u00e1lp r\u00e9ttl\u00e1tra kemur fr\u00e1 Drottni, hann er h\u00e6li \u00feeirra \u00e1 ney\u00f0art\u00edmum.<a name=\"40\"><span class=\"versanumer\">40<\/span><\/a>Drottinn li\u00f0sinnir \u00feeim og bjargar \u00feeim, bjargar \u00feeim undan hinum \u00f3gu\u00f0lega og hj\u00e1lpar \u00feeim, af \u00fev\u00ed a\u00f0 \u00feeir leitu\u00f0u h\u00e6lis hj\u00e1 honum.<\/p>\n<div class=\"footnote1981\"><b>37.1<\/b> Eigi br\u00e1\u00f0ur Okv 24.19; sbr 23.17<br \/>\n<b>37.2<\/b> Skj\u00f3tt eins og grasi\u00f0 Slm 90.6+<br \/>\n<b>37.3<\/b> Treysta Drottni Slm 9.11+ ; 55.24+<br \/>\n<b>37.4<\/b> Gle\u00f0i \u00ed  Drottni Jes 58.14 \u2013 sem hjarta \u00feitt \u00fer\u00e1ir Slm 20.5; 21.3; 78.29; Okv 10.24<br \/>\n<b>37.5<\/b> Fela Drottni Slm 22.9<br \/>\n<b>37.6<\/b> Sem h\u00e1bjartan dag Jes 58.10<br \/>\n<b>37.7<\/b> Ver hlj\u00f3\u00f0ur Slm 4.5; 62.6; Jes 30.15 \u2013 er vel gengur Slm 1.3; 10.5; Jer 12.1<br \/>\n<b>37.8<\/b> L\u00e1t af rei\u00f0i Ef 4.31; K\u00f3l 3.8; Jak 1.20<br \/>\n<b>37.9<\/b> F\u00e1 landi\u00f0 til eignar Slm 37.11,22,29,34; 25.13; Jes 57.13; 60.21; Esk 11.17; sbr Matt 5.5<br \/>\n<b>37.10<\/b> Horfinn Slm 103.16+<br \/>\n<b>37.12<\/b> Gn\u00edstir t\u00f6nnum Slm 35.16; 112.10<br \/>\n<b>37.13<\/b> Drottinn hl\u00e6r Slm 2.4+<br \/>\n<b>37.14<\/b> Sver\u00f0 og bogar \u00f3gu\u00f0legra Slm 7.13; 11.2<br \/>\n<b>37.15<\/b> Rista eigin hj\u00f6rtum Slm 7.17+ &#8211; bogar \u00feeirra brotnir Slm 46.10<br \/>\n<b>37.16<\/b> L\u00edtil eign Okv 15.16; 16.8<br \/>\n<b>37.17<\/b> Drottinn sty\u00f0ur r\u00e9ttl\u00e1ta Slm 41.4,13; 55.23; sbr Slm 145.14; 146.9; 147.6; Jes 42.1<br \/>\n<b>37.18<\/b> Drottinn hefur g\u00e6tur \u00e1  Slm 1.6; 31.8<br \/>\n<b>37.19<\/b> \u00c1 vondum t\u00edmum Slm 27.5; 41.2; 49.6; 94.13<br \/>\n<b>37.21<\/b> \u00d6rl\u00e1tur Slm 112.9; Okv 21.26; sbr Matt 5.42; 10.8; Post 3.6; 20.35; R\u00f3m 12.8; Ef 4.28<br \/>\n<b>37.22<\/b> Blessar &#8230; bannf\u00e6rir Matt 25.34,41<br \/>\n<b>37.23<\/b> St\u00fdrir skrefum Okv 20.24<br \/>\n<b>37.24<\/b> Heldur \u00ed h\u00f6nd hans sbr Slm 37.17; 3.6; 119.116<br \/>\n<b>37.26<\/b> L\u00e1na Slm 112.5 \u2013 til blessunar 1M\u00f3s 22.18; 26.4; 28.14; sbr 12.3; 18.18<br \/>\n<b>37.27<\/b> For\u00f0ast illt, gera gott Slm 34.15<br \/>\n<b>37.31<\/b> L\u00f6gm\u00e1li\u00f0 hjartf\u00f3lgi\u00f0 5M\u00f3s 6.6; Jer 31.33 \u2013 skri\u00f0nar eigi f\u00f3tur Slm 26.1<br \/>\n<b>37.33<\/b> Ofurselur hann ekki Slm 37.28; 9.11; 94.14; 5M\u00f3s 4.31; Jes 41.17<br \/>\n<b>37.35<\/b> Ofstopi Slm 73.3-12; Job 20.6-7; Esk 31.10-12<br \/>\n<b>37.36<\/b> Hvergi a\u00f0 finna Slm 37.10<br \/>\n<b>37.37<\/b> Framt\u00ed\u00f0 Okv 23.18<br \/>\n<b>37.39<\/b> Hj\u00e1lp r\u00e9ttl\u00e1tra Slm 3.9; 57.4; 144.10; Jes 45.17; Jer 3.23; Post 4.12 \u2013 h\u00e6li Slm 27.1+ &#8211; \u00e1 ney\u00f0art\u00edmum Slm 77.3+<br \/>\n<b>37.40<\/b> Leitu\u00f0u h\u00e6lis Slm 7.2+<\/div>\n","protected":false},"excerpt":{"rendered":"<p>1Dav\u00ed\u00f0ss\u00e1lmur. Ver eigi of br\u00e1\u00f0ur vegna illvirkjanna, \u00f6funda eigi \u00fe\u00e1 er rangl\u00e6ti fremja,2\u00fev\u00ed a\u00f0 \u00feeir f\u00f6lna skj\u00f3tt sem grasi\u00f0, visna sem gr\u00e6nar jurtir.3Treyst Drottni og gj\u00f6r gott, b\u00fa \u00fe\u00fa \u00ed landinu og i\u00f0ka r\u00e1\u00f0vendni,4\u00fe\u00e1 munt \u00fe\u00fa gle\u00f0jast yfir Drottni, og hann mun veita \u00fe\u00e9r \u00fea\u00f0 sem hjarta \u00feitt girnist.5Fel Drottni vegu \u00fe\u00edna og treyst honum, hann mun vel fyrir sj\u00e1.6Hann mun l\u00e1ta r\u00e9ttl\u00e6ti \u00feitt renna upp sem lj\u00f3s og r\u00e9tt \u00feinn sem h\u00e1bjartan dag.7Ver hlj\u00f3\u00f0ur fyrir Drottni og vona \u00e1 hann. Ver eigi of br\u00e1\u00f0ur vegna \u00feeirra er vel gengur, vegna \u00feess manns er svik fremur.8L\u00e1t af rei\u00f0i og slepp <a href=\"https:\/\/biblian.is\/1981\/salmarnir-37-kafli\/\"> [&#8230;]<\/a><\/p>\n","protected":false},"author":1,"featured_media":0,"parent":0,"menu_order":0,"comment_status":"open","ping_status":"open","template":"bibliukaflar.php","meta":{"footnotes":""},"class_list":["post-1861","page","type-page","status-publish","hentry"],"_links":{"self":[{"href":"https:\/\/biblian.is\/1981\/wp-json\/wp\/v2\/pages\/1861","targetHints":{"allow":["GET"]}}],"collection":[{"href":"https:\/\/biblian.is\/1981\/wp-json\/wp\/v2\/pages"}],"about":[{"href":"https:\/\/biblian.is\/1981\/wp-json\/wp\/v2\/types\/page"}],"author":[{"embeddable":true,"href":"https:\/\/biblian.is\/1981\/wp-json\/wp\/v2\/users\/1"}],"replies":[{"embeddable":true,"href":"https:\/\/biblian.is\/1981\/wp-json\/wp\/v2\/comments?post=1861"}],"version-history":[{"count":0,"href":"https:\/\/biblian.is\/1981\/wp-json\/wp\/v2\/pages\/1861\/revisions"}],"wp:attachment":[{"href":"https:\/\/biblian.is\/1981\/wp-json\/wp\/v2\/media?parent=1861"}],"curies":[{"name":"wp","href":"https:\/\/api.w.org\/{rel}","templated":true}]}}