{"id":1859,"date":"2017-11-18T20:18:58","date_gmt":"2017-11-18T20:18:58","guid":{"rendered":"http:\/\/biblian.is\/1981\/salmarnir-35-kafli\/"},"modified":"2021-06-06T11:09:49","modified_gmt":"2021-06-06T11:09:49","slug":"salmarnir-35-kafli","status":"publish","type":"page","link":"https:\/\/biblian.is\/1981\/salmarnir-35-kafli\/","title":{"rendered":"S\u00e1lmarnir 35. kafli"},"content":{"rendered":"<p><a name=\"1\"><span class=\"versanumer\">1<\/span><\/a>Dav\u00ed\u00f0ss\u00e1lmur. Deil \u00fe\u00fa, Drottinn, vi\u00f0 \u00fe\u00e1 er deila vi\u00f0 mig, berst \u00fe\u00fa vi\u00f0 \u00fe\u00e1 er berjast vi\u00f0 mig.<a name=\"2\"><span class=\"versanumer\">2<\/span><\/a>Tak skj\u00f6ld og t\u00f6rgu og r\u00eds upp m\u00e9r til hj\u00e1lpar.<a name=\"3\"><span class=\"versanumer\">3<\/span><\/a>Tak til spj\u00f3t og \u00f6xi til \u00feess a\u00f0 m\u00e6ta ofs\u00e6kjendum m\u00ednum, seg vi\u00f0 s\u00e1l m\u00edna: \u00c9g er hj\u00e1lp \u00fe\u00edn!<a name=\"4\"><span class=\"versanumer\">4<\/span><\/a>L\u00e1t \u00fe\u00e1 er sitja um l\u00edf mitt hlj\u00f3ta sm\u00e1n og sv\u00edvir\u00f0ing, l\u00e1t \u00fe\u00e1 hverfa aftur me\u00f0 sk\u00f6mm, er \u00e6tla a\u00f0 gj\u00f6ra m\u00e9r illt.<a name=\"5\"><span class=\"versanumer\">5<\/span><\/a>L\u00e1t \u00fe\u00e1 ver\u00f0a sem s\u00e1\u00f0ir fyrir vindi, \u00feegar engill Drottins varpar \u00feeim um koll.<a name=\"6\"><span class=\"versanumer\">6<\/span><\/a>L\u00e1t veg \u00feeirra ver\u00f0a myrkan og h\u00e1lan, \u00feegar engill Drottins eltir \u00fe\u00e1.<a name=\"7\"><span class=\"versanumer\">7<\/span><\/a>\u00dev\u00ed a\u00f0 \u00e1st\u00e6\u00f0ulausu hafa \u00feeir lagt net sitt leynt fyrir mig, a\u00f0 \u00e1st\u00e6\u00f0ulausu hafa \u00feeir grafi\u00f0 gryfju fyrir mig.<a name=\"8\"><span class=\"versanumer\">8<\/span><\/a>L\u00e1t tort\u00edming koma yfir \u00fe\u00e1, er \u00fe\u00e1 varir minnst, l\u00e1t neti\u00f0, er \u00feeir hafa lagt leynt, vei\u00f0a sj\u00e1lfa \u00fe\u00e1, l\u00e1t \u00fe\u00e1 falla \u00ed \u00feeirra eigin gryfju.<a name=\"9\"><span class=\"versanumer\">9<\/span><\/a>En s\u00e1l m\u00edn skal k\u00e6tast yfir Drottni, gle\u00f0jast yfir hj\u00e1lpr\u00e6\u00f0i hans.<a name=\"10\"><span class=\"versanumer\">10<\/span><\/a>\u00d6ll bein m\u00edn skulu segja: Drottinn, hver er sem \u00fe\u00fa, er frelsar hinn umkomulausa fr\u00e1 \u00feeim sem er honum yfirsterkari, hinn hrj\u00e1\u00f0a og snau\u00f0a fr\u00e1 \u00feeim sem r\u00e6nir hann?<a name=\"11\"><span class=\"versanumer\">11<\/span><\/a>Lj\u00fagvottar r\u00edsa upp, \u00feeir spyrja mig um \u00fea\u00f0 sem \u00e9g veit ekki um.<a name=\"12\"><span class=\"versanumer\">12<\/span><\/a>\u00deeir launa m\u00e9r gott me\u00f0 illu, einsemd var\u00f0 hlutfall mitt.<a name=\"13\"><span class=\"versanumer\">13<\/span><\/a>En \u00feegar \u00feeir voru sj\u00fakir, kl\u00e6ddist \u00e9g h\u00e6rusekk, \u00fej\u00e1\u00f0i mig me\u00f0 f\u00f6stu og ba\u00f0 me\u00f0 ni\u00f0url\u00fatu h\u00f6f\u00f0i,<a name=\"14\"><span class=\"versanumer\">14<\/span><\/a>gekk um harmandi, sem vinur e\u00f0a br\u00f3\u00f0ir \u00e6tti \u00ed hlut, var beyg\u00f0ur eins og s\u00e1 er syrgir m\u00f3\u00f0ur s\u00edna.<a name=\"15\"><span class=\"versanumer\">15<\/span><\/a>En \u00feeir fagna yfir hr\u00f6sun minni og safnast saman, \u00fatlendingar og \u00f3kunnugir menn safnast saman m\u00f3ti m\u00e9r, m\u00e6la lastyr\u00f0i og \u00feagna eigi.<a name=\"16\"><span class=\"versanumer\">16<\/span><\/a>\u00deeir freista m\u00edn, sm\u00e1na og sm\u00e1na, n\u00edsta t\u00f6nnum \u00ed gegn m\u00e9r.<a name=\"17\"><span class=\"versanumer\">17<\/span><\/a>Drottinn, hversu lengi vilt \u00fe\u00fa horfa \u00e1? Frelsa s\u00e1l m\u00edna undan ey\u00f0ileggingu \u00feeirra, m\u00edna einmana s\u00e1l undan lj\u00f3nunum.<a name=\"18\"><span class=\"versanumer\">18<\/span><\/a>\u00de\u00e1 vil \u00e9g lofa \u00feig \u00ed miklum s\u00f6fnu\u00f0i, vegsama \u00feig \u00ed miklum mannfj\u00f6lda.<a name=\"19\"><span class=\"versanumer\">19<\/span><\/a>L\u00e1t eigi \u00fe\u00e1 sem \u00e1n saka eru \u00f3vinir m\u00ednir, hlakka yfir m\u00e9r, l\u00e1t eigi \u00fe\u00e1 sem a\u00f0 \u00e1st\u00e6\u00f0ulausu hata mig, skotra augunum.<a name=\"20\"><span class=\"versanumer\">20<\/span><\/a>\u00dev\u00ed a\u00f0 fri\u00f0 tala \u00feeir eigi, og m\u00f3ti hinum kyrrl\u00e1tu \u00ed landinu hugsa \u00feeir upp sviksamleg or\u00f0.<a name=\"21\"><span class=\"versanumer\">21<\/span><\/a>\u00deeir glenna upp gini\u00f0 \u00ed m\u00f3ti m\u00e9r, segja: H\u00e6, h\u00e6! N\u00fa h\u00f6fum v\u00e9r s\u00e9\u00f0 \u00fea\u00f0 me\u00f0 eigin augum!<a name=\"22\"><span class=\"versanumer\">22<\/span><\/a>\u00de\u00fa hefir s\u00e9\u00f0 \u00fea\u00f0, Drottinn, ver eigi hlj\u00f3\u00f0ur, Drottinn, ver eigi langt \u00ed burtu fr\u00e1 m\u00e9r.<a name=\"23\"><span class=\"versanumer\">23<\/span><\/a>Vakna, r\u00eds upp og l\u00e1t mig n\u00e1 r\u00e9tti m\u00ednum, Gu\u00f0 minn og Drottinn, til \u00feess a\u00f0 flytja m\u00e1l mitt.<a name=\"24\"><span class=\"versanumer\">24<\/span><\/a>D\u00e6m mig eftir r\u00e9ttl\u00e6ti \u00fe\u00ednu, Drottinn, Gu\u00f0 minn, og l\u00e1t \u00fe\u00e1 eigi hlakka yfir m\u00e9r,<a name=\"25\"><span class=\"versanumer\">25<\/span><\/a>l\u00e1t \u00fe\u00e1 ekki segja \u00ed hjarta s\u00ednu: H\u00e6! \u00d3sk vor er uppfyllt! l\u00e1t \u00fe\u00e1 ekki segja: V\u00e9r h\u00f6fum gj\u00f6rt \u00fat af vi\u00f0 hann.<a name=\"26\"><span class=\"versanumer\">26<\/span><\/a>L\u00e1t \u00fe\u00e1 alla ver\u00f0a til skammar og hlj\u00f3ta kinnro\u00f0a, er hlakka yfir \u00f3g\u00e6fu minni, l\u00e1t \u00fe\u00e1 \u00edkl\u00e6\u00f0ast sk\u00f6mm og sv\u00edvir\u00f0ing, er hreykja s\u00e9r upp gegn m\u00e9r.<a name=\"27\"><span class=\"versanumer\">27<\/span><\/a>L\u00e1t \u00fe\u00e1 kve\u00f0a fagna\u00f0ar\u00f3pi og gle\u00f0jast, er unna m\u00e9r r\u00e9ttar, l\u00e1t \u00fe\u00e1 \u00e6t\u00ed\u00f0 segja: Vegsama\u00f0ur s\u00e9 Drottinn, hann sem ann \u00fej\u00f3ni s\u00ednum heilla!<a name=\"28\"><span class=\"versanumer\">28<\/span><\/a>Og tunga m\u00edn skal bo\u00f0a r\u00e9ttl\u00e6ti \u00feitt, lofst\u00edr \u00feinn li\u00f0langan daginn.<\/p>\n<div class=\"footnote1981\"><b>35.4<\/b> Sm\u00e1na Slm 35.26; 40.15; 70.3; 71.13<br \/>\n<b>35.5<\/b> Sem hismi Slm 1.4; 83.14 \u2013 engill Drottins Slm 34.8+<br \/>\n<b>35.6<\/b> H\u00e1ll vegur Slm 73.18; sbr Jer 23.12<br \/>\n<b>35.7<\/b> Gryfja Slm 7.16+ &#8211; net Slm 9.16+ ; 57.7; 140.6; Hlj 1.13<br \/>\n<b>35.8<\/b> Ey\u00f0ing Jes 47.11<br \/>\n<b>35.10<\/b> Hver er sem \u00fe\u00fa? Slm 40.6; 71.19; 77.14; 89.7; 113.5<br \/>\n<b>35.11<\/b> Lj\u00fagvitni Slm 27.12+<br \/>\n<b>35.12<\/b> Launa gott me\u00f0 illu Slm 38.21; 109.4-5; Okv 17.13<br \/>\n<b>35.14<\/b> Syrgjandi Slm 38.7<br \/>\n<b>35.15<\/b> Gegn m\u00e9r 2Sam 5.6,8<br \/>\n<b>35.17<\/b> Bjarga l\u00edfi m\u00ednu Slm 22.21<br \/>\n<b>35.18<\/b> Fj\u00f6lmenni Slm 22.23; 40.10; 107.32; sbr 111.1+<br \/>\n<b>35.19<\/b> Skotra augunum Okv 6.13; 10.10; Sr 27.22 \u2013 \u00e1n \u00e1st\u00e6\u00f0u Slm 38.20; 69.5; J\u00f3h 15.25<br \/>\n<b>35.20<\/b> Stu\u00f0la ekki a\u00f0 fri\u00f0i Slm 120.6<br \/>\n<b>35.21<\/b> H\u00e1\u00f0syr\u00f0i Slm 40.16; 70.4<br \/>\n<b>35.22<\/b> Ver eigi hlj\u00f3\u00f0ur Slm 22.12+<br \/>\n<b>35.23<\/b> Vakna Slm 7.7; 44.24; sbr 59.5-6; Jes 51.9<br \/>\n<b>35.25<\/b> R\u00e1\u00f0 \u00f3vinanna Slm 40.14-17; 70.3-5<br \/>\n<b>35.28<\/b> Bo\u00f0a r\u00e9ttl\u00e6ti \u00feitt Slm 71.24<\/div>\n","protected":false},"excerpt":{"rendered":"<p>1Dav\u00ed\u00f0ss\u00e1lmur. Deil \u00fe\u00fa, Drottinn, vi\u00f0 \u00fe\u00e1 er deila vi\u00f0 mig, berst \u00fe\u00fa vi\u00f0 \u00fe\u00e1 er berjast vi\u00f0 mig.2Tak skj\u00f6ld og t\u00f6rgu og r\u00eds upp m\u00e9r til hj\u00e1lpar.3Tak til spj\u00f3t og \u00f6xi til \u00feess a\u00f0 m\u00e6ta ofs\u00e6kjendum m\u00ednum, seg vi\u00f0 s\u00e1l m\u00edna: \u00c9g er hj\u00e1lp \u00fe\u00edn!4L\u00e1t \u00fe\u00e1 er sitja um l\u00edf mitt hlj\u00f3ta sm\u00e1n og sv\u00edvir\u00f0ing, l\u00e1t \u00fe\u00e1 hverfa aftur me\u00f0 sk\u00f6mm, er \u00e6tla a\u00f0 gj\u00f6ra m\u00e9r illt.5L\u00e1t \u00fe\u00e1 ver\u00f0a sem s\u00e1\u00f0ir fyrir vindi, \u00feegar engill Drottins varpar \u00feeim um koll.6L\u00e1t veg \u00feeirra ver\u00f0a myrkan og h\u00e1lan, \u00feegar engill Drottins eltir \u00fe\u00e1.7\u00dev\u00ed a\u00f0 \u00e1st\u00e6\u00f0ulausu hafa \u00feeir lagt net sitt leynt fyrir <a href=\"https:\/\/biblian.is\/1981\/salmarnir-35-kafli\/\"> [&#8230;]<\/a><\/p>\n","protected":false},"author":1,"featured_media":0,"parent":0,"menu_order":0,"comment_status":"open","ping_status":"open","template":"bibliukaflar.php","meta":{"footnotes":""},"class_list":["post-1859","page","type-page","status-publish","hentry"],"_links":{"self":[{"href":"https:\/\/biblian.is\/1981\/wp-json\/wp\/v2\/pages\/1859","targetHints":{"allow":["GET"]}}],"collection":[{"href":"https:\/\/biblian.is\/1981\/wp-json\/wp\/v2\/pages"}],"about":[{"href":"https:\/\/biblian.is\/1981\/wp-json\/wp\/v2\/types\/page"}],"author":[{"embeddable":true,"href":"https:\/\/biblian.is\/1981\/wp-json\/wp\/v2\/users\/1"}],"replies":[{"embeddable":true,"href":"https:\/\/biblian.is\/1981\/wp-json\/wp\/v2\/comments?post=1859"}],"version-history":[{"count":0,"href":"https:\/\/biblian.is\/1981\/wp-json\/wp\/v2\/pages\/1859\/revisions"}],"wp:attachment":[{"href":"https:\/\/biblian.is\/1981\/wp-json\/wp\/v2\/media?parent=1859"}],"curies":[{"name":"wp","href":"https:\/\/api.w.org\/{rel}","templated":true}]}}