{"id":1858,"date":"2017-11-18T20:18:58","date_gmt":"2017-11-18T20:18:58","guid":{"rendered":"http:\/\/biblian.is\/1981\/salmarnir-34-kafli\/"},"modified":"2021-06-06T11:09:49","modified_gmt":"2021-06-06T11:09:49","slug":"salmarnir-34-kafli","status":"publish","type":"page","link":"https:\/\/biblian.is\/1981\/salmarnir-34-kafli\/","title":{"rendered":"S\u00e1lmarnir 34. kafli"},"content":{"rendered":"<p><a name=\"1\"><span class=\"versanumer\">1<\/span><\/a>S\u00e1lmur Dav\u00ed\u00f0s, \u00fe\u00e1 er hann gj\u00f6r\u00f0i s\u00e9r upp vitfirringu frammi fyrir Ab\u00edmelek, svo a\u00f0 Ab\u00edmelek rak hann \u00ed burt, og hann f\u00f3r burt.<a name=\"2\"><span class=\"versanumer\">2<\/span><\/a>\u00c9g vil vegsama Drottin alla t\u00edma, \u00e6t\u00ed\u00f0 s\u00e9 lof hans m\u00e9r \u00ed munni.<a name=\"3\"><span class=\"versanumer\">3<\/span><\/a>S\u00e1l m\u00edn hr\u00f3sar s\u00e9r af Drottni, hinir h\u00f3gv\u00e6ru skulu heyra \u00fea\u00f0 og fagna.<a name=\"4\"><span class=\"versanumer\">4<\/span><\/a>Mikli\u00f0 Drottin \u00e1samt m\u00e9r, tignum \u00ed sameiningu nafn hans.<a name=\"5\"><span class=\"versanumer\">5<\/span><\/a>\u00c9g leita\u00f0i Drottins, og hann svara\u00f0i m\u00e9r, frelsa\u00f0i mig fr\u00e1 \u00f6llu \u00fev\u00ed er \u00e9g hr\u00e6ddist.<a name=\"6\"><span class=\"versanumer\">6<\/span><\/a>L\u00edti\u00f0 til hans og gle\u00f0jist, og andlit y\u00f0ar skulu eigi blyg\u00f0ast.<a name=\"7\"><span class=\"versanumer\">7<\/span><\/a>H\u00e9r er vola\u00f0ur ma\u00f0ur sem hr\u00f3pa\u00f0i, og Drottinn heyr\u00f0i hann og hj\u00e1lpa\u00f0i honum \u00far \u00f6llum nau\u00f0um hans.<a name=\"8\"><span class=\"versanumer\">8<\/span><\/a>Engill Drottins setur v\u00f6r\u00f0 kringum \u00fe\u00e1 er \u00f3ttast hann, og frelsar \u00fe\u00e1.<a name=\"9\"><span class=\"versanumer\">9<\/span><\/a>Finni\u00f0 og sj\u00e1i\u00f0, a\u00f0 Drottinn er g\u00f3\u00f0ur, s\u00e6ll er s\u00e1 ma\u00f0ur er leitar h\u00e6lis hj\u00e1 honum.<a name=\"10\"><span class=\"versanumer\">10<\/span><\/a>\u00d3ttist Drottin, \u00fe\u00e9r hans heil\u00f6gu, \u00fev\u00ed a\u00f0 \u00feeir er \u00f3ttast hann l\u00ed\u00f0a engan skort.<a name=\"11\"><span class=\"versanumer\">11<\/span><\/a>Ung lj\u00f3n eiga vi\u00f0 skort a\u00f0 b\u00faa og svelta, en \u00feeir er leita Drottins fara einskis g\u00f3\u00f0s \u00e1 mis.<a name=\"12\"><span class=\"versanumer\">12<\/span><\/a>Komi\u00f0, b\u00f6rn, hl\u00fd\u00f0i\u00f0 \u00e1 mig, \u00e9g vil kenna y\u00f0ur \u00f3tta Drottins.<a name=\"13\"><span class=\"versanumer\">13<\/span><\/a>Ef einhver \u00f3skar l\u00edfs, \u00fer\u00e1ir l\u00edfdaga til \u00feess a\u00f0 nj\u00f3ta hamingjunnar,<a name=\"14\"><span class=\"versanumer\">14<\/span><\/a>\u00fe\u00e1 var\u00f0veit tungu \u00fe\u00edna fr\u00e1 illu og varir \u00fe\u00ednar fr\u00e1 svikatali,<a name=\"15\"><span class=\"versanumer\">15<\/span><\/a>for\u00f0ast illt og gj\u00f6r\u00f0u gott, leita fri\u00f0ar og legg stund \u00e1 hann.<a name=\"16\"><span class=\"versanumer\">16<\/span><\/a>Augu Drottins hv\u00edla \u00e1 r\u00e9ttl\u00e1tum, og eyru hans gefa gaum a\u00f0 hr\u00f3pi \u00feeirra.<a name=\"17\"><span class=\"versanumer\">17<\/span><\/a>Auglit Drottins horfir \u00e1 \u00fe\u00e1 er illa breyta, til \u00feess a\u00f0 afm\u00e1 minningu \u00feeirra af j\u00f6r\u00f0unni.<a name=\"18\"><span class=\"versanumer\">18<\/span><\/a>Ef r\u00e9ttl\u00e1tir hr\u00f3pa, \u00fe\u00e1 heyrir Drottinn, \u00far \u00f6llum nau\u00f0um \u00feeirra frelsar hann \u00fe\u00e1.<a name=\"19\"><span class=\"versanumer\">19<\/span><\/a>Drottinn er n\u00e1l\u00e6gur \u00feeim er hafa sundurmari\u00f0 hjarta, \u00feeim er hafa sundurkraminn anda, hj\u00e1lpar hann.<a name=\"20\"><span class=\"versanumer\">20<\/span><\/a>Margar eru raunir r\u00e9ttl\u00e1ts manns, en Drottinn frelsar hann \u00far \u00feeim \u00f6llum.<a name=\"21\"><span class=\"versanumer\">21<\/span><\/a>Hann g\u00e6tir allra beina hans, ekki eitt af \u00feeim skal broti\u00f0.<a name=\"22\"><span class=\"versanumer\">22<\/span><\/a>\u00d3g\u00e6fa drepur \u00f3gu\u00f0legan mann, \u00feeir er hata hinn r\u00e9ttl\u00e1ta, skulu sekir d\u00e6mdir.<a name=\"23\"><span class=\"versanumer\">23<\/span><\/a>Drottinn frelsar l\u00edf \u00fej\u00f3na sinna, enginn s\u00e1 er leitar h\u00e6lis hj\u00e1 honum, mun sekur d\u00e6mdur.<\/p>\n<div class=\"footnote1981\"><b>34.1<\/b> Dav\u00ed\u00f0 hj\u00e1 konungi Filista 1Sam 21.10-22.1<br \/>\n<b>34.2<\/b> Alla t\u00edma Slm 16.7; 145.1<br \/>\n<b>34.7<\/b> Hr\u00f3pa til Drottins Slm 3.5+ &#8211; Drottinn heyr\u00f0i Slm 4.4+<br \/>\n<b>34.8<\/b> Engill Drottins Slm 35.5-6; 91.11; 2M\u00f3s 14.19; 23.20 \u2013 er \u00f3ttast hann Slm 15.4+<br \/>\n<b>34.9<\/b> Drottinn er g\u00f3\u00f0ur 1P\u00e9t 2.3 \u2013 s\u00e6ll Slm 1.1+ &#8211; leita h\u00e6lis Slm 7.2+<br \/>\n<b>34.10<\/b> L\u00ed\u00f0a engan Skort Slm 23.1; 111.5<br \/>\n<b>34.12<\/b> Komi\u00f0 b\u00f6rn Okv 1.8<br \/>\n<b>34.13-17<\/b> \u00d3ska l\u00edfs 1P\u00e9t 3.10-12<br \/>\n<b>34.15<\/b> For\u00f0ast illt Slm 37.27<br \/>\n<b>34.16<\/b> Augu Drottins Slm 33.18<br \/>\n<b>34.18<\/b> Hr\u00f3pa til Drottins Slm 3.5+<br \/>\n<b>34.19<\/b> Sundurmari\u00f0 hjarta Slm 51.19<br \/>\n<b>34.21<\/b> Ekki eitt bein broti\u00f0 J\u00f3h 19.36<br \/>\n<b>34.23<\/b> Drottinn frelsar Slm 25.22<\/div>\n","protected":false},"excerpt":{"rendered":"<p>1S\u00e1lmur Dav\u00ed\u00f0s, \u00fe\u00e1 er hann gj\u00f6r\u00f0i s\u00e9r upp vitfirringu frammi fyrir Ab\u00edmelek, svo a\u00f0 Ab\u00edmelek rak hann \u00ed burt, og hann f\u00f3r burt.2\u00c9g vil vegsama Drottin alla t\u00edma, \u00e6t\u00ed\u00f0 s\u00e9 lof hans m\u00e9r \u00ed munni.3S\u00e1l m\u00edn hr\u00f3sar s\u00e9r af Drottni, hinir h\u00f3gv\u00e6ru skulu heyra \u00fea\u00f0 og fagna.4Mikli\u00f0 Drottin \u00e1samt m\u00e9r, tignum \u00ed sameiningu nafn hans.5\u00c9g leita\u00f0i Drottins, og hann svara\u00f0i m\u00e9r, frelsa\u00f0i mig fr\u00e1 \u00f6llu \u00fev\u00ed er \u00e9g hr\u00e6ddist.6L\u00edti\u00f0 til hans og gle\u00f0jist, og andlit y\u00f0ar skulu eigi blyg\u00f0ast.7H\u00e9r er vola\u00f0ur ma\u00f0ur sem hr\u00f3pa\u00f0i, og Drottinn heyr\u00f0i hann og hj\u00e1lpa\u00f0i honum \u00far \u00f6llum nau\u00f0um hans.8Engill Drottins setur v\u00f6r\u00f0 kringum \u00fe\u00e1 <a href=\"https:\/\/biblian.is\/1981\/salmarnir-34-kafli\/\"> [&#8230;]<\/a><\/p>\n","protected":false},"author":1,"featured_media":0,"parent":0,"menu_order":0,"comment_status":"open","ping_status":"open","template":"bibliukaflar.php","meta":{"footnotes":""},"class_list":["post-1858","page","type-page","status-publish","hentry"],"_links":{"self":[{"href":"https:\/\/biblian.is\/1981\/wp-json\/wp\/v2\/pages\/1858","targetHints":{"allow":["GET"]}}],"collection":[{"href":"https:\/\/biblian.is\/1981\/wp-json\/wp\/v2\/pages"}],"about":[{"href":"https:\/\/biblian.is\/1981\/wp-json\/wp\/v2\/types\/page"}],"author":[{"embeddable":true,"href":"https:\/\/biblian.is\/1981\/wp-json\/wp\/v2\/users\/1"}],"replies":[{"embeddable":true,"href":"https:\/\/biblian.is\/1981\/wp-json\/wp\/v2\/comments?post=1858"}],"version-history":[{"count":0,"href":"https:\/\/biblian.is\/1981\/wp-json\/wp\/v2\/pages\/1858\/revisions"}],"wp:attachment":[{"href":"https:\/\/biblian.is\/1981\/wp-json\/wp\/v2\/media?parent=1858"}],"curies":[{"name":"wp","href":"https:\/\/api.w.org\/{rel}","templated":true}]}}