{"id":1857,"date":"2017-11-18T20:18:58","date_gmt":"2017-11-18T20:18:58","guid":{"rendered":"http:\/\/biblian.is\/1981\/salmarnir-33-kafli\/"},"modified":"2021-06-06T11:09:48","modified_gmt":"2021-06-06T11:09:48","slug":"salmarnir-33-kafli","status":"publish","type":"page","link":"https:\/\/biblian.is\/1981\/salmarnir-33-kafli\/","title":{"rendered":"S\u00e1lmarnir 33. kafli"},"content":{"rendered":"<p><a name=\"1\"><span class=\"versanumer\">1<\/span><\/a>Gle\u00f0jist, \u00fe\u00e9r r\u00e9ttl\u00e1tir, yfir Drottni! Hreinlyndum h\u00e6fir lofs\u00f6ngur.<a name=\"2\"><span class=\"versanumer\">2<\/span><\/a>Lofi\u00f0 Drottin me\u00f0 g\u00edgjum, leiki\u00f0 fyrir honum \u00e1 t\u00edstrengja\u00f0a h\u00f6rpu.<a name=\"3\"><span class=\"versanumer\">3<\/span><\/a>Syngi\u00f0 honum n\u00fdjan s\u00f6ng, kn\u00fdi\u00f0 strengina \u00e1kaft me\u00f0 fagna\u00f0ar\u00f3pi.<a name=\"4\"><span class=\"versanumer\">4<\/span><\/a>\u00dev\u00ed a\u00f0 or\u00f0 Drottins er \u00e1rei\u00f0anlegt, og \u00f6ll verk hans eru \u00ed tr\u00fafesti gj\u00f6r\u00f0.<a name=\"5\"><span class=\"versanumer\">5<\/span><\/a>Hann hefir m\u00e6tur \u00e1 r\u00e9ttl\u00e6ti og r\u00e9tti, j\u00f6r\u00f0in er full af miskunn Drottins.<a name=\"6\"><span class=\"versanumer\">6<\/span><\/a>Fyrir or\u00f0 Drottins voru himnarnir gj\u00f6r\u00f0ir og \u00f6ll \u00feeirra pr\u00fd\u00f0i fyrir anda munns hans.<a name=\"7\"><span class=\"versanumer\">7<\/span><\/a>Hann safna\u00f0i vatni hafsins sem \u00ed belg, l\u00e9t straumana \u00ed for\u00f0ab\u00far.<a name=\"8\"><span class=\"versanumer\">8<\/span><\/a>\u00d6ll j\u00f6r\u00f0in \u00f3ttist Drottin, allir heimsb\u00faar hr\u00e6\u00f0ist hann,<a name=\"9\"><span class=\"versanumer\">9<\/span><\/a>\u00fev\u00ed a\u00f0 hann tala\u00f0i og \u00fea\u00f0 var\u00f0, hann bau\u00f0 \u00fe\u00e1 st\u00f3\u00f0 \u00fea\u00f0 \u00fear.<a name=\"10\"><span class=\"versanumer\">10<\/span><\/a>Drottinn \u00f3n\u00fdtir r\u00e1\u00f0 \u00fej\u00f3\u00f0anna, gj\u00f6rir a\u00f0 engu \u00e1form l\u00fd\u00f0anna,<a name=\"11\"><span class=\"versanumer\">11<\/span><\/a>en r\u00e1\u00f0 Drottins stendur st\u00f6\u00f0ugt um aldur, \u00e1form hjarta hans fr\u00e1 kyni til kyns.<a name=\"12\"><span class=\"versanumer\">12<\/span><\/a>S\u00e6l er s\u00fa \u00fej\u00f3\u00f0 er \u00e1 Drottin a\u00f0 Gu\u00f0i, s\u00e1 l\u00fd\u00f0ur er hann hefir kj\u00f6ri\u00f0 s\u00e9r til eignar.<a name=\"13\"><span class=\"versanumer\">13<\/span><\/a>Drottinn l\u00edtur ni\u00f0ur af himni, s\u00e9r \u00f6ll mannanna b\u00f6rn,<a name=\"14\"><span class=\"versanumer\">14<\/span><\/a>fr\u00e1 b\u00fasta\u00f0 s\u00ednum vir\u00f0ir hann fyrir s\u00e9r alla jar\u00f0arb\u00faa,<a name=\"15\"><span class=\"versanumer\">15<\/span><\/a>hann sem mynda\u00f0 hefir hj\u00f6rtu \u00feeirra allra og gefur g\u00e6tur a\u00f0 \u00f6llum ath\u00f6fnum \u00feeirra.<a name=\"16\"><span class=\"versanumer\">16<\/span><\/a>Eigi sigrar konungurinn fyrir gn\u00f3tt herafla s\u00edns, eigi bjargast kappinn fyrir ofurafl sitt.<a name=\"17\"><span class=\"versanumer\">17<\/span><\/a>Svikull er v\u00edghestur til sigurs, me\u00f0 ofurafli s\u00ednu bjargar hann ekki.<a name=\"18\"><span class=\"versanumer\">18<\/span><\/a>En augu Drottins hv\u00edla \u00e1 \u00feeim er \u00f3ttast hann, \u00e1 \u00feeim er vona \u00e1 miskunn hans.<a name=\"19\"><span class=\"versanumer\">19<\/span><\/a>Hann frelsar \u00fe\u00e1 fr\u00e1 dau\u00f0a og heldur l\u00edfinu \u00ed \u00feeim \u00ed hall\u00e6ri.<a name=\"20\"><span class=\"versanumer\">20<\/span><\/a>S\u00e1lir vorar vona \u00e1 Drottin, hann er hj\u00e1lp vor og skj\u00f6ldur.<a name=\"21\"><span class=\"versanumer\">21<\/span><\/a>J\u00e1, yfir honum fagnar hjarta vort, hans heilaga nafni treystum v\u00e9r.<a name=\"22\"><span class=\"versanumer\">22<\/span><\/a>Miskunn \u00fe\u00edn, Drottinn, s\u00e9 yfir oss, svo sem v\u00e9r vonum \u00e1 \u00feig.<\/p>\n<div class=\"footnote1981\"><b>33.1<\/b> \u00de\u00e9r r\u00e9ttl\u00e1tir Slm 32.11; 97.12<br \/>\n<b>33.2<\/b> Leiki\u00f0 Slm 147.7+<br \/>\n<b>33.3<\/b> N\u00fdjan s\u00f6ng Slm 40.4; 96.1; 98.1; 144.9; 149.1; Jes 42.10; Opb 5.9; 14.3 \u2013 hr\u00f3pa af f\u00f6gnu\u00f0i Slm 27.6; 3M\u00f3s 23.24<br \/>\n<b>33.5<\/b> R\u00e9ttl\u00e6ti, r\u00e9ttur, g\u00e6ska Slm 89.15 \u2013 \u00f6ll j\u00f6r\u00f0in Slm 119.64<br \/>\n<b>33.6<\/b> Sk\u00f6punaror\u00f0 1M\u00f3s 1.3,6 o.fl.; Heb 11.3<br \/>\n<b>33.7<\/b> Safna\u00f0i vatni hafsins sbr Slm 78.13; 104.9; 2M\u00f3s 15.8; Job 38.8-11; Okv 8.29<br \/>\n<b>33.8<\/b> \u00d6ll j\u00f6r\u00f0in Slm 67.7; 102.16<br \/>\n<b>33.9<\/b> \u00c1hrifam\u00e1ttur Gu\u00f0s or\u00f0s Slm 148.5; 1M\u00f3s 1.3,6 o.fl.; Jes 48.13<br \/>\n<b>33.10<\/b> R\u00e1\u00f0 \u00fej\u00f3\u00f0anna Slm 83.4-6 \u2013 \u00f3n\u00fdtti Slm 2.2-6<br \/>\n<b>33.11<\/b> R\u00e1\u00f0 Drottins Jes 46.10; Okv 19.21<br \/>\n<b>33.12<\/b> S\u00e6l Slm 1.1+ &#8211; s\u00e6l er s\u00fa \u00fej\u00f3\u00f0 Slm 144.15 \u2013 \u00fatvalin 5M\u00f3s 7.6<br \/>\n<b>33.13<\/b> Ni\u00f0ur af himni Slm 14.2<br \/>\n<b>33.15<\/b> Gu\u00f0 myndar Slm 94.9-11; 139.13-16; 1M\u00f3s 2.7-8<br \/>\n<b>33.16<\/b> Ekki me\u00f0 herafla Slm 20.8; 147.10-11; 5M\u00f3s 17.16; 1Sam 17.45-47; Jes 31.1; H\u00f3s 1.7+ ; 14.4; M\u00edk 5.9-10; Sak 9.10; 10.5; Okv 21.31<br \/>\n<b>33.18<\/b> Augu Drottins Slm 32.8; 34.16 \u2013 \u00f3ttast hann Slm 15.4+ &#8211; vona \u00e1 miskunn hans Slm 147.11; sbr 25.3+ ; 31.25+ ; 119.43,49<br \/>\n<b>33.19<\/b> Frelsa\u00f0ir fr\u00e1 dau\u00f0a Slm 16.10<br \/>\n<b>33.20<\/b> Hj\u00e1lp vor og skj\u00f6ldur Slm 115.9-11<br \/>\n<b>33.21<\/b> Nafn Drottins Slm 124.8+<br \/>\n<b>33.22<\/b> Yfir oss Slm 90.17<\/div>\n","protected":false},"excerpt":{"rendered":"<p>1Gle\u00f0jist, \u00fe\u00e9r r\u00e9ttl\u00e1tir, yfir Drottni! Hreinlyndum h\u00e6fir lofs\u00f6ngur.2Lofi\u00f0 Drottin me\u00f0 g\u00edgjum, leiki\u00f0 fyrir honum \u00e1 t\u00edstrengja\u00f0a h\u00f6rpu.3Syngi\u00f0 honum n\u00fdjan s\u00f6ng, kn\u00fdi\u00f0 strengina \u00e1kaft me\u00f0 fagna\u00f0ar\u00f3pi.4\u00dev\u00ed a\u00f0 or\u00f0 Drottins er \u00e1rei\u00f0anlegt, og \u00f6ll verk hans eru \u00ed tr\u00fafesti gj\u00f6r\u00f0.5Hann hefir m\u00e6tur \u00e1 r\u00e9ttl\u00e6ti og r\u00e9tti, j\u00f6r\u00f0in er full af miskunn Drottins.6Fyrir or\u00f0 Drottins voru himnarnir gj\u00f6r\u00f0ir og \u00f6ll \u00feeirra pr\u00fd\u00f0i fyrir anda munns hans.7Hann safna\u00f0i vatni hafsins sem \u00ed belg, l\u00e9t straumana \u00ed for\u00f0ab\u00far.8\u00d6ll j\u00f6r\u00f0in \u00f3ttist Drottin, allir heimsb\u00faar hr\u00e6\u00f0ist hann,9\u00fev\u00ed a\u00f0 hann tala\u00f0i og \u00fea\u00f0 var\u00f0, hann bau\u00f0 \u00fe\u00e1 st\u00f3\u00f0 \u00fea\u00f0 \u00fear.10Drottinn \u00f3n\u00fdtir r\u00e1\u00f0 \u00fej\u00f3\u00f0anna, gj\u00f6rir a\u00f0 engu \u00e1form l\u00fd\u00f0anna,11en <a href=\"https:\/\/biblian.is\/1981\/salmarnir-33-kafli\/\"> [&#8230;]<\/a><\/p>\n","protected":false},"author":1,"featured_media":0,"parent":0,"menu_order":0,"comment_status":"open","ping_status":"open","template":"bibliukaflar.php","meta":{"footnotes":""},"class_list":["post-1857","page","type-page","status-publish","hentry"],"_links":{"self":[{"href":"https:\/\/biblian.is\/1981\/wp-json\/wp\/v2\/pages\/1857","targetHints":{"allow":["GET"]}}],"collection":[{"href":"https:\/\/biblian.is\/1981\/wp-json\/wp\/v2\/pages"}],"about":[{"href":"https:\/\/biblian.is\/1981\/wp-json\/wp\/v2\/types\/page"}],"author":[{"embeddable":true,"href":"https:\/\/biblian.is\/1981\/wp-json\/wp\/v2\/users\/1"}],"replies":[{"embeddable":true,"href":"https:\/\/biblian.is\/1981\/wp-json\/wp\/v2\/comments?post=1857"}],"version-history":[{"count":0,"href":"https:\/\/biblian.is\/1981\/wp-json\/wp\/v2\/pages\/1857\/revisions"}],"wp:attachment":[{"href":"https:\/\/biblian.is\/1981\/wp-json\/wp\/v2\/media?parent=1857"}],"curies":[{"name":"wp","href":"https:\/\/api.w.org\/{rel}","templated":true}]}}