{"id":1856,"date":"2017-11-18T20:18:58","date_gmt":"2017-11-18T20:18:58","guid":{"rendered":"http:\/\/biblian.is\/1981\/salmarnir-32-kafli\/"},"modified":"2021-06-06T11:09:48","modified_gmt":"2021-06-06T11:09:48","slug":"salmarnir-32-kafli","status":"publish","type":"page","link":"https:\/\/biblian.is\/1981\/salmarnir-32-kafli\/","title":{"rendered":"S\u00e1lmarnir 32. kafli"},"content":{"rendered":"<p><a name=\"1\"><span class=\"versanumer\">1<\/span><\/a>Dav\u00ed\u00f0smask\u00edl. S\u00e6ll er s\u00e1 er afbrotin eru fyrirgefin, synd hans hulin.<a name=\"2\"><span class=\"versanumer\">2<\/span><\/a>S\u00e6ll er s\u00e1 ma\u00f0ur er Drottinn tilreiknar eigi misgj\u00f6r\u00f0, s\u00e1 er eigi geymir svik \u00ed anda.<a name=\"3\"><span class=\"versanumer\">3<\/span><\/a>Me\u00f0an \u00e9g \u00feag\u00f0i, t\u00e6r\u00f0ust bein m\u00edn, allan daginn kveina\u00f0i \u00e9g,<a name=\"4\"><span class=\"versanumer\">4<\/span><\/a>\u00fev\u00ed a\u00f0 dag og n\u00f3tt l\u00e1 h\u00f6nd \u00fe\u00edn \u00feungt \u00e1 m\u00e9r, l\u00edfsv\u00f6kvi minn \u00fevarr sem \u00ed sumarbreiskju.  Sela<a name=\"5\"><span class=\"versanumer\">5<\/span><\/a>\u00de\u00e1 j\u00e1ta\u00f0i \u00e9g synd m\u00edna fyrir \u00fe\u00e9r og f\u00f3l eigi misgj\u00f6r\u00f0 m\u00edna. \u00c9g m\u00e6lti: \u00c9g vil j\u00e1ta afbrot m\u00edn fyrir Drottni, og \u00fe\u00fa fyrirgafst syndasekt m\u00edna.  Sela<a name=\"6\"><span class=\"versanumer\">6<\/span><\/a>\u00deess vegna bi\u00f0ji \u00feig s\u00e9rhver tr\u00faa\u00f0ur, me\u00f0an \u00feig er a\u00f0 finna. \u00de\u00f3tt vatnsfl\u00f3\u00f0i\u00f0 komi, n\u00e6r \u00fea\u00f0 honum eigi.<a name=\"7\"><span class=\"versanumer\">7<\/span><\/a>\u00de\u00fa ert skj\u00f3l mitt, \u00fe\u00fa leysir mig \u00far nau\u00f0um, me\u00f0 frelsisf\u00f6gnu\u00f0i umkringir \u00fe\u00fa mig.  Sela<a name=\"8\"><span class=\"versanumer\">8<\/span><\/a>\u00c9g vil fr\u00e6\u00f0a \u00feig og v\u00edsa \u00fe\u00e9r veginn, er \u00fe\u00fa \u00e1tt a\u00f0 ganga, \u00e9g vil kenna \u00fe\u00e9r og hafa augun \u00e1 \u00fe\u00e9r:<a name=\"9\"><span class=\"versanumer\">9<\/span><\/a>&#8222;Veri\u00f0 eigi sem hestar e\u00f0a skynlausir m\u00falar; me\u00f0 taum og beisli ver\u00f0ur a\u00f0 temja \u00ferj\u00f3sku \u00feeirra, annars n\u00e1lgast \u00feeir \u00feig ekki.&#8220;<a name=\"10\"><span class=\"versanumer\">10<\/span><\/a>Miklar eru \u00fej\u00e1ningar \u00f3gu\u00f0legs manns, en \u00feann er treystir Drottni umlykur hann elsku.<a name=\"11\"><span class=\"versanumer\">11<\/span><\/a>Gle\u00f0jist yfir Drottni og fagni\u00f0, \u00fe\u00e9r r\u00e9ttl\u00e1tir, kve\u00f0i\u00f0 fagna\u00f0ar\u00f3pi, allir hjartahreinir!<\/p>\n<div class=\"footnote1981\"><b>32.1-2<\/b> S\u00e6ll er s\u00e1 &#8230; R\u00f3m 4.6-8<br \/>\n<b>32.1<\/b> S\u00e6ll Slm 1.1+ &#8211; syndin hulin Slm 25.18; 85.3<br \/>\n<b>32.2<\/b> Engin svik J\u00f3h 1.47<br \/>\n<b>32.3<\/b> Me\u00f0an \u00e9g \u00feag\u00f0i Slm 39.2-4 \u2013 t\u00e6r\u00f0ust bein m\u00edn Slm 31.11<br \/>\n<b>32.5<\/b> Syndaj\u00e1tning Slm 38.19; 51.5; Job 31.33; 2Sam 12.13; 1J\u00f3h 1.9,10<br \/>\n<b>32.7<\/b> Skj\u00f3l sbr Slm 7.2+<br \/>\n<b>32.8<\/b> Vaka yfir \u00fe\u00e9r Slm 33.18<br \/>\n<b>32.10<\/b> Treysta Drottni Slm 9.11+; 55.24+<br \/>\n<b>32.11<\/b> R\u00e9ttl\u00e1tir, grandvarir Slm 33.1; sbr 97.12<\/div>\n","protected":false},"excerpt":{"rendered":"<p>1Dav\u00ed\u00f0smask\u00edl. S\u00e6ll er s\u00e1 er afbrotin eru fyrirgefin, synd hans hulin.2S\u00e6ll er s\u00e1 ma\u00f0ur er Drottinn tilreiknar eigi misgj\u00f6r\u00f0, s\u00e1 er eigi geymir svik \u00ed anda.3Me\u00f0an \u00e9g \u00feag\u00f0i, t\u00e6r\u00f0ust bein m\u00edn, allan daginn kveina\u00f0i \u00e9g,4\u00fev\u00ed a\u00f0 dag og n\u00f3tt l\u00e1 h\u00f6nd \u00fe\u00edn \u00feungt \u00e1 m\u00e9r, l\u00edfsv\u00f6kvi minn \u00fevarr sem \u00ed sumarbreiskju. Sela5\u00de\u00e1 j\u00e1ta\u00f0i \u00e9g synd m\u00edna fyrir \u00fe\u00e9r og f\u00f3l eigi misgj\u00f6r\u00f0 m\u00edna. \u00c9g m\u00e6lti: \u00c9g vil j\u00e1ta afbrot m\u00edn fyrir Drottni, og \u00fe\u00fa fyrirgafst syndasekt m\u00edna. Sela6\u00deess vegna bi\u00f0ji \u00feig s\u00e9rhver tr\u00faa\u00f0ur, me\u00f0an \u00feig er a\u00f0 finna. \u00de\u00f3tt vatnsfl\u00f3\u00f0i\u00f0 komi, n\u00e6r \u00fea\u00f0 honum eigi.7\u00de\u00fa ert skj\u00f3l mitt, \u00fe\u00fa leysir <a href=\"https:\/\/biblian.is\/1981\/salmarnir-32-kafli\/\"> [&#8230;]<\/a><\/p>\n","protected":false},"author":1,"featured_media":0,"parent":0,"menu_order":0,"comment_status":"open","ping_status":"open","template":"bibliukaflar.php","meta":{"footnotes":""},"class_list":["post-1856","page","type-page","status-publish","hentry"],"_links":{"self":[{"href":"https:\/\/biblian.is\/1981\/wp-json\/wp\/v2\/pages\/1856","targetHints":{"allow":["GET"]}}],"collection":[{"href":"https:\/\/biblian.is\/1981\/wp-json\/wp\/v2\/pages"}],"about":[{"href":"https:\/\/biblian.is\/1981\/wp-json\/wp\/v2\/types\/page"}],"author":[{"embeddable":true,"href":"https:\/\/biblian.is\/1981\/wp-json\/wp\/v2\/users\/1"}],"replies":[{"embeddable":true,"href":"https:\/\/biblian.is\/1981\/wp-json\/wp\/v2\/comments?post=1856"}],"version-history":[{"count":0,"href":"https:\/\/biblian.is\/1981\/wp-json\/wp\/v2\/pages\/1856\/revisions"}],"wp:attachment":[{"href":"https:\/\/biblian.is\/1981\/wp-json\/wp\/v2\/media?parent=1856"}],"curies":[{"name":"wp","href":"https:\/\/api.w.org\/{rel}","templated":true}]}}