{"id":1855,"date":"2017-11-18T20:18:58","date_gmt":"2017-11-18T20:18:58","guid":{"rendered":"http:\/\/biblian.is\/1981\/salmarnir-31-kafli\/"},"modified":"2021-06-06T11:09:48","modified_gmt":"2021-06-06T11:09:48","slug":"salmarnir-31-kafli","status":"publish","type":"page","link":"https:\/\/biblian.is\/1981\/salmarnir-31-kafli\/","title":{"rendered":"S\u00e1lmarnir 31. kafli"},"content":{"rendered":"<p><a name=\"1\"><span class=\"versanumer\">1<\/span><\/a>Til s\u00f6ngstj\u00f3rans. Dav\u00ed\u00f0ss\u00e1lmur.<a name=\"2\"><span class=\"versanumer\">2<\/span><\/a>Hj\u00e1 \u00fe\u00e9r, Drottinn, leita \u00e9g h\u00e6lis, l\u00e1t mig aldrei ver\u00f0a til skammar. Bjarga m\u00e9r eftir r\u00e9ttl\u00e6ti \u00fe\u00ednu,<a name=\"3\"><span class=\"versanumer\">3<\/span><\/a>hneig eyru \u00fe\u00edn til m\u00edn, frelsa mig \u00ed skyndi, ver m\u00e9r verndarbjarg, v\u00edgi m\u00e9r til hj\u00e1lpar.<a name=\"4\"><span class=\"versanumer\">4<\/span><\/a>\u00dev\u00ed a\u00f0 \u00fe\u00fa ert bjarg mitt og v\u00edgi, og sakir nafns \u00fe\u00edns munt \u00fe\u00fa lei\u00f0a mig og stj\u00f3rna m\u00e9r.<a name=\"5\"><span class=\"versanumer\">5<\/span><\/a>\u00de\u00fa munt draga mig \u00far neti \u00fev\u00ed, er \u00feeir l\u00f6g\u00f0u leynt fyrir mig, \u00fev\u00ed a\u00f0 \u00fe\u00fa ert v\u00f6rn m\u00edn.<a name=\"6\"><span class=\"versanumer\">6<\/span><\/a>\u00cd \u00fe\u00ednar hendur fel \u00e9g anda minn, \u00fe\u00fa frelsar mig, Drottinn, \u00fe\u00fa tr\u00fafasti Gu\u00f0!<a name=\"7\"><span class=\"versanumer\">7<\/span><\/a>\u00c9g hata \u00fe\u00e1, er d\u00fdrka f\u00e1n\u00fdt falsgo\u00f0, en Drottni treysti \u00e9g.<a name=\"8\"><span class=\"versanumer\">8<\/span><\/a>\u00c9g vil gle\u00f0jast og fagna yfir miskunn \u00feinni, \u00fev\u00ed a\u00f0 \u00fe\u00fa hefir liti\u00f0 \u00e1 eymd m\u00edna, gefi\u00f0 g\u00e6tur a\u00f0 s\u00e1larney\u00f0 minni<a name=\"9\"><span class=\"versanumer\">9<\/span><\/a>og eigi ofurselt mig \u00f3vinunum, en sett f\u00f3t minn \u00e1 v\u00ed\u00f0lendi.<a name=\"10\"><span class=\"versanumer\">10<\/span><\/a>L\u00edkna m\u00e9r, Drottinn, \u00fev\u00ed a\u00f0 \u00e9g er \u00ed nau\u00f0um staddur, d\u00f6pru\u00f0 af harmi eru augu m\u00edn, s\u00e1l m\u00edn og l\u00edkami.<a name=\"11\"><span class=\"versanumer\">11<\/span><\/a>\u00c1r m\u00edn l\u00ed\u00f0a \u00ed harmi og l\u00edf mitt \u00ed andv\u00f6rpum, m\u00e9r f\u00f6rlast kraftur sakir sektar minnar, og bein m\u00edn t\u00e6rast.<a name=\"12\"><span class=\"versanumer\">12<\/span><\/a>\u00c9g er a\u00f0 spotti \u00f6llum \u00f3vinum m\u00ednum, til h\u00e1\u00f0ungar n\u00e1b\u00faum m\u00ednum og skelfing kunningjum m\u00ednum: \u00feeir sem sj\u00e1 mig \u00e1 str\u00e6tum \u00fati fl\u00fdja mig.<a name=\"13\"><span class=\"versanumer\">13<\/span><\/a>Sem d\u00e1inn ma\u00f0ur er \u00e9g gleymdur hj\u00f6rtum \u00feeirra, \u00e9g er sem \u00f3n\u00fdtt ker.<a name=\"14\"><span class=\"versanumer\">14<\/span><\/a>\u00c9g heyri illyr\u00f0i margra, skelfing er allt um kring \u00feeir bera r\u00e1\u00f0 s\u00edn saman m\u00f3ti m\u00e9r, hyggja \u00e1 a\u00f0 svipta mig l\u00edfi.<a name=\"15\"><span class=\"versanumer\">15<\/span><\/a>En \u00e9g treysti \u00fe\u00e9r, Drottinn, \u00e9g segi: \u00de\u00fa ert Gu\u00f0 minn!<a name=\"16\"><span class=\"versanumer\">16<\/span><\/a>\u00cd \u00feinni hendi eru stundir m\u00ednar, frelsa mig af hendi \u00f3vina minna og ofs\u00e6kjenda.<a name=\"17\"><span class=\"versanumer\">17<\/span><\/a>L\u00e1t \u00e1sj\u00f3nu \u00fe\u00edna l\u00fdsa yfir \u00fej\u00f3n \u00feinn, hj\u00e1lpa m\u00e9r sakir elsku \u00feinnar.<a name=\"18\"><span class=\"versanumer\">18<\/span><\/a>\u00d3 Drottinn, l\u00e1t mig eigi ver\u00f0a til skammar, \u00fev\u00ed a\u00f0 \u00e9g \u00e1kalla \u00feig. L\u00e1t hina gu\u00f0lausu ver\u00f0a til skammar, hverfa hlj\u00f3\u00f0a til Heljar.<a name=\"19\"><span class=\"versanumer\">19<\/span><\/a>L\u00e1t lygavarirnar \u00feagna, \u00fe\u00e6r er m\u00e6la drambyr\u00f0i gegn r\u00e9ttl\u00e1tum me\u00f0 hroka og fyrirlitningu.<a name=\"20\"><span class=\"versanumer\">20<\/span><\/a>Hversu mikil er g\u00e6ska \u00fe\u00edn, er \u00fe\u00fa hefir geymt \u00feeim er \u00f3ttast \u00feig, og au\u00f0s\u00fdnir \u00feeim er leita h\u00e6lis hj\u00e1 \u00fe\u00e9r frammi fyrir m\u00f6nnunum.<a name=\"21\"><span class=\"versanumer\">21<\/span><\/a>\u00de\u00fa hylur \u00fe\u00e1 \u00ed skj\u00f3li auglitis \u00fe\u00edns fyrir svikr\u00e1\u00f0um manna, felur \u00fe\u00e1 \u00ed leyni fyrir deilum tungnanna.<a name=\"22\"><span class=\"versanumer\">22<\/span><\/a>Lofa\u00f0ur s\u00e9 Drottinn, \u00fev\u00ed a\u00f0 hann hefir s\u00fdnt m\u00e9r d\u00e1samlega n\u00e1\u00f0 \u00ed \u00f6ruggri borg.<a name=\"23\"><span class=\"versanumer\">23<\/span><\/a>\u00c9g hugsa\u00f0i \u00ed angist minni: \u00c9g er burtrekinn fr\u00e1 augum \u00fe\u00ednum. En samt heyr\u00f0ir \u00fe\u00fa gr\u00e1traust m\u00edna, er \u00e9g hr\u00f3pa\u00f0i til \u00fe\u00edn.<a name=\"24\"><span class=\"versanumer\">24<\/span><\/a>Elski\u00f0 Drottin, allir \u00fe\u00e9r hans tr\u00fau\u00f0u, Drottinn verndar tr\u00fafasta, en geldur \u00ed fullum m\u00e6li \u00feeim er ofmetna\u00f0arverk vinna.<a name=\"25\"><span class=\"versanumer\">25<\/span><\/a>Veri\u00f0 \u00f6ruggir og hughraustir, allir \u00fe\u00e9r er voni\u00f0 \u00e1 Drottin.<\/p>\n<div class=\"footnote1981\"><b>31.2<\/b> Drottinn, h\u00e6li mitt Slm 7.2+ &#8211; aldrei til skammar Slm 22.6; 25.3,20; 31.18; 37.19; 119.6; Jes 49.23<br \/>\n<b>31.3<\/b> Hneig eyru \u00fe\u00edn Slm 71.2+ &#8211; Skj\u00f3tt Slm 69.18; 70.2,6; 79.8; 102.3; 141.1; 143.7 \u2013 verndarbjarg Slm 18.3; 71.3; sbr 9.10+ ; 27.1<br \/>\n<b>31.4<\/b> Bjarg mitt Slm 28.1+ &#8211; v\u00edgi mitt Slm 27.1+ &#8211; Sakir nafns s\u00edns Slm 23.3; 25.11<br \/>\n<b>31.5<\/b> \u00dar neti Slm 25.15+<br \/>\n<b>31.6<\/b> \u00cd \u00fe\u00ednar hendur L\u00fak 23.46; sbr Post 7.59; 1P\u00e9t 4.19<br \/>\n<b>31.7<\/b> F\u00e1n\u00fdt falsgo\u00f0 5M\u00f3s 32.21; Jer 8.19; 10.8; Slm 4.3; sbr J\u00f3n 2.9 \u2013 treysta Drottni Slm 31.15; 9.11+ ; 55.24+<br \/>\n<b>31.8<\/b> Drottinn gefur g\u00e6tur Slm 1.6; 37.18<br \/>\n<b>31.9<\/b> \u00c1 v\u00ed\u00f0a velli Slm 18.20; 118.5<br \/>\n<b>31.10<\/b> D\u00f6pru\u00f0 af harmi Slm 6.8<br \/>\n<b>31.12<\/b> \u00deeir sem mig \u00feekkja hr\u00e6\u00f0ast mig Slm 38.12; 41.10; 69.9; 88.9,19; Job 19.13-19; L\u00fak 23.49<br \/>\n<b>31.14<\/b> \u00cd \u00f6llum \u00e1ttum Jer 6.25+ &#8211; Brugga r\u00e1\u00f0 Slm 64.3; 83.4; Jes 8.12+<br \/>\n<b>31.15<\/b> \u00c9g treysti \u00fe\u00e9r Slm 31.7+ &#8211; \u00fe\u00fa ert Gu\u00f0 minn Slm 22.11+<br \/>\n<b>31.17<\/b> L\u00e1t \u00e1sj\u00f3nu \u00fe\u00edna l\u00fdsa Slm 67.2; 80.4,8,20; 119.135; 4M\u00f3s 6.25; Dan 9.17<br \/>\n<b>31.18<\/b> Ekki til Skammar Slm 31.2+<br \/>\n<b>31.19<\/b> Hroki Slm 12.4; 75.6<br \/>\n<b>31.20<\/b> \u00d3ttast Drottinn Slm 15.4+<br \/>\n<b>31.21<\/b> \u00cd skj\u00f3li Gu\u00f0s Slm 27.5 \u2013 illar tungur Slm 5.10+<br \/>\n<b>31.22<\/b> Lofa\u00f0ur s\u00e9 Drottinn Slm 28.6+ &#8211; n\u00e1\u00f0 Gu\u00f0s Slm 17.7+<br \/>\n<b>31.23<\/b> Angist Slm 116.11 \u2013 burutrekinn J\u00f3n 2.5 \u2013 \u00e1kall Slm 28.2 \u2013 hr\u00f3pa til Drottins Slm 3.5+<br \/>\n<b>31.25<\/b> Sterkir og hughraustir Slm 27.14+ &#8211; b\u00ed\u00f0a Drottins Slm 37.7; 38.16; 42.6,12; 43.5; 69.7; 145.15; Jes 8.17; 30.18; 33.2; 51.5; 60.9; Jer 14.22; H\u00f3s 12.7; Okv 20.22; Hlj 3.25<\/div>\n","protected":false},"excerpt":{"rendered":"<p>1Til s\u00f6ngstj\u00f3rans. Dav\u00ed\u00f0ss\u00e1lmur.2Hj\u00e1 \u00fe\u00e9r, Drottinn, leita \u00e9g h\u00e6lis, l\u00e1t mig aldrei ver\u00f0a til skammar. Bjarga m\u00e9r eftir r\u00e9ttl\u00e6ti \u00fe\u00ednu,3hneig eyru \u00fe\u00edn til m\u00edn, frelsa mig \u00ed skyndi, ver m\u00e9r verndarbjarg, v\u00edgi m\u00e9r til hj\u00e1lpar.4\u00dev\u00ed a\u00f0 \u00fe\u00fa ert bjarg mitt og v\u00edgi, og sakir nafns \u00fe\u00edns munt \u00fe\u00fa lei\u00f0a mig og stj\u00f3rna m\u00e9r.5\u00de\u00fa munt draga mig \u00far neti \u00fev\u00ed, er \u00feeir l\u00f6g\u00f0u leynt fyrir mig, \u00fev\u00ed a\u00f0 \u00fe\u00fa ert v\u00f6rn m\u00edn.6\u00cd \u00fe\u00ednar hendur fel \u00e9g anda minn, \u00fe\u00fa frelsar mig, Drottinn, \u00fe\u00fa tr\u00fafasti Gu\u00f0!7\u00c9g hata \u00fe\u00e1, er d\u00fdrka f\u00e1n\u00fdt falsgo\u00f0, en Drottni treysti \u00e9g.8\u00c9g vil gle\u00f0jast og fagna yfir miskunn \u00feinni, <a href=\"https:\/\/biblian.is\/1981\/salmarnir-31-kafli\/\"> [&#8230;]<\/a><\/p>\n","protected":false},"author":1,"featured_media":0,"parent":0,"menu_order":0,"comment_status":"open","ping_status":"open","template":"bibliukaflar.php","meta":{"footnotes":""},"class_list":["post-1855","page","type-page","status-publish","hentry"],"_links":{"self":[{"href":"https:\/\/biblian.is\/1981\/wp-json\/wp\/v2\/pages\/1855","targetHints":{"allow":["GET"]}}],"collection":[{"href":"https:\/\/biblian.is\/1981\/wp-json\/wp\/v2\/pages"}],"about":[{"href":"https:\/\/biblian.is\/1981\/wp-json\/wp\/v2\/types\/page"}],"author":[{"embeddable":true,"href":"https:\/\/biblian.is\/1981\/wp-json\/wp\/v2\/users\/1"}],"replies":[{"embeddable":true,"href":"https:\/\/biblian.is\/1981\/wp-json\/wp\/v2\/comments?post=1855"}],"version-history":[{"count":0,"href":"https:\/\/biblian.is\/1981\/wp-json\/wp\/v2\/pages\/1855\/revisions"}],"wp:attachment":[{"href":"https:\/\/biblian.is\/1981\/wp-json\/wp\/v2\/media?parent=1855"}],"curies":[{"name":"wp","href":"https:\/\/api.w.org\/{rel}","templated":true}]}}