{"id":1854,"date":"2017-11-18T20:18:58","date_gmt":"2017-11-18T20:18:58","guid":{"rendered":"http:\/\/biblian.is\/1981\/salmarnir-30-kafli\/"},"modified":"2021-06-06T11:09:47","modified_gmt":"2021-06-06T11:09:47","slug":"salmarnir-30-kafli","status":"publish","type":"page","link":"https:\/\/biblian.is\/1981\/salmarnir-30-kafli\/","title":{"rendered":"S\u00e1lmarnir 30. kafli"},"content":{"rendered":"<p><a name=\"1\"><span class=\"versanumer\">1<\/span><\/a>Musterisv\u00edgslulj\u00f3\u00f0. Dav\u00ed\u00f0ss\u00e1lmur.<a name=\"2\"><span class=\"versanumer\">2<\/span><\/a>\u00c9g tigna \u00feig, Drottinn, \u00fev\u00ed a\u00f0 \u00fe\u00fa hefir bjarga\u00f0 m\u00e9r og eigi l\u00e1ti\u00f0 \u00f3vini m\u00edna hlakka yfir m\u00e9r.<a name=\"3\"><span class=\"versanumer\">3<\/span><\/a>Drottinn, Gu\u00f0 minn, \u00e9g hr\u00f3pa\u00f0i til \u00fe\u00edn og \u00fe\u00fa l\u00e6kna\u00f0ir mig.<a name=\"4\"><span class=\"versanumer\">4<\/span><\/a>Drottinn, \u00fe\u00fa heimtir s\u00e1l m\u00edna \u00far Helju, l\u00e9st mig halda l\u00edfi, er a\u00f0rir gengu til grafar.<a name=\"5\"><span class=\"versanumer\">5<\/span><\/a>Syngi\u00f0 Drottni lof, \u00fe\u00e9r hans tr\u00fau\u00f0u, vegsami\u00f0 hans heilaga nafn.<a name=\"6\"><span class=\"versanumer\">6<\/span><\/a>Andartak stendur rei\u00f0i hans, en alla \u00e6vi n\u00e1\u00f0 hans. A\u00f0 kveldi gistir oss gr\u00e1tur, en gle\u00f0is\u00f6ngur a\u00f0 morgni.<a name=\"7\"><span class=\"versanumer\">7<\/span><\/a>En \u00e9g ugg\u00f0i eigi a\u00f0 m\u00e9r og hugsa\u00f0i: Aldrei skri\u00f0nar m\u00e9r f\u00f3tur.<a name=\"8\"><span class=\"versanumer\">8<\/span><\/a>Drottinn, af n\u00e1\u00f0 \u00feinni haf\u00f0ir \u00fe\u00fa gj\u00f6rt bjarg mitt st\u00f6\u00f0ugt, en n\u00fa huldir \u00fe\u00fa auglit \u00feitt og \u00e9g skelfdist.<a name=\"9\"><span class=\"versanumer\">9<\/span><\/a>Til \u00fe\u00edn, Drottinn, kalla\u00f0i \u00e9g, og Drottin gr\u00e1tb\u00e6ndi \u00e9g:<a name=\"10\"><span class=\"versanumer\">10<\/span><\/a>Hver \u00e1vinningur er \u00ed dau\u00f0a m\u00ednum, \u00ed \u00fev\u00ed a\u00f0 \u00e9g gangi til grafar? Getur dufti\u00f0 lofa\u00f0 \u00feig, kunngj\u00f6rt tr\u00fafesti \u00fe\u00edna?<a name=\"11\"><span class=\"versanumer\">11<\/span><\/a>Heyr, Drottinn, og l\u00edkna m\u00e9r, \u00f3 Drottinn, ver \u00fe\u00fa hj\u00e1lpari minn!<a name=\"12\"><span class=\"versanumer\">12<\/span><\/a>\u00de\u00fa breyttir gr\u00e1t m\u00ednum \u00ed gle\u00f0idans, leystir af m\u00e9r h\u00e6rusekkinn og gyrtir mig f\u00f6gnu\u00f0i,<a name=\"13\"><span class=\"versanumer\">13<\/span><\/a>a\u00f0 s\u00e1l m\u00edn megi lofsyngja \u00fe\u00e9r og eigi \u00feagna. Drottinn, Gu\u00f0 minn, \u00e9g vil \u00feakka \u00fe\u00e9r a\u00f0 eil\u00edfu.<\/p>\n<div class=\"footnote1981\"><b>30.1<\/b> V\u00edgsla 1Makk 4.36-59; J\u00f3h 10.22<br \/>\n<b>30.3<\/b> Hr\u00f3pa til Drottins Slm 3.5+ &#8211; l\u00e6kna Slm 6.3; 41.5<br \/>\n<b>30.4<\/b> Halda l\u00edfi Jes 38.16-18 \u2013 ganga til grafar Slm 22.30+<br \/>\n<b>30.5<\/b> Syngi\u00f0 Slm 96.1+ &#8211; vegsami\u00f0 Slm 97.12<br \/>\n<b>30.6<\/b> Andartak Jes 54.7-8<br \/>\n<b>30.7<\/b> Skri\u00f0nar aldrei f\u00f3tur Slm 10.6<br \/>\n<b>30.8<\/b> Var\u00f0ir fjall mitt (f\u00f3tfesta) sbr Slm 18.34; 2Sam 5.9-11; 1Kon 15.4 \u2013 \u00fe\u00fa huldir auglit \u00feitt Slm 27.9+ &#8211; \u00e9g skelfdist Slm 104.29<br \/>\n<b>30.9<\/b> Kalla \u00e1 Drottinn Slm 3.5+<br \/>\n<b>30.10<\/b> Geta dau\u00f0ir lofa\u00f0 Gu\u00f0? Slm 6.6+<br \/>\n<b>30.12<\/b> Breyttir gr\u00e1ti \u00ed gle\u00f0i Slm 126.5+<\/div>\n","protected":false},"excerpt":{"rendered":"<p>1Musterisv\u00edgslulj\u00f3\u00f0. Dav\u00ed\u00f0ss\u00e1lmur.2\u00c9g tigna \u00feig, Drottinn, \u00fev\u00ed a\u00f0 \u00fe\u00fa hefir bjarga\u00f0 m\u00e9r og eigi l\u00e1ti\u00f0 \u00f3vini m\u00edna hlakka yfir m\u00e9r.3Drottinn, Gu\u00f0 minn, \u00e9g hr\u00f3pa\u00f0i til \u00fe\u00edn og \u00fe\u00fa l\u00e6kna\u00f0ir mig.4Drottinn, \u00fe\u00fa heimtir s\u00e1l m\u00edna \u00far Helju, l\u00e9st mig halda l\u00edfi, er a\u00f0rir gengu til grafar.5Syngi\u00f0 Drottni lof, \u00fe\u00e9r hans tr\u00fau\u00f0u, vegsami\u00f0 hans heilaga nafn.6Andartak stendur rei\u00f0i hans, en alla \u00e6vi n\u00e1\u00f0 hans. A\u00f0 kveldi gistir oss gr\u00e1tur, en gle\u00f0is\u00f6ngur a\u00f0 morgni.7En \u00e9g ugg\u00f0i eigi a\u00f0 m\u00e9r og hugsa\u00f0i: Aldrei skri\u00f0nar m\u00e9r f\u00f3tur.8Drottinn, af n\u00e1\u00f0 \u00feinni haf\u00f0ir \u00fe\u00fa gj\u00f6rt bjarg mitt st\u00f6\u00f0ugt, en n\u00fa huldir \u00fe\u00fa auglit \u00feitt og \u00e9g skelfdist.9Til \u00fe\u00edn, <a href=\"https:\/\/biblian.is\/1981\/salmarnir-30-kafli\/\"> [&#8230;]<\/a><\/p>\n","protected":false},"author":1,"featured_media":0,"parent":0,"menu_order":0,"comment_status":"open","ping_status":"open","template":"bibliukaflar.php","meta":{"footnotes":""},"class_list":["post-1854","page","type-page","status-publish","hentry"],"_links":{"self":[{"href":"https:\/\/biblian.is\/1981\/wp-json\/wp\/v2\/pages\/1854","targetHints":{"allow":["GET"]}}],"collection":[{"href":"https:\/\/biblian.is\/1981\/wp-json\/wp\/v2\/pages"}],"about":[{"href":"https:\/\/biblian.is\/1981\/wp-json\/wp\/v2\/types\/page"}],"author":[{"embeddable":true,"href":"https:\/\/biblian.is\/1981\/wp-json\/wp\/v2\/users\/1"}],"replies":[{"embeddable":true,"href":"https:\/\/biblian.is\/1981\/wp-json\/wp\/v2\/comments?post=1854"}],"version-history":[{"count":0,"href":"https:\/\/biblian.is\/1981\/wp-json\/wp\/v2\/pages\/1854\/revisions"}],"wp:attachment":[{"href":"https:\/\/biblian.is\/1981\/wp-json\/wp\/v2\/media?parent=1854"}],"curies":[{"name":"wp","href":"https:\/\/api.w.org\/{rel}","templated":true}]}}