{"id":1852,"date":"2017-11-18T20:18:58","date_gmt":"2017-11-18T20:18:58","guid":{"rendered":"http:\/\/biblian.is\/1981\/salmarnir-28-kafli\/"},"modified":"2021-06-06T11:09:47","modified_gmt":"2021-06-06T11:09:47","slug":"salmarnir-28-kafli","status":"publish","type":"page","link":"https:\/\/biblian.is\/1981\/salmarnir-28-kafli\/","title":{"rendered":"S\u00e1lmarnir 28. kafli"},"content":{"rendered":"<p><a name=\"1\"><span class=\"versanumer\">1<\/span><\/a>Dav\u00ed\u00f0ss\u00e1lmur. Til \u00fe\u00edn, Drottinn, hr\u00f3pa \u00e9g, \u00fe\u00fa bjarg mitt, ver eigi hlj\u00f3\u00f0ur gagnvart m\u00e9r. Ef \u00fe\u00fa \u00feegir vi\u00f0 m\u00e9r, ver\u00f0 \u00e9g sem \u00feeir, er til grafar eru gengnir.<a name=\"2\"><span class=\"versanumer\">2<\/span><\/a>Heyr \u00fe\u00fa \u00e1 gr\u00e1tbei\u00f0ni m\u00edna, er \u00e9g hr\u00f3pa til \u00fe\u00edn, er \u00e9g lyfti h\u00f6ndum m\u00ednum til Hins allrahelgasta \u00ed musteri \u00fe\u00ednu.<a name=\"3\"><span class=\"versanumer\">3<\/span><\/a>Hr\u00edf mig eigi \u00e1 burt me\u00f0 \u00f3gu\u00f0legum og me\u00f0 illgj\u00f6r\u00f0am\u00f6nnum, \u00feeim er tala vinsamlega vi\u00f0 n\u00e1unga sinn, en hafa illt \u00ed hyggju.<a name=\"4\"><span class=\"versanumer\">4<\/span><\/a>Launa \u00feeim eftir verkum \u00feeirra, eftir \u00feeirra illu breytni, launa \u00feeim eftir verkum handa \u00feeirra, endurgjald \u00feeim \u00fea\u00f0 er \u00feeir hafa a\u00f0hafst.<a name=\"5\"><span class=\"versanumer\">5<\/span><\/a>\u00dev\u00ed a\u00f0 \u00feeir hyggja eigi \u00e1 verk Drottins n\u00e9 handaverk hans, hann r\u00edfi \u00fe\u00e1 ni\u00f0ur og reisi \u00fe\u00e1 eigi vi\u00f0 aftur.<a name=\"6\"><span class=\"versanumer\">6<\/span><\/a>Lofa\u00f0ur s\u00e9 Drottinn, \u00fev\u00ed a\u00f0 hann hefir heyrt gr\u00e1tbei\u00f0ni m\u00edna.<a name=\"7\"><span class=\"versanumer\">7<\/span><\/a>Drottinn er v\u00edgi mitt og skj\u00f6ldur, honum treysti hjarta mitt. \u00c9g hlaut hj\u00e1lp, \u00fev\u00ed fagnar hjarta mitt, og me\u00f0 lj\u00f3\u00f0um m\u00ednum lofa \u00e9g hann.<a name=\"8\"><span class=\"versanumer\">8<\/span><\/a>Drottinn er v\u00edgi l\u00fd\u00f0 s\u00ednum og hj\u00e1lparh\u00e6li s\u00ednum smur\u00f0a.<a name=\"9\"><span class=\"versanumer\">9<\/span><\/a>Hj\u00e1lpa l\u00fd\u00f0 \u00fe\u00ednum og blessa eign \u00fe\u00edna, g\u00e6t \u00feeirra og ber \u00fe\u00e1 a\u00f0 eil\u00edfu.<\/p>\n<div class=\"footnote1981\"><b>28.1<\/b> Hr\u00f3pa til Drottins Slm 3.5+ &#8211; Gu\u00f0, bjarg mitt Slm 18.3,32,47; 19.15; 31.3-4; 42.10; 62.3,8 o.\u00e1fr.; 144.2; 5M\u00f3s 32.4,15,18; 1Sam 2.2; 2Sam 23.3; Jes 17.10; 30.29; 44.8; sbr 1Kor 10.4 \u2013 Gu\u00f0 \u00feegir Slm 35.22; 83.2; 109.1 \u2013 Gu\u00f0 er hlj\u00f3\u00f0ur Slm 39.13 \u2013 gengnir til grafar 22.30+<br \/>\n<b>28.2<\/b> Gr\u00e1tbei\u00f0ni m\u00edn Slm 31.23; 140.7 \u2013 Hi\u00f0 allrahelgasta 1Kon 8.6 \u2013 \u00ed musterinu Slm 5.8+ ; 134.2 \u2013 hef upp hendur Slm 63.5; 119.48; 134.2; 1Kon 8.22; Neh 8.6; Jes 1.15; Hlj 2.19; 3.41; 1T\u00edm 2.8<br \/>\n<b>28.3<\/b> Ekki me\u00f0 \u00f3gu\u00f0legum Slm 26.9+ &#8211; tala vinsamlega Jer 6.14; 8.11; Esk 13.10 \u2013 fagurgali Slm 12.3; 55.22; Opb 20.12<br \/>\n<b>28.4<\/b> Eftir verkum \u00feeirra Slm 94.2; 137.8; 2M\u00f3s 21.23-25; Jer 50.29; sbr 2Kor 11.15; 1P\u00e9t 1.17; Opb 20.12<br \/>\n<b>28.5<\/b> Sj\u00e1 ekki verk Drottins Jes 5.12 \u2013 r\u00edfa ni\u00f0ur Slm 52.7 \u2013 reisa aftur Jer 1.10+<br \/>\n<b>28.6<\/b> Lofa\u00f0ur s\u00e9 Drottinn Slm 31.22; 41.14; 66.20; 68.20; 72.19; 89.53; 106.48; 124.6; 135.21; 144.1; 2M\u00f3s 18.10; Dan 3.28; L\u00fak 1.68; 2Kor 1.3<br \/>\n<b>28.7<\/b> Drottinn er v\u00edgi Slm 27.1+ ; sbr 9.10+<br \/>\n<b>28.8<\/b> Styrkur Slm 3.9 \u2013 s\u00ednum smur\u00f0a 1Sam 2.10; sbr Slm 2.2+<br \/>\n<b>28.9<\/b> Hj\u00e1lpa \u00fej\u00f3\u00f0 \u00feinni Jer 31.7 \u2013 g\u00e6ta 5M\u00f3s 32.11 \u2013 hir\u00f0ir Jes 40.11; Slm 23.1<\/div>\n","protected":false},"excerpt":{"rendered":"<p>1Dav\u00ed\u00f0ss\u00e1lmur. Til \u00fe\u00edn, Drottinn, hr\u00f3pa \u00e9g, \u00fe\u00fa bjarg mitt, ver eigi hlj\u00f3\u00f0ur gagnvart m\u00e9r. Ef \u00fe\u00fa \u00feegir vi\u00f0 m\u00e9r, ver\u00f0 \u00e9g sem \u00feeir, er til grafar eru gengnir.2Heyr \u00fe\u00fa \u00e1 gr\u00e1tbei\u00f0ni m\u00edna, er \u00e9g hr\u00f3pa til \u00fe\u00edn, er \u00e9g lyfti h\u00f6ndum m\u00ednum til Hins allrahelgasta \u00ed musteri \u00fe\u00ednu.3Hr\u00edf mig eigi \u00e1 burt me\u00f0 \u00f3gu\u00f0legum og me\u00f0 illgj\u00f6r\u00f0am\u00f6nnum, \u00feeim er tala vinsamlega vi\u00f0 n\u00e1unga sinn, en hafa illt \u00ed hyggju.4Launa \u00feeim eftir verkum \u00feeirra, eftir \u00feeirra illu breytni, launa \u00feeim eftir verkum handa \u00feeirra, endurgjald \u00feeim \u00fea\u00f0 er \u00feeir hafa a\u00f0hafst.5\u00dev\u00ed a\u00f0 \u00feeir hyggja eigi \u00e1 verk Drottins n\u00e9 handaverk hans, <a href=\"https:\/\/biblian.is\/1981\/salmarnir-28-kafli\/\"> [&#8230;]<\/a><\/p>\n","protected":false},"author":1,"featured_media":0,"parent":0,"menu_order":0,"comment_status":"open","ping_status":"open","template":"bibliukaflar.php","meta":{"footnotes":""},"class_list":["post-1852","page","type-page","status-publish","hentry"],"_links":{"self":[{"href":"https:\/\/biblian.is\/1981\/wp-json\/wp\/v2\/pages\/1852","targetHints":{"allow":["GET"]}}],"collection":[{"href":"https:\/\/biblian.is\/1981\/wp-json\/wp\/v2\/pages"}],"about":[{"href":"https:\/\/biblian.is\/1981\/wp-json\/wp\/v2\/types\/page"}],"author":[{"embeddable":true,"href":"https:\/\/biblian.is\/1981\/wp-json\/wp\/v2\/users\/1"}],"replies":[{"embeddable":true,"href":"https:\/\/biblian.is\/1981\/wp-json\/wp\/v2\/comments?post=1852"}],"version-history":[{"count":0,"href":"https:\/\/biblian.is\/1981\/wp-json\/wp\/v2\/pages\/1852\/revisions"}],"wp:attachment":[{"href":"https:\/\/biblian.is\/1981\/wp-json\/wp\/v2\/media?parent=1852"}],"curies":[{"name":"wp","href":"https:\/\/api.w.org\/{rel}","templated":true}]}}