{"id":1851,"date":"2017-11-18T20:18:58","date_gmt":"2017-11-18T20:18:58","guid":{"rendered":"http:\/\/biblian.is\/1981\/salmarnir-27-kafli\/"},"modified":"2021-06-06T11:09:46","modified_gmt":"2021-06-06T11:09:46","slug":"salmarnir-27-kafli","status":"publish","type":"page","link":"https:\/\/biblian.is\/1981\/salmarnir-27-kafli\/","title":{"rendered":"S\u00e1lmarnir 27. kafli"},"content":{"rendered":"<p><a name=\"1\"><span class=\"versanumer\">1<\/span><\/a>Dav\u00ed\u00f0ss\u00e1lmur. Drottinn er lj\u00f3s mitt og fulltingi, hvern \u00e6tti \u00e9g a\u00f0 \u00f3ttast? Drottinn er v\u00edgi l\u00edfs m\u00edns, hvern \u00e6tti \u00e9g a\u00f0 hr\u00e6\u00f0ast?<a name=\"2\"><span class=\"versanumer\">2<\/span><\/a>\u00deegar illvirkjarnir n\u00e1lgast mig til \u00feess a\u00f0 fella mig, \u00fe\u00e1 ver\u00f0a \u00fea\u00f0 andst\u00e6\u00f0ingar m\u00ednir og \u00f3vinir, sem hrasa og falla.<a name=\"3\"><span class=\"versanumer\">3<\/span><\/a>\u00deegar her sest um mig, \u00f3ttast hjarta mitt eigi, \u00feegar \u00f3fri\u00f0ur hefst \u00ed gegn m\u00e9r, er \u00e9g samt \u00f6ruggur.<a name=\"4\"><span class=\"versanumer\">4<\/span><\/a>Eins hefi \u00e9g be\u00f0i\u00f0 Drottin, \u00fea\u00f0 eitt \u00fer\u00e1i \u00e9g: A\u00f0 \u00e9g f\u00e1i a\u00f0 dveljast \u00ed h\u00fasi Drottins alla \u00e6vidaga m\u00edna til \u00feess a\u00f0 f\u00e1 a\u00f0 sko\u00f0a yndisleik Drottins, s\u00f6kkva m\u00e9r ni\u00f0ur \u00ed huglei\u00f0ingar \u00ed musteri hans.<a name=\"5\"><span class=\"versanumer\">5<\/span><\/a>\u00dev\u00ed a\u00f0 hann geymir mig \u00ed skj\u00f3li \u00e1 \u00f3heilladeginum, hann felur mig \u00ed fylgsnum tjalds s\u00edns, lyftir m\u00e9r upp \u00e1 klett.<a name=\"6\"><span class=\"versanumer\">6<\/span><\/a>\u00deess vegna hefst upp h\u00f6fu\u00f0 mitt yfir \u00f3vini m\u00edna umhverfis mig, a\u00f0 \u00e9g me\u00f0 f\u00f6gnu\u00f0i megi f\u00e6ra f\u00f3rnir \u00ed tjaldi hans, syngja og leika Drottni.<a name=\"7\"><span class=\"versanumer\">7<\/span><\/a>Heyr, Drottinn, \u00e9g hr\u00f3pa h\u00e1tt, s\u00fdn m\u00e9r miskunn og svara m\u00e9r!<a name=\"8\"><span class=\"versanumer\">8<\/span><\/a>M\u00e9r er hugsa\u00f0 til \u00fe\u00edn, er sag\u00f0ir: Leiti\u00f0 auglitis m\u00edns! \u00c9g vil leita auglitis \u00fe\u00edns, Drottinn.<a name=\"9\"><span class=\"versanumer\">9<\/span><\/a>Hyl eigi auglit \u00feitt fyrir m\u00e9r, v\u00edsa \u00fej\u00f3ni \u00fe\u00ednum eigi fr\u00e1 \u00ed rei\u00f0i. \u00de\u00fa hefir veri\u00f0 fulltingi mitt, hrind m\u00e9r eigi burt og yfirgef mig eigi, \u00fe\u00fa Gu\u00f0 hj\u00e1lpr\u00e6\u00f0is m\u00edns.<a name=\"10\"><span class=\"versanumer\">10<\/span><\/a>Enda \u00fe\u00f3tt fa\u00f0ir minn og m\u00f3\u00f0ir hafi yfirgefi\u00f0 mig, tekur Drottinn mig a\u00f0 s\u00e9r.<a name=\"11\"><span class=\"versanumer\">11<\/span><\/a>V\u00edsa m\u00e9r veg \u00feinn, Drottinn, lei\u00f0 mig um sl\u00e9tta braut sakir \u00f3vina minna.<a name=\"12\"><span class=\"versanumer\">12<\/span><\/a>Ofursel mig eigi gr\u00e6\u00f0gi andst\u00e6\u00f0inga minna, \u00fev\u00ed a\u00f0 falsvitni r\u00edsa \u00ed gegn m\u00e9r og menn er sp\u00faa r\u00f3gm\u00e6lum.<a name=\"13\"><span class=\"versanumer\">13<\/span><\/a>\u00c9g treysti \u00fev\u00ed a\u00f0 f\u00e1 a\u00f0 sj\u00e1 g\u00e6sku Drottins \u00e1 landi lifenda!<a name=\"14\"><span class=\"versanumer\">14<\/span><\/a>Vona \u00e1 Drottin, ver \u00f6ruggur og hugrakkur, j\u00e1, vona \u00e1 Drottin.<\/p>\n<div class=\"footnote1981\"><b>27.1<\/b> Lj\u00f3s Slm 4.7; 18.29; 36.10; 43.3; J\u00f3h 8.12+ &#8211; v\u00edgi Slm 28.7-8; 31.3-4; 37.39; 52.9; 91.2; 94.22; sbr 9.10+<br \/>\n<b>27.2<\/b> Gleypa mig Job 19.22<br \/>\n<b>27.4<\/b> \u00cd h\u00fasi Drottins Slm 23.6 \u2013 hj\u00e1 Gu\u00f0i 2M\u00f3s 24.11; Slm 11.7; 17.15; 42.3; 63.3<br \/>\n<b>27.5<\/b> \u00cd Skj\u00f3li Slm 17.8; 31.21; 64.3 \u2013 upp \u00e1 klett Slm 61.4<br \/>\n<b>27.6<\/b> F\u00f6gnu\u00f0ur Slm 33.3; 3M\u00f3s 23.24<br \/>\n<b>27.8<\/b> Leita auglits Drottins Slm 24.6; 105.4; H\u00f3s 5.15; sbr 2Sam 21.1<br \/>\n<b>27.9<\/b> Hyl eigi auglit \u00feitt Slm 13.2; 30.8; 44.25; 69.18; 88.15; 102.3; 143.7<br \/>\n<b>27.10<\/b> Gu\u00f0 b\u00e6\u00f0i fa\u00f0ir og m\u00f3\u00f0ir Jes 49.14-15; Jer 31.20<br \/>\n<b>27.11<\/b> V\u00edsa m\u00e9r Slm 25.4,12; 86.11; 139.24<br \/>\n<b>27.12<\/b> Falsvitni Slm 35.11; 1Kon 21.10-13; Mrk 14.56 og hlst.; Post 13<br \/>\n<b>27.14<\/b> Vona \u00e1 Drottinn Slm 37.34; 130.5-6 \u2013 ver \u00f6ruggur Slm 31.25; J\u00f3s 1.9; 1Kor 16.13<\/div>\n","protected":false},"excerpt":{"rendered":"<p>1Dav\u00ed\u00f0ss\u00e1lmur. Drottinn er lj\u00f3s mitt og fulltingi, hvern \u00e6tti \u00e9g a\u00f0 \u00f3ttast? Drottinn er v\u00edgi l\u00edfs m\u00edns, hvern \u00e6tti \u00e9g a\u00f0 hr\u00e6\u00f0ast?2\u00deegar illvirkjarnir n\u00e1lgast mig til \u00feess a\u00f0 fella mig, \u00fe\u00e1 ver\u00f0a \u00fea\u00f0 andst\u00e6\u00f0ingar m\u00ednir og \u00f3vinir, sem hrasa og falla.3\u00deegar her sest um mig, \u00f3ttast hjarta mitt eigi, \u00feegar \u00f3fri\u00f0ur hefst \u00ed gegn m\u00e9r, er \u00e9g samt \u00f6ruggur.4Eins hefi \u00e9g be\u00f0i\u00f0 Drottin, \u00fea\u00f0 eitt \u00fer\u00e1i \u00e9g: A\u00f0 \u00e9g f\u00e1i a\u00f0 dveljast \u00ed h\u00fasi Drottins alla \u00e6vidaga m\u00edna til \u00feess a\u00f0 f\u00e1 a\u00f0 sko\u00f0a yndisleik Drottins, s\u00f6kkva m\u00e9r ni\u00f0ur \u00ed huglei\u00f0ingar \u00ed musteri hans.5\u00dev\u00ed a\u00f0 hann geymir mig \u00ed skj\u00f3li <a href=\"https:\/\/biblian.is\/1981\/salmarnir-27-kafli\/\"> [&#8230;]<\/a><\/p>\n","protected":false},"author":1,"featured_media":0,"parent":0,"menu_order":0,"comment_status":"open","ping_status":"open","template":"bibliukaflar.php","meta":{"footnotes":""},"class_list":["post-1851","page","type-page","status-publish","hentry"],"_links":{"self":[{"href":"https:\/\/biblian.is\/1981\/wp-json\/wp\/v2\/pages\/1851","targetHints":{"allow":["GET"]}}],"collection":[{"href":"https:\/\/biblian.is\/1981\/wp-json\/wp\/v2\/pages"}],"about":[{"href":"https:\/\/biblian.is\/1981\/wp-json\/wp\/v2\/types\/page"}],"author":[{"embeddable":true,"href":"https:\/\/biblian.is\/1981\/wp-json\/wp\/v2\/users\/1"}],"replies":[{"embeddable":true,"href":"https:\/\/biblian.is\/1981\/wp-json\/wp\/v2\/comments?post=1851"}],"version-history":[{"count":0,"href":"https:\/\/biblian.is\/1981\/wp-json\/wp\/v2\/pages\/1851\/revisions"}],"wp:attachment":[{"href":"https:\/\/biblian.is\/1981\/wp-json\/wp\/v2\/media?parent=1851"}],"curies":[{"name":"wp","href":"https:\/\/api.w.org\/{rel}","templated":true}]}}