{"id":1850,"date":"2017-11-18T20:18:58","date_gmt":"2017-11-18T20:18:58","guid":{"rendered":"http:\/\/biblian.is\/1981\/salmarnir-26-kafli\/"},"modified":"2021-06-06T11:09:46","modified_gmt":"2021-06-06T11:09:46","slug":"salmarnir-26-kafli","status":"publish","type":"page","link":"https:\/\/biblian.is\/1981\/salmarnir-26-kafli\/","title":{"rendered":"S\u00e1lmarnir 26. kafli"},"content":{"rendered":"<p><a name=\"1\"><span class=\"versanumer\">1<\/span><\/a>Dav\u00ed\u00f0ss\u00e1lmur. L\u00e1t mig n\u00e1 r\u00e9tti m\u00ednum, Drottinn, \u00fev\u00ed a\u00f0 \u00e9g geng fram \u00ed grandvarleik og \u00fe\u00e9r treysti \u00e9g \u00f3bifanlega.<a name=\"2\"><span class=\"versanumer\">2<\/span><\/a>Rannsaka mig, Drottinn, og reyn mig, pr\u00f3fa hug minn og hjarta.<a name=\"3\"><span class=\"versanumer\">3<\/span><\/a>\u00dev\u00ed a\u00f0 \u00e9g hefi elsku \u00fe\u00edna fyrir augum, og \u00e9g geng \u00ed sannleika \u00fe\u00ednum.<a name=\"4\"><span class=\"versanumer\">4<\/span><\/a>\u00c9g tek m\u00e9r eigi s\u00e6ti hj\u00e1 lygurum og hefi eigi umgengni vi\u00f0 fl\u00e1r\u00e1\u00f0a menn.<a name=\"5\"><span class=\"versanumer\">5<\/span><\/a>\u00c9g hata s\u00f6fnu\u00f0 illvirkjanna, sit eigi me\u00f0al \u00f3gu\u00f0legra.<a name=\"6\"><span class=\"versanumer\">6<\/span><\/a>\u00c9g \u00fev\u00e6 hendur m\u00ednar \u00ed sakleysi og geng \u00ed kringum altari \u00feitt, Drottinn,<a name=\"7\"><span class=\"versanumer\">7<\/span><\/a>til \u00feess a\u00f0 l\u00e1ta lofs\u00f6nginn hlj\u00f3ma og segja fr\u00e1 \u00f6llum \u00fe\u00ednum d\u00e1semdarverkum.<a name=\"8\"><span class=\"versanumer\">8<\/span><\/a>Drottinn, \u00e9g elska b\u00fasta\u00f0 h\u00fass \u00fe\u00edns og sta\u00f0inn \u00fear sem d\u00fdr\u00f0 \u00fe\u00edn b\u00fdr.<a name=\"9\"><span class=\"versanumer\">9<\/span><\/a>Hr\u00edf eigi s\u00e1l m\u00edna burt me\u00f0 syndurum n\u00e9 l\u00edf mitt me\u00f0 mor\u00f0ingjum,<a name=\"10\"><span class=\"versanumer\">10<\/span><\/a>\u00feeim er hafa sv\u00edvir\u00f0ing \u00ed h\u00f6ndum s\u00e9r og h\u00e6gri h\u00f6ndina fulla af m\u00fatugj\u00f6fum.<a name=\"11\"><span class=\"versanumer\">11<\/span><\/a>En \u00e9g geng fram \u00ed grandvarleik, frelsa mig og l\u00edkna m\u00e9r.<a name=\"12\"><span class=\"versanumer\">12<\/span><\/a>F\u00f3tur minn stendur \u00e1 sl\u00e9ttri grund, \u00ed s\u00f6fnu\u00f0unum vil \u00e9g lofa Drottin.<\/p>\n<div class=\"footnote1981\"><b>26.1<\/b> Minnt \u00e1 r\u00e9ttl\u00e6ti Gu\u00f0s Slm 7.9; 17.1 \u2013 \u00ed r\u00e1\u00f0vendi Slm 15.2-5; 18.21-28; 101.2<br \/>\n<b>26.2<\/b> Rannsaka mig Slm 7.10; 17.3; 139.23 \u2013 n\u00fdru og hjarta Slm 7.10+<br \/>\n<b>26.3<\/b> G\u00e6ska og traust Slm 25.10+<br \/>\n<b>26.4-5<\/b> Umgengst ekki \u00f3gu\u00f0lega Slm 1.1-2<br \/>\n<b>26.6<\/b> \u00devo hendur s\u00ednar Slm 73.13; 5M\u00f3s 21.6-7; Matt 27.24; sbr 2M\u00f3s 30.17-21<br \/>\n<b>26.7<\/b> M\u00e1ttarverk Gu\u00f0s Slm 9.2<br \/>\n<b>26.8<\/b> Elska b\u00fasta\u00f0 \u00feinn Slm 122.1 \u2013 d\u00fdr\u00f0 \u00fe\u00edn Slm 29.9; 63.3; sbr 2M\u00f3s 16.7+<br \/>\n<b>26.9<\/b> Ekki me\u00f0 syndurum Slm 28.3; sbr Slm 1.1<br \/>\n<b>26.12<\/b> \u00c1 \u00f6ruggum vegi Slm 25.4; 27.11; 143.10<\/div>\n","protected":false},"excerpt":{"rendered":"<p>1Dav\u00ed\u00f0ss\u00e1lmur. L\u00e1t mig n\u00e1 r\u00e9tti m\u00ednum, Drottinn, \u00fev\u00ed a\u00f0 \u00e9g geng fram \u00ed grandvarleik og \u00fe\u00e9r treysti \u00e9g \u00f3bifanlega.2Rannsaka mig, Drottinn, og reyn mig, pr\u00f3fa hug minn og hjarta.3\u00dev\u00ed a\u00f0 \u00e9g hefi elsku \u00fe\u00edna fyrir augum, og \u00e9g geng \u00ed sannleika \u00fe\u00ednum.4\u00c9g tek m\u00e9r eigi s\u00e6ti hj\u00e1 lygurum og hefi eigi umgengni vi\u00f0 fl\u00e1r\u00e1\u00f0a menn.5\u00c9g hata s\u00f6fnu\u00f0 illvirkjanna, sit eigi me\u00f0al \u00f3gu\u00f0legra.6\u00c9g \u00fev\u00e6 hendur m\u00ednar \u00ed sakleysi og geng \u00ed kringum altari \u00feitt, Drottinn,7til \u00feess a\u00f0 l\u00e1ta lofs\u00f6nginn hlj\u00f3ma og segja fr\u00e1 \u00f6llum \u00fe\u00ednum d\u00e1semdarverkum.8Drottinn, \u00e9g elska b\u00fasta\u00f0 h\u00fass \u00fe\u00edns og sta\u00f0inn \u00fear sem d\u00fdr\u00f0 \u00fe\u00edn b\u00fdr.9Hr\u00edf eigi s\u00e1l m\u00edna <a href=\"https:\/\/biblian.is\/1981\/salmarnir-26-kafli\/\"> [&#8230;]<\/a><\/p>\n","protected":false},"author":1,"featured_media":0,"parent":0,"menu_order":0,"comment_status":"open","ping_status":"open","template":"bibliukaflar.php","meta":{"footnotes":""},"class_list":["post-1850","page","type-page","status-publish","hentry"],"_links":{"self":[{"href":"https:\/\/biblian.is\/1981\/wp-json\/wp\/v2\/pages\/1850","targetHints":{"allow":["GET"]}}],"collection":[{"href":"https:\/\/biblian.is\/1981\/wp-json\/wp\/v2\/pages"}],"about":[{"href":"https:\/\/biblian.is\/1981\/wp-json\/wp\/v2\/types\/page"}],"author":[{"embeddable":true,"href":"https:\/\/biblian.is\/1981\/wp-json\/wp\/v2\/users\/1"}],"replies":[{"embeddable":true,"href":"https:\/\/biblian.is\/1981\/wp-json\/wp\/v2\/comments?post=1850"}],"version-history":[{"count":0,"href":"https:\/\/biblian.is\/1981\/wp-json\/wp\/v2\/pages\/1850\/revisions"}],"wp:attachment":[{"href":"https:\/\/biblian.is\/1981\/wp-json\/wp\/v2\/media?parent=1850"}],"curies":[{"name":"wp","href":"https:\/\/api.w.org\/{rel}","templated":true}]}}