{"id":1849,"date":"2017-11-18T20:18:58","date_gmt":"2017-11-18T20:18:58","guid":{"rendered":"http:\/\/biblian.is\/1981\/salmarnir-25-kafli\/"},"modified":"2021-06-06T11:09:46","modified_gmt":"2021-06-06T11:09:46","slug":"salmarnir-25-kafli","status":"publish","type":"page","link":"https:\/\/biblian.is\/1981\/salmarnir-25-kafli\/","title":{"rendered":"S\u00e1lmarnir 25. kafli"},"content":{"rendered":"<p><a name=\"1\"><span class=\"versanumer\">1<\/span><\/a>Dav\u00ed\u00f0ss\u00e1lmur.<a name=\"2\"><span class=\"versanumer\">2<\/span><\/a>Til \u00fe\u00edn, Drottinn, hef \u00e9g s\u00e1l m\u00edna, Gu\u00f0 minn, \u00fe\u00e9r treysti \u00e9g. L\u00e1t mig eigi ver\u00f0a til skammar, l\u00e1t eigi \u00f3vini m\u00edna hlakka yfir m\u00e9r.<a name=\"3\"><span class=\"versanumer\">3<\/span><\/a>Hver s\u00e1 er \u00e1 \u00feig vonar, mun eigi heldur ver\u00f0a til skammar, \u00feeir ver\u00f0a til skammar, er \u00f3tr\u00fair eru a\u00f0 raunalausu.<a name=\"4\"><span class=\"versanumer\">4<\/span><\/a>V\u00edsa m\u00e9r vegu \u00fe\u00edna, Drottinn, kenn m\u00e9r stigu \u00fe\u00edna.<a name=\"5\"><span class=\"versanumer\">5<\/span><\/a>L\u00e1t mig ganga \u00ed sannleika \u00fe\u00ednum og kenn m\u00e9r, \u00fev\u00ed a\u00f0 \u00fe\u00fa ert Gu\u00f0 hj\u00e1lpr\u00e6\u00f0is m\u00edns, allan daginn vona \u00e9g \u00e1 \u00feig.<a name=\"6\"><span class=\"versanumer\">6<\/span><\/a>Minnst \u00fe\u00fa miskunnar \u00feinnar, Drottinn, og k\u00e6rleiksverka, \u00fev\u00ed a\u00f0 \u00feau eru fr\u00e1 eil\u00edf\u00f0.<a name=\"7\"><span class=\"versanumer\">7<\/span><\/a>Minnst eigi \u00e6skusynda minna og afbrota, minnst m\u00edn eftir elsku \u00feinni sakir g\u00e6sku \u00feinnar, Drottinn.<a name=\"8\"><span class=\"versanumer\">8<\/span><\/a>G\u00f3\u00f0ur og r\u00e9ttl\u00e1tur er Drottinn, \u00feess vegna v\u00edsar hann syndurum veginn.<a name=\"9\"><span class=\"versanumer\">9<\/span><\/a>Hann l\u00e6tur hina hrj\u00e1\u00f0u ganga eftir r\u00e9ttl\u00e6tinu og kennir hinum \u00fej\u00f6ku\u00f0u veg sinn.<a name=\"10\"><span class=\"versanumer\">10<\/span><\/a>Allir vegir Drottins eru elska og tr\u00fafesti fyrir \u00fe\u00e1 er g\u00e6ta s\u00e1ttm\u00e1la hans og vitnisbur\u00f0a.<a name=\"11\"><span class=\"versanumer\">11<\/span><\/a>Sakir nafns \u00fe\u00edns, Drottinn, fyrirgef m\u00e9r sekt m\u00edna, \u00fev\u00ed a\u00f0 h\u00fan er mikil.<a name=\"12\"><span class=\"versanumer\">12<\/span><\/a>Ef einhver \u00f3ttast Drottin, mun hann kenna honum veg \u00feann er hann \u00e1 a\u00f0 velja.<a name=\"13\"><span class=\"versanumer\">13<\/span><\/a>Sj\u00e1lfur mun hann b\u00faa vi\u00f0 hamingju, og ni\u00f0jar hans eignast landi\u00f0.<a name=\"14\"><span class=\"versanumer\">14<\/span><\/a>Drottinn s\u00fdnir tr\u00fana\u00f0 \u00feeim er \u00f3ttast hann, og s\u00e1ttm\u00e1la sinn gj\u00f6rir hann \u00feeim kunnan.<a name=\"15\"><span class=\"versanumer\">15<\/span><\/a>Augu m\u00edn m\u00e6na \u00e6t\u00ed\u00f0 til Drottins, \u00fev\u00ed a\u00f0 hann grei\u00f0ir f\u00f3t minn \u00far sn\u00f6runni.<a name=\"16\"><span class=\"versanumer\">16<\/span><\/a>Sn\u00fa \u00fe\u00e9r til m\u00edn og l\u00edkna m\u00e9r, \u00fev\u00ed a\u00f0 \u00e9g er einmana og hrj\u00e1\u00f0ur.<a name=\"17\"><span class=\"versanumer\">17<\/span><\/a>Angist sturlar hjarta mitt, lei\u00f0 mig \u00far nau\u00f0um m\u00ednum.<a name=\"18\"><span class=\"versanumer\">18<\/span><\/a>L\u00edt \u00e1 eymd m\u00edna og arm\u00e6\u00f0u og fyrirgef allar syndir m\u00ednar.<a name=\"19\"><span class=\"versanumer\">19<\/span><\/a>L\u00edt \u00e1, hversu margir \u00f3vinir m\u00ednir eru, me\u00f0 rangsleitnishatri hata \u00feeir mig.<a name=\"20\"><span class=\"versanumer\">20<\/span><\/a>Var\u00f0veit l\u00edf mitt og frelsa mig, l\u00e1t mig eigi ver\u00f0a til skammar, \u00fev\u00ed a\u00f0 hj\u00e1 \u00fe\u00e9r leita \u00e9g h\u00e6lis.<a name=\"21\"><span class=\"versanumer\">21<\/span><\/a>L\u00e1t r\u00e1\u00f0vendni og hreinskilni g\u00e6ta m\u00edn, \u00fev\u00ed a\u00f0 \u00e1 \u00feig vona \u00e9g.<a name=\"22\"><span class=\"versanumer\">22<\/span><\/a>Frelsa \u00cdsrael, \u00f3 Gu\u00f0, \u00far \u00f6llum nau\u00f0um hans.<\/p>\n<div class=\"footnote1981\"><b>25.1<\/b> Til \u00fe\u00edn \u2026 Slm 86.4; 143.8<br \/>\n<b>25.3<\/b> Vona \u00e1 Drottinn Slm 27.14; 31.25+ ; 33.18; 52.10; 104.27; 119.43; 147.11 \u2013 ver\u00f0a ekki til skammar Slm 31.2+ ; Jes 49.23<br \/>\n<b>25.4<\/b> V\u00edsa m\u00e9r Slm 27.11; 86.11; 119.35; 143.8; J\u00f3h 14.4-6<br \/>\n<b>25.5<\/b> \u00cd sannleika J\u00f3h 16.13<br \/>\n<b>25.7<\/b> Minnast ekki Slm 79.8 \u2013 minnast m\u00edn Slm 106.4<br \/>\n<b>25.10<\/b> Elska og tr\u00fafesti Slm 40.11-12; 57.4; 61.8, 85.11; 86.15, 115.1; 138.2, 1M\u00f3s 24.27,49; 32.10; 47.29; 2M\u00f3s 34.6; J\u00f3s 2.14; 2Sam 2.6, 15.20; Okv 3.3; 14.22; 16.6, 20.28; ath einnig Slm 26.3; 57.11; 69.14; 108.5, 117.2; H\u00f3s 4.1; M\u00edk 7.20<br \/>\n<b>25.11<\/b> Vegna nafns s\u00edns Slm 23.3+ &#8211; fyrirgef Slm 103.3<br \/>\n<b>25.13<\/b> Erfa landi\u00f0 Slm 37.9; 1M\u00f3s 15.7,18; Jes 60.21; sbr Matt 5.5<br \/>\n<b>25.14<\/b> Drottinn s\u00fdnir tr\u00fana\u00f0 J\u00f3h 15.15 \u2013 \u00feeim sem \u00f3ttast hann Slm 15.4+<br \/>\n<b>25.15<\/b> Beina augunum til Drottins Slm 123.1; 141.8 \u2013 leysir \u00far sn\u00f6runni Slm 31.5; 141.9<br \/>\n<b>25.16<\/b> Sn\u00fa \u00fe\u00e9r Slm 86.16; 119.132<br \/>\n<b>25.17<\/b> Lei\u00f0a \u00far nau\u00f0um Slm 107.28<br \/>\n<b>25.18<\/b> Eymd m\u00edn Slm 119.153 \u2013 fyrirgefa syndir Slm 32.5; 85.3<br \/>\n<b>25.20<\/b> Gu\u00f0 er h\u00e6li Slm 34.9,23<br \/>\n<b>25.21<\/b> Vernda Slm 40.12; 61.8<br \/>\n<b>25.22<\/b> Gu\u00f0 frelsar Slm 34.23<\/div>\n","protected":false},"excerpt":{"rendered":"<p>1Dav\u00ed\u00f0ss\u00e1lmur.2Til \u00fe\u00edn, Drottinn, hef \u00e9g s\u00e1l m\u00edna, Gu\u00f0 minn, \u00fe\u00e9r treysti \u00e9g. L\u00e1t mig eigi ver\u00f0a til skammar, l\u00e1t eigi \u00f3vini m\u00edna hlakka yfir m\u00e9r.3Hver s\u00e1 er \u00e1 \u00feig vonar, mun eigi heldur ver\u00f0a til skammar, \u00feeir ver\u00f0a til skammar, er \u00f3tr\u00fair eru a\u00f0 raunalausu.4V\u00edsa m\u00e9r vegu \u00fe\u00edna, Drottinn, kenn m\u00e9r stigu \u00fe\u00edna.5L\u00e1t mig ganga \u00ed sannleika \u00fe\u00ednum og kenn m\u00e9r, \u00fev\u00ed a\u00f0 \u00fe\u00fa ert Gu\u00f0 hj\u00e1lpr\u00e6\u00f0is m\u00edns, allan daginn vona \u00e9g \u00e1 \u00feig.6Minnst \u00fe\u00fa miskunnar \u00feinnar, Drottinn, og k\u00e6rleiksverka, \u00fev\u00ed a\u00f0 \u00feau eru fr\u00e1 eil\u00edf\u00f0.7Minnst eigi \u00e6skusynda minna og afbrota, minnst m\u00edn eftir elsku \u00feinni sakir g\u00e6sku \u00feinnar, Drottinn.8G\u00f3\u00f0ur <a href=\"https:\/\/biblian.is\/1981\/salmarnir-25-kafli\/\"> [&#8230;]<\/a><\/p>\n","protected":false},"author":1,"featured_media":0,"parent":0,"menu_order":0,"comment_status":"open","ping_status":"open","template":"bibliukaflar.php","meta":{"footnotes":""},"class_list":["post-1849","page","type-page","status-publish","hentry"],"_links":{"self":[{"href":"https:\/\/biblian.is\/1981\/wp-json\/wp\/v2\/pages\/1849","targetHints":{"allow":["GET"]}}],"collection":[{"href":"https:\/\/biblian.is\/1981\/wp-json\/wp\/v2\/pages"}],"about":[{"href":"https:\/\/biblian.is\/1981\/wp-json\/wp\/v2\/types\/page"}],"author":[{"embeddable":true,"href":"https:\/\/biblian.is\/1981\/wp-json\/wp\/v2\/users\/1"}],"replies":[{"embeddable":true,"href":"https:\/\/biblian.is\/1981\/wp-json\/wp\/v2\/comments?post=1849"}],"version-history":[{"count":0,"href":"https:\/\/biblian.is\/1981\/wp-json\/wp\/v2\/pages\/1849\/revisions"}],"wp:attachment":[{"href":"https:\/\/biblian.is\/1981\/wp-json\/wp\/v2\/media?parent=1849"}],"curies":[{"name":"wp","href":"https:\/\/api.w.org\/{rel}","templated":true}]}}