{"id":1848,"date":"2017-11-18T20:18:58","date_gmt":"2017-11-18T20:18:58","guid":{"rendered":"http:\/\/biblian.is\/1981\/salmarnir-24-kafli\/"},"modified":"2021-06-06T11:09:46","modified_gmt":"2021-06-06T11:09:46","slug":"salmarnir-24-kafli","status":"publish","type":"page","link":"https:\/\/biblian.is\/1981\/salmarnir-24-kafli\/","title":{"rendered":"S\u00e1lmarnir 24. kafli"},"content":{"rendered":"<p><a name=\"1\"><span class=\"versanumer\">1<\/span><\/a>Dav\u00ed\u00f0ss\u00e1lmur. Drottni heyrir j\u00f6r\u00f0in og allt sem \u00e1 henni er, heimurinn og \u00feeir sem \u00ed honum b\u00faa.<a name=\"2\"><span class=\"versanumer\">2<\/span><\/a>\u00dev\u00ed a\u00f0 hann hefir grundvalla\u00f0 hana \u00e1 hafinu og fest hana \u00e1 v\u00f6tnunum.<a name=\"3\"><span class=\"versanumer\">3<\/span><\/a>Hver f\u00e6r a\u00f0 st\u00edga upp \u00e1 fjall Drottins, hver f\u00e6r a\u00f0 dveljast \u00e1 hans helga sta\u00f0?<a name=\"4\"><span class=\"versanumer\">4<\/span><\/a>S\u00e1 er hefir \u00f3flekka\u00f0ar hendur og hreint hjarta, eigi s\u00e6kist eftir h\u00e9g\u00f3ma og eigi vinnur rangan ei\u00f0.<a name=\"5\"><span class=\"versanumer\">5<\/span><\/a>Hann mun blessun hlj\u00f3ta fr\u00e1 Drottni og r\u00e9ttl\u00e6tingu fr\u00e1 Gu\u00f0i hj\u00e1lpr\u00e6\u00f0is s\u00edns.<a name=\"6\"><span class=\"versanumer\">6<\/span><\/a>\u00deessi er s\u00fa kynsl\u00f3\u00f0 er leitar Drottins, stundar eftir augliti \u00fe\u00ednu, \u00fe\u00fa Jakobs Gu\u00f0.  Sela<a name=\"7\"><span class=\"versanumer\">7<\/span><\/a>\u00de\u00e9r hli\u00f0, lyfti\u00f0 h\u00f6f\u00f0um y\u00f0ar, hefji\u00f0 y\u00f0ur, \u00fe\u00e9r \u00f6ldnu dyr, a\u00f0 konungur d\u00fdr\u00f0arinnar megi inn ganga.<a name=\"8\"><span class=\"versanumer\">8<\/span><\/a>Hver er \u00feessi konungur d\u00fdr\u00f0arinnar? \u00dea\u00f0 er Drottinn, hin volduga hetja, Drottinn, bardagahetjan.<a name=\"9\"><span class=\"versanumer\">9<\/span><\/a>\u00de\u00e9r hli\u00f0, lyfti\u00f0 h\u00f6f\u00f0um y\u00f0ar, hefji\u00f0 y\u00f0ur, \u00fe\u00e9r \u00f6ldnu dyr, a\u00f0 konungur d\u00fdr\u00f0arinnar megi inn ganga.<a name=\"10\"><span class=\"versanumer\">10<\/span><\/a>Hver er \u00feessi konungur d\u00fdr\u00f0arinnar? Drottinn hersveitanna, hann er konungur d\u00fdr\u00f0arinnar.  Sela<\/p>\n<div class=\"footnote1981\"><b>24.1<\/b> J\u00f6r\u00f0in er Drottins Slm 50.12; 89.12; 95.4-5; 1Kor 10.26<br \/>\n<b>24.2<\/b> Grundvalla\u00f0i j\u00f6r\u00f0ina Slm 75.4; 104.5; Job 38.4-6<br \/>\n<b>24.3<\/b> Hver &#8230; ? Slm 15.1<br \/>\n<b>24.4<\/b> Flekklausar hendur Slm 15.2-5; 26.6; 1M\u00f3s 20.5; Jes 33.14-15; sbr Matt 5.5<br \/>\n<b>24.5<\/b> Blessun fr\u00e1 Drottni Slm 129.8<br \/>\n<b>24.6<\/b> Leita Drottins Slm 9.11+ &#8211; leita auglits Drottins Slm 27.8; 105.4; H\u00f3s 5.15<br \/>\n<b>24.7<\/b> Hli\u00f0 musterisins Slm 118.19-20 \u2013 konungur d\u00fdr\u00f0arinnar kemur sbr 2Sam 6.12-16; 1Kon 8.1-6; Esk 44.2; Mal 3.1<br \/>\n<b>24.8<\/b> Konungur d\u00fdr\u00f0arinnar sbr 2M\u00f3s 24.16-17; 1Kor 2.8<\/div>\n","protected":false},"excerpt":{"rendered":"<p>1Dav\u00ed\u00f0ss\u00e1lmur. Drottni heyrir j\u00f6r\u00f0in og allt sem \u00e1 henni er, heimurinn og \u00feeir sem \u00ed honum b\u00faa.2\u00dev\u00ed a\u00f0 hann hefir grundvalla\u00f0 hana \u00e1 hafinu og fest hana \u00e1 v\u00f6tnunum.3Hver f\u00e6r a\u00f0 st\u00edga upp \u00e1 fjall Drottins, hver f\u00e6r a\u00f0 dveljast \u00e1 hans helga sta\u00f0?4S\u00e1 er hefir \u00f3flekka\u00f0ar hendur og hreint hjarta, eigi s\u00e6kist eftir h\u00e9g\u00f3ma og eigi vinnur rangan ei\u00f0.5Hann mun blessun hlj\u00f3ta fr\u00e1 Drottni og r\u00e9ttl\u00e6tingu fr\u00e1 Gu\u00f0i hj\u00e1lpr\u00e6\u00f0is s\u00edns.6\u00deessi er s\u00fa kynsl\u00f3\u00f0 er leitar Drottins, stundar eftir augliti \u00fe\u00ednu, \u00fe\u00fa Jakobs Gu\u00f0. Sela7\u00de\u00e9r hli\u00f0, lyfti\u00f0 h\u00f6f\u00f0um y\u00f0ar, hefji\u00f0 y\u00f0ur, \u00fe\u00e9r \u00f6ldnu dyr, a\u00f0 konungur d\u00fdr\u00f0arinnar megi inn ganga.8Hver <a href=\"https:\/\/biblian.is\/1981\/salmarnir-24-kafli\/\"> [&#8230;]<\/a><\/p>\n","protected":false},"author":1,"featured_media":0,"parent":0,"menu_order":0,"comment_status":"open","ping_status":"open","template":"bibliukaflar.php","meta":{"footnotes":""},"class_list":["post-1848","page","type-page","status-publish","hentry"],"_links":{"self":[{"href":"https:\/\/biblian.is\/1981\/wp-json\/wp\/v2\/pages\/1848","targetHints":{"allow":["GET"]}}],"collection":[{"href":"https:\/\/biblian.is\/1981\/wp-json\/wp\/v2\/pages"}],"about":[{"href":"https:\/\/biblian.is\/1981\/wp-json\/wp\/v2\/types\/page"}],"author":[{"embeddable":true,"href":"https:\/\/biblian.is\/1981\/wp-json\/wp\/v2\/users\/1"}],"replies":[{"embeddable":true,"href":"https:\/\/biblian.is\/1981\/wp-json\/wp\/v2\/comments?post=1848"}],"version-history":[{"count":0,"href":"https:\/\/biblian.is\/1981\/wp-json\/wp\/v2\/pages\/1848\/revisions"}],"wp:attachment":[{"href":"https:\/\/biblian.is\/1981\/wp-json\/wp\/v2\/media?parent=1848"}],"curies":[{"name":"wp","href":"https:\/\/api.w.org\/{rel}","templated":true}]}}