{"id":1847,"date":"2017-11-18T20:18:58","date_gmt":"2017-11-18T20:18:58","guid":{"rendered":"http:\/\/biblian.is\/1981\/salmarnir-23-kafli\/"},"modified":"2021-06-06T11:09:45","modified_gmt":"2021-06-06T11:09:45","slug":"salmarnir-23-kafli","status":"publish","type":"page","link":"https:\/\/biblian.is\/1981\/salmarnir-23-kafli\/","title":{"rendered":"S\u00e1lmarnir 23. kafli"},"content":{"rendered":"<p><a name=\"1\"><span class=\"versanumer\">1<\/span><\/a>Dav\u00ed\u00f0ss\u00e1lmur. Drottinn er minn hir\u00f0ir, mig mun ekkert bresta.<a name=\"2\"><span class=\"versanumer\">2<\/span><\/a>\u00c1 gr\u00e6num grundum l\u00e6tur hann mig hv\u00edlast, lei\u00f0ir mig a\u00f0 v\u00f6tnum, \u00fear sem \u00e9g m\u00e1 n\u00e6\u00f0is nj\u00f3ta.<a name=\"3\"><span class=\"versanumer\">3<\/span><\/a>Hann hressir s\u00e1l m\u00edna, lei\u00f0ir mig um r\u00e9tta vegu fyrir sakir nafns s\u00edns.<a name=\"4\"><span class=\"versanumer\">4<\/span><\/a>Jafnvel \u00fe\u00f3tt \u00e9g fari um dimman dal, \u00f3ttast \u00e9g ekkert illt, \u00fev\u00ed a\u00f0 \u00fe\u00fa ert hj\u00e1 m\u00e9r, sproti \u00feinn og stafur hugga mig.<a name=\"5\"><span class=\"versanumer\">5<\/span><\/a>\u00de\u00fa b\u00fdr m\u00e9r bor\u00f0 frammi fyrir fjendum m\u00ednum, \u00fe\u00fa smyr h\u00f6fu\u00f0 mitt me\u00f0 ol\u00edu, bikar minn er barmafullur.<a name=\"6\"><span class=\"versanumer\">6<\/span><\/a>J\u00e1, g\u00e6fa og n\u00e1\u00f0 fylgja m\u00e9r alla \u00e6vidaga m\u00edna, og \u00ed h\u00fasi Drottins b\u00fd \u00e9g langa \u00e6vi.<\/p>\n<div class=\"footnote1981\"><b>23.1<\/b> Drottinn, hir\u00f0ir Slm 28.9; 80.2; Esk 34.11-16; sbr J\u00f3h 10.11-16<br \/>\n<b>23.2<\/b> Hann lei\u00f0ir mig Slm 73.24; Okv 4.11<br \/>\n<b>23.3<\/b> Sakir nafns s\u00edns Slm 25.11; 31.4; 79.9; 106.8; 109.21; Jer 14.7; Esk 20.9<br \/>\n<b>23.5<\/b> Bor\u00f0 Slm 78.19 \u2013 me\u00f0 ol\u00edu Slm 92.11; 133.2; Pr\u00e9d 9.8<br \/>\n<b>23.6<\/b> N\u00e1\u00f0 Slm 17.7+ &#8211; \u00ed h\u00fasi Drottins Slm 27.4<\/div>\n","protected":false},"excerpt":{"rendered":"<p>1Dav\u00ed\u00f0ss\u00e1lmur. Drottinn er minn hir\u00f0ir, mig mun ekkert bresta.2\u00c1 gr\u00e6num grundum l\u00e6tur hann mig hv\u00edlast, lei\u00f0ir mig a\u00f0 v\u00f6tnum, \u00fear sem \u00e9g m\u00e1 n\u00e6\u00f0is nj\u00f3ta.3Hann hressir s\u00e1l m\u00edna, lei\u00f0ir mig um r\u00e9tta vegu fyrir sakir nafns s\u00edns.4Jafnvel \u00fe\u00f3tt \u00e9g fari um dimman dal, \u00f3ttast \u00e9g ekkert illt, \u00fev\u00ed a\u00f0 \u00fe\u00fa ert hj\u00e1 m\u00e9r, sproti \u00feinn og stafur hugga mig.5\u00de\u00fa b\u00fdr m\u00e9r bor\u00f0 frammi fyrir fjendum m\u00ednum, \u00fe\u00fa smyr h\u00f6fu\u00f0 mitt me\u00f0 ol\u00edu, bikar minn er barmafullur.6J\u00e1, g\u00e6fa og n\u00e1\u00f0 fylgja m\u00e9r alla \u00e6vidaga m\u00edna, og \u00ed h\u00fasi Drottins b\u00fd \u00e9g langa \u00e6vi. 23.1 Drottinn, hir\u00f0ir Slm 28.9; 80.2; Esk 34.11-16; <a href=\"https:\/\/biblian.is\/1981\/salmarnir-23-kafli\/\"> [&#8230;]<\/a><\/p>\n","protected":false},"author":1,"featured_media":0,"parent":0,"menu_order":0,"comment_status":"open","ping_status":"open","template":"bibliukaflar.php","meta":{"footnotes":""},"class_list":["post-1847","page","type-page","status-publish","hentry"],"_links":{"self":[{"href":"https:\/\/biblian.is\/1981\/wp-json\/wp\/v2\/pages\/1847","targetHints":{"allow":["GET"]}}],"collection":[{"href":"https:\/\/biblian.is\/1981\/wp-json\/wp\/v2\/pages"}],"about":[{"href":"https:\/\/biblian.is\/1981\/wp-json\/wp\/v2\/types\/page"}],"author":[{"embeddable":true,"href":"https:\/\/biblian.is\/1981\/wp-json\/wp\/v2\/users\/1"}],"replies":[{"embeddable":true,"href":"https:\/\/biblian.is\/1981\/wp-json\/wp\/v2\/comments?post=1847"}],"version-history":[{"count":0,"href":"https:\/\/biblian.is\/1981\/wp-json\/wp\/v2\/pages\/1847\/revisions"}],"wp:attachment":[{"href":"https:\/\/biblian.is\/1981\/wp-json\/wp\/v2\/media?parent=1847"}],"curies":[{"name":"wp","href":"https:\/\/api.w.org\/{rel}","templated":true}]}}