{"id":1846,"date":"2017-11-18T20:18:53","date_gmt":"2017-11-18T20:18:53","guid":{"rendered":"http:\/\/biblian.is\/1981\/salmarnir-22-kafli\/"},"modified":"2021-06-06T11:09:45","modified_gmt":"2021-06-06T11:09:45","slug":"salmarnir-22-kafli","status":"publish","type":"page","link":"https:\/\/biblian.is\/1981\/salmarnir-22-kafli\/","title":{"rendered":"S\u00e1lmarnir 22. kafli"},"content":{"rendered":"<p><a name=\"1\"><span class=\"versanumer\">1<\/span><\/a>Til s\u00f6ngstj\u00f3rans. Lag: Hind morgunro\u00f0ans. Dav\u00ed\u00f0ss\u00e1lmur.<a name=\"2\"><span class=\"versanumer\">2<\/span><\/a>Gu\u00f0 minn, Gu\u00f0 minn, hv\u00ed hefir \u00fe\u00fa yfirgefi\u00f0 mig? \u00c9g hr\u00f3pa, en hj\u00e1lp m\u00edn er fjarl\u00e6g.<a name=\"3\"><span class=\"versanumer\">3<\/span><\/a>Gu\u00f0 minn! hr\u00f3pa \u00e9g um daga, en \u00fe\u00fa svarar ekki, og um n\u00e6tur, en \u00e9g finn enga fr\u00f3.<a name=\"4\"><span class=\"versanumer\">4<\/span><\/a>Og samt ert \u00fe\u00fa Hinn heilagi, s\u00e1 er r\u00edkir uppi yfir lofs\u00f6ngvum \u00cdsraels.<a name=\"5\"><span class=\"versanumer\">5<\/span><\/a>\u00de\u00e9r treystu fe\u00f0ur vorir, \u00feeir treystu \u00fe\u00e9r, og \u00fe\u00fa hj\u00e1lpa\u00f0ir \u00feeim,<a name=\"6\"><span class=\"versanumer\">6<\/span><\/a>til \u00fe\u00edn hr\u00f3pu\u00f0u \u00feeir, og \u00feeim var bjarga\u00f0, \u00fe\u00e9r treystu \u00feeir og ur\u00f0u ekki til skammar.<a name=\"7\"><span class=\"versanumer\">7<\/span><\/a>En \u00e9g er ma\u00f0kur og eigi ma\u00f0ur, til spotts fyrir menn og fyrirlitinn af l\u00fd\u00f0num.<a name=\"8\"><span class=\"versanumer\">8<\/span><\/a>Allir \u00feeir er sj\u00e1 mig gj\u00f6ra gys a\u00f0 m\u00e9r, breg\u00f0a gr\u00f6num og hrista h\u00f6fu\u00f0i\u00f0.<a name=\"9\"><span class=\"versanumer\">9<\/span><\/a>Hann f\u00f3l m\u00e1lefni sitt Drottni. Hann hj\u00e1lpi honum! hann frelsi hann, \u00fev\u00ed a\u00f0 hann hefir \u00fe\u00f3knun \u00e1 honum!<a name=\"10\"><span class=\"versanumer\">10<\/span><\/a>J\u00e1, \u00fe\u00fa leiddir mig fram af m\u00f3\u00f0url\u00edfi, l\u00e9st mig liggja \u00f6ruggan vi\u00f0 brj\u00f3st m\u00f3\u00f0ur minnar.<a name=\"11\"><span class=\"versanumer\">11<\/span><\/a>Til \u00fe\u00edn var m\u00e9r varpa\u00f0 fr\u00e1 m\u00f3\u00f0urskauti, fr\u00e1 m\u00f3\u00f0url\u00edfi ert \u00fe\u00fa Gu\u00f0 minn.<a name=\"12\"><span class=\"versanumer\">12<\/span><\/a>Ver eigi fjarri m\u00e9r, \u00fev\u00ed a\u00f0 ney\u00f0in er n\u00e6rri, og enginn hj\u00e1lpar.<a name=\"13\"><span class=\"versanumer\">13<\/span><\/a>Sterk naut umkringja mig, Basans uxar sl\u00e1 hring um mig.<a name=\"14\"><span class=\"versanumer\">14<\/span><\/a>\u00deeir glenna upp gini\u00f0 \u00ed m\u00f3ti m\u00e9r sem br\u00e1\u00f0s\u00f3lgi\u00f0, \u00f6skrandi lj\u00f3n.<a name=\"15\"><span class=\"versanumer\">15<\/span><\/a>&#8222;M\u00e9r er hellt \u00fat sem vatni, og \u00f6ll bein m\u00edn eru gli\u00f0nu\u00f0 sundur; hjarta mitt er sem vax, br\u00e1\u00f0na\u00f0 sundur \u00ed brj\u00f3sti m\u00e9r;&#8220;<a name=\"16\"><span class=\"versanumer\">16<\/span><\/a>g\u00f3mur minn er \u00feurr sem brenndur leir, og tungan lo\u00f0ir f\u00f6st \u00ed munni m\u00e9r. Og \u00ed duft dau\u00f0ans leggur \u00fe\u00fa mig.<a name=\"17\"><span class=\"versanumer\">17<\/span><\/a>\u00dev\u00ed a\u00f0 hundar umkringja mig, h\u00f3pur illvirkja sl\u00e6r hring um mig, hendur m\u00ednar og f\u00e6tur hafa \u00feeir gegnumstungi\u00f0.<a name=\"18\"><span class=\"versanumer\">18<\/span><\/a>\u00c9g get tali\u00f0 \u00f6ll m\u00edn bein \u00feeir horfa \u00e1 og hafa mig a\u00f0 augnagamni,<a name=\"19\"><span class=\"versanumer\">19<\/span><\/a>\u00feeir skipta me\u00f0 s\u00e9r kl\u00e6\u00f0um m\u00ednum og kasta hlut um kyrtil minn.<a name=\"20\"><span class=\"versanumer\">20<\/span><\/a>En \u00fe\u00fa, \u00f3 Drottinn, ver eigi fjarri! \u00fe\u00fa styrkur minn, skunda m\u00e9r til hj\u00e1lpar,<a name=\"21\"><span class=\"versanumer\">21<\/span><\/a>frelsa l\u00edf mitt undan sver\u00f0inu og s\u00e1l m\u00edna undan hundunum.<a name=\"22\"><span class=\"versanumer\">22<\/span><\/a>Frelsa mig \u00far gini lj\u00f3nsins, fr\u00e1 hornum v\u00edsundarins. \u00de\u00fa hefir b\u00e6nheyrt mig!<a name=\"23\"><span class=\"versanumer\">23<\/span><\/a>\u00c9g vil kunngj\u00f6ra br\u00e6\u00f0rum m\u00ednum nafn \u00feitt, \u00ed s\u00f6fnu\u00f0inum vil \u00e9g lofa \u00feig!<a name=\"24\"><span class=\"versanumer\">24<\/span><\/a>\u00de\u00e9r sem \u00f3ttist Drottin, lofi\u00f0 hann! Tigni\u00f0 hann, allir ni\u00f0jar Jakobs! D\u00fdrki\u00f0 hann, allir ni\u00f0jar \u00cdsraels!<a name=\"25\"><span class=\"versanumer\">25<\/span><\/a>\u00dev\u00ed a\u00f0 hann hefir eigi fyrirliti\u00f0 n\u00e9 virt a\u00f0 vettugi ney\u00f0 hins hrj\u00e1\u00f0a og eigi huli\u00f0 auglit sitt fyrir honum, heldur heyrt, er hann hr\u00f3pa\u00f0i til hans.<a name=\"26\"><span class=\"versanumer\">26<\/span><\/a>Fr\u00e1 \u00fe\u00e9r kemur lofs\u00f6ngur minn \u00ed st\u00f3rum s\u00f6fnu\u00f0i, heit m\u00edn vil \u00e9g efna frammi fyrir \u00feeim er \u00f3ttast hann.<a name=\"27\"><span class=\"versanumer\">27<\/span><\/a>Snau\u00f0ir munu eta og ver\u00f0a mettir, \u00feeir er leita Drottins munu lofa hann. Hj\u00f6rtu y\u00f0ar lifni vi\u00f0 a\u00f0 eil\u00edfu.<a name=\"28\"><span class=\"versanumer\">28<\/span><\/a>Endim\u00f6rk jar\u00f0ar munu minnast \u00feess og hverfa aftur til Drottins og allar \u00e6ttir \u00fej\u00f3\u00f0anna falla fram fyrir augliti hans.<a name=\"29\"><span class=\"versanumer\">29<\/span><\/a>\u00dev\u00ed a\u00f0 r\u00edki\u00f0 heyrir Drottni, og hann er drottnari yfir \u00fej\u00f3\u00f0unum.<a name=\"30\"><span class=\"versanumer\">30<\/span><\/a>J\u00e1, fyrir honum munu \u00f6ll st\u00f3rmenni jar\u00f0ar falla fram, fyrir honum munu beygja sig allir \u00feeir er hn\u00edga \u00ed dufti\u00f0. En \u00e9g vil lifa honum,<a name=\"31\"><span class=\"versanumer\">31<\/span><\/a>ni\u00f0jar m\u00ednir munu \u00fej\u00f3na honum. Komandi kynsl\u00f3\u00f0um mun sagt ver\u00f0a fr\u00e1 Drottni,<a name=\"32\"><span class=\"versanumer\">32<\/span><\/a>og l\u00fd\u00f0 sem enn er \u00f3f\u00e6ddur mun bo\u00f0a\u00f0 r\u00e9ttl\u00e6ti hans, a\u00f0 hann hefir framkv\u00e6mt \u00fea\u00f0.<\/p>\n<div class=\"footnote1981\"><b>22.2<\/b> Gu\u00f0 minn Matt 27.46 og hlst. \u2013 yfirgefi\u00f0 Slm 38.22; 71.18; Jes 54.7<br \/>\n<b>22.4<\/b> Hinn heilagi Jes 6.3+<br \/>\n<b>22.6<\/b> Hr\u00f3pa til Drottins Slm 6.5+ ; D\u00f3m 3.9,15 \u2013 Br\u00e1st ekki Slm 31.2+<br \/>\n<b>22.7<\/b> Ma\u00f0kur Jes 41.14; Job 25.6 \u2013 ekki ma\u00f0ur Jes 53.3<br \/>\n<b>22.8<\/b> Gys Matt 27.29 og hlst. \u2013 hrista h\u00f6fu\u00f0i\u00f0 Matt 27.39 og hlst.; Slm 64.9; 109.25; Hlj 2.15<br \/>\n<b>22.9<\/b> Gu\u00f0 frelsa\u00f0i hann Matt 27.43 og hlst.; sbr SSal 2.18; Slm 3.3+ &#8211; f\u00f3l Drottni Slm 37.5; Okv 16.3<br \/>\n<b>22.10<\/b> Af m\u00f3\u00f0url\u00edfi Slm 71.6; sbr 139.13<br \/>\n<b>22.11<\/b> Til \u00fe\u00edn var m\u00e9r varpa\u00f0 sbr 1M\u00f3s 30.3; 48.12; Job 3.12 \u2013 \u00fe\u00fa ert Gu\u00f0 minn Slm 31.15; 63.2; 118.28; 140.7; 143.10; sbr 18.3<br \/>\n<b>22.12<\/b> Ver eigi fjarri m\u00e9r Slm 35.22; 38.22; 71.12 \u2013 hj\u00e1lpa Slm 40.14<br \/>\n<b>22.13<\/b> Basan Am 4.1+<br \/>\n<b>22.14<\/b> Lj\u00f3n Slm 17.12; 57.2<br \/>\n<b>22.15-16<\/b> Dau\u00f0astr\u00ed\u00f0i\u00f0 Slm 102.4-6<br \/>\n<b>22.17<\/b> Hundar Slm 59.7,15<br \/>\n<b>22.19<\/b> Kasta hlut um Matt 27.35 og hlst.<br \/>\n<b>22.20<\/b> Skunda til hj\u00e1lpar Slm 38.23; 40.14; 70.2; 71.12; 109.26<br \/>\n<b>22.21<\/b> Frelsa l\u00edf mitt Slm 35.17<br \/>\n<b>22.23<\/b> \u00cd s\u00f6fnu\u00f0inum Heb 2.12; sbr Slm 35.18; 40.10<br \/>\n<b>22.24<\/b> \u00d3ttast Drottinn Slm 15.4+<br \/>\n<b>22.26<\/b> \u00cd st\u00f3rum s\u00f6fnu\u00f0i Slm 35.18+<br \/>\n<b>22.27<\/b> Leita Drottins Slm 9.11+ &#8211; hj\u00f6rtu y\u00f0ar lifi Slm 69.33<br \/>\n<b>22.28<\/b> Endim\u00f6rk jar\u00f0ar Slm 72.8-11; Jer 16.19-20<br \/>\n<b>22.29<\/b> R\u00edki\u00f0 er Drottins Slm 103.19; \u00d3b 21; Opb 11.15; sbr Slm 93.1<br \/>\n<b>22.30<\/b> Hn\u00edga \u00ed dufti\u00f0 Slm 28.1; 30.4; 88.5; 143.7; 4M\u00f3s 16.33; Esk 26.20-21<br \/>\n<b>22.32<\/b> Sagt fr\u00e1 Drottni Slm 48.14; 71.18; 78.6; 102.19<\/div>\n","protected":false},"excerpt":{"rendered":"<p>1Til s\u00f6ngstj\u00f3rans. Lag: Hind morgunro\u00f0ans. Dav\u00ed\u00f0ss\u00e1lmur.2Gu\u00f0 minn, Gu\u00f0 minn, hv\u00ed hefir \u00fe\u00fa yfirgefi\u00f0 mig? \u00c9g hr\u00f3pa, en hj\u00e1lp m\u00edn er fjarl\u00e6g.3Gu\u00f0 minn! hr\u00f3pa \u00e9g um daga, en \u00fe\u00fa svarar ekki, og um n\u00e6tur, en \u00e9g finn enga fr\u00f3.4Og samt ert \u00fe\u00fa Hinn heilagi, s\u00e1 er r\u00edkir uppi yfir lofs\u00f6ngvum \u00cdsraels.5\u00de\u00e9r treystu fe\u00f0ur vorir, \u00feeir treystu \u00fe\u00e9r, og \u00fe\u00fa hj\u00e1lpa\u00f0ir \u00feeim,6til \u00fe\u00edn hr\u00f3pu\u00f0u \u00feeir, og \u00feeim var bjarga\u00f0, \u00fe\u00e9r treystu \u00feeir og ur\u00f0u ekki til skammar.7En \u00e9g er ma\u00f0kur og eigi ma\u00f0ur, til spotts fyrir menn og fyrirlitinn af l\u00fd\u00f0num.8Allir \u00feeir er sj\u00e1 mig gj\u00f6ra gys a\u00f0 m\u00e9r, breg\u00f0a gr\u00f6num og <a href=\"https:\/\/biblian.is\/1981\/salmarnir-22-kafli\/\"> [&#8230;]<\/a><\/p>\n","protected":false},"author":1,"featured_media":0,"parent":0,"menu_order":0,"comment_status":"open","ping_status":"open","template":"bibliukaflar.php","meta":{"footnotes":""},"class_list":["post-1846","page","type-page","status-publish","hentry"],"_links":{"self":[{"href":"https:\/\/biblian.is\/1981\/wp-json\/wp\/v2\/pages\/1846","targetHints":{"allow":["GET"]}}],"collection":[{"href":"https:\/\/biblian.is\/1981\/wp-json\/wp\/v2\/pages"}],"about":[{"href":"https:\/\/biblian.is\/1981\/wp-json\/wp\/v2\/types\/page"}],"author":[{"embeddable":true,"href":"https:\/\/biblian.is\/1981\/wp-json\/wp\/v2\/users\/1"}],"replies":[{"embeddable":true,"href":"https:\/\/biblian.is\/1981\/wp-json\/wp\/v2\/comments?post=1846"}],"version-history":[{"count":0,"href":"https:\/\/biblian.is\/1981\/wp-json\/wp\/v2\/pages\/1846\/revisions"}],"wp:attachment":[{"href":"https:\/\/biblian.is\/1981\/wp-json\/wp\/v2\/media?parent=1846"}],"curies":[{"name":"wp","href":"https:\/\/api.w.org\/{rel}","templated":true}]}}