{"id":1845,"date":"2017-11-18T20:18:53","date_gmt":"2017-11-18T20:18:53","guid":{"rendered":"http:\/\/biblian.is\/1981\/salmarnir-21-kafli\/"},"modified":"2021-06-06T11:09:45","modified_gmt":"2021-06-06T11:09:45","slug":"salmarnir-21-kafli","status":"publish","type":"page","link":"https:\/\/biblian.is\/1981\/salmarnir-21-kafli\/","title":{"rendered":"S\u00e1lmarnir 21. kafli"},"content":{"rendered":"<p><a name=\"1\"><span class=\"versanumer\">1<\/span><\/a>Til s\u00f6ngstj\u00f3rans. Dav\u00ed\u00f0ss\u00e1lmur.<a name=\"2\"><span class=\"versanumer\">2<\/span><\/a>Drottinn, yfir veldi \u00fe\u00ednu fagnar konungurinn, hve mj\u00f6g k\u00e6tist hann yfir hj\u00e1lp \u00feinni!<a name=\"3\"><span class=\"versanumer\">3<\/span><\/a>\u00de\u00fa hefir gefi\u00f0 honum \u00fea\u00f0 er hjarta hans \u00fer\u00e1\u00f0i, um \u00fea\u00f0 sem varir hans b\u00e1\u00f0u, neita\u00f0ir \u00fe\u00fa honum eigi.  Sela<a name=\"4\"><span class=\"versanumer\">4<\/span><\/a>\u00dev\u00ed a\u00f0 \u00fe\u00fa kemur \u00ed m\u00f3ti honum me\u00f0 hamingjublessunum, setur gullna k\u00f3r\u00f3nu \u00e1 h\u00f6fu\u00f0 honum.<a name=\"5\"><span class=\"versanumer\">5<\/span><\/a>Um l\u00edf ba\u00f0 hann \u00feig, \u00fea\u00f0 veittir \u00fe\u00fa honum, fj\u00f6ld l\u00edfdaga um aldur og \u00e6vi.<a name=\"6\"><span class=\"versanumer\">6<\/span><\/a>Mikil er s\u00e6md hans fyrir \u00fe\u00edna hj\u00e1lp, vegsemd og hei\u00f0ur veittir \u00fe\u00fa honum.<a name=\"7\"><span class=\"versanumer\">7<\/span><\/a>J\u00e1, \u00fe\u00fa hefir veitt honum blessun a\u00f0 eil\u00edfu, \u00fe\u00fa gle\u00f0ur hann me\u00f0 f\u00f6gnu\u00f0i fyrir augliti \u00fe\u00ednu.<a name=\"8\"><span class=\"versanumer\">8<\/span><\/a>\u00dev\u00ed a\u00f0 konungurinn treystir Drottni, og vegna elsku Hins h\u00e6sta bifast hann eigi.<a name=\"9\"><span class=\"versanumer\">9<\/span><\/a>H\u00f6nd \u00fe\u00edn n\u00e6r til allra \u00f3vina \u00feinna, h\u00e6gri h\u00f6nd \u00fe\u00edn n\u00e6r til allra hatursmanna \u00feinna.<a name=\"10\"><span class=\"versanumer\">10<\/span><\/a>\u00de\u00fa gj\u00f6rir \u00fe\u00e1 sem gl\u00f3andi ofn, er \u00fe\u00fa l\u00edtur \u00e1 \u00fe\u00e1. Drottinn tort\u00edmir \u00feeim \u00ed rei\u00f0i sinni, og eldurinn ey\u00f0ir \u00feeim.<a name=\"11\"><span class=\"versanumer\">11<\/span><\/a>\u00c1v\u00f6xtu \u00feeirra afm\u00e1ir \u00fe\u00fa af j\u00f6r\u00f0unni og afkv\u00e6mi \u00feeirra \u00far mannheimi,<a name=\"12\"><span class=\"versanumer\">12<\/span><\/a>\u00fev\u00ed a\u00f0 \u00feeir hafa stofna\u00f0 ill r\u00e1\u00f0 \u00ed gegn \u00fe\u00e9r, b\u00fai\u00f0 f\u00e1n\u00fdtar v\u00e9lar.<a name=\"13\"><span class=\"versanumer\">13<\/span><\/a>\u00dev\u00ed a\u00f0 \u00fe\u00fa rekur \u00fe\u00e1 \u00e1 fl\u00f3tta, mi\u00f0ar \u00e1 andlit \u00feeirra me\u00f0 boga \u00fe\u00ednum.<a name=\"14\"><span class=\"versanumer\">14<\/span><\/a>Hef \u00feig, Drottinn, \u00ed veldi \u00fe\u00ednu! V\u00e9r viljum syngja og kve\u00f0a um m\u00e1ttarverk \u00fe\u00edn!<\/p>\n<div class=\"footnote1981\"><b>21.2<\/b> Konungurinn fagnar Slm 63.12<br \/>\n<b>21.5<\/b> Hann ba\u00f0 \u00feig Slm 2.8 \u2013 fj\u00f6ld l\u00edfdaga Slm 61.8; 1Kon 3.14; 2Kon 3.14; 20.1-7 \u2013 um aldur og \u00e6vi Slm 89.37-38<br \/>\n<b>21.6<\/b> Vegsemd og tign Slm 45.4; 96.6<br \/>\n<b>21.7<\/b> Veitt blessun 1M\u00f3s 12.2-3; sbr Slm 72.17<br \/>\n<b>21.8<\/b> Treysta Drottni Slm 9.11+ ; 55.24+ &#8211; n\u00e1\u00f0, tr\u00fafesti Slm 61.8; 89.2; 2Sam 7.15; Okv 20.28<br \/>\n<b>21.13<\/b> Fl\u00f3tti \u00f3vinanna Slm 18.41<br \/>\n<b>21.14<\/b> R\u00eds upp Slm 7.7; 57.6,12<\/div>\n","protected":false},"excerpt":{"rendered":"<p>1Til s\u00f6ngstj\u00f3rans. Dav\u00ed\u00f0ss\u00e1lmur.2Drottinn, yfir veldi \u00fe\u00ednu fagnar konungurinn, hve mj\u00f6g k\u00e6tist hann yfir hj\u00e1lp \u00feinni!3\u00de\u00fa hefir gefi\u00f0 honum \u00fea\u00f0 er hjarta hans \u00fer\u00e1\u00f0i, um \u00fea\u00f0 sem varir hans b\u00e1\u00f0u, neita\u00f0ir \u00fe\u00fa honum eigi. Sela4\u00dev\u00ed a\u00f0 \u00fe\u00fa kemur \u00ed m\u00f3ti honum me\u00f0 hamingjublessunum, setur gullna k\u00f3r\u00f3nu \u00e1 h\u00f6fu\u00f0 honum.5Um l\u00edf ba\u00f0 hann \u00feig, \u00fea\u00f0 veittir \u00fe\u00fa honum, fj\u00f6ld l\u00edfdaga um aldur og \u00e6vi.6Mikil er s\u00e6md hans fyrir \u00fe\u00edna hj\u00e1lp, vegsemd og hei\u00f0ur veittir \u00fe\u00fa honum.7J\u00e1, \u00fe\u00fa hefir veitt honum blessun a\u00f0 eil\u00edfu, \u00fe\u00fa gle\u00f0ur hann me\u00f0 f\u00f6gnu\u00f0i fyrir augliti \u00fe\u00ednu.8\u00dev\u00ed a\u00f0 konungurinn treystir Drottni, og vegna elsku Hins h\u00e6sta bifast hann <a href=\"https:\/\/biblian.is\/1981\/salmarnir-21-kafli\/\"> [&#8230;]<\/a><\/p>\n","protected":false},"author":1,"featured_media":0,"parent":0,"menu_order":0,"comment_status":"open","ping_status":"open","template":"bibliukaflar.php","meta":{"footnotes":""},"class_list":["post-1845","page","type-page","status-publish","hentry"],"_links":{"self":[{"href":"https:\/\/biblian.is\/1981\/wp-json\/wp\/v2\/pages\/1845","targetHints":{"allow":["GET"]}}],"collection":[{"href":"https:\/\/biblian.is\/1981\/wp-json\/wp\/v2\/pages"}],"about":[{"href":"https:\/\/biblian.is\/1981\/wp-json\/wp\/v2\/types\/page"}],"author":[{"embeddable":true,"href":"https:\/\/biblian.is\/1981\/wp-json\/wp\/v2\/users\/1"}],"replies":[{"embeddable":true,"href":"https:\/\/biblian.is\/1981\/wp-json\/wp\/v2\/comments?post=1845"}],"version-history":[{"count":0,"href":"https:\/\/biblian.is\/1981\/wp-json\/wp\/v2\/pages\/1845\/revisions"}],"wp:attachment":[{"href":"https:\/\/biblian.is\/1981\/wp-json\/wp\/v2\/media?parent=1845"}],"curies":[{"name":"wp","href":"https:\/\/api.w.org\/{rel}","templated":true}]}}