{"id":1844,"date":"2017-11-18T20:18:53","date_gmt":"2017-11-18T20:18:53","guid":{"rendered":"http:\/\/biblian.is\/1981\/salmarnir-20-kafli\/"},"modified":"2021-06-06T11:09:44","modified_gmt":"2021-06-06T11:09:44","slug":"salmarnir-20-kafli","status":"publish","type":"page","link":"https:\/\/biblian.is\/1981\/salmarnir-20-kafli\/","title":{"rendered":"S\u00e1lmarnir 20. kafli"},"content":{"rendered":"<p><a name=\"1\"><span class=\"versanumer\">1<\/span><\/a>Til s\u00f6ngstj\u00f3rans. Dav\u00ed\u00f0ss\u00e1lmur.<a name=\"2\"><span class=\"versanumer\">2<\/span><\/a>Drottinn b\u00e6nheyri \u00feig \u00e1 degi ney\u00f0arinnar, nafn Jakobs Gu\u00f0s bjargi \u00fe\u00e9r.<a name=\"3\"><span class=\"versanumer\">3<\/span><\/a>Hann sendi \u00fe\u00e9r hj\u00e1lp fr\u00e1 helgid\u00f3minum, sty\u00f0ji \u00feig fr\u00e1 S\u00edon.<a name=\"4\"><span class=\"versanumer\">4<\/span><\/a>Hann minnist allra f\u00f3rnargjafa \u00feinna og taki brennif\u00f3rn \u00fe\u00edna gilda.  Sela<a name=\"5\"><span class=\"versanumer\">5<\/span><\/a>Hann veiti \u00fe\u00e9r \u00fea\u00f0 er hjarta \u00feitt \u00fer\u00e1ir, og veiti framgang \u00f6llum \u00e1formum \u00fe\u00ednum.<a name=\"6\"><span class=\"versanumer\">6<\/span><\/a>\u00d3 a\u00f0 v\u00e9r m\u00e6ttum fagna yfir sigri \u00fe\u00ednum og veifa f\u00e1nanum \u00ed nafni Gu\u00f0s vors. Drottinn uppfylli allar \u00f3skir \u00fe\u00ednar.<a name=\"7\"><span class=\"versanumer\">7<\/span><\/a>N\u00fa veit \u00e9g, a\u00f0 Drottinn veitir hj\u00e1lp s\u00ednum smur\u00f0a, svarar honum fr\u00e1 s\u00ednum helga himni, \u00ed m\u00e1ttarverkum kemur fulltingi h\u00e6gri handar hans fram.<a name=\"8\"><span class=\"versanumer\">8<\/span><\/a>Hinir st\u00e6ra sig af v\u00f6gnum s\u00ednum og str\u00ed\u00f0shestum, en v\u00e9r af nafni Drottins, Gu\u00f0s vors.<a name=\"9\"><span class=\"versanumer\">9<\/span><\/a>\u00deeir f\u00e1 kn\u00e9sig og falla, en v\u00e9r r\u00edsum og st\u00f6ndum uppr\u00e9ttir.<a name=\"10\"><span class=\"versanumer\">10<\/span><\/a>Drottinn! Hj\u00e1lpa konunginum og b\u00e6nheyr oss, er v\u00e9r hr\u00f3pum.<\/p>\n<div class=\"footnote1981\"><b>20.2<\/b> \u00c1 degi ney\u00f0arinnar Slm 77.3+<br \/>\n<b>20.3<\/b> Fr\u00e1 S\u00edon Slm 14.7; 110.2; 128.5; 133.3; 134.3; sbr 2.6; 118.26 \u2013 sty\u00f0ji \u00feig Slm 18.36; Jes 9.6<br \/>\n<b>20.5<\/b> Er \u00fe\u00fa \u00fer\u00e1ir Slm 21.3<br \/>\n<b>20.7<\/b> Hinn smur\u00f0i Slm 2.2+<br \/>\n<b>20.8<\/b> Vagnar og str\u00ed\u00f0shestar Slm 33.16-17+ ; H\u00f3s 1.7+ ; sbr 2Kro 20.15 \u2013 nafn Drottins, Gu\u00f0s vors Slm 124.8+<br \/>\n<b>20.9<\/b> Falla e\u00f0a standa uppr\u00e9ttur Jes 40.30-31<br \/>\n<b>20.10<\/b> Veita sigur Slm 118.25<\/div>\n","protected":false},"excerpt":{"rendered":"<p>1Til s\u00f6ngstj\u00f3rans. Dav\u00ed\u00f0ss\u00e1lmur.2Drottinn b\u00e6nheyri \u00feig \u00e1 degi ney\u00f0arinnar, nafn Jakobs Gu\u00f0s bjargi \u00fe\u00e9r.3Hann sendi \u00fe\u00e9r hj\u00e1lp fr\u00e1 helgid\u00f3minum, sty\u00f0ji \u00feig fr\u00e1 S\u00edon.4Hann minnist allra f\u00f3rnargjafa \u00feinna og taki brennif\u00f3rn \u00fe\u00edna gilda. Sela5Hann veiti \u00fe\u00e9r \u00fea\u00f0 er hjarta \u00feitt \u00fer\u00e1ir, og veiti framgang \u00f6llum \u00e1formum \u00fe\u00ednum.6\u00d3 a\u00f0 v\u00e9r m\u00e6ttum fagna yfir sigri \u00fe\u00ednum og veifa f\u00e1nanum \u00ed nafni Gu\u00f0s vors. Drottinn uppfylli allar \u00f3skir \u00fe\u00ednar.7N\u00fa veit \u00e9g, a\u00f0 Drottinn veitir hj\u00e1lp s\u00ednum smur\u00f0a, svarar honum fr\u00e1 s\u00ednum helga himni, \u00ed m\u00e1ttarverkum kemur fulltingi h\u00e6gri handar hans fram.8Hinir st\u00e6ra sig af v\u00f6gnum s\u00ednum og str\u00ed\u00f0shestum, en v\u00e9r af nafni Drottins, Gu\u00f0s vors.9\u00deeir <a href=\"https:\/\/biblian.is\/1981\/salmarnir-20-kafli\/\"> [&#8230;]<\/a><\/p>\n","protected":false},"author":1,"featured_media":0,"parent":0,"menu_order":0,"comment_status":"open","ping_status":"open","template":"bibliukaflar.php","meta":{"footnotes":""},"class_list":["post-1844","page","type-page","status-publish","hentry"],"_links":{"self":[{"href":"https:\/\/biblian.is\/1981\/wp-json\/wp\/v2\/pages\/1844","targetHints":{"allow":["GET"]}}],"collection":[{"href":"https:\/\/biblian.is\/1981\/wp-json\/wp\/v2\/pages"}],"about":[{"href":"https:\/\/biblian.is\/1981\/wp-json\/wp\/v2\/types\/page"}],"author":[{"embeddable":true,"href":"https:\/\/biblian.is\/1981\/wp-json\/wp\/v2\/users\/1"}],"replies":[{"embeddable":true,"href":"https:\/\/biblian.is\/1981\/wp-json\/wp\/v2\/comments?post=1844"}],"version-history":[{"count":0,"href":"https:\/\/biblian.is\/1981\/wp-json\/wp\/v2\/pages\/1844\/revisions"}],"wp:attachment":[{"href":"https:\/\/biblian.is\/1981\/wp-json\/wp\/v2\/media?parent=1844"}],"curies":[{"name":"wp","href":"https:\/\/api.w.org\/{rel}","templated":true}]}}