{"id":1843,"date":"2017-11-18T20:18:53","date_gmt":"2017-11-18T20:18:53","guid":{"rendered":"http:\/\/biblian.is\/1981\/salmarnir-19-kafli\/"},"modified":"2021-06-06T11:07:58","modified_gmt":"2021-06-06T11:07:58","slug":"salmarnir-19-kafli","status":"publish","type":"page","link":"https:\/\/biblian.is\/1981\/salmarnir-19-kafli\/","title":{"rendered":"S\u00e1lmarnir 19. kafli"},"content":{"rendered":"<p><a name=\"1\"><span class=\"versanumer\">1<\/span><\/a>Til s\u00f6ngstj\u00f3rans. Dav\u00ed\u00f0ss\u00e1lmur.<a name=\"2\"><span class=\"versanumer\">2<\/span><\/a>Himnarnir segja fr\u00e1 Gu\u00f0s d\u00fdr\u00f0, og festingin kunngj\u00f6rir verkin hans handa.<a name=\"3\"><span class=\"versanumer\">3<\/span><\/a>Hver dagurinn kennir \u00f6\u00f0rum, hver n\u00f3ttin bo\u00f0ar annarri speki.<a name=\"4\"><span class=\"versanumer\">4<\/span><\/a>Engin r\u00e6\u00f0a, engin or\u00f0, ekki heyrist raust \u00feeirra.<a name=\"5\"><span class=\"versanumer\">5<\/span><\/a>Og \u00fe\u00f3 fer hlj\u00f3mur \u00feeirra um alla j\u00f6r\u00f0ina, og or\u00f0 \u00feeirra n\u00e1 til endimarka heims. \u00dear reisti hann r\u00f6\u00f0linum tjald.<a name=\"6\"><span class=\"versanumer\">6<\/span><\/a>Hann er sem br\u00fa\u00f0guminn, er gengur \u00fat \u00far svefnh\u00fasi s\u00ednu, hlakkar sem hetja til a\u00f0 renna skei\u00f0 sitt.<a name=\"7\"><span class=\"versanumer\">7<\/span><\/a>Vi\u00f0 takm\u00f6rk himins rennur hann upp, og hringfer\u00f0 hans n\u00e6r til enda himins, og ekkert dylst fyrir geislagl\u00f3\u00f0 hans.<a name=\"8\"><span class=\"versanumer\">8<\/span><\/a>L\u00f6gm\u00e1l Drottins er l\u00fdtalaust, hressir s\u00e1lina, vitnisbur\u00f0ur Drottins er \u00e1rei\u00f0anlegur, gj\u00f6rir hinn f\u00e1v\u00edsa vitran.<a name=\"9\"><span class=\"versanumer\">9<\/span><\/a>Fyrirm\u00e6li Drottins eru r\u00e9tt, gle\u00f0ja hjarta\u00f0. Bo\u00f0or\u00f0 Drottins eru sk\u00edr, h\u00fdrga augun.<a name=\"10\"><span class=\"versanumer\">10<\/span><\/a>\u00d3tti Drottins er hreinn, varir a\u00f0 eil\u00edfu. \u00c1kv\u00e6\u00f0i Drottins eru sannleikur, eru \u00f6ll r\u00e9ttl\u00e1t.<a name=\"11\"><span class=\"versanumer\">11<\/span><\/a>\u00deau eru d\u00fdrm\u00e6tari heldur en gull, j\u00e1, gn\u00f3ttir af sk\u00edru gulli, og s\u00e6tari en hunang, j\u00e1, hunangsseimur.<a name=\"12\"><span class=\"versanumer\">12<\/span><\/a>\u00dej\u00f3nn \u00feinn var\u00f0veitir \u00feau kostg\u00e6filega, a\u00f0 halda \u00feau hefir mikil laun \u00ed f\u00f6r me\u00f0 s\u00e9r.<a name=\"13\"><span class=\"versanumer\">13<\/span><\/a>En hver ver\u00f0ur var vi\u00f0 yfirsj\u00f3nirnar? S\u00fdkna mig af leyndum brotum!<a name=\"14\"><span class=\"versanumer\">14<\/span><\/a>Og var\u00f0veit \u00fej\u00f3n \u00feinn fyrir ofstopam\u00f6nnum, l\u00e1t \u00fe\u00e1 eigi drottna yfir m\u00e9r. \u00de\u00e1 ver\u00f0 \u00e9g l\u00fdtalaus og s\u00fdkna\u00f0ur af miklu afbroti.<a name=\"15\"><span class=\"versanumer\">15<\/span><\/a>\u00d3 a\u00f0 or\u00f0in af munni m\u00ednum yr\u00f0u \u00fe\u00e9r \u00fe\u00f3knanleg og hugsanir hjarta m\u00edns k\u00e6mu fram fyrir auglit \u00feitt, \u00fe\u00fa Drottinn, hellubjarg mitt og frelsari!<\/p>\n<div class=\"footnote1981\"><b>19.2<\/b> Bo\u00f0skapur himnanna  Slm 50.6; 89:6; 96.11; 97.6; sbr R\u00f3m 1.20<br \/>\n<b>19.5<\/b> Um alla j\u00f6r\u00f0ina R\u00f3m 10.18<br \/>\n<b>19.5-7<\/b> R\u00f6\u00f0ull S\u00edr 43.1-5<br \/>\n<b>19.8<\/b> L\u00f6gm\u00e1l Drottins Slm 119 \u2013 vitnisbur\u00f0ur Drottins sbr Slm 93.5<br \/>\n<b>19.10<\/b> \u00d3tti Drottins Slm 111.10; Job 28.28; Okv 1.7; 9.10; 10.27; 14.27; 19.23; Jes 33.6 \u2013 hreinn Slm 12.7; Jak 1.27<br \/>\n<b>19.11<\/b> Gull Slm 119.127 \u2013 s\u00e6tari en hunang Slm 119.103<br \/>\n<b>19.15<\/b> Bjarg Slm 28.1+<\/div>\n","protected":false},"excerpt":{"rendered":"<p>1Til s\u00f6ngstj\u00f3rans. Dav\u00ed\u00f0ss\u00e1lmur.2Himnarnir segja fr\u00e1 Gu\u00f0s d\u00fdr\u00f0, og festingin kunngj\u00f6rir verkin hans handa.3Hver dagurinn kennir \u00f6\u00f0rum, hver n\u00f3ttin bo\u00f0ar annarri speki.4Engin r\u00e6\u00f0a, engin or\u00f0, ekki heyrist raust \u00feeirra.5Og \u00fe\u00f3 fer hlj\u00f3mur \u00feeirra um alla j\u00f6r\u00f0ina, og or\u00f0 \u00feeirra n\u00e1 til endimarka heims. \u00dear reisti hann r\u00f6\u00f0linum tjald.6Hann er sem br\u00fa\u00f0guminn, er gengur \u00fat \u00far svefnh\u00fasi s\u00ednu, hlakkar sem hetja til a\u00f0 renna skei\u00f0 sitt.7Vi\u00f0 takm\u00f6rk himins rennur hann upp, og hringfer\u00f0 hans n\u00e6r til enda himins, og ekkert dylst fyrir geislagl\u00f3\u00f0 hans.8L\u00f6gm\u00e1l Drottins er l\u00fdtalaust, hressir s\u00e1lina, vitnisbur\u00f0ur Drottins er \u00e1rei\u00f0anlegur, gj\u00f6rir hinn f\u00e1v\u00edsa vitran.9Fyrirm\u00e6li Drottins eru r\u00e9tt, gle\u00f0ja hjarta\u00f0. <a href=\"https:\/\/biblian.is\/1981\/salmarnir-19-kafli\/\"> [&#8230;]<\/a><\/p>\n","protected":false},"author":1,"featured_media":0,"parent":0,"menu_order":0,"comment_status":"open","ping_status":"open","template":"bibliukaflar.php","meta":{"footnotes":""},"class_list":["post-1843","page","type-page","status-publish","hentry"],"_links":{"self":[{"href":"https:\/\/biblian.is\/1981\/wp-json\/wp\/v2\/pages\/1843","targetHints":{"allow":["GET"]}}],"collection":[{"href":"https:\/\/biblian.is\/1981\/wp-json\/wp\/v2\/pages"}],"about":[{"href":"https:\/\/biblian.is\/1981\/wp-json\/wp\/v2\/types\/page"}],"author":[{"embeddable":true,"href":"https:\/\/biblian.is\/1981\/wp-json\/wp\/v2\/users\/1"}],"replies":[{"embeddable":true,"href":"https:\/\/biblian.is\/1981\/wp-json\/wp\/v2\/comments?post=1843"}],"version-history":[{"count":0,"href":"https:\/\/biblian.is\/1981\/wp-json\/wp\/v2\/pages\/1843\/revisions"}],"wp:attachment":[{"href":"https:\/\/biblian.is\/1981\/wp-json\/wp\/v2\/media?parent=1843"}],"curies":[{"name":"wp","href":"https:\/\/api.w.org\/{rel}","templated":true}]}}