{"id":1842,"date":"2017-11-18T20:18:53","date_gmt":"2017-11-18T20:18:53","guid":{"rendered":"http:\/\/biblian.is\/1981\/salmarnir-18-kafli\/"},"modified":"2021-06-06T11:07:55","modified_gmt":"2021-06-06T11:07:55","slug":"salmarnir-18-kafli","status":"publish","type":"page","link":"https:\/\/biblian.is\/1981\/salmarnir-18-kafli\/","title":{"rendered":"S\u00e1lmarnir 18. kafli"},"content":{"rendered":"<p><a name=\"1\"><span class=\"versanumer\">1<\/span><\/a>Til s\u00f6ngstj\u00f3rans. Eftir Dav\u00ed\u00f0, \u00fej\u00f3n Drottins, er flutti Drottni or\u00f0 \u00feessara lj\u00f3\u00f0a, \u00fe\u00e1 er Drottinn frelsa\u00f0i hann af hendi allra \u00f3vina hans og af hendi S\u00e1ls.<a name=\"2\"><span class=\"versanumer\">2<\/span><\/a>Hann m\u00e6lti: \u00c9g elska \u00feig, Drottinn, \u00fe\u00fa styrkur minn.<a name=\"3\"><span class=\"versanumer\">3<\/span><\/a>Drottinn, bjarg mitt og v\u00edgi og frelsari minn, Gu\u00f0 minn, hellubjarg mitt, \u00fear sem \u00e9g leita h\u00e6lis, skj\u00f6ldur minn og horn hj\u00e1lpr\u00e6\u00f0is m\u00edns, h\u00e1borg m\u00edn!<a name=\"4\"><span class=\"versanumer\">4<\/span><\/a>Lofa\u00f0ur s\u00e9 Drottinn, hr\u00f3pa \u00e9g, og \u00e9g frelsast fr\u00e1 \u00f3vinum m\u00ednum.<a name=\"5\"><span class=\"versanumer\">5<\/span><\/a>Brim\u00f6ldur dau\u00f0ans umkringdu mig, elfur gl\u00f6tunarinnar skelfdu mig,<a name=\"6\"><span class=\"versanumer\">6<\/span><\/a>sn\u00f6rur Heljar luktu um mig, m\u00f6skvar dau\u00f0ans f\u00e9llu yfir mig.<a name=\"7\"><span class=\"versanumer\">7<\/span><\/a>\u00cd angist minni kalla\u00f0i \u00e9g \u00e1 Drottin, og til Gu\u00f0s m\u00edns hr\u00f3pa\u00f0i \u00e9g. Hann heyr\u00f0i raust m\u00edna \u00ed helgid\u00f3mi s\u00ednum, og \u00f3p mitt barst til eyrna honum.<a name=\"8\"><span class=\"versanumer\">8<\/span><\/a>J\u00f6r\u00f0in bifa\u00f0ist og n\u00f6tra\u00f0i, undirst\u00f6\u00f0ur fjallanna skulfu, \u00fe\u00e6r bifu\u00f0ust, \u00fev\u00ed a\u00f0 hann var rei\u00f0ur,<a name=\"9\"><span class=\"versanumer\">9<\/span><\/a>reykur gekk fram \u00far n\u00f6sum hans og ey\u00f0andi eldur af munni hans, gl\u00f3\u00f0ir brunnu \u00fat fr\u00e1 honum.<a name=\"10\"><span class=\"versanumer\">10<\/span><\/a>Hann sveig\u00f0i himininn og steig ni\u00f0ur, og sk\u00fdsorti var undir f\u00f3tum hans.<a name=\"11\"><span class=\"versanumer\">11<\/span><\/a>Hann steig \u00e1 bak ker\u00fab og flaug af sta\u00f0 og sveif \u00e1 v\u00e6ngjum vindarins.<a name=\"12\"><span class=\"versanumer\">12<\/span><\/a>Hann gj\u00f6r\u00f0i myrkur a\u00f0 sk\u00fdli s\u00ednu, regnsorta og sk\u00fd\u00feykkni a\u00f0 fylgsni s\u00ednu allt um kring.<a name=\"13\"><span class=\"versanumer\">13<\/span><\/a>Fr\u00e1 lj\u00f3manum fyrir honum brutust hagl og eldgl\u00e6ringar gegnum sk\u00fd hans.<a name=\"14\"><span class=\"versanumer\">14<\/span><\/a>\u00de\u00e1 \u00feruma\u00f0i Drottinn \u00e1 himnum, og Hinn h\u00e6sti l\u00e9t raust s\u00edna gjalla.<a name=\"15\"><span class=\"versanumer\">15<\/span><\/a>Hann skaut \u00f6rvum s\u00ednum og tv\u00edstra\u00f0i \u00f3vinum s\u00ednum, l\u00e9t eldingar leiftra og hr\u00e6ddi \u00fe\u00e1.<a name=\"16\"><span class=\"versanumer\">16<\/span><\/a>\u00de\u00e1 s\u00e1 \u00ed mararbotn, og undirst\u00f6\u00f0ur jar\u00f0arinnar ur\u00f0u berar fyrir \u00f3gnun \u00feinni, Drottinn, fyrir andgustinum \u00far n\u00f6sum \u00fe\u00ednum.<a name=\"17\"><span class=\"versanumer\">17<\/span><\/a>Hann seildist ni\u00f0ur af h\u00e6\u00f0um og greip mig, dr\u00f3 mig upp \u00far hinum miklu v\u00f6tnum.<a name=\"18\"><span class=\"versanumer\">18<\/span><\/a>Hann frelsa\u00f0i mig fr\u00e1 hinum sterku \u00f3vinum m\u00ednum, fr\u00e1 fjandm\u00f6nnum m\u00ednum, er voru m\u00e9r yfirsterkari.<a name=\"19\"><span class=\"versanumer\">19<\/span><\/a>\u00deeir r\u00e9\u00f0ust \u00e1 mig \u00e1 m\u00ednum \u00f3heilladegi, en Drottinn var m\u00edn sto\u00f0.<a name=\"20\"><span class=\"versanumer\">20<\/span><\/a>Hann leiddi mig \u00fat \u00e1 v\u00ed\u00f0lendi, frelsa\u00f0i mig, af \u00fev\u00ed a\u00f0 hann haf\u00f0i \u00fe\u00f3knun \u00e1 m\u00e9r.<a name=\"21\"><span class=\"versanumer\">21<\/span><\/a>Drottinn fer me\u00f0 mig eftir r\u00e9ttl\u00e6ti m\u00ednu, eftir hreinleik handa minna geldur hann m\u00e9r,<a name=\"22\"><span class=\"versanumer\">22<\/span><\/a>\u00fev\u00ed a\u00f0 \u00e9g hefi var\u00f0veitt vegu Drottins og hefi ekki reynst \u00f3tr\u00far Gu\u00f0i m\u00ednum.<a name=\"23\"><span class=\"versanumer\">23<\/span><\/a>Allar skipanir hans hefi \u00e9g fyrir augum, og bo\u00f0or\u00f0um hans \u00feoka\u00f0i \u00e9g eigi burt fr\u00e1 m\u00e9r.<a name=\"24\"><span class=\"versanumer\">24<\/span><\/a>\u00c9g var l\u00fdtalaus fyrir honum og g\u00e6tti m\u00edn vi\u00f0 misgj\u00f6r\u00f0um.<a name=\"25\"><span class=\"versanumer\">25<\/span><\/a>Fyrir \u00fev\u00ed galt Drottinn m\u00e9r eftir r\u00e9ttl\u00e6ti m\u00ednu, eftir hreinleik handa minna fyrir augliti hans.<a name=\"26\"><span class=\"versanumer\">26<\/span><\/a>Gagnvart \u00e1str\u00edkum ert \u00fe\u00fa \u00e1str\u00edkur, gagnvart r\u00e1\u00f0v\u00f6ndum r\u00e1\u00f0vandur,<a name=\"27\"><span class=\"versanumer\">27<\/span><\/a>gagnvart hreinum hreinn, en gagnvart rangsn\u00fanum ert \u00fe\u00fa afundinn.<a name=\"28\"><span class=\"versanumer\">28<\/span><\/a>\u00de\u00fa hj\u00e1lpar \u00fej\u00e1\u00f0um l\u00fd\u00f0, en gj\u00f6rir hrokafulla ni\u00f0url\u00fata.<a name=\"29\"><span class=\"versanumer\">29<\/span><\/a>J\u00e1, \u00fe\u00fa l\u00e6tur lampa minn sk\u00edna, Drottinn, Gu\u00f0 minn, \u00fe\u00fa l\u00fdsir m\u00e9r \u00ed myrkrinu.<a name=\"30\"><span class=\"versanumer\">30<\/span><\/a>\u00dev\u00ed a\u00f0 fyrir \u00fe\u00edna hj\u00e1lp br\u00fdt \u00e9g m\u00fara, fyrir hj\u00e1lp Gu\u00f0s m\u00edns stekk \u00e9g yfir borgarveggi.<a name=\"31\"><span class=\"versanumer\">31<\/span><\/a>Vegur Gu\u00f0s er l\u00fdtalaus, or\u00f0 Drottins er hreint, skj\u00f6ldur er hann \u00f6llum \u00feeim sem leita h\u00e6lis hj\u00e1 honum.<a name=\"32\"><span class=\"versanumer\">32<\/span><\/a>Hver er Gu\u00f0 nema Drottinn, og hver er hellubjarg utan vor Gu\u00f0?<a name=\"33\"><span class=\"versanumer\">33<\/span><\/a>S\u00e1 Gu\u00f0 sem gyr\u00f0ir mig styrkleika og gj\u00f6rir veg minn sl\u00e9ttan,<a name=\"34\"><span class=\"versanumer\">34<\/span><\/a>sem gj\u00f6rir f\u00e6tur m\u00edna sem hindanna og veitir m\u00e9r f\u00f3tfestu \u00e1 h\u00e6\u00f0unum,<a name=\"35\"><span class=\"versanumer\">35<\/span><\/a>sem \u00e6fir hendur m\u00ednar til herna\u00f0ar, svo a\u00f0 armar m\u00ednir benda eirbogann.<a name=\"36\"><span class=\"versanumer\">36<\/span><\/a>Og \u00fe\u00fa gafst m\u00e9r skj\u00f6ld hj\u00e1lpr\u00e6\u00f0is \u00fe\u00edns, og h\u00e6gri h\u00f6nd \u00fe\u00edn studdi mig, og l\u00edtill\u00e6ti \u00feitt gj\u00f6r\u00f0i mig mikinn.<a name=\"37\"><span class=\"versanumer\">37<\/span><\/a>\u00de\u00fa r\u00fdmdir til fyrir skrefum m\u00ednum, og \u00f6kklar m\u00ednir ri\u00f0u\u00f0u ekki.<a name=\"38\"><span class=\"versanumer\">38<\/span><\/a>\u00c9g elti \u00f3vini m\u00edna og n\u00e1\u00f0i \u00feeim og sneri ekki aftur, fyrr en \u00e9g haf\u00f0i gj\u00f6reytt \u00feeim.<a name=\"39\"><span class=\"versanumer\">39<\/span><\/a>\u00c9g mola\u00f0i \u00fe\u00e1 sundur, \u00feeir m\u00e1ttu eigi upp r\u00edsa, \u00feeir hnigu undir f\u00e6tur m\u00e9r.<a name=\"40\"><span class=\"versanumer\">40<\/span><\/a>\u00de\u00fa gyrtir mig styrkleika til \u00f3fri\u00f0arins, beyg\u00f0ir fjendur m\u00edna undir mig.<a name=\"41\"><span class=\"versanumer\">41<\/span><\/a>\u00de\u00fa l\u00e9st mig sj\u00e1 bak \u00f3vina minna, og fjendum m\u00ednum eyddi \u00e9g.<a name=\"42\"><span class=\"versanumer\">42<\/span><\/a>\u00deeir hr\u00f3pu\u00f0u, en enginn kom til hj\u00e1lpar, \u00feeir hr\u00f3pu\u00f0u til Drottins, en hann svara\u00f0i \u00feeim ekki.<a name=\"43\"><span class=\"versanumer\">43<\/span><\/a>Og \u00e9g muldi \u00fe\u00e1 sem mold \u00e1 j\u00f6r\u00f0, tr\u00f3\u00f0 \u00fe\u00e1 f\u00f3tum sem saur \u00e1 str\u00e6tum.<a name=\"44\"><span class=\"versanumer\">44<\/span><\/a>\u00de\u00fa frelsa\u00f0ir mig \u00far f\u00f3lkorustum, gj\u00f6r\u00f0ir mig a\u00f0 h\u00f6f\u00f0ingja \u00fej\u00f3\u00f0anna, l\u00fd\u00f0ur sem \u00e9g \u00feekkti ekki \u00fej\u00f3nar m\u00e9r.<a name=\"45\"><span class=\"versanumer\">45<\/span><\/a>\u00d3\u00f0ara en \u00feeir heyra m\u00edn geti\u00f0, hl\u00fd\u00f0a \u00feeir m\u00e9r, \u00fatlendingar smja\u00f0ra fyrir m\u00e9r.<a name=\"46\"><span class=\"versanumer\">46<\/span><\/a>\u00datlendingar dragast upp og koma skj\u00e1lfandi fram \u00far fylgsnum s\u00ednum.<a name=\"47\"><span class=\"versanumer\">47<\/span><\/a>Lifi Drottinn, lofa\u00f0 s\u00e9 mitt bjarg, og h\u00e1tt upp hafinn s\u00e9 Gu\u00f0 hj\u00e1lpr\u00e6\u00f0is m\u00edns,<a name=\"48\"><span class=\"versanumer\">48<\/span><\/a>s\u00e1 Gu\u00f0 sem veitti m\u00e9r hefndir og braut \u00fej\u00f3\u00f0ir undir mig,<a name=\"49\"><span class=\"versanumer\">49<\/span><\/a>sem hreif mig \u00far h\u00f6ndum \u00f3vina minna. Og yfir m\u00f3tst\u00f6\u00f0umenn m\u00edna h\u00f3fst \u00fe\u00fa mig, fr\u00e1 \u00f3jafna\u00f0arm\u00f6nnum frelsa\u00f0ir \u00fe\u00fa mig.<a name=\"50\"><span class=\"versanumer\">50<\/span><\/a>Fyrir \u00fev\u00ed vil \u00e9g vegsama \u00feig, Drottinn, me\u00f0al \u00fej\u00f3\u00f0anna og lofsyngja \u00fe\u00ednu nafni.<a name=\"51\"><span class=\"versanumer\">51<\/span><\/a>Hann veitir konungi s\u00ednum mikla hj\u00e1lp og au\u00f0s\u00fdnir miskunn s\u00ednum smur\u00f0a, Dav\u00ed\u00f0 og ni\u00f0jum hans a\u00f0 eil\u00edfu.<\/p>\n<div class=\"footnote1981\"><b>18.2<\/b> \u00c9g elska \u00feig Drottinn sbr Slm 116.1 \u2013 styrkur minn Slm 118.14; 2M\u00f3s 15.2; Jes 12.2; Hab 3.19<br \/>\n<b>18.3<\/b> Drottinn, bjarg mitt Slm 28.1+ ; v\u00edgi Slm 27.1+ ; athvarf Slm 40.18; 144.2; L\u00fak 1.69 \u2013 Gu\u00f0 minn Slm 22.11+ ; leita h\u00e6lis hj\u00e1 Gu\u00f0i Slm 7.2+ &#8211; Skj\u00f6ldur minn Slm 3.4+<br \/>\n<b>18.4<\/b> Hr\u00f3pa til Drottins Slm 18.7; 3.5+<br \/>\n<b>18.5<\/b> Dau\u00f0ans b\u00f6nd Slm 116.3; sbr Post 2.24<br \/>\n<b>18.7<\/b> \u00c9g kalla\u00f0i Slm 3.5+ &#8211; hann heyr\u00f0i Slm 4.4; 34.7; 116.1; 145.19; 2M\u00f3s 3.7; Jes 30.19; J\u00f3n 2.3<br \/>\n<b>18.8<\/b> J\u00f6r\u00f0in n\u00f6ta\u00f0i 1Kon 19.11-12; Hab 3.6 \u2013 fj\u00f6llin Skulfu 2M\u00f3s 19.16,18; Hab 3.10 \u2013 Gu\u00f0 rei\u00f0ist Hab 3.8,12<br \/>\n<b>18.10<\/b> Steig ofan Slm 144.5; sbr 2M\u00f3s 3.8; 19.11,18,20; Jes 64.1<br \/>\n<b>18.11<\/b> a) Ker\u00fabar g\u00e6ta Edengar\u00f0s 1M\u00f3s 3.24; Esk 28.14,16, b) rei\u00f0skj\u00f3tar Drottins Slm 80.2; 99.1; 1Sam 4.4; 2Sam 6.2; 2Kon 19.15; c) \u00ed musterinu 1Kon 6.23-29; 2Kro 3.14 \u2013 \u00e1 v\u00e6ngjum vindsins Slm 104.3<br \/>\n<b>18.12<\/b> Myrkur Slm 97.2; 5M\u00f3s 4.11<br \/>\n<b>18.14<\/b> Raust hins h\u00e6sta Slm 29; 77.18-19<br \/>\n<b>18.15<\/b> \u00d6rvar, eldingar Slm 144.6<br \/>\n<b>18.16<\/b> Bl\u00e1stur \u00far n\u00f6sum 2M\u00f3s 15.8; Job 37.10<br \/>\n<b>18.17<\/b> V\u00f6tnunum dj\u00fapu  Slm 144.7<br \/>\n<b>18.18<\/b> Bjarga\u00f0i m\u00e9r Slm 142.7<br \/>\n<b>18.20<\/b> Hafa m\u00e6tur \u00e1 Slm 22.9<br \/>\n<b>18.22<\/b> Vegir Drottins Slm 18.31; 25.9; 37.34; 77.14; 103.7; 128.1; 1M\u00f3s 18.19; Jes 2.3; 40.3; Mrk 1.3 og hlst.<br \/>\n<b>18.23<\/b> Vir\u00f0a bo\u00f0or\u00f0in Slm 119.102<br \/>\n<b>18.24<\/b> Flekklaus fyrir Gu\u00f0i 5M\u00f3s 18.13<br \/>\n<b>18.27<\/b> Andsn\u00fainn Okv 3.34<br \/>\n<b>18.28<\/b> Gerir hrokafulla ni\u00f0url\u00fata Jes 2.11; 5.15; Okv 6.16-17<br \/>\n<b>18.31<\/b> Or\u00f0 Drottins Slm 12.7; Okv 30.5<br \/>\n<b>18.32<\/b> Hver er Gu\u00f0 &#8230; ? Slm 46.11; 86.10; 90.2; Jes 43.10; 44.6,8; 45.6,14,21,22; Mrk 12.32; J\u00f3h 17.3; 1Kor 8.4; Gal 3.20; Ef 4.5-6; 1T\u00edm 2.5<br \/>\n<b>18.34<\/b> Sem f\u00e6tur hindanna Hab 3.19<br \/>\n<b>18.35<\/b> Til herna\u00f0ar Slm 144.1<br \/>\n<b>18.36<\/b> H\u00f6nd \u00fe\u00edn Slm 17.7+ 63.9; 98.1 \u2013 studdi mig  Slm 20.3; Jes 9.6<br \/>\n<b>18.44<\/b> Lei\u00f0togi \u00fej\u00f3\u00f0anna Slm 2.8-9; Opb 2.26-27<br \/>\n<b>18.46<\/b> Skj\u00e1lfandi M\u00edk 7.17<br \/>\n<b>18.48<\/b> Leggur \u00fej\u00f3\u00f0ir undir mig Slm 47.4; 144.2<br \/>\n<b>18.50<\/b> Vegsama \u00feig me\u00f0al \u00fej\u00f3\u00f0anna R\u00f3m 15.9<br \/>\n<b>18.51<\/b> Hinn smur\u00f0i Slm 2.2+ &#8211; Dav\u00ed\u00f0 og ni\u00f0jar hans 2Sam 7.16-29 \u2013 a\u00f0 eil\u00edfu Slm 89.5,30<\/div>\n","protected":false},"excerpt":{"rendered":"<p>1Til s\u00f6ngstj\u00f3rans. Eftir Dav\u00ed\u00f0, \u00fej\u00f3n Drottins, er flutti Drottni or\u00f0 \u00feessara lj\u00f3\u00f0a, \u00fe\u00e1 er Drottinn frelsa\u00f0i hann af hendi allra \u00f3vina hans og af hendi S\u00e1ls.2Hann m\u00e6lti: \u00c9g elska \u00feig, Drottinn, \u00fe\u00fa styrkur minn.3Drottinn, bjarg mitt og v\u00edgi og frelsari minn, Gu\u00f0 minn, hellubjarg mitt, \u00fear sem \u00e9g leita h\u00e6lis, skj\u00f6ldur minn og horn hj\u00e1lpr\u00e6\u00f0is m\u00edns, h\u00e1borg m\u00edn!4Lofa\u00f0ur s\u00e9 Drottinn, hr\u00f3pa \u00e9g, og \u00e9g frelsast fr\u00e1 \u00f3vinum m\u00ednum.5Brim\u00f6ldur dau\u00f0ans umkringdu mig, elfur gl\u00f6tunarinnar skelfdu mig,6sn\u00f6rur Heljar luktu um mig, m\u00f6skvar dau\u00f0ans f\u00e9llu yfir mig.7\u00cd angist minni kalla\u00f0i \u00e9g \u00e1 Drottin, og til Gu\u00f0s m\u00edns hr\u00f3pa\u00f0i \u00e9g. Hann heyr\u00f0i raust m\u00edna <a href=\"https:\/\/biblian.is\/1981\/salmarnir-18-kafli\/\"> [&#8230;]<\/a><\/p>\n","protected":false},"author":1,"featured_media":0,"parent":0,"menu_order":0,"comment_status":"open","ping_status":"open","template":"bibliukaflar.php","meta":{"footnotes":""},"class_list":["post-1842","page","type-page","status-publish","hentry"],"_links":{"self":[{"href":"https:\/\/biblian.is\/1981\/wp-json\/wp\/v2\/pages\/1842","targetHints":{"allow":["GET"]}}],"collection":[{"href":"https:\/\/biblian.is\/1981\/wp-json\/wp\/v2\/pages"}],"about":[{"href":"https:\/\/biblian.is\/1981\/wp-json\/wp\/v2\/types\/page"}],"author":[{"embeddable":true,"href":"https:\/\/biblian.is\/1981\/wp-json\/wp\/v2\/users\/1"}],"replies":[{"embeddable":true,"href":"https:\/\/biblian.is\/1981\/wp-json\/wp\/v2\/comments?post=1842"}],"version-history":[{"count":0,"href":"https:\/\/biblian.is\/1981\/wp-json\/wp\/v2\/pages\/1842\/revisions"}],"wp:attachment":[{"href":"https:\/\/biblian.is\/1981\/wp-json\/wp\/v2\/media?parent=1842"}],"curies":[{"name":"wp","href":"https:\/\/api.w.org\/{rel}","templated":true}]}}