{"id":1841,"date":"2017-11-18T20:18:53","date_gmt":"2017-11-18T20:18:53","guid":{"rendered":"http:\/\/biblian.is\/1981\/salmarnir-17-kafli\/"},"modified":"2021-06-06T11:07:52","modified_gmt":"2021-06-06T11:07:52","slug":"salmarnir-17-kafli","status":"publish","type":"page","link":"https:\/\/biblian.is\/1981\/salmarnir-17-kafli\/","title":{"rendered":"S\u00e1lmarnir 17. kafli"},"content":{"rendered":"<p><a name=\"1\"><span class=\"versanumer\">1<\/span><\/a>B\u00e6n Dav\u00ed\u00f0s. Heyr, Drottinn, \u00e1 r\u00e9ttv\u00edst m\u00e1lefni, hl\u00fd\u00f0 \u00e1 hr\u00f3p mitt, lj\u00e1 eyra b\u00e6n minni, er \u00e9g flyt me\u00f0 t\u00e1llausum v\u00f6rum.<a name=\"2\"><span class=\"versanumer\">2<\/span><\/a>L\u00e1t r\u00e9tt minn \u00fat ganga fr\u00e1 augliti \u00fe\u00ednu, augu \u00fe\u00edn sj\u00e1 hva\u00f0 r\u00e9tt er.<a name=\"3\"><span class=\"versanumer\">3<\/span><\/a>\u00de\u00e1 er \u00fe\u00fa rannsakar hjarta mitt, pr\u00f3far \u00fea\u00f0 um n\u00e6tur, reynir mig \u00ed eldi, \u00fe\u00e1 finnur \u00fe\u00fa engar illar hugsanir hj\u00e1 m\u00e9r, munnur minn heldur s\u00e9r \u00ed skefjum.<a name=\"4\"><span class=\"versanumer\">4<\/span><\/a>Hva\u00f0 sem a\u00f0rir gj\u00f6ra, \u00fe\u00e1 hefi \u00e9g eftir or\u00f0i vara \u00feinna for\u00f0ast vegu ofbeldismannsins.<a name=\"5\"><span class=\"versanumer\">5<\/span><\/a>Skref m\u00edn fylgdu sporum \u00fe\u00ednum, m\u00e9r skri\u00f0na\u00f0i ekki f\u00f3tur.<a name=\"6\"><span class=\"versanumer\">6<\/span><\/a>\u00c9g kalla \u00e1 \u00feig, \u00fev\u00ed a\u00f0 \u00fe\u00fa svarar m\u00e9r, \u00f3 Gu\u00f0, hneig eyru \u00fe\u00edn til m\u00edn, hl\u00fd\u00f0 \u00e1 or\u00f0 m\u00edn.<a name=\"7\"><span class=\"versanumer\">7<\/span><\/a>Veit m\u00e9r \u00fe\u00edna d\u00e1samlegu n\u00e1\u00f0, \u00fe\u00fa sem hj\u00e1lpar \u00feeim er leita h\u00e6lis vi\u00f0 \u00fe\u00edna h\u00e6gri h\u00f6nd fyrir ofs\u00e6kjendum.<a name=\"8\"><span class=\"versanumer\">8<\/span><\/a>Var\u00f0veit mig sem sj\u00e1aldur augans, fel mig \u00ed skugga v\u00e6ngja \u00feinna<a name=\"9\"><span class=\"versanumer\">9<\/span><\/a>fyrir hinum gu\u00f0lausu, er s\u00fdna m\u00e9r ofbeldi, fyrir gr\u00e1\u00f0ugum \u00f3vinum, er kringja um mig.<a name=\"10\"><span class=\"versanumer\">10<\/span><\/a>M\u00f6rhj\u00f6rtum s\u00ednum hafa \u00feeir loka\u00f0, me\u00f0 munni s\u00ednum m\u00e6la \u00feeir drambsamleg or\u00f0.<a name=\"11\"><span class=\"versanumer\">11<\/span><\/a>Hvar sem \u00e9g geng, umkringja \u00feeir mig, \u00feeir beina augum s\u00ednum a\u00f0 \u00fev\u00ed a\u00f0 varpa m\u00e9r til jar\u00f0ar.<a name=\"12\"><span class=\"versanumer\">12<\/span><\/a>\u00deeir l\u00edkjast lj\u00f3ni er langar \u00ed br\u00e1\u00f0, ungu lj\u00f3ni, er liggur \u00ed felum.<a name=\"13\"><span class=\"versanumer\">13<\/span><\/a>R\u00eds upp, Drottinn! Far \u00ed m\u00f3ti \u00f3vininum og varpa honum ni\u00f0ur, frelsa mig undan hinum \u00f3gu\u00f0lega me\u00f0 sver\u00f0i \u00fe\u00ednu.<a name=\"14\"><span class=\"versanumer\">14<\/span><\/a>Frelsa mig undan m\u00f6nnunum me\u00f0 hendi \u00feinni, Drottinn, undan m\u00f6nnum heimsins, sem hafa hlutskipti sitt \u00ed l\u00edfinu og \u00fe\u00fa kvi\u00f0fyllir g\u00e6\u00f0um \u00fe\u00ednum. \u00deeir eru r\u00edkir a\u00f0 sonum og skilja b\u00f6rnum s\u00ednum eftir n\u00e6gtir s\u00ednar.<a name=\"15\"><span class=\"versanumer\">15<\/span><\/a>En \u00e9g mun sakir r\u00e9ttl\u00e6tisins sko\u00f0a auglit \u00feitt, \u00fe\u00e1 er \u00e9g vakna, mun \u00e9g mettast af mynd \u00feinni.<\/p>\n<div class=\"footnote1981\"><b>17.1<\/b> Minnt \u00e1 r\u00e9ttl\u00e6ti Gu\u00f0s Slm 7.9; 26.1 \u2013 Hl\u00fd\u00f0 \u00e1 Slm 61.2<br \/>\n<b>17.3<\/b> Gu\u00f0 rannsakar hj\u00f6rtun Slm 7.10; 26.2; 139.1-3,23; Job 7.18; 23.10; sbr 1Sam 16.7<br \/>\n<b>17.4<\/b> Halda sig vi\u00f0 or\u00f0 Gu\u00f0s Job 23.11-12<br \/>\n<b>17.7<\/b> Tr\u00fafesti Gu\u00f0s Slm 23.6; 31.22; 62.13; 63.4; 69.17; sbr 25.10+ &#8211; h\u00e6gri h\u00f6nd Gu\u00f0s Slm 18.36+ ; 44.4; 48.11; 77.11; 80.16; 98.1; 108.7; 118.15; 139.10; 2M\u00f3s 15.6; Jes 41.10; 48.13<br \/>\n<b>17.8<\/b> Sem sj\u00e1aldur augans 5M\u00f3s 32.10 \u2013\u00ed skugga v\u00e6ngja \u00feinna Slm 36.8; 57.2; 61.5; 63.8; 5M\u00f3s 32.11 sbr Slm 91.4<br \/>\n<b>17.10<\/b> Forhert hjarta Slm 73.7; 119.70; 5M\u00f3s 32.15; Job 15.27<br \/>\n<b>17.12<\/b> L\u00edkist lj\u00f3ni Slm 10.9; 57.5<br \/>\n<b>17.15<\/b> Sj\u00e1 auglit Gu\u00f0s Slm 11.7; 42.3; 2M\u00f3s 24.11; Matt 5.8; Opb 22.4 \u2013 auglit \u00feitt 4M\u00f3s 12.8; sbr Slm 42.3<\/div>\n","protected":false},"excerpt":{"rendered":"<p>1B\u00e6n Dav\u00ed\u00f0s. Heyr, Drottinn, \u00e1 r\u00e9ttv\u00edst m\u00e1lefni, hl\u00fd\u00f0 \u00e1 hr\u00f3p mitt, lj\u00e1 eyra b\u00e6n minni, er \u00e9g flyt me\u00f0 t\u00e1llausum v\u00f6rum.2L\u00e1t r\u00e9tt minn \u00fat ganga fr\u00e1 augliti \u00fe\u00ednu, augu \u00fe\u00edn sj\u00e1 hva\u00f0 r\u00e9tt er.3\u00de\u00e1 er \u00fe\u00fa rannsakar hjarta mitt, pr\u00f3far \u00fea\u00f0 um n\u00e6tur, reynir mig \u00ed eldi, \u00fe\u00e1 finnur \u00fe\u00fa engar illar hugsanir hj\u00e1 m\u00e9r, munnur minn heldur s\u00e9r \u00ed skefjum.4Hva\u00f0 sem a\u00f0rir gj\u00f6ra, \u00fe\u00e1 hefi \u00e9g eftir or\u00f0i vara \u00feinna for\u00f0ast vegu ofbeldismannsins.5Skref m\u00edn fylgdu sporum \u00fe\u00ednum, m\u00e9r skri\u00f0na\u00f0i ekki f\u00f3tur.6\u00c9g kalla \u00e1 \u00feig, \u00fev\u00ed a\u00f0 \u00fe\u00fa svarar m\u00e9r, \u00f3 Gu\u00f0, hneig eyru \u00fe\u00edn til m\u00edn, hl\u00fd\u00f0 \u00e1 or\u00f0 <a href=\"https:\/\/biblian.is\/1981\/salmarnir-17-kafli\/\"> [&#8230;]<\/a><\/p>\n","protected":false},"author":1,"featured_media":0,"parent":0,"menu_order":0,"comment_status":"open","ping_status":"open","template":"bibliukaflar.php","meta":{"footnotes":""},"class_list":["post-1841","page","type-page","status-publish","hentry"],"_links":{"self":[{"href":"https:\/\/biblian.is\/1981\/wp-json\/wp\/v2\/pages\/1841","targetHints":{"allow":["GET"]}}],"collection":[{"href":"https:\/\/biblian.is\/1981\/wp-json\/wp\/v2\/pages"}],"about":[{"href":"https:\/\/biblian.is\/1981\/wp-json\/wp\/v2\/types\/page"}],"author":[{"embeddable":true,"href":"https:\/\/biblian.is\/1981\/wp-json\/wp\/v2\/users\/1"}],"replies":[{"embeddable":true,"href":"https:\/\/biblian.is\/1981\/wp-json\/wp\/v2\/comments?post=1841"}],"version-history":[{"count":0,"href":"https:\/\/biblian.is\/1981\/wp-json\/wp\/v2\/pages\/1841\/revisions"}],"wp:attachment":[{"href":"https:\/\/biblian.is\/1981\/wp-json\/wp\/v2\/media?parent=1841"}],"curies":[{"name":"wp","href":"https:\/\/api.w.org\/{rel}","templated":true}]}}