{"id":1840,"date":"2017-11-18T20:18:53","date_gmt":"2017-11-18T20:18:53","guid":{"rendered":"http:\/\/biblian.is\/1981\/salmarnir-16-kafli\/"},"modified":"2021-06-06T11:07:49","modified_gmt":"2021-06-06T11:07:49","slug":"salmarnir-16-kafli","status":"publish","type":"page","link":"https:\/\/biblian.is\/1981\/salmarnir-16-kafli\/","title":{"rendered":"S\u00e1lmarnir 16. kafli"},"content":{"rendered":"<p><a name=\"1\"><span class=\"versanumer\">1<\/span><\/a>Dav\u00ed\u00f0s-miktam. Var\u00f0veit mig, Gu\u00f0, \u00fev\u00ed a\u00f0 hj\u00e1 \u00fe\u00e9r leita \u00e9g h\u00e6lis.<a name=\"2\"><span class=\"versanumer\">2<\/span><\/a>\u00c9g segi vi\u00f0 Drottin: \u00de\u00fa ert Drottinn minn, \u00e9g \u00e1 engin g\u00e6\u00f0i nema \u00feig.<a name=\"3\"><span class=\"versanumer\">3<\/span><\/a>\u00c1 hinum heil\u00f6gu sem \u00ed landinu eru og hinum d\u00fdrlegu \u00e1 \u00feeim hefi \u00e9g alla m\u00edna vel\u00fe\u00f3knun.<a name=\"4\"><span class=\"versanumer\">4<\/span><\/a>Miklar eru \u00fej\u00e1ningar \u00feeirra, er kj\u00f6ri\u00f0 hafa s\u00e9r annan gu\u00f0. \u00c9g vil eigi dreypa \u00feeirra bl\u00f3\u00f0ugu dreypif\u00f3rnum og eigi taka n\u00f6fn \u00feeirra m\u00e9r \u00e1 varir.<a name=\"5\"><span class=\"versanumer\">5<\/span><\/a>&#8222;Drottinn er hlutskipti mitt og minn afm\u00e6ldi bikar; \u00fe\u00fa heldur uppi hlut m\u00ednum.&#8220;<a name=\"6\"><span class=\"versanumer\">6<\/span><\/a>M\u00e9r f\u00e9llu a\u00f0 erf\u00f0ahlut ind\u00e6lir sta\u00f0ir, og arfleif\u00f0 m\u00edn l\u00edkar m\u00e9r vel.<a name=\"7\"><span class=\"versanumer\">7<\/span><\/a>\u00c9g lofa Drottin, er m\u00e9r hefir r\u00e1\u00f0 gefi\u00f0, jafnvel um n\u00e6tur er \u00e9g \u00e1minntur hi\u00f0 innra.<a name=\"8\"><span class=\"versanumer\">8<\/span><\/a>\u00c9g hefi Drottin \u00e6t\u00ed\u00f0 fyrir augum, \u00feegar hann er m\u00e9r til h\u00e6gri handar, skri\u00f0nar m\u00e9r ekki f\u00f3tur.<a name=\"9\"><span class=\"versanumer\">9<\/span><\/a>Fyrir \u00fev\u00ed fagnar hjarta mitt, s\u00e1l m\u00edn gle\u00f0st, og l\u00edkami minn hv\u00edlist \u00ed fri\u00f0i,<a name=\"10\"><span class=\"versanumer\">10<\/span><\/a>\u00fev\u00ed a\u00f0 \u00fe\u00fa ofurselur Helju eigi l\u00edf mitt, leyfir eigi a\u00f0 \u00feinn tr\u00faa\u00f0i sj\u00e1i gr\u00f6fina.<a name=\"11\"><span class=\"versanumer\">11<\/span><\/a>Kunnan gj\u00f6rir \u00fe\u00fa m\u00e9r veg l\u00edfsins, gle\u00f0ign\u00f3tt er fyrir augliti \u00fe\u00ednu, yndi \u00ed h\u00e6gri hendi \u00feinni a\u00f0 eil\u00edfu.<\/p>\n<div class=\"footnote1981\"><b>16.1<\/b> Leita h\u00e6lis Slm 7.2+<br \/>\n<b>16.4<\/b> Dreypif\u00f3rnir Jer 7.18 \u2013 n\u00f6fn \u00feeirra 2M\u00f3s 23.13; H\u00f3s 2.19; Sak 13.2<br \/>\n<b>16.5<\/b> Hlutskipti mitt 4M\u00f3s 18.20; 5M\u00f3s 10.9; Hlj 3.24; sbr Slm 142.6 \u2013 Hlutur minn Jer 13.25 \u2013 \u00ed hendi Drottins Slm 31.6<br \/>\n<b>16.8-11<\/b> Sbr Post 2.25-28 \u2013 til h\u00e6gri handar Slm 109.31; 121.5; sbr 110.5<br \/>\n<b>16.10<\/b> S\u00fdnir ekki sbr Post 13.35<br \/>\n<b>16.11<\/b> Vegur l\u00edfsins Okv 5.6; 15.24<\/div>\n","protected":false},"excerpt":{"rendered":"<p>1Dav\u00ed\u00f0s-miktam. Var\u00f0veit mig, Gu\u00f0, \u00fev\u00ed a\u00f0 hj\u00e1 \u00fe\u00e9r leita \u00e9g h\u00e6lis.2\u00c9g segi vi\u00f0 Drottin: \u00de\u00fa ert Drottinn minn, \u00e9g \u00e1 engin g\u00e6\u00f0i nema \u00feig.3\u00c1 hinum heil\u00f6gu sem \u00ed landinu eru og hinum d\u00fdrlegu \u00e1 \u00feeim hefi \u00e9g alla m\u00edna vel\u00fe\u00f3knun.4Miklar eru \u00fej\u00e1ningar \u00feeirra, er kj\u00f6ri\u00f0 hafa s\u00e9r annan gu\u00f0. \u00c9g vil eigi dreypa \u00feeirra bl\u00f3\u00f0ugu dreypif\u00f3rnum og eigi taka n\u00f6fn \u00feeirra m\u00e9r \u00e1 varir.5&#8222;Drottinn er hlutskipti mitt og minn afm\u00e6ldi bikar; \u00fe\u00fa heldur uppi hlut m\u00ednum.&#8220;6M\u00e9r f\u00e9llu a\u00f0 erf\u00f0ahlut ind\u00e6lir sta\u00f0ir, og arfleif\u00f0 m\u00edn l\u00edkar m\u00e9r vel.7\u00c9g lofa Drottin, er m\u00e9r hefir r\u00e1\u00f0 gefi\u00f0, jafnvel um n\u00e6tur er \u00e9g \u00e1minntur <a href=\"https:\/\/biblian.is\/1981\/salmarnir-16-kafli\/\"> [&#8230;]<\/a><\/p>\n","protected":false},"author":1,"featured_media":0,"parent":0,"menu_order":0,"comment_status":"open","ping_status":"open","template":"bibliukaflar.php","meta":{"footnotes":""},"class_list":["post-1840","page","type-page","status-publish","hentry"],"_links":{"self":[{"href":"https:\/\/biblian.is\/1981\/wp-json\/wp\/v2\/pages\/1840","targetHints":{"allow":["GET"]}}],"collection":[{"href":"https:\/\/biblian.is\/1981\/wp-json\/wp\/v2\/pages"}],"about":[{"href":"https:\/\/biblian.is\/1981\/wp-json\/wp\/v2\/types\/page"}],"author":[{"embeddable":true,"href":"https:\/\/biblian.is\/1981\/wp-json\/wp\/v2\/users\/1"}],"replies":[{"embeddable":true,"href":"https:\/\/biblian.is\/1981\/wp-json\/wp\/v2\/comments?post=1840"}],"version-history":[{"count":0,"href":"https:\/\/biblian.is\/1981\/wp-json\/wp\/v2\/pages\/1840\/revisions"}],"wp:attachment":[{"href":"https:\/\/biblian.is\/1981\/wp-json\/wp\/v2\/media?parent=1840"}],"curies":[{"name":"wp","href":"https:\/\/api.w.org\/{rel}","templated":true}]}}