{"id":1839,"date":"2017-11-18T20:18:53","date_gmt":"2017-11-18T20:18:53","guid":{"rendered":"http:\/\/biblian.is\/1981\/salmarnir-15-kafli\/"},"modified":"2021-06-06T11:07:45","modified_gmt":"2021-06-06T11:07:45","slug":"salmarnir-15-kafli","status":"publish","type":"page","link":"https:\/\/biblian.is\/1981\/salmarnir-15-kafli\/","title":{"rendered":"S\u00e1lmarnir 15. kafli"},"content":{"rendered":"<p><a name=\"1\"><span class=\"versanumer\">1<\/span><\/a>Dav\u00ed\u00f0ss\u00e1lmur Drottinn, hver f\u00e6r a\u00f0 gista \u00ed tjaldi \u00fe\u00ednu, hver f\u00e6r a\u00f0 b\u00faa \u00e1 fjallinu \u00fe\u00ednu helga?<a name=\"2\"><span class=\"versanumer\">2<\/span><\/a>S\u00e1 er fram gengur \u00ed flekkleysi og i\u00f0kar r\u00e9ttl\u00e6ti og talar sannleik af hjarta,<a name=\"3\"><span class=\"versanumer\">3<\/span><\/a>&#8222;s\u00e1 er eigi talar r\u00f3g me\u00f0 tungu sinni, eigi gj\u00f6rir \u00f6\u00f0rum mein og eigi leggur n\u00e1unga s\u00ednum sv\u00edvir\u00f0ing til;&#8220;<a name=\"4\"><span class=\"versanumer\">4<\/span><\/a>sem fyrirl\u00edtur \u00fe\u00e1 er illa breyta, en hei\u00f0rar \u00fe\u00e1 er \u00f3ttast Drottin, s\u00e1 er sver s\u00e9r \u00ed mein og breg\u00f0ur eigi af,<a name=\"5\"><span class=\"versanumer\">5<\/span><\/a>s\u00e1 er eigi l\u00e1nar f\u00e9 sitt me\u00f0 okri og eigi \u00feiggur m\u00fatur gegn saklausum s\u00e1 er \u00feetta gj\u00f6rir, mun eigi haggast um aldur.<\/p>\n<div class=\"footnote1981\"><b>15.1<\/b> Hver f\u00e6r? Slm 24.3-6; Jes 33.14-16; &#8211; tjald Drottins Slm 27.5; 76.3; 78.60; Jes 33.20<br \/>\n<b>15.2<\/b> Framganga \u00ed flekkleysi Jer 7.5-7; Esk 18.5-9; M\u00edk 6.6-8; Okv 6.16-19<br \/>\n<b>15.3<\/b> Bera ekki \u00fat r\u00f3g Slm 39.2; Job 31.30; Okv 21.23<br \/>\n<b>15.4<\/b> \u00d3ttast Drottinn Slm 22.24; 25.14; 31.20; 33.18; 34.8,10; 60.6; 66.16; 85.10; 103.11,13,17; 111.5; 112.1; 115.13; 118.4; 119.38,63; 128.1; 130.4+ ; 135.20; 145.19; 147.11; L\u00fak 1.50; Post 10.35; 13.16; 17.17; Opb 19.5<br \/>\n<b>15.5<\/b> L\u00e1na me\u00f0 v\u00f6xtum 2M\u00f3s 22.25 \u2013 \u00feiggur ekki m\u00fatur 2M\u00f3s 23.8 \u2013 \u00f3hultur Slm 16.8; 112.6; 125.1; Okv 10.25-30; sbr Slm 10.6; 30.7<\/div>\n","protected":false},"excerpt":{"rendered":"<p>1Dav\u00ed\u00f0ss\u00e1lmur Drottinn, hver f\u00e6r a\u00f0 gista \u00ed tjaldi \u00fe\u00ednu, hver f\u00e6r a\u00f0 b\u00faa \u00e1 fjallinu \u00fe\u00ednu helga?2S\u00e1 er fram gengur \u00ed flekkleysi og i\u00f0kar r\u00e9ttl\u00e6ti og talar sannleik af hjarta,3&#8222;s\u00e1 er eigi talar r\u00f3g me\u00f0 tungu sinni, eigi gj\u00f6rir \u00f6\u00f0rum mein og eigi leggur n\u00e1unga s\u00ednum sv\u00edvir\u00f0ing til;&#8220;4sem fyrirl\u00edtur \u00fe\u00e1 er illa breyta, en hei\u00f0rar \u00fe\u00e1 er \u00f3ttast Drottin, s\u00e1 er sver s\u00e9r \u00ed mein og breg\u00f0ur eigi af,5s\u00e1 er eigi l\u00e1nar f\u00e9 sitt me\u00f0 okri og eigi \u00feiggur m\u00fatur gegn saklausum s\u00e1 er \u00feetta gj\u00f6rir, mun eigi haggast um aldur. 15.1 Hver f\u00e6r? Slm 24.3-6; Jes 33.14-16; &#8211; tjald <a href=\"https:\/\/biblian.is\/1981\/salmarnir-15-kafli\/\"> [&#8230;]<\/a><\/p>\n","protected":false},"author":1,"featured_media":0,"parent":0,"menu_order":0,"comment_status":"open","ping_status":"open","template":"bibliukaflar.php","meta":{"footnotes":""},"class_list":["post-1839","page","type-page","status-publish","hentry"],"_links":{"self":[{"href":"https:\/\/biblian.is\/1981\/wp-json\/wp\/v2\/pages\/1839","targetHints":{"allow":["GET"]}}],"collection":[{"href":"https:\/\/biblian.is\/1981\/wp-json\/wp\/v2\/pages"}],"about":[{"href":"https:\/\/biblian.is\/1981\/wp-json\/wp\/v2\/types\/page"}],"author":[{"embeddable":true,"href":"https:\/\/biblian.is\/1981\/wp-json\/wp\/v2\/users\/1"}],"replies":[{"embeddable":true,"href":"https:\/\/biblian.is\/1981\/wp-json\/wp\/v2\/comments?post=1839"}],"version-history":[{"count":0,"href":"https:\/\/biblian.is\/1981\/wp-json\/wp\/v2\/pages\/1839\/revisions"}],"wp:attachment":[{"href":"https:\/\/biblian.is\/1981\/wp-json\/wp\/v2\/media?parent=1839"}],"curies":[{"name":"wp","href":"https:\/\/api.w.org\/{rel}","templated":true}]}}