{"id":1837,"date":"2017-11-18T20:18:53","date_gmt":"2017-11-18T20:18:53","guid":{"rendered":"http:\/\/biblian.is\/1981\/salmarnir-13-kafli\/"},"modified":"2021-06-06T11:06:55","modified_gmt":"2021-06-06T11:06:55","slug":"salmarnir-13-kafli","status":"publish","type":"page","link":"https:\/\/biblian.is\/1981\/salmarnir-13-kafli\/","title":{"rendered":"S\u00e1lmarnir 13. kafli"},"content":{"rendered":"<p><a name=\"1\"><span class=\"versanumer\">1<\/span><\/a>Til s\u00f6ngstj\u00f3rans. Dav\u00ed\u00f0ss\u00e1lmur.<a name=\"2\"><span class=\"versanumer\">2<\/span><\/a>Hversu lengi, Drottinn, \u00e6tlar \u00fe\u00fa a\u00f0 gleyma m\u00e9r me\u00f0 \u00f6llu? Hversu lengi \u00e6tlar \u00fe\u00fa a\u00f0 hylja auglit \u00feitt fyrir m\u00e9r?<a name=\"3\"><span class=\"versanumer\">3<\/span><\/a>Hversu lengi \u00e1 \u00e9g a\u00f0 bera s\u00fat \u00ed s\u00e1l, harm \u00ed hjarta dag fr\u00e1 degi? Hversu lengi \u00e1 \u00f3vinur minn a\u00f0 hreykja s\u00e9r upp yfir mig?<a name=\"4\"><span class=\"versanumer\">4<\/span><\/a>L\u00edt til, svara m\u00e9r, Drottinn, Gu\u00f0 minn, h\u00fdrga augu m\u00edn, a\u00f0 \u00e9g sofni ekki svefni dau\u00f0ans,<a name=\"5\"><span class=\"versanumer\">5<\/span><\/a>a\u00f0 \u00f3vinur minn geti ekki sagt: \u00c9g hefi bori\u00f0 af honum! a\u00f0 fjandmenn m\u00ednir geti ekki fagna\u00f0 yfir \u00fev\u00ed, a\u00f0 m\u00e9r skri\u00f0ni f\u00f3tur.<a name=\"6\"><span class=\"versanumer\">6<\/span><\/a>&#8222;\u00c9g treysti \u00e1 miskunn \u00fe\u00edna; hjarta mitt fagnar yfir hj\u00e1lp \u00feinni. \u00c9g vil syngja fyrir Drottni, \u00fev\u00ed a\u00f0 hann hefir gj\u00f6rt vel til m\u00edn.&#8220;<\/p>\n<div class=\"footnote1981\"><b>13.2<\/b> Hve lengi? Slm 6.4+ ; 74.10; 79.5; 89.47 \u2013 gleyma m\u00e9r Hlj 5.20 \u2013 hylja auglit sitt Slm 10.11; 22.25,. 27.9, 30.8; 69.18; 102.3<br \/>\n<b>13.4<\/b> Tendra lj\u00f3s augna Slm 19.9; 1Sam 14.27,29; sbr Slm 27.1; J\u00f3h 8.12+<br \/>\n<b>13.5<\/b> Fjandmenn fagna Slm 38.17<br \/>\n<b>13.6<\/b> Treysta \u00e1 g\u00e6sku Gu\u00f0s Slm 52.10; sbr 9.11+ &#8211; gle\u00f0i og f\u00f6gnu\u00f0ur Slm 21.2<\/div>\n","protected":false},"excerpt":{"rendered":"<p>1Til s\u00f6ngstj\u00f3rans. Dav\u00ed\u00f0ss\u00e1lmur.2Hversu lengi, Drottinn, \u00e6tlar \u00fe\u00fa a\u00f0 gleyma m\u00e9r me\u00f0 \u00f6llu? Hversu lengi \u00e6tlar \u00fe\u00fa a\u00f0 hylja auglit \u00feitt fyrir m\u00e9r?3Hversu lengi \u00e1 \u00e9g a\u00f0 bera s\u00fat \u00ed s\u00e1l, harm \u00ed hjarta dag fr\u00e1 degi? Hversu lengi \u00e1 \u00f3vinur minn a\u00f0 hreykja s\u00e9r upp yfir mig?4L\u00edt til, svara m\u00e9r, Drottinn, Gu\u00f0 minn, h\u00fdrga augu m\u00edn, a\u00f0 \u00e9g sofni ekki svefni dau\u00f0ans,5a\u00f0 \u00f3vinur minn geti ekki sagt: \u00c9g hefi bori\u00f0 af honum! a\u00f0 fjandmenn m\u00ednir geti ekki fagna\u00f0 yfir \u00fev\u00ed, a\u00f0 m\u00e9r skri\u00f0ni f\u00f3tur.6&#8222;\u00c9g treysti \u00e1 miskunn \u00fe\u00edna; hjarta mitt fagnar yfir hj\u00e1lp \u00feinni. \u00c9g vil syngja fyrir Drottni, \u00fev\u00ed <a href=\"https:\/\/biblian.is\/1981\/salmarnir-13-kafli\/\"> [&#8230;]<\/a><\/p>\n","protected":false},"author":1,"featured_media":0,"parent":0,"menu_order":0,"comment_status":"open","ping_status":"open","template":"bibliukaflar.php","meta":{"footnotes":""},"class_list":["post-1837","page","type-page","status-publish","hentry"],"_links":{"self":[{"href":"https:\/\/biblian.is\/1981\/wp-json\/wp\/v2\/pages\/1837","targetHints":{"allow":["GET"]}}],"collection":[{"href":"https:\/\/biblian.is\/1981\/wp-json\/wp\/v2\/pages"}],"about":[{"href":"https:\/\/biblian.is\/1981\/wp-json\/wp\/v2\/types\/page"}],"author":[{"embeddable":true,"href":"https:\/\/biblian.is\/1981\/wp-json\/wp\/v2\/users\/1"}],"replies":[{"embeddable":true,"href":"https:\/\/biblian.is\/1981\/wp-json\/wp\/v2\/comments?post=1837"}],"version-history":[{"count":0,"href":"https:\/\/biblian.is\/1981\/wp-json\/wp\/v2\/pages\/1837\/revisions"}],"wp:attachment":[{"href":"https:\/\/biblian.is\/1981\/wp-json\/wp\/v2\/media?parent=1837"}],"curies":[{"name":"wp","href":"https:\/\/api.w.org\/{rel}","templated":true}]}}