{"id":1836,"date":"2017-11-18T20:18:53","date_gmt":"2017-11-18T20:18:53","guid":{"rendered":"http:\/\/biblian.is\/1981\/salmarnir-12-kafli\/"},"modified":"2021-06-06T11:06:35","modified_gmt":"2021-06-06T11:06:35","slug":"salmarnir-12-kafli","status":"publish","type":"page","link":"https:\/\/biblian.is\/1981\/salmarnir-12-kafli\/","title":{"rendered":"S\u00e1lmarnir 12. kafli"},"content":{"rendered":"<p><a name=\"1\"><span class=\"versanumer\">1<\/span><\/a>Til s\u00f6ngstj\u00f3rans. \u00c1 \u00e1ttstrengja\u00f0 hlj\u00f3\u00f0f\u00e6ri. Dav\u00ed\u00f0ss\u00e1lmur.<a name=\"2\"><span class=\"versanumer\">2<\/span><\/a>Hj\u00e1lpa \u00fe\u00fa, Drottinn, \u00fev\u00ed a\u00f0 hinir tr\u00fau\u00f0u eru \u00e1 brottu, hinir dygglyndu horfnir fr\u00e1 m\u00f6nnunum.<a name=\"3\"><span class=\"versanumer\">3<\/span><\/a>Lygi tala \u00feeir hver vi\u00f0 annan, me\u00f0 mj\u00fakfl\u00e1um v\u00f6rum og tv\u00edskiptu hjarta tala \u00feeir.<a name=\"4\"><span class=\"versanumer\">4<\/span><\/a>\u00d3 a\u00f0 Drottinn vildi ey\u00f0a \u00f6llum mj\u00fakfl\u00e1um v\u00f6rum, \u00f6llum tungum er tala drambsamleg or\u00f0,<a name=\"5\"><span class=\"versanumer\">5<\/span><\/a>\u00feeim er segja: Me\u00f0 tungunni munum v\u00e9r sigra, varir vorar hj\u00e1lpa oss, hver er drottnari yfir oss?<a name=\"6\"><span class=\"versanumer\">6<\/span><\/a>Sakir k\u00fagunar hinna hrj\u00e1\u00f0u, sakir andvarpa hinna f\u00e1t\u00e6ku vil \u00e9g n\u00fa r\u00edsa upp, segir Drottinn. \u00c9g vil veita hj\u00e1lp \u00feeim, er \u00fer\u00e1 hana.<a name=\"7\"><span class=\"versanumer\">7<\/span><\/a>Or\u00f0 Drottins eru hrein or\u00f0, sk\u00edrt silfur, sj\u00f6hreinsa\u00f0 gull.<a name=\"8\"><span class=\"versanumer\">8<\/span><\/a>\u00de\u00fa, Drottinn, munt vernda oss, var\u00f0veita oss fyrir \u00feessari kynsl\u00f3\u00f0 um aldur.<a name=\"9\"><span class=\"versanumer\">9<\/span><\/a>Hinir gu\u00f0lausu va\u00f0a alls sta\u00f0ar uppi, og hrakmenni komast til vegs me\u00f0al mannanna.<\/p>\n<div class=\"footnote1981\"><b>12.2<\/b> Gu\u00f0r\u00e6knu \u00e1 brott Slm 14.3; Jes 57.1; Jer 5.1; M\u00edk 7.2; sbr R\u00f3m 3.10-12<br \/>\n<b>12.3<\/b> Svik \u00ed munni Slm 55.22; 59.8,13; 140.4; Jer 9.3-11<br \/>\n<b>12.4<\/b> G\u00edfuryr\u00f0i Slm 31.19<br \/>\n<b>12.6<\/b> K\u00fagun l\u00edtilmagnanna Slm 72.14; 5M\u00f3s 24.14; Jes 3.15; 10.2; Am 2.6; 5.12; Okv 14.31; 22.16 \u2013 r\u00eds \u00e9g n\u00fa upp Jes 33.10<br \/>\n<b>12.7<\/b> Or\u00f0 Drottins Slm 18.31; 119.140; Okv 30.5<\/div>\n","protected":false},"excerpt":{"rendered":"<p>1Til s\u00f6ngstj\u00f3rans. \u00c1 \u00e1ttstrengja\u00f0 hlj\u00f3\u00f0f\u00e6ri. Dav\u00ed\u00f0ss\u00e1lmur.2Hj\u00e1lpa \u00fe\u00fa, Drottinn, \u00fev\u00ed a\u00f0 hinir tr\u00fau\u00f0u eru \u00e1 brottu, hinir dygglyndu horfnir fr\u00e1 m\u00f6nnunum.3Lygi tala \u00feeir hver vi\u00f0 annan, me\u00f0 mj\u00fakfl\u00e1um v\u00f6rum og tv\u00edskiptu hjarta tala \u00feeir.4\u00d3 a\u00f0 Drottinn vildi ey\u00f0a \u00f6llum mj\u00fakfl\u00e1um v\u00f6rum, \u00f6llum tungum er tala drambsamleg or\u00f0,5\u00feeim er segja: Me\u00f0 tungunni munum v\u00e9r sigra, varir vorar hj\u00e1lpa oss, hver er drottnari yfir oss?6Sakir k\u00fagunar hinna hrj\u00e1\u00f0u, sakir andvarpa hinna f\u00e1t\u00e6ku vil \u00e9g n\u00fa r\u00edsa upp, segir Drottinn. \u00c9g vil veita hj\u00e1lp \u00feeim, er \u00fer\u00e1 hana.7Or\u00f0 Drottins eru hrein or\u00f0, sk\u00edrt silfur, sj\u00f6hreinsa\u00f0 gull.8\u00de\u00fa, Drottinn, munt vernda oss, var\u00f0veita oss fyrir \u00feessari <a href=\"https:\/\/biblian.is\/1981\/salmarnir-12-kafli\/\"> [&#8230;]<\/a><\/p>\n","protected":false},"author":1,"featured_media":0,"parent":0,"menu_order":0,"comment_status":"open","ping_status":"open","template":"bibliukaflar.php","meta":{"footnotes":""},"class_list":["post-1836","page","type-page","status-publish","hentry"],"_links":{"self":[{"href":"https:\/\/biblian.is\/1981\/wp-json\/wp\/v2\/pages\/1836","targetHints":{"allow":["GET"]}}],"collection":[{"href":"https:\/\/biblian.is\/1981\/wp-json\/wp\/v2\/pages"}],"about":[{"href":"https:\/\/biblian.is\/1981\/wp-json\/wp\/v2\/types\/page"}],"author":[{"embeddable":true,"href":"https:\/\/biblian.is\/1981\/wp-json\/wp\/v2\/users\/1"}],"replies":[{"embeddable":true,"href":"https:\/\/biblian.is\/1981\/wp-json\/wp\/v2\/comments?post=1836"}],"version-history":[{"count":0,"href":"https:\/\/biblian.is\/1981\/wp-json\/wp\/v2\/pages\/1836\/revisions"}],"wp:attachment":[{"href":"https:\/\/biblian.is\/1981\/wp-json\/wp\/v2\/media?parent=1836"}],"curies":[{"name":"wp","href":"https:\/\/api.w.org\/{rel}","templated":true}]}}