{"id":1833,"date":"2017-11-18T20:18:53","date_gmt":"2017-11-18T20:18:53","guid":{"rendered":"http:\/\/biblian.is\/1981\/salmarnir-9-kafli\/"},"modified":"2021-06-06T11:10:05","modified_gmt":"2021-06-06T11:10:05","slug":"salmarnir-9-kafli","status":"publish","type":"page","link":"https:\/\/biblian.is\/1981\/salmarnir-9-kafli\/","title":{"rendered":"S\u00e1lmarnir 9. kafli"},"content":{"rendered":"<p><a name=\"1\"><span class=\"versanumer\">1<\/span><\/a>Til s\u00f6ngstj\u00f3rans. Alm\u00fat labben. Dav\u00ed\u00f0ss\u00e1lmur.<a name=\"2\"><span class=\"versanumer\">2<\/span><\/a>\u00c9g vil lofa \u00feig, Drottinn, af \u00f6llu hjarta, segja fr\u00e1 \u00f6llum \u00fe\u00ednum d\u00e1semdarverkum.<a name=\"3\"><span class=\"versanumer\">3<\/span><\/a>\u00c9g vil gle\u00f0jast og k\u00e6tast yfir \u00fe\u00e9r, lofsyngja nafni \u00fe\u00ednu, \u00fe\u00fa Hinn h\u00e6sti.<a name=\"4\"><span class=\"versanumer\">4<\/span><\/a>\u00d3vinir m\u00ednir h\u00f6rfu\u00f0u undan, hr\u00f6su\u00f0u og f\u00f3rust fyrir augliti \u00fe\u00ednu.<a name=\"5\"><span class=\"versanumer\">5<\/span><\/a>J\u00e1, \u00fe\u00fa hefir l\u00e1ti\u00f0 mig n\u00e1 r\u00e9tti m\u00ednum og flutt m\u00e1l mitt, setst \u00ed h\u00e1s\u00e6ti\u00f0 sem r\u00e9ttl\u00e1tur d\u00f3mari.<a name=\"6\"><span class=\"versanumer\">6<\/span><\/a>\u00de\u00fa hefir hasta\u00f0 \u00e1 \u00fej\u00f3\u00f0irnar, tort\u00edmt hinum \u00f3gu\u00f0legu, afm\u00e1\u00f0 nafn \u00feeirra um aldur og \u00e6vi.<a name=\"7\"><span class=\"versanumer\">7<\/span><\/a>\u00d3vinirnir eru li\u00f0nir undir lok r\u00fastir a\u00f0 eil\u00edfu og borgirnar hefir \u00fe\u00fa broti\u00f0, minning \u00feeirra er horfin.<a name=\"8\"><span class=\"versanumer\">8<\/span><\/a>En Drottinn r\u00edkir a\u00f0 eil\u00edfu, hann hefir reist h\u00e1s\u00e6ti sitt til d\u00f3ms.<a name=\"9\"><span class=\"versanumer\">9<\/span><\/a>Hann d\u00e6mir heiminn me\u00f0 r\u00e9ttv\u00edsi, heldur r\u00e9ttl\u00e1tan d\u00f3m yfir \u00fej\u00f3\u00f0unum.<a name=\"10\"><span class=\"versanumer\">10<\/span><\/a>Og Drottinn er v\u00edgi or\u00f0inn hinum k\u00fagu\u00f0u, v\u00edgi \u00e1 ney\u00f0art\u00edmum.<a name=\"11\"><span class=\"versanumer\">11<\/span><\/a>\u00deeir er \u00feekkja nafn \u00feitt, treysta \u00fe\u00e9r, \u00fev\u00ed a\u00f0 \u00fe\u00fa, Drottinn, yfirgefur eigi \u00fe\u00e1, er \u00fe\u00edn leita.<a name=\"12\"><span class=\"versanumer\">12<\/span><\/a>Lofsyngi\u00f0 Drottni, \u00feeim er b\u00fdr \u00e1 S\u00edon, gj\u00f6ri\u00f0 st\u00f3rvirki hans kunn me\u00f0al \u00fej\u00f3\u00f0anna.<a name=\"13\"><span class=\"versanumer\">13<\/span><\/a>\u00dev\u00ed a\u00f0 hann sem bl\u00f3\u00f0s hefnir hefir minnst \u00feeirra, hann hefir eigi gleymt hr\u00f3pi hinna hrj\u00e1\u00f0u:<a name=\"14\"><span class=\"versanumer\">14<\/span><\/a>L\u00edkna m\u00e9r, Drottinn, sj\u00e1 \u00fe\u00fa eymd m\u00edna, er hatursmenn m\u00ednir baka m\u00e9r, \u00fe\u00fa sem lyftir m\u00e9r upp fr\u00e1 hli\u00f0um dau\u00f0ans,<a name=\"15\"><span class=\"versanumer\">15<\/span><\/a>a\u00f0 \u00e9g megi segja fr\u00e1 \u00f6llum lofst\u00edr \u00fe\u00ednum, fagna yfir hj\u00e1lp \u00feinni \u00ed hli\u00f0um S\u00edonard\u00f3ttur.<a name=\"16\"><span class=\"versanumer\">16<\/span><\/a>L\u00fd\u00f0irnir eru fallnir \u00ed gryfju \u00fe\u00e1, er \u00feeir gj\u00f6r\u00f0u, f\u00e6tur \u00feeirra festust \u00ed neti \u00fev\u00ed, er \u00feeir l\u00f6g\u00f0u leynt.<a name=\"17\"><span class=\"versanumer\">17<\/span><\/a>Drottinn er kunnur or\u00f0inn: Hann hefir h\u00e1\u00f0 d\u00f3m, hinn \u00f3gu\u00f0legi festist \u00ed \u00fev\u00ed, er hendur hans h\u00f6f\u00f0u gj\u00f6rt.  Strengjaleikur. Sela<a name=\"18\"><span class=\"versanumer\">18<\/span><\/a>Hinir \u00f3gu\u00f0legu hrapa til Heljar, allar \u00fej\u00f3\u00f0ir er gleyma Gu\u00f0i.<a name=\"19\"><span class=\"versanumer\">19<\/span><\/a>Hinum snau\u00f0a ver\u00f0ur eigi \u00e1vallt gleymt, von hinna hrj\u00e1\u00f0u bregst eigi s\u00edfellt.<a name=\"20\"><span class=\"versanumer\">20<\/span><\/a>R\u00eds \u00fe\u00fa upp, Drottinn! L\u00e1t eigi dau\u00f0lega menn ver\u00f0a yfirsterkari, l\u00e1t \u00fej\u00f3\u00f0irnar hlj\u00f3ta d\u00f3m fyrir augliti \u00fe\u00ednu.<a name=\"21\"><span class=\"versanumer\">21<\/span><\/a>Skj\u00f3t l\u00fd\u00f0unum skelk \u00ed bringu, Drottinn! L\u00e1t \u00fe\u00e1 komast a\u00f0 raun um, a\u00f0 \u00feeir eru dau\u00f0legir menn.  Sela<\/p>\n<div class=\"footnote1981\"><b>9.2<\/b> Af \u00f6llu hjarta Slm 111.1; 138.1 \u2013 m\u00e1ttarverk Gu\u00f0s Slm 26.7; 66.16; 75.2; 107.22; 118.17<br \/>\n<b>9.3<\/b> Lofsyngja nafni \u00fe\u00ednu Slm 7.18; 92.2<br \/>\n<b>9.4<\/b> Fjandmenn sneru aftur Slm 68.3<br \/>\n<b>9.5<\/b> N\u00e1 r\u00e9tti m\u00ednum Slm 35.23; 43.1+ ; 1Sam 25.39; M\u00edk 7.9 \u2013 Gu\u00f0, r\u00e9ttl\u00e1tur d\u00f3mari Slm 7.12+<br \/>\n<b>9.6<\/b> \u00d3gna\u00f0 \u00fej\u00f3\u00f0unum Slm 2.10-12 \u2013 afm\u00e1\u00f0 nafn \u00feeirra 5M\u00f3s 9.14<br \/>\n<b>9.7<\/b> Engin minnist Job 18.17<br \/>\n<b>9.8<\/b> Drottinn r\u00edkir a\u00f0 eil\u00edfu Slm 10.16; 29.10; 102.13; 145.13; 146.10; Jer 10.10; Hlj 5.19<br \/>\n<b>9.9<\/b> R\u00e9ttl\u00e1tur d\u00f3mari Slm 96.10-13; 98.9; sbr 75.3<br \/>\n<b>9.10<\/b> \u00c1 ney\u00f0art\u00edmum Slm 77.3+ &#8211; Drottinn er v\u00f6rn Slm 18.3; 46.8; 48.4; 59.10,17-18; 62.3,7; 144.2; sbr 27.1<br \/>\n<b>9.11<\/b> Treysta Drottni Slm 4.6; 18.31; 21.8; 22.5-6; 25.2; 26.1; 31.7; 32.10; 37.3; 52.10; 55.24+ &#8211; \u00feekkja nafn \u00feitt Slm 91.14; Jes 52.6 \u2013 leita Drottins Slm 14.2; 22.27; 24.6; 34.5; 40.17; 62.2; 69.7,33; 70.5; 105.4; 119.2,10; 5M\u00f3s 4.29; Jes 26.9; 55.6; 65.1; Jer 29.13; H\u00f3s 10.12; Am 5.4,6; Sef 2.3; Sak 8.22; 2Kro 22.9; 30.19<br \/>\n<b>9.12<\/b> Lofsyngi\u00f0 Drottni Slm 96.1+ &#8211; \u00e1 S\u00edon Slm 132.13-14 \u2013 me\u00f0al \u00fej\u00f3\u00f0anna Slm 96.3; 105.1; Jes 66.19<br \/>\n<b>9.13<\/b> Drottinn hefnir bl\u00f3\u00f0s 1M\u00f3s 9.5<br \/>\n<b>9.14<\/b> Hli\u00f0 dau\u00f0ans Slm 107.18; Jes 38.10; SS 16.13; Matt 16.18<br \/>\n<b>9.16<\/b> Gryfja Slm 7.16 + &#8211; net Slm 10.9; 35.7; 57.7, 140.6; 141.9-10; Hlj 1.13 \u2013 falla \u00ed eigin gildru Slm 64.9<br \/>\n<b>9.18<\/b> Hrapa til Heljar Slm 90.3; 104.29; Job 30.23; sbr Job 1.21<br \/>\n<b>9.20<\/b> R\u00eds upp Slm 3.8+<br \/>\n<b>9.21<\/b> Dau\u00f0legar Slm 10.18; 56.5,12<\/div>\n","protected":false},"excerpt":{"rendered":"<p>1Til s\u00f6ngstj\u00f3rans. Alm\u00fat labben. Dav\u00ed\u00f0ss\u00e1lmur.2\u00c9g vil lofa \u00feig, Drottinn, af \u00f6llu hjarta, segja fr\u00e1 \u00f6llum \u00fe\u00ednum d\u00e1semdarverkum.3\u00c9g vil gle\u00f0jast og k\u00e6tast yfir \u00fe\u00e9r, lofsyngja nafni \u00fe\u00ednu, \u00fe\u00fa Hinn h\u00e6sti.4\u00d3vinir m\u00ednir h\u00f6rfu\u00f0u undan, hr\u00f6su\u00f0u og f\u00f3rust fyrir augliti \u00fe\u00ednu.5J\u00e1, \u00fe\u00fa hefir l\u00e1ti\u00f0 mig n\u00e1 r\u00e9tti m\u00ednum og flutt m\u00e1l mitt, setst \u00ed h\u00e1s\u00e6ti\u00f0 sem r\u00e9ttl\u00e1tur d\u00f3mari.6\u00de\u00fa hefir hasta\u00f0 \u00e1 \u00fej\u00f3\u00f0irnar, tort\u00edmt hinum \u00f3gu\u00f0legu, afm\u00e1\u00f0 nafn \u00feeirra um aldur og \u00e6vi.7\u00d3vinirnir eru li\u00f0nir undir lok r\u00fastir a\u00f0 eil\u00edfu og borgirnar hefir \u00fe\u00fa broti\u00f0, minning \u00feeirra er horfin.8En Drottinn r\u00edkir a\u00f0 eil\u00edfu, hann hefir reist h\u00e1s\u00e6ti sitt til d\u00f3ms.9Hann d\u00e6mir heiminn me\u00f0 r\u00e9ttv\u00edsi, <a href=\"https:\/\/biblian.is\/1981\/salmarnir-9-kafli\/\"> [&#8230;]<\/a><\/p>\n","protected":false},"author":1,"featured_media":0,"parent":0,"menu_order":0,"comment_status":"open","ping_status":"open","template":"bibliukaflar.php","meta":{"footnotes":""},"class_list":["post-1833","page","type-page","status-publish","hentry"],"_links":{"self":[{"href":"https:\/\/biblian.is\/1981\/wp-json\/wp\/v2\/pages\/1833","targetHints":{"allow":["GET"]}}],"collection":[{"href":"https:\/\/biblian.is\/1981\/wp-json\/wp\/v2\/pages"}],"about":[{"href":"https:\/\/biblian.is\/1981\/wp-json\/wp\/v2\/types\/page"}],"author":[{"embeddable":true,"href":"https:\/\/biblian.is\/1981\/wp-json\/wp\/v2\/users\/1"}],"replies":[{"embeddable":true,"href":"https:\/\/biblian.is\/1981\/wp-json\/wp\/v2\/comments?post=1833"}],"version-history":[{"count":0,"href":"https:\/\/biblian.is\/1981\/wp-json\/wp\/v2\/pages\/1833\/revisions"}],"wp:attachment":[{"href":"https:\/\/biblian.is\/1981\/wp-json\/wp\/v2\/media?parent=1833"}],"curies":[{"name":"wp","href":"https:\/\/api.w.org\/{rel}","templated":true}]}}