{"id":1832,"date":"2017-11-18T20:18:53","date_gmt":"2017-11-18T20:18:53","guid":{"rendered":"http:\/\/biblian.is\/1981\/salmarnir-8-kafli\/"},"modified":"2021-06-06T11:10:02","modified_gmt":"2021-06-06T11:10:02","slug":"salmarnir-8-kafli","status":"publish","type":"page","link":"https:\/\/biblian.is\/1981\/salmarnir-8-kafli\/","title":{"rendered":"S\u00e1lmarnir 8. kafli"},"content":{"rendered":"<p><a name=\"1\"><span class=\"versanumer\">1<\/span><\/a>Til s\u00f6ngstj\u00f3rans. \u00c1 gitt\u00edt. Dav\u00ed\u00f0ss\u00e1lmur.<a name=\"2\"><span class=\"versanumer\">2<\/span><\/a>Drottinn, Gu\u00f0 vor, hversu d\u00fdrlegt er nafn \u00feitt um alla j\u00f6r\u00f0ina! \u00de\u00fa brei\u00f0ir lj\u00f3ma \u00feinn yfir himininn.<a name=\"3\"><span class=\"versanumer\">3<\/span><\/a>Af munni barna og brj\u00f3stmylkinga hefir \u00fe\u00fa gj\u00f6rt \u00fe\u00e9r v\u00edgi til varnar gegn \u00f3vinum \u00fe\u00ednum, til \u00feess a\u00f0 \u00feagga ni\u00f0ur \u00ed hefndargirni \u00f3vinarins.<a name=\"4\"><span class=\"versanumer\">4<\/span><\/a>\u00deegar \u00e9g horfi \u00e1 himininn, verk handa \u00feinna, tungli\u00f0 og stj\u00f6rnurnar, er \u00fe\u00fa hefir skapa\u00f0,<a name=\"5\"><span class=\"versanumer\">5<\/span><\/a>hva\u00f0 er \u00fe\u00e1 ma\u00f0urinn \u00feess, a\u00f0 \u00fe\u00fa minnist hans, og mannsins barn, a\u00f0 \u00fe\u00fa vitjir \u00feess?<a name=\"6\"><span class=\"versanumer\">6<\/span><\/a>\u00de\u00fa l\u00e9st hann ver\u00f0a litlu minni en Gu\u00f0, me\u00f0 s\u00e6md og hei\u00f0ri kr\u00fdndir \u00fe\u00fa hann.<a name=\"7\"><span class=\"versanumer\">7<\/span><\/a>\u00de\u00fa l\u00e9st hann r\u00edkja yfir handaverkum \u00fe\u00ednum, allt lag\u00f0ir \u00fe\u00fa a\u00f0 f\u00f3tum hans:<a name=\"8\"><span class=\"versanumer\">8<\/span><\/a>sau\u00f0f\u00e9na\u00f0 allan og uxa, og auk \u00feess d\u00fdr merkurinnar,<a name=\"9\"><span class=\"versanumer\">9<\/span><\/a>fugla loftsins og fiska hafsins, allt \u00fea\u00f0 er fer hafsins vegu.<a name=\"10\"><span class=\"versanumer\">10<\/span><\/a>Drottinn, Gu\u00f0 vor, hversu d\u00fdrlegt er nafn \u00feitt um alla j\u00f6r\u00f0ina!<\/p>\n<div class=\"footnote1981\"><b>8.2<\/b> Nafn Drottins Slm 113.1-3 \u2013 um alla j\u00f6r\u00f0ina Slm 19.5; 104<br \/>\n<b>8.3<\/b> Gu\u00f0 og b\u00f6rnin Slm 148.12-13; SSal 102.1; sbr Matt 11.25<br \/>\n<b>8.4<\/b> Hendur (fingur) Gu\u00f0s 2M\u00f3s 8.15; L\u00fak 11.20<br \/>\n<b>8.5<\/b> Hva\u00f0 er \u00fe\u00e1 ma\u00f0urinn \u2026 Slm 144.3; Job 7.17-18; Heb 2.6-8<br \/>\n<b>8.6<\/b> Litlu minni 1M\u00f3s 1.26-27; SSal 2.23; S\u00edr 17.3-4<br \/>\n<b>8.7<\/b> L\u00e9st hann r\u00edkja 1M\u00f3s 1.28; SSal 9.2-3 \u2013 a\u00f0 f\u00f3tum hans 1Kor 15.27; Ef 1.22<\/div>\n","protected":false},"excerpt":{"rendered":"<p>1Til s\u00f6ngstj\u00f3rans. \u00c1 gitt\u00edt. Dav\u00ed\u00f0ss\u00e1lmur.2Drottinn, Gu\u00f0 vor, hversu d\u00fdrlegt er nafn \u00feitt um alla j\u00f6r\u00f0ina! \u00de\u00fa brei\u00f0ir lj\u00f3ma \u00feinn yfir himininn.3Af munni barna og brj\u00f3stmylkinga hefir \u00fe\u00fa gj\u00f6rt \u00fe\u00e9r v\u00edgi til varnar gegn \u00f3vinum \u00fe\u00ednum, til \u00feess a\u00f0 \u00feagga ni\u00f0ur \u00ed hefndargirni \u00f3vinarins.4\u00deegar \u00e9g horfi \u00e1 himininn, verk handa \u00feinna, tungli\u00f0 og stj\u00f6rnurnar, er \u00fe\u00fa hefir skapa\u00f0,5hva\u00f0 er \u00fe\u00e1 ma\u00f0urinn \u00feess, a\u00f0 \u00fe\u00fa minnist hans, og mannsins barn, a\u00f0 \u00fe\u00fa vitjir \u00feess?6\u00de\u00fa l\u00e9st hann ver\u00f0a litlu minni en Gu\u00f0, me\u00f0 s\u00e6md og hei\u00f0ri kr\u00fdndir \u00fe\u00fa hann.7\u00de\u00fa l\u00e9st hann r\u00edkja yfir handaverkum \u00fe\u00ednum, allt lag\u00f0ir \u00fe\u00fa a\u00f0 f\u00f3tum hans:8sau\u00f0f\u00e9na\u00f0 allan og <a href=\"https:\/\/biblian.is\/1981\/salmarnir-8-kafli\/\"> [&#8230;]<\/a><\/p>\n","protected":false},"author":1,"featured_media":0,"parent":0,"menu_order":0,"comment_status":"open","ping_status":"open","template":"bibliukaflar.php","meta":{"footnotes":""},"class_list":["post-1832","page","type-page","status-publish","hentry"],"_links":{"self":[{"href":"https:\/\/biblian.is\/1981\/wp-json\/wp\/v2\/pages\/1832","targetHints":{"allow":["GET"]}}],"collection":[{"href":"https:\/\/biblian.is\/1981\/wp-json\/wp\/v2\/pages"}],"about":[{"href":"https:\/\/biblian.is\/1981\/wp-json\/wp\/v2\/types\/page"}],"author":[{"embeddable":true,"href":"https:\/\/biblian.is\/1981\/wp-json\/wp\/v2\/users\/1"}],"replies":[{"embeddable":true,"href":"https:\/\/biblian.is\/1981\/wp-json\/wp\/v2\/comments?post=1832"}],"version-history":[{"count":0,"href":"https:\/\/biblian.is\/1981\/wp-json\/wp\/v2\/pages\/1832\/revisions"}],"wp:attachment":[{"href":"https:\/\/biblian.is\/1981\/wp-json\/wp\/v2\/media?parent=1832"}],"curies":[{"name":"wp","href":"https:\/\/api.w.org\/{rel}","templated":true}]}}