{"id":1831,"date":"2017-11-18T20:18:53","date_gmt":"2017-11-18T20:18:53","guid":{"rendered":"http:\/\/biblian.is\/1981\/salmarnir-7-kafli\/"},"modified":"2021-06-06T11:09:59","modified_gmt":"2021-06-06T11:09:59","slug":"salmarnir-7-kafli","status":"publish","type":"page","link":"https:\/\/biblian.is\/1981\/salmarnir-7-kafli\/","title":{"rendered":"S\u00e1lmarnir 7. kafli"},"content":{"rendered":"<p><a name=\"1\"><span class=\"versanumer\">1<\/span><\/a>Dav\u00ed\u00f0ss\u00e1lmur, er hann kva\u00f0 fyrir Drottni sakir K\u00fas Benjam\u00edn\u00edta.<a name=\"2\"><span class=\"versanumer\">2<\/span><\/a>Drottinn, Gu\u00f0 minn, hj\u00e1 \u00fe\u00e9r leita \u00e9g h\u00e6lis, hj\u00e1lpa m\u00e9r undan \u00f6llum ofs\u00e6kjendum m\u00ednum og bjarga m\u00e9r,<a name=\"3\"><span class=\"versanumer\">3<\/span><\/a>svo a\u00f0 \u00feeir r\u00edfi mig ekki \u00ed sundur eins og lj\u00f3n, t\u00e6ti mig \u00ed sundur og enginn bjargi m\u00e9r.<a name=\"4\"><span class=\"versanumer\">4<\/span><\/a>Drottinn, Gu\u00f0 minn, hafi \u00e9g gj\u00f6rt \u00feetta: s\u00e9 rangl\u00e6ti \u00ed h\u00f6ndum m\u00ednum,<a name=\"5\"><span class=\"versanumer\">5<\/span><\/a>hafi \u00e9g illt gj\u00f6rt \u00feeim er lif\u00f0u \u00ed fri\u00f0i vi\u00f0 mig, e\u00f0a gj\u00f6rt fjandm\u00f6nnum m\u00ednum mein a\u00f0 \u00e1st\u00e6\u00f0ulausu,<a name=\"6\"><span class=\"versanumer\">6<\/span><\/a>\u00fe\u00e1 elti mig \u00f3vinur minn og n\u00e1i m\u00e9r, tro\u00f0i l\u00edf mitt til jar\u00f0ar og varpi s\u00e6md minni \u00ed dufti\u00f0.  Sela<a name=\"7\"><span class=\"versanumer\">7<\/span><\/a>R\u00eds \u00fe\u00fa upp, Drottinn, \u00ed rei\u00f0i \u00feinni, hef \u00feig gegn ofsa fjandmanna minna og vakna m\u00e9r til hj\u00e1lpar, \u00fe\u00fa sem hefir fyrirskipa\u00f0 r\u00e9ttan d\u00f3m.<a name=\"8\"><span class=\"versanumer\">8<\/span><\/a>S\u00f6fnu\u00f0ur \u00fej\u00f3\u00f0anna umkringi \u00feig, og tak \u00fe\u00fa s\u00e6ti uppi yfir honum \u00e1 h\u00e6\u00f0um.<a name=\"9\"><span class=\"versanumer\">9<\/span><\/a>\u00de\u00fa Drottinn, sem d\u00e6mir \u00fej\u00f3\u00f0irnar, l\u00e1t mig n\u00e1 r\u00e9tti m\u00ednum, Drottinn, samkv\u00e6mt r\u00e9ttl\u00e6ti m\u00ednu og r\u00e1\u00f0vendni.<a name=\"10\"><span class=\"versanumer\">10<\/span><\/a>L\u00e1t endi \u00e1 ver\u00f0a illsku \u00f3gu\u00f0legra, en styrk hina r\u00e9ttl\u00e1tu, \u00fe\u00fa, sem rannsakar hj\u00f6rtun og n\u00fdrun, r\u00e9ttl\u00e1ti Gu\u00f0!<a name=\"11\"><span class=\"versanumer\">11<\/span><\/a>Gu\u00f0 heldur skildi fyrir m\u00e9r, hann hj\u00e1lpar hinum hjartahreinu.<a name=\"12\"><span class=\"versanumer\">12<\/span><\/a>Gu\u00f0 er r\u00e9ttl\u00e1tur d\u00f3mari, hann rei\u00f0ist illskunni dag hvern.<a name=\"13\"><span class=\"versanumer\">13<\/span><\/a>Vissulega hvetur hinn \u00f3gu\u00f0legi aftur sver\u00f0 sitt, bendir boga sinn og leggur til h\u00e6fis,<a name=\"14\"><span class=\"versanumer\">14<\/span><\/a>en sj\u00e1lfum s\u00e9r hefir hann b\u00fai\u00f0 hin banv\u00e6nu vopn, skoti\u00f0 brennandi \u00f6rvum.<a name=\"15\"><span class=\"versanumer\">15<\/span><\/a>J\u00e1, hann getur illsku, er \u00feunga\u00f0ur af rangl\u00e6ti og elur t\u00e1l.<a name=\"16\"><span class=\"versanumer\">16<\/span><\/a>Hann gr\u00f3f gr\u00f6f og gj\u00f6r\u00f0i hana dj\u00fapa, en sj\u00e1lfur fellur hann \u00ed gryfjuna er hann gj\u00f6r\u00f0i.<a name=\"17\"><span class=\"versanumer\">17<\/span><\/a>Rangl\u00e6ti hans kemur sj\u00e1lfum honum \u00ed koll, og ofbeldi hans fellur \u00ed h\u00f6fu\u00f0 honum sj\u00e1lfum.<a name=\"18\"><span class=\"versanumer\">18<\/span><\/a>\u00c9g vil lofa Drottin fyrir r\u00e9ttl\u00e6ti hans og lofsyngja nafni Drottins hins h\u00e6sta.<\/p>\n<div class=\"footnote1981\"><b>7.2<\/b> Leita h\u00e6lis Slm 11.1; 17.7; 31.2-4,20; 34.9,23; 37.40; 46.2; 61.4; 71.1-3; 91.9; 141.8; 142.6<br \/>\n<b>7.3<\/b> Enginn hj\u00e1lpar Slm 50.22; 71.11; D\u00f3m 18.28; H\u00f3s 2.12+; Job 5.4<br \/>\n<b>7.4<\/b> Saklaus ma\u00f0ur Slm 17.3-5; 26.4-5<br \/>\n<b>7.9<\/b> Drottinn d\u00e6mir Slm 9.9 \u2013 n\u00e1 r\u00e9tti m\u00ednum Slm 26.1; 35.23,24; 43.1<br \/>\n<b>7.10<\/b> \u00de\u00fa, sem rannsakar Slm 11.4-5; 17.3; 26.2; 139.23 \u2013 hj\u00f6rtu og n\u00fdru Slm 26.2; Jer 11.20; 17.10; 20.12; Opb 2.23<br \/>\n<b>7.12<\/b> Gu\u00f0 er r\u00e9ttl\u00e1tur d\u00f3mari Slm 9.5; 82.1; Jer 11.20<br \/>\n<b>7.14<\/b> Banv\u00e6n vopn sbr Slm 11.6; 64.8<br \/>\n<b>7.15<\/b> \u00deunga\u00f0ur af illsku Jes 59.4-5; Job 15.35<br \/>\n<b>7.16<\/b> Falla \u00ed gr\u00f6f Slm 9.16; 35.7-8; 57.7; 141.9; Okv 26.27<br \/>\n<b>7.17<\/b> Rangl\u00e6ti \u2026 \u00ed koll Slm 37.15; 94.23; Jer 2.19; Job 4.8; Okv 5.22; 22.8; Gal 6.7-8<\/div>\n","protected":false},"excerpt":{"rendered":"<p>1Dav\u00ed\u00f0ss\u00e1lmur, er hann kva\u00f0 fyrir Drottni sakir K\u00fas Benjam\u00edn\u00edta.2Drottinn, Gu\u00f0 minn, hj\u00e1 \u00fe\u00e9r leita \u00e9g h\u00e6lis, hj\u00e1lpa m\u00e9r undan \u00f6llum ofs\u00e6kjendum m\u00ednum og bjarga m\u00e9r,3svo a\u00f0 \u00feeir r\u00edfi mig ekki \u00ed sundur eins og lj\u00f3n, t\u00e6ti mig \u00ed sundur og enginn bjargi m\u00e9r.4Drottinn, Gu\u00f0 minn, hafi \u00e9g gj\u00f6rt \u00feetta: s\u00e9 rangl\u00e6ti \u00ed h\u00f6ndum m\u00ednum,5hafi \u00e9g illt gj\u00f6rt \u00feeim er lif\u00f0u \u00ed fri\u00f0i vi\u00f0 mig, e\u00f0a gj\u00f6rt fjandm\u00f6nnum m\u00ednum mein a\u00f0 \u00e1st\u00e6\u00f0ulausu,6\u00fe\u00e1 elti mig \u00f3vinur minn og n\u00e1i m\u00e9r, tro\u00f0i l\u00edf mitt til jar\u00f0ar og varpi s\u00e6md minni \u00ed dufti\u00f0. Sela7R\u00eds \u00fe\u00fa upp, Drottinn, \u00ed rei\u00f0i \u00feinni, hef \u00feig gegn ofsa <a href=\"https:\/\/biblian.is\/1981\/salmarnir-7-kafli\/\"> [&#8230;]<\/a><\/p>\n","protected":false},"author":1,"featured_media":0,"parent":0,"menu_order":0,"comment_status":"open","ping_status":"open","template":"bibliukaflar.php","meta":{"footnotes":""},"class_list":["post-1831","page","type-page","status-publish","hentry"],"_links":{"self":[{"href":"https:\/\/biblian.is\/1981\/wp-json\/wp\/v2\/pages\/1831","targetHints":{"allow":["GET"]}}],"collection":[{"href":"https:\/\/biblian.is\/1981\/wp-json\/wp\/v2\/pages"}],"about":[{"href":"https:\/\/biblian.is\/1981\/wp-json\/wp\/v2\/types\/page"}],"author":[{"embeddable":true,"href":"https:\/\/biblian.is\/1981\/wp-json\/wp\/v2\/users\/1"}],"replies":[{"embeddable":true,"href":"https:\/\/biblian.is\/1981\/wp-json\/wp\/v2\/comments?post=1831"}],"version-history":[{"count":0,"href":"https:\/\/biblian.is\/1981\/wp-json\/wp\/v2\/pages\/1831\/revisions"}],"wp:attachment":[{"href":"https:\/\/biblian.is\/1981\/wp-json\/wp\/v2\/media?parent=1831"}],"curies":[{"name":"wp","href":"https:\/\/api.w.org\/{rel}","templated":true}]}}