{"id":1829,"date":"2017-11-18T20:18:53","date_gmt":"2017-11-18T20:18:53","guid":{"rendered":"http:\/\/biblian.is\/1981\/salmarnir-5-kafli\/"},"modified":"2021-06-06T11:09:53","modified_gmt":"2021-06-06T11:09:53","slug":"salmarnir-5-kafli","status":"publish","type":"page","link":"https:\/\/biblian.is\/1981\/salmarnir-5-kafli\/","title":{"rendered":"S\u00e1lmarnir 5. kafli"},"content":{"rendered":"<p><a name=\"1\"><span class=\"versanumer\">1<\/span><\/a>Til s\u00f6ngstj\u00f3rans. Me\u00f0 hlj\u00f3\u00f0p\u00edpu. Dav\u00ed\u00f0ss\u00e1lmur.<a name=\"2\"><span class=\"versanumer\">2<\/span><\/a>Heyr or\u00f0 m\u00edn, Drottinn, gef gaum a\u00f0 andv\u00f6rpum m\u00ednum.<a name=\"3\"><span class=\"versanumer\">3<\/span><\/a>Hl\u00fd\u00f0 \u00fe\u00fa \u00e1 kveinstafi m\u00edna, konungur minn og Gu\u00f0 minn, \u00fev\u00ed a\u00f0 til \u00fe\u00edn bi\u00f0 \u00e9g.<a name=\"4\"><span class=\"versanumer\">4<\/span><\/a>Drottinn, \u00e1 morgnana heyrir \u00fe\u00fa r\u00f6dd m\u00edna, \u00e1 morgnana legg \u00e9g b\u00e6n m\u00edna fram fyrir \u00feig, og \u00e9g b\u00ed\u00f0 \u00fe\u00edn.<a name=\"5\"><span class=\"versanumer\">5<\/span><\/a>\u00de\u00fa ert eigi s\u00e1 Gu\u00f0, er \u00f3gu\u00f0legt ath\u00e6fi l\u00edki, hinir vondu f\u00e1 eigi a\u00f0 dveljast hj\u00e1 \u00fe\u00e9r.<a name=\"6\"><span class=\"versanumer\">6<\/span><\/a>Hinir hrokafullu f\u00e1 eigi sta\u00f0ist fyrir \u00fe\u00e9r, \u00fe\u00fa hatar alla er illt gj\u00f6ra.<a name=\"7\"><span class=\"versanumer\">7<\/span><\/a>\u00de\u00fa tort\u00edmir \u00feeim, sem lygar m\u00e6la, \u00e1 bl\u00f3\u00f0v\u00f6rgum og svikurum hefir Drottinn andstygg\u00f0.<a name=\"8\"><span class=\"versanumer\">8<\/span><\/a>En \u00e9g f\u00e6 a\u00f0 ganga \u00ed h\u00fas \u00feitt fyrir mikla miskunn \u00fe\u00edna, f\u00e6 a\u00f0 falla fram fyrir \u00fe\u00ednu heilaga musteri \u00ed \u00f3tta frammi fyrir \u00fe\u00e9r.<a name=\"9\"><span class=\"versanumer\">9<\/span><\/a>Drottinn, lei\u00f0 mig eftir r\u00e9ttl\u00e6ti \u00fe\u00ednu sakir \u00f3vina minna, gj\u00f6r sl\u00e9ttan veg \u00feinn fyrir m\u00e9r.<a name=\"10\"><span class=\"versanumer\">10<\/span><\/a>Einl\u00e6gni er ekki til \u00ed munni \u00feeirra, hjarta \u00feeirra er gl\u00f6tunardj\u00fap. Kok \u00feeirra er opin gr\u00f6f, me\u00f0 tungu sinni hr\u00e6sna \u00feeir.<a name=\"11\"><span class=\"versanumer\">11<\/span><\/a>D\u00e6m \u00fe\u00e1 seka, Gu\u00f0, falli \u00feeir sakir r\u00e1\u00f0agj\u00f6r\u00f0a sinna, hrind \u00feeim burt sakir hinna m\u00f6rgu afbrota \u00feeirra, \u00fev\u00ed a\u00f0 \u00feeir storka \u00fe\u00e9r.<a name=\"12\"><span class=\"versanumer\">12<\/span><\/a>Allir k\u00e6tast, er treysta \u00fe\u00e9r, \u00feeir fagna a\u00f0 eil\u00edfu, \u00fev\u00ed a\u00f0 \u00fe\u00fa verndar \u00fe\u00e1. \u00deeir sem elska nafn \u00feitt gle\u00f0jast yfir \u00fe\u00e9r.<a name=\"13\"><span class=\"versanumer\">13<\/span><\/a>\u00dev\u00ed a\u00f0 \u00fe\u00fa, Drottinn, blessar hinn r\u00e9ttl\u00e1ta, hl\u00edfir honum me\u00f0 n\u00e1\u00f0 \u00feinni eins og me\u00f0 skildi.<\/p>\n<div class=\"footnote1981\"><b>5.2<\/b> Heyr Slm 17.1; 86.6, sbr 71.2+<br \/>\n<b>5.3<\/b> Heyr \u00fe\u00fa (gef gaum a\u00f0) Slm 34.16; 61.2; 66.19; 86.6; 102.18; 130.2; 142.7 \u2013 konungur minn og Gu\u00f0 Slm 68.25; 74.12; 84.4: 145.1<br \/>\n<b>5.5<\/b> Leita skj\u00f3ls hj\u00e1 Gu\u00f0i Slm 15<br \/>\n<b>5.8<\/b> Ganga \u00ed Gu\u00f0s h\u00fas Slm 66.13; 100.4; sbr 42.3 \u2013 falla fram Slm 138.2; 1Kon 8.44,48; sbr Dan 6.11<br \/>\n<b>5.9<\/b> Lei\u00f0 mig Slm 25.5; 27.11; 61.4; 119.35; 139.24 \u2013 gj\u00f6r sl\u00e9ttan veg \u00feinn Jes 45.13; Okv 3.6; 11.5<br \/>\n<b>5.10<\/b> \u00cd munni hins gu\u00f0lausa Slm 10.7; 36.4 \u2013 kok \u00feeirra \u2026 R\u00f3m 3.13 \u2013 illkvittin tunga Slm 10.7; 12.3-5; 31.21; 50.19; 52.4; 55.22, 64.4; 109.2; 120.2-3; 140.4; Jer 9.3,7; Jak 3.6<br \/>\n<b>5.12<\/b> Allir gle\u00f0jast Slm 64.11 \u2013 elska nafn \u00feitt Slm 69.37; 119.132<\/div>\n","protected":false},"excerpt":{"rendered":"<p>1Til s\u00f6ngstj\u00f3rans. Me\u00f0 hlj\u00f3\u00f0p\u00edpu. Dav\u00ed\u00f0ss\u00e1lmur.2Heyr or\u00f0 m\u00edn, Drottinn, gef gaum a\u00f0 andv\u00f6rpum m\u00ednum.3Hl\u00fd\u00f0 \u00fe\u00fa \u00e1 kveinstafi m\u00edna, konungur minn og Gu\u00f0 minn, \u00fev\u00ed a\u00f0 til \u00fe\u00edn bi\u00f0 \u00e9g.4Drottinn, \u00e1 morgnana heyrir \u00fe\u00fa r\u00f6dd m\u00edna, \u00e1 morgnana legg \u00e9g b\u00e6n m\u00edna fram fyrir \u00feig, og \u00e9g b\u00ed\u00f0 \u00fe\u00edn.5\u00de\u00fa ert eigi s\u00e1 Gu\u00f0, er \u00f3gu\u00f0legt ath\u00e6fi l\u00edki, hinir vondu f\u00e1 eigi a\u00f0 dveljast hj\u00e1 \u00fe\u00e9r.6Hinir hrokafullu f\u00e1 eigi sta\u00f0ist fyrir \u00fe\u00e9r, \u00fe\u00fa hatar alla er illt gj\u00f6ra.7\u00de\u00fa tort\u00edmir \u00feeim, sem lygar m\u00e6la, \u00e1 bl\u00f3\u00f0v\u00f6rgum og svikurum hefir Drottinn andstygg\u00f0.8En \u00e9g f\u00e6 a\u00f0 ganga \u00ed h\u00fas \u00feitt fyrir mikla miskunn \u00fe\u00edna, f\u00e6 a\u00f0 <a href=\"https:\/\/biblian.is\/1981\/salmarnir-5-kafli\/\"> [&#8230;]<\/a><\/p>\n","protected":false},"author":1,"featured_media":0,"parent":0,"menu_order":0,"comment_status":"open","ping_status":"open","template":"bibliukaflar.php","meta":{"footnotes":""},"class_list":["post-1829","page","type-page","status-publish","hentry"],"_links":{"self":[{"href":"https:\/\/biblian.is\/1981\/wp-json\/wp\/v2\/pages\/1829","targetHints":{"allow":["GET"]}}],"collection":[{"href":"https:\/\/biblian.is\/1981\/wp-json\/wp\/v2\/pages"}],"about":[{"href":"https:\/\/biblian.is\/1981\/wp-json\/wp\/v2\/types\/page"}],"author":[{"embeddable":true,"href":"https:\/\/biblian.is\/1981\/wp-json\/wp\/v2\/users\/1"}],"replies":[{"embeddable":true,"href":"https:\/\/biblian.is\/1981\/wp-json\/wp\/v2\/comments?post=1829"}],"version-history":[{"count":0,"href":"https:\/\/biblian.is\/1981\/wp-json\/wp\/v2\/pages\/1829\/revisions"}],"wp:attachment":[{"href":"https:\/\/biblian.is\/1981\/wp-json\/wp\/v2\/media?parent=1829"}],"curies":[{"name":"wp","href":"https:\/\/api.w.org\/{rel}","templated":true}]}}