{"id":1828,"date":"2017-11-18T20:18:53","date_gmt":"2017-11-18T20:18:53","guid":{"rendered":"http:\/\/biblian.is\/1981\/salmarnir-4-kafli\/"},"modified":"2021-06-06T11:09:50","modified_gmt":"2021-06-06T11:09:50","slug":"salmarnir-4-kafli","status":"publish","type":"page","link":"https:\/\/biblian.is\/1981\/salmarnir-4-kafli\/","title":{"rendered":"S\u00e1lmarnir 4. kafli"},"content":{"rendered":"<p><a name=\"1\"><span class=\"versanumer\">1<\/span><\/a>Til s\u00f6ngstj\u00f3rans. Me\u00f0 strengjaleik. Dav\u00ed\u00f0ss\u00e1lmur.<a name=\"2\"><span class=\"versanumer\">2<\/span><\/a>Svara m\u00e9r, er \u00e9g hr\u00f3pa, \u00fe\u00fa Gu\u00f0 r\u00e9ttl\u00e6tis m\u00edns! \u00de\u00e1 er a\u00f0 m\u00e9r kreppti, r\u00fdmka\u00f0ir \u00fe\u00fa um mig, ver m\u00e9r n\u00e1\u00f0ugur og heyr b\u00e6n m\u00edna.<a name=\"3\"><span class=\"versanumer\">3<\/span><\/a>\u00de\u00e9r menn! Hversu lengi \u00e1 s\u00e6md m\u00edn a\u00f0 s\u00e6ta sm\u00e1n? Hversu lengi \u00e6tli\u00f0 \u00fe\u00e9r a\u00f0 elska h\u00e9g\u00f3mann og leita til lyginnar?  Sela<a name=\"4\"><span class=\"versanumer\">4<\/span><\/a>\u00de\u00e9r skulu\u00f0 samt komast a\u00f0 raun um, a\u00f0 Drottinn s\u00fdnir m\u00e9r d\u00e1samlega n\u00e1\u00f0, a\u00f0 Drottinn heyrir, er \u00e9g hr\u00f3pa til hans.<a name=\"5\"><span class=\"versanumer\">5<\/span><\/a>Skelfist og syndgi\u00f0 ekki. Hugsi\u00f0 y\u00f0ur um \u00ed hv\u00edlum y\u00f0ar og veri\u00f0 hlj\u00f3\u00f0ir.  Sela<a name=\"6\"><span class=\"versanumer\">6<\/span><\/a>F\u00e6ri\u00f0 r\u00e9ttar f\u00f3rnir og treysti\u00f0 Drottni.<a name=\"7\"><span class=\"versanumer\">7<\/span><\/a>Margir segja: Hver l\u00e6tur oss hamingju l\u00edta? Lyft yfir oss lj\u00f3si auglitis \u00fe\u00edns, Drottinn.<a name=\"8\"><span class=\"versanumer\">8<\/span><\/a>\u00de\u00fa hefir veitt hjarta m\u00ednu meiri gle\u00f0i en menn hafa af gn\u00e6g\u00f0 korns og v\u00ednlagar.<a name=\"9\"><span class=\"versanumer\">9<\/span><\/a>\u00cd fri\u00f0i leggst \u00e9g til hv\u00edldar og sofna, \u00fev\u00ed a\u00f0 \u00fe\u00fa, Drottinn, l\u00e6tur mig b\u00faa \u00f3hultan \u00ed n\u00e1\u00f0um.<\/p>\n<div class=\"footnote1981\"><b>4.2<\/b> Svara m\u00e9r Slm 17.6; 20.10; 102.3<br \/>\n<b>4.4<\/b> Drottinn heyrir Slm 34.7; 116.1; 145.19; 2M\u00f3s 22.26; Jes 30.19; J\u00f3n 2.3<br \/>\n<b>4.5<\/b> Skelfist en syndgi\u00f0 ekki Ef 4.26 \u2013 veri\u00f0 Hlj\u00f3\u00f0ir Slm 39.2-4; Esk 24.17; Job 2.10<br \/>\n<b>4.6<\/b> R\u00e9ttar f\u00f3rnir Slm 51.21; 5M\u00f3s 33.19 \u2013 treysta Drottni Slm 9.11+ ; 55.24+<br \/>\n<b>4.7<\/b> Lj\u00f3s auglits \u00fe\u00edns 4M\u00f3s 6.25; Slm 31.17; 44.4; 80.4; 89.16<br \/>\n<b>4.8<\/b> Gle\u00f0i hjartans Pr\u00e9d 5.19<br \/>\n<b>4.9<\/b> Fri\u00f0s\u00e6ll svefn Slm 3.6<\/div>\n","protected":false},"excerpt":{"rendered":"<p>1Til s\u00f6ngstj\u00f3rans. Me\u00f0 strengjaleik. Dav\u00ed\u00f0ss\u00e1lmur.2Svara m\u00e9r, er \u00e9g hr\u00f3pa, \u00fe\u00fa Gu\u00f0 r\u00e9ttl\u00e6tis m\u00edns! \u00de\u00e1 er a\u00f0 m\u00e9r kreppti, r\u00fdmka\u00f0ir \u00fe\u00fa um mig, ver m\u00e9r n\u00e1\u00f0ugur og heyr b\u00e6n m\u00edna.3\u00de\u00e9r menn! Hversu lengi \u00e1 s\u00e6md m\u00edn a\u00f0 s\u00e6ta sm\u00e1n? Hversu lengi \u00e6tli\u00f0 \u00fe\u00e9r a\u00f0 elska h\u00e9g\u00f3mann og leita til lyginnar? Sela4\u00de\u00e9r skulu\u00f0 samt komast a\u00f0 raun um, a\u00f0 Drottinn s\u00fdnir m\u00e9r d\u00e1samlega n\u00e1\u00f0, a\u00f0 Drottinn heyrir, er \u00e9g hr\u00f3pa til hans.5Skelfist og syndgi\u00f0 ekki. Hugsi\u00f0 y\u00f0ur um \u00ed hv\u00edlum y\u00f0ar og veri\u00f0 hlj\u00f3\u00f0ir. Sela6F\u00e6ri\u00f0 r\u00e9ttar f\u00f3rnir og treysti\u00f0 Drottni.7Margir segja: Hver l\u00e6tur oss hamingju l\u00edta? Lyft yfir oss lj\u00f3si auglitis \u00fe\u00edns, <a href=\"https:\/\/biblian.is\/1981\/salmarnir-4-kafli\/\"> [&#8230;]<\/a><\/p>\n","protected":false},"author":1,"featured_media":0,"parent":0,"menu_order":0,"comment_status":"open","ping_status":"open","template":"bibliukaflar.php","meta":{"footnotes":""},"class_list":["post-1828","page","type-page","status-publish","hentry"],"_links":{"self":[{"href":"https:\/\/biblian.is\/1981\/wp-json\/wp\/v2\/pages\/1828","targetHints":{"allow":["GET"]}}],"collection":[{"href":"https:\/\/biblian.is\/1981\/wp-json\/wp\/v2\/pages"}],"about":[{"href":"https:\/\/biblian.is\/1981\/wp-json\/wp\/v2\/types\/page"}],"author":[{"embeddable":true,"href":"https:\/\/biblian.is\/1981\/wp-json\/wp\/v2\/users\/1"}],"replies":[{"embeddable":true,"href":"https:\/\/biblian.is\/1981\/wp-json\/wp\/v2\/comments?post=1828"}],"version-history":[{"count":0,"href":"https:\/\/biblian.is\/1981\/wp-json\/wp\/v2\/pages\/1828\/revisions"}],"wp:attachment":[{"href":"https:\/\/biblian.is\/1981\/wp-json\/wp\/v2\/media?parent=1828"}],"curies":[{"name":"wp","href":"https:\/\/api.w.org\/{rel}","templated":true}]}}