{"id":1827,"date":"2017-11-18T20:18:53","date_gmt":"2017-11-18T20:18:53","guid":{"rendered":"http:\/\/biblian.is\/1981\/salmarnir-3-kafli\/"},"modified":"2021-06-06T11:09:47","modified_gmt":"2021-06-06T11:09:47","slug":"salmarnir-3-kafli","status":"publish","type":"page","link":"https:\/\/biblian.is\/1981\/salmarnir-3-kafli\/","title":{"rendered":"S\u00e1lmarnir 3. kafli"},"content":{"rendered":"<p><a name=\"1\"><span class=\"versanumer\">1<\/span><\/a>S\u00e1lmur Dav\u00ed\u00f0s, \u00fe\u00e1 er hann fl\u00fd\u00f0i fyrir Absalon syni s\u00ednum.<a name=\"2\"><span class=\"versanumer\">2<\/span><\/a>Drottinn, hversu margir eru m\u00f3tst\u00f6\u00f0umenn m\u00ednir, margir eru \u00feeir er r\u00edsa upp \u00ed m\u00f3ti m\u00e9r.<a name=\"3\"><span class=\"versanumer\">3<\/span><\/a>Margir segja um mig: Hann f\u00e6r enga hj\u00e1lp hj\u00e1 Gu\u00f0i!  Sela<a name=\"4\"><span class=\"versanumer\">4<\/span><\/a>En \u00fe\u00fa, Drottinn, ert hl\u00edfiskj\u00f6ldur minn, \u00fe\u00fa ert s\u00e6md m\u00edn og l\u00e6tur mig bera h\u00f6fu\u00f0 mitt h\u00e1tt.<a name=\"5\"><span class=\"versanumer\">5<\/span><\/a>\u00de\u00e1 er \u00e9g hr\u00f3pa til Drottins, svarar hann m\u00e9r fr\u00e1 fjallinu s\u00ednu helga.  Sela<a name=\"6\"><span class=\"versanumer\">6<\/span><\/a>\u00c9g leggst til hv\u00edldar og sofna, \u00e9g vakna aftur, \u00fev\u00ed a\u00f0 Drottinn hj\u00e1lpar m\u00e9r.<a name=\"7\"><span class=\"versanumer\">7<\/span><\/a>\u00c9g \u00f3ttast eigi hinn \u00f3teljandi manngr\u00faa, er fylkir s\u00e9r gegn m\u00e9r \u00e1 allar hli\u00f0ar.<a name=\"8\"><span class=\"versanumer\">8<\/span><\/a>R\u00eds \u00fe\u00fa upp, Drottinn, hj\u00e1lpa m\u00e9r, Gu\u00f0 minn, \u00fev\u00ed a\u00f0 \u00fe\u00fa hefir losti\u00f0 fjandmenn m\u00edna kinnhest, broti\u00f0 tennur illvirkjanna.<a name=\"9\"><span class=\"versanumer\">9<\/span><\/a>Hj\u00e1 Drottni er hj\u00e1lpin, blessun \u00fe\u00edn komi yfir l\u00fd\u00f0 \u00feinn!  Sela<\/p>\n<div class=\"footnote1981\"><b>3.1<\/b> Dav\u00ed\u00f0 fl\u00fdr fr\u00e1 Absalon 2Sam 15-17<br \/>\n<b>3.3<\/b> Margir segja \u2026 Slm 22.9; 71.11<br \/>\n<b>3.4<\/b> Skj\u00f6ldur minn Slm 18.3; 28.7; 84.12; 89.19, 91.4; 115.9-11; 119.114; 5M\u00f3s  33.29 \u2013 bera h\u00f6fu\u00f0i\u00f0 h\u00e1tt Slm 27.6; 110.7<br \/>\n<b>3.5<\/b> Hr\u00f3pa til Drottins Slm 4.2,4; 18.7; 22.3; 28.1, 30.3; 31.23; 34.7,18; 55.17; 57.3; 61.3; 86.3,7; 107.6; 120.1, 130.1; 140.2; 141.1; 2M\u00f3s 8.8; 4M\u00f3s 20.16; 5M\u00f3s 26.7; J\u00f3s 24.7; D\u00f3m 3.9; 1Sam 7.8; Jes 19.20; 58.9; Jl 1.19-20; J\u00f3n 2.3; 3.8; Job 30.20 \u2013 heilagt fjall Slm 2.6; 15.1; 48.2,3; 87.2; Jes 27.13; Jer 31.23; Esk 20.40; J\u00f3n 2.1 o.\u00e1fr.<br \/>\n<b>3.6<\/b> Fri\u00f0s\u00e6ll svefn Slm 4.9; 91.5-6; Okv 3.24 \u2013 Drottinn hj\u00e1lpar Slm 37.17,24<br \/>\n<b>3.7<\/b> \u00c9g \u00f3ttast eigi Slm 23.4; 27.1<br \/>\n<b>3.8<\/b> R\u00eds upp Slm 7.7; 9.20; 10.12; 21.14; 44.27; 94.2; 132.8; 4M\u00f3s 10.35<br \/>\n<b>3.9<\/b> Hj\u00e1lpin J\u00f3n 2.10; sbr Okv 21.31<\/div>\n","protected":false},"excerpt":{"rendered":"<p>1S\u00e1lmur Dav\u00ed\u00f0s, \u00fe\u00e1 er hann fl\u00fd\u00f0i fyrir Absalon syni s\u00ednum.2Drottinn, hversu margir eru m\u00f3tst\u00f6\u00f0umenn m\u00ednir, margir eru \u00feeir er r\u00edsa upp \u00ed m\u00f3ti m\u00e9r.3Margir segja um mig: Hann f\u00e6r enga hj\u00e1lp hj\u00e1 Gu\u00f0i! Sela4En \u00fe\u00fa, Drottinn, ert hl\u00edfiskj\u00f6ldur minn, \u00fe\u00fa ert s\u00e6md m\u00edn og l\u00e6tur mig bera h\u00f6fu\u00f0 mitt h\u00e1tt.5\u00de\u00e1 er \u00e9g hr\u00f3pa til Drottins, svarar hann m\u00e9r fr\u00e1 fjallinu s\u00ednu helga. Sela6\u00c9g leggst til hv\u00edldar og sofna, \u00e9g vakna aftur, \u00fev\u00ed a\u00f0 Drottinn hj\u00e1lpar m\u00e9r.7\u00c9g \u00f3ttast eigi hinn \u00f3teljandi manngr\u00faa, er fylkir s\u00e9r gegn m\u00e9r \u00e1 allar hli\u00f0ar.8R\u00eds \u00fe\u00fa upp, Drottinn, hj\u00e1lpa m\u00e9r, Gu\u00f0 minn, \u00fev\u00ed a\u00f0 \u00fe\u00fa hefir <a href=\"https:\/\/biblian.is\/1981\/salmarnir-3-kafli\/\"> [&#8230;]<\/a><\/p>\n","protected":false},"author":1,"featured_media":0,"parent":0,"menu_order":0,"comment_status":"open","ping_status":"open","template":"bibliukaflar.php","meta":{"footnotes":""},"class_list":["post-1827","page","type-page","status-publish","hentry"],"_links":{"self":[{"href":"https:\/\/biblian.is\/1981\/wp-json\/wp\/v2\/pages\/1827","targetHints":{"allow":["GET"]}}],"collection":[{"href":"https:\/\/biblian.is\/1981\/wp-json\/wp\/v2\/pages"}],"about":[{"href":"https:\/\/biblian.is\/1981\/wp-json\/wp\/v2\/types\/page"}],"author":[{"embeddable":true,"href":"https:\/\/biblian.is\/1981\/wp-json\/wp\/v2\/users\/1"}],"replies":[{"embeddable":true,"href":"https:\/\/biblian.is\/1981\/wp-json\/wp\/v2\/comments?post=1827"}],"version-history":[{"count":0,"href":"https:\/\/biblian.is\/1981\/wp-json\/wp\/v2\/pages\/1827\/revisions"}],"wp:attachment":[{"href":"https:\/\/biblian.is\/1981\/wp-json\/wp\/v2\/media?parent=1827"}],"curies":[{"name":"wp","href":"https:\/\/api.w.org\/{rel}","templated":true}]}}