{"id":1825,"date":"2017-11-18T20:18:48","date_gmt":"2017-11-18T20:18:48","guid":{"rendered":"http:\/\/biblian.is\/1981\/salmarnir-1-kafli\/"},"modified":"2021-06-06T11:05:56","modified_gmt":"2021-06-06T11:05:56","slug":"salmarnir-1-kafli","status":"publish","type":"page","link":"https:\/\/biblian.is\/1981\/salmarnir-1-kafli\/","title":{"rendered":"S\u00e1lmarnir 1. kafli"},"content":{"rendered":"<p><a name=\"1\"><span class=\"versanumer\">1<\/span><\/a>S\u00e6ll er s\u00e1 ma\u00f0ur, er eigi fer a\u00f0 r\u00e1\u00f0um \u00f3gu\u00f0legra, eigi gengur \u00e1 vegi syndaranna og eigi situr \u00ed h\u00f3pi \u00feeirra, er hafa Gu\u00f0 a\u00f0 h\u00e1\u00f0i,<a name=\"2\"><span class=\"versanumer\">2<\/span><\/a>heldur hefir yndi af l\u00f6gm\u00e1li Drottins og huglei\u00f0ir l\u00f6gm\u00e1l hans dag og n\u00f3tt.<a name=\"3\"><span class=\"versanumer\">3<\/span><\/a>Hann er sem tr\u00e9, gr\u00f3\u00f0ursett hj\u00e1 rennandi l\u00e6kjum, er ber \u00e1v\u00f6xt sinn \u00e1 r\u00e9ttum t\u00edma, og bl\u00f6\u00f0 \u00feess visna ekki. Allt er hann gj\u00f6rir l\u00e1nast honum.<a name=\"4\"><span class=\"versanumer\">4<\/span><\/a>Svo fer eigi hinum \u00f3gu\u00f0lega, heldur sem s\u00e1\u00f0um, er vindur feykir.<a name=\"5\"><span class=\"versanumer\">5<\/span><\/a>\u00deess vegna munu hinir \u00f3gu\u00f0legu eigi standast \u00ed d\u00f3minum og syndugir eigi \u00ed s\u00f6fnu\u00f0i r\u00e9ttl\u00e1tra.<a name=\"6\"><span class=\"versanumer\">6<\/span><\/a>\u00dev\u00ed a\u00f0 Drottinn \u00feekkir veg r\u00e9ttl\u00e1tra, en vegur \u00f3gu\u00f0legra endar \u00ed vegleysu.<\/p>\n<div class=\"footnote1981\"><b>1.1<\/b> S\u00e6ll Slm 2.12,13; 32.1; 33.12; 34.9; 40.5; 41.2; 84.5-6; 94.12; 106.3; 112.1; 119.1-2; 127.5; 128.1; 137.8; 144.15; 146.5; 1Kon 10.8; Jes 30.18; 32.20; 56.2; Job 5.17; Okv 3.13; 8.32,34; 14.21; 16.20; 29.18; Pr\u00e9d 10.17; Dan 12.12; Matt 5.3+ &#8211; me\u00f0 \u00f3gu\u00f0legum Slm 26.4-5; sbr 28.3<br \/>\n<b>1.2<\/b> L\u00f6gm\u00e1l Drottins Slm 19.8-15; 119 \u2013 huglei\u00f0a J\u00f3s 1.7-8; sbr Slm 35.28; S\u00edr 14.20-21<br \/>\n<b>1.3<\/b> Tr\u00e9 hj\u00e1 lindum Jer 17.8 \u2013 l\u00e1nast Slm 37.4,19; J\u00f3s 1.8<br \/>\n<b>1.4<\/b> Sem hismi Slm 35.5; Jes 29.5; Job 21.18; sbr Matt 3.12+<br \/>\n<b>1.6<\/b> Drottinn ann Slm 31.8; 37.18; 139.1-6,14,23 \u2013 vegur (\u00f3gu\u00f0legra) Jer 21.8; Okv 4.18-19; sbr Matt 7.13-14<\/div>\n","protected":false},"excerpt":{"rendered":"<p>1S\u00e6ll er s\u00e1 ma\u00f0ur, er eigi fer a\u00f0 r\u00e1\u00f0um \u00f3gu\u00f0legra, eigi gengur \u00e1 vegi syndaranna og eigi situr \u00ed h\u00f3pi \u00feeirra, er hafa Gu\u00f0 a\u00f0 h\u00e1\u00f0i,2heldur hefir yndi af l\u00f6gm\u00e1li Drottins og huglei\u00f0ir l\u00f6gm\u00e1l hans dag og n\u00f3tt.3Hann er sem tr\u00e9, gr\u00f3\u00f0ursett hj\u00e1 rennandi l\u00e6kjum, er ber \u00e1v\u00f6xt sinn \u00e1 r\u00e9ttum t\u00edma, og bl\u00f6\u00f0 \u00feess visna ekki. Allt er hann gj\u00f6rir l\u00e1nast honum.4Svo fer eigi hinum \u00f3gu\u00f0lega, heldur sem s\u00e1\u00f0um, er vindur feykir.5\u00deess vegna munu hinir \u00f3gu\u00f0legu eigi standast \u00ed d\u00f3minum og syndugir eigi \u00ed s\u00f6fnu\u00f0i r\u00e9ttl\u00e1tra.6\u00dev\u00ed a\u00f0 Drottinn \u00feekkir veg r\u00e9ttl\u00e1tra, en vegur \u00f3gu\u00f0legra endar \u00ed vegleysu. 1.1 S\u00e6ll <a href=\"https:\/\/biblian.is\/1981\/salmarnir-1-kafli\/\"> [&#8230;]<\/a><\/p>\n","protected":false},"author":1,"featured_media":0,"parent":0,"menu_order":0,"comment_status":"open","ping_status":"open","template":"bibliukaflar.php","meta":{"footnotes":""},"class_list":["post-1825","page","type-page","status-publish","hentry"],"_links":{"self":[{"href":"https:\/\/biblian.is\/1981\/wp-json\/wp\/v2\/pages\/1825","targetHints":{"allow":["GET"]}}],"collection":[{"href":"https:\/\/biblian.is\/1981\/wp-json\/wp\/v2\/pages"}],"about":[{"href":"https:\/\/biblian.is\/1981\/wp-json\/wp\/v2\/types\/page"}],"author":[{"embeddable":true,"href":"https:\/\/biblian.is\/1981\/wp-json\/wp\/v2\/users\/1"}],"replies":[{"embeddable":true,"href":"https:\/\/biblian.is\/1981\/wp-json\/wp\/v2\/comments?post=1825"}],"version-history":[{"count":0,"href":"https:\/\/biblian.is\/1981\/wp-json\/wp\/v2\/pages\/1825\/revisions"}],"wp:attachment":[{"href":"https:\/\/biblian.is\/1981\/wp-json\/wp\/v2\/media?parent=1825"}],"curies":[{"name":"wp","href":"https:\/\/api.w.org\/{rel}","templated":true}]}}