{"id":1824,"date":"2017-11-18T20:18:48","date_gmt":"2017-11-18T20:18:48","guid":{"rendered":"http:\/\/biblian.is\/1981\/jobsbok-42-kafli\/"},"modified":"2017-11-18T20:18:48","modified_gmt":"2017-11-18T20:18:48","slug":"jobsbok-42-kafli","status":"publish","type":"page","link":"https:\/\/biblian.is\/1981\/jobsbok-42-kafli\/","title":{"rendered":"Jobsb\u00f3k 42. kafli"},"content":{"rendered":"<p><a name=\"1\"><span class=\"versanumer\">1<\/span><\/a>\u00de\u00e1 svara\u00f0i Job Drottni og sag\u00f0i:<a name=\"2\"><span class=\"versanumer\">2<\/span><\/a>\u00c9g veit, a\u00f0 \u00fe\u00fa megnar allt, og engu r\u00e1\u00f0i \u00fe\u00ednu ver\u00f0ur varna\u00f0 fram a\u00f0 ganga.<a name=\"3\"><span class=\"versanumer\">3<\/span><\/a>Hver er s\u00e1, sem myrkvar r\u00e1\u00f0s\u00e1lyktun Gu\u00f0s \u00ed hyggjuleysi? Fyrir \u00fev\u00ed hefi \u00e9g tala\u00f0 \u00e1n \u00feess a\u00f0 skilja, um hluti, sem m\u00e9r voru of undursamlegir og \u00e9g \u00feekkti eigi.<a name=\"4\"><span class=\"versanumer\">4<\/span><\/a>Hlusta \u00fe\u00fa, \u00e9g \u00e6tla a\u00f0 tala. \u00c9g mun spyrja \u00feig, og \u00fe\u00fa skalt fr\u00e6\u00f0a mig.<a name=\"5\"><span class=\"versanumer\">5<\/span><\/a>\u00c9g \u00feekkti \u00feig af afspurn, en n\u00fa hefir auga mitt liti\u00f0 \u00feig!<a name=\"6\"><span class=\"versanumer\">6<\/span><\/a>Fyrir \u00fev\u00ed tek \u00e9g or\u00f0 m\u00edn aftur og i\u00f0rast \u00ed dufti og \u00f6sku.<a name=\"7\"><span class=\"versanumer\">7<\/span><\/a>Eftir a\u00f0 Drottinn haf\u00f0i m\u00e6lt \u00feessum or\u00f0um til Jobs, sag\u00f0i Drottinn vi\u00f0 El\u00edfas Teman\u00edta: Rei\u00f0i m\u00edn er upptendru\u00f0 gegn \u00fe\u00e9r og b\u00e1\u00f0um vinum \u00fe\u00ednum, \u00fev\u00ed a\u00f0 \u00fe\u00e9r hafi\u00f0 ekki tala\u00f0 r\u00e9tt um mig eins og \u00fej\u00f3nn minn Job.<a name=\"8\"><span class=\"versanumer\">8<\/span><\/a>Taki\u00f0 y\u00f0ur \u00fev\u00ed sj\u00f6 naut og sj\u00f6 hr\u00fata og fari\u00f0 til \u00fej\u00f3ns m\u00edns Jobs og f\u00f3rni\u00f0 brennif\u00f3rn fyrir y\u00f0ur, og Job \u00fej\u00f3nn minn skal bi\u00f0ja fyrir y\u00f0ur, \u00fev\u00ed a\u00f0eins vegna hans mun \u00e9g ekki l\u00e1ta y\u00f0ur gjalda heimsku y\u00f0ar, me\u00f0 \u00fev\u00ed a\u00f0 \u00fe\u00e9r hafi\u00f0 ekki tala\u00f0 r\u00e9tt um mig eins og \u00fej\u00f3nn minn Job.<a name=\"9\"><span class=\"versanumer\">9<\/span><\/a>\u00de\u00e1 f\u00f3ru \u00feeir El\u00edfas Teman\u00edti, Bildad S\u00fa\u00edti og S\u00f3far Naam\u00edti og gj\u00f6r\u00f0u svo sem Drottinn haf\u00f0i bo\u00f0i\u00f0 \u00feeim. Og Drottinn l\u00e9t a\u00f0 b\u00e6n Jobs.<a name=\"10\"><span class=\"versanumer\">10<\/span><\/a>&#8222;Og Drottinn sneri vi\u00f0 h\u00f6gum Jobs, \u00fe\u00e1 er hann ba\u00f0 fyrir vinum s\u00ednum; og hann gaf Job allt sem hann haf\u00f0i \u00e1tt, tv\u00f6falt aftur.&#8220;<a name=\"11\"><span class=\"versanumer\">11<\/span><\/a>\u00de\u00e1 komu til hans allir br\u00e6\u00f0ur hans og allar systur hans og allir \u00feeir, er \u00e1\u00f0ur h\u00f6f\u00f0u veri\u00f0 kunningjar hans, og neyttu m\u00e1lt\u00ed\u00f0ar me\u00f0 honum \u00ed h\u00fasi hans, vottu\u00f0u honum samhrygg\u00f0 s\u00edna og huggu\u00f0u hann \u00fat af \u00f6llu \u00fev\u00ed b\u00f6li, sem Drottinn haf\u00f0i l\u00e1ti\u00f0 yfir hann koma. Og \u00feeir g\u00e1fu honum hver einn kes\u00edta og hver einn hring af gulli.<a name=\"12\"><span class=\"versanumer\">12<\/span><\/a>En Drottinn blessa\u00f0i s\u00ed\u00f0ari \u00e6vi\u00e1r Jobs enn meir en hin fyrri, og hann eigna\u00f0ist fj\u00f3rt\u00e1n \u00fe\u00fasund sau\u00f0a, sex \u00fe\u00fasund \u00falfalda, \u00fe\u00fasund sameyki nauta og \u00fe\u00fasund \u00f6snur.<a name=\"13\"><span class=\"versanumer\">13<\/span><\/a>Hann eigna\u00f0ist og sj\u00f6 sonu og \u00ferj\u00e1r d\u00e6tur.<a name=\"14\"><span class=\"versanumer\">14<\/span><\/a>Og hann nefndi eina Jem\u00edmu, a\u00f0ra Kes\u00edu og hina \u00feri\u00f0ju Keren Happ\u00fak.<a name=\"15\"><span class=\"versanumer\">15<\/span><\/a>Og eigi fundust svo fr\u00ed\u00f0ar konur \u00ed \u00f6llu landinu sem d\u00e6tur Jobs, og fa\u00f0ir \u00feeirra gaf \u00feeim arf me\u00f0 br\u00e6\u00f0rum \u00feeirra.<a name=\"16\"><span class=\"versanumer\">16<\/span><\/a>Og Job lif\u00f0i eftir \u00feetta hundra\u00f0 og fj\u00f6rut\u00edu \u00e1r og s\u00e1 b\u00f6rn s\u00edn og barnab\u00f6rn, fj\u00f3ra \u00e6ttli\u00f0i.<a name=\"17\"><span class=\"versanumer\">17<\/span><\/a>Og Job d\u00f3 gamall og saddur l\u00edfdaga.<\/p>\n<div class=\"footnote1981\"><b>42.2<\/b> Ekkert er \u00fe\u00e9r um megn Matt 19.26+ ; Mrk 9.23; L\u00fak 1.37; Fil 4.13<br \/>\n<b>42.3<\/b> Myrkva r\u00e1\u00f0s\u00e1lyktun Gu\u00f0s Job 38.2 \u2013 undursamleg Job 11.6<br \/>\n<b>42.5<\/b> Liti\u00f0 \u00feig Job 19.27+<br \/>\n<b>42.6<\/b> \u00c9g i\u00f0rast sbr Job 40.4 \u2013 \u00ed dufti og \u00f6sku Job 2.8+<br \/>\n<b>42.7<\/b> Talar r\u00e9tt um Gu\u00f0 Job 13.7-10; 27.4+<br \/>\n<b>42.8<\/b> A\u00f0eins vegna Jobs Job 22.30; sbr Esk 14.20<br \/>\n<b>42.9<\/b> B\u00e6nheyr\u00f0i 1M\u00f3s 20.17; Jes 53.12; Jak 5.16<br \/>\n<b>42.10<\/b> Allt tv\u00f6falt Job 8.7; 5M\u00f3s 30.3-5; Slm 90.15<br \/>\n<b>42.11<\/b> Kunningjar hans Okv 14.20; sbr Job 19.13-14 \u2013 huggu\u00f0u hann Job 2.11; 21.34; 1M\u00f3s 37.35; Matt 5.4; J\u00f3h 11.19 \u2013 gullhringur 1M\u00f3s 24.22<br \/>\n<b>42.17<\/b> D\u00f3 gamall Job 5.26; 1M\u00f3s 25.8<\/div>\n","protected":false},"excerpt":{"rendered":"<p>1\u00de\u00e1 svara\u00f0i Job Drottni og sag\u00f0i:2\u00c9g veit, a\u00f0 \u00fe\u00fa megnar allt, og engu r\u00e1\u00f0i \u00fe\u00ednu ver\u00f0ur varna\u00f0 fram a\u00f0 ganga.3Hver er s\u00e1, sem myrkvar r\u00e1\u00f0s\u00e1lyktun Gu\u00f0s \u00ed hyggjuleysi? Fyrir \u00fev\u00ed hefi \u00e9g tala\u00f0 \u00e1n \u00feess a\u00f0 skilja, um hluti, sem m\u00e9r voru of undursamlegir og \u00e9g \u00feekkti eigi.4Hlusta \u00fe\u00fa, \u00e9g \u00e6tla a\u00f0 tala. \u00c9g mun spyrja \u00feig, og \u00fe\u00fa skalt fr\u00e6\u00f0a mig.5\u00c9g \u00feekkti \u00feig af afspurn, en n\u00fa hefir auga mitt liti\u00f0 \u00feig!6Fyrir \u00fev\u00ed tek \u00e9g or\u00f0 m\u00edn aftur og i\u00f0rast \u00ed dufti og \u00f6sku.7Eftir a\u00f0 Drottinn haf\u00f0i m\u00e6lt \u00feessum or\u00f0um til Jobs, sag\u00f0i Drottinn vi\u00f0 El\u00edfas Teman\u00edta: Rei\u00f0i m\u00edn <a href=\"https:\/\/biblian.is\/1981\/jobsbok-42-kafli\/\"> [&#8230;]<\/a><\/p>\n","protected":false},"author":1,"featured_media":0,"parent":0,"menu_order":0,"comment_status":"open","ping_status":"open","template":"bibliukaflar.php","meta":{"footnotes":""},"class_list":["post-1824","page","type-page","status-publish","hentry"],"_links":{"self":[{"href":"https:\/\/biblian.is\/1981\/wp-json\/wp\/v2\/pages\/1824","targetHints":{"allow":["GET"]}}],"collection":[{"href":"https:\/\/biblian.is\/1981\/wp-json\/wp\/v2\/pages"}],"about":[{"href":"https:\/\/biblian.is\/1981\/wp-json\/wp\/v2\/types\/page"}],"author":[{"embeddable":true,"href":"https:\/\/biblian.is\/1981\/wp-json\/wp\/v2\/users\/1"}],"replies":[{"embeddable":true,"href":"https:\/\/biblian.is\/1981\/wp-json\/wp\/v2\/comments?post=1824"}],"version-history":[{"count":0,"href":"https:\/\/biblian.is\/1981\/wp-json\/wp\/v2\/pages\/1824\/revisions"}],"wp:attachment":[{"href":"https:\/\/biblian.is\/1981\/wp-json\/wp\/v2\/media?parent=1824"}],"curies":[{"name":"wp","href":"https:\/\/api.w.org\/{rel}","templated":true}]}}