{"id":1823,"date":"2017-11-18T20:18:48","date_gmt":"2017-11-18T20:18:48","guid":{"rendered":"http:\/\/biblian.is\/1981\/jobsbok-41-kafli\/"},"modified":"2017-11-18T20:18:48","modified_gmt":"2017-11-18T20:18:48","slug":"jobsbok-41-kafli","status":"publish","type":"page","link":"https:\/\/biblian.is\/1981\/jobsbok-41-kafli\/","title":{"rendered":"Jobsb\u00f3k 41. kafli"},"content":{"rendered":"<p><a name=\"1\"><span class=\"versanumer\">1<\/span><\/a>Getur \u00fe\u00fa veitt kr\u00f3k\u00f3d\u00edlinn \u00e1 \u00f6ngul, getur \u00fe\u00fa heft tungu hans me\u00f0 sn\u00e6ri?<a name=\"2\"><span class=\"versanumer\">2<\/span><\/a>Dregur \u00fe\u00fa seftaug gegnum nasir hans og rekur \u00fe\u00fa kr\u00f3k gegnum kj\u00e1lka honum?<a name=\"3\"><span class=\"versanumer\">3<\/span><\/a>\u00c6tli hann beri fram fyrir \u00feig margar au\u00f0mj\u00fakar b\u00e6nir e\u00f0a m\u00e6li til \u00fe\u00edn bl\u00ed\u00f0um or\u00f0um?<a name=\"4\"><span class=\"versanumer\">4<\/span><\/a>Mun hann gj\u00f6ra vi\u00f0 \u00feig s\u00e1ttm\u00e1la, svo a\u00f0 \u00fe\u00fa takir hann a\u00f0 \u00e6vinlegum \u00fer\u00e6li?<a name=\"5\"><span class=\"versanumer\">5<\/span><\/a>Munt \u00fe\u00fa leika \u00fe\u00e9r a\u00f0 honum eins og litlum fugli og getur \u00fe\u00fa bundi\u00f0 hann fastan fyrir sm\u00e1meyjar \u00fe\u00ednar?<a name=\"6\"><span class=\"versanumer\">6<\/span><\/a>Manga fiskvei\u00f0af\u00e9lagar um hann, skipta \u00feeir honum me\u00f0al kaupmanna?<a name=\"7\"><span class=\"versanumer\">7<\/span><\/a>Getur \u00fe\u00fa fyllt h\u00fa\u00f0 hans broddum og haus hans skutlum?<a name=\"8\"><span class=\"versanumer\">8<\/span><\/a>Legg h\u00f6nd \u00fe\u00edna \u00e1 hann hugsa\u00f0u \u00fe\u00e9r, hv\u00edl\u00edk vi\u00f0ureign! \u00de\u00fa gj\u00f6rir \u00fea\u00f0 ekki aftur.<a name=\"9\"><span class=\"versanumer\">9<\/span><\/a>J\u00e1, von mannsins bregst, hann fellur \u00feegar flatur fyrir sj\u00f3ninni einni saman.<a name=\"10\"><span class=\"versanumer\">10<\/span><\/a>Enginn er svo f\u00edfldjarfur, a\u00f0 hann \u00feori a\u00f0 egna hann, og hver er \u00fe\u00e1 s\u00e1, er \u00feori a\u00f0 ganga fram fyrir mitt auglit?<a name=\"11\"><span class=\"versanumer\">11<\/span><\/a>Hver hefir a\u00f0 fyrra brag\u00f0i gefi\u00f0 m\u00e9r, svo a\u00f0 \u00e9g \u00e6tti a\u00f0 endurgjalda? Allt sem undir himninum er, \u00fea\u00f0 er mitt!<a name=\"12\"><span class=\"versanumer\">12<\/span><\/a>\u00c9g vil ekki \u00feegja um limu hans, n\u00e9 um styrkleik og fegur\u00f0 vaxtar hans.<a name=\"13\"><span class=\"versanumer\">13<\/span><\/a>Hver hefir flett upp skjaldk\u00e1pu hans a\u00f0 framan, hver fer inn undir tv\u00f6faldan tanngar\u00f0 hans?<a name=\"14\"><span class=\"versanumer\">14<\/span><\/a>Hver hefir opna\u00f0 hli\u00f0in a\u00f0 gini hans? \u00d3gn er kringum tennur hans.<a name=\"15\"><span class=\"versanumer\">15<\/span><\/a>Tignarpr\u00fd\u00f0i eru skjaldara\u00f0irnar, loka\u00f0ar me\u00f0 traustu innsigli.<a name=\"16\"><span class=\"versanumer\">16<\/span><\/a>Hver skj\u00f6ldurinn liggur fast a\u00f0 \u00f6\u00f0rum, ekkert loft kemst \u00e1 milli \u00feeirra.<a name=\"17\"><span class=\"versanumer\">17<\/span><\/a>\u00deeir eru fastir hver vi\u00f0 annan, eru svo samfelldir, a\u00f0 \u00feeir ver\u00f0a eigi skildir sundur.<a name=\"18\"><span class=\"versanumer\">18<\/span><\/a>\u00deegar hann hnerrar, standa lj\u00f3sgeislar \u00far n\u00f6sum hans, og augu hans eru sem br\u00e1geislar morgunro\u00f0ans.<a name=\"19\"><span class=\"versanumer\">19<\/span><\/a>\u00dar gini hans standa blys, eldneistar ganga fram \u00far honum.<a name=\"20\"><span class=\"versanumer\">20<\/span><\/a>\u00dar n\u00f6sum hans stendur eimur, eins og upp \u00far sj\u00f3\u00f0andi potti, sem kynt er undir me\u00f0 sefgrasi.<a name=\"21\"><span class=\"versanumer\">21<\/span><\/a>Andi hans kveikir \u00ed kolum, og logi stendur \u00far gini hans.<a name=\"22\"><span class=\"versanumer\">22<\/span><\/a>Kraftur situr \u00e1 h\u00e1lsi hans, og angist st\u00f6kkur \u00e1 undan honum.<a name=\"23\"><span class=\"versanumer\">23<\/span><\/a>V\u00f6\u00f0var holds hans lo\u00f0a fastir vi\u00f0, eru steyptir \u00e1 hann og hreyfast ekki.<a name=\"24\"><span class=\"versanumer\">24<\/span><\/a>Hjarta hans er hart sem steinn, j\u00e1, hart sem ne\u00f0ri kvarnarsteinn.<a name=\"25\"><span class=\"versanumer\">25<\/span><\/a>\u00deegar hann st\u00f6kkur upp, skelfast kapparnir, \u00feeir ver\u00f0a ringla\u00f0ir af hr\u00e6\u00f0slu.<a name=\"26\"><span class=\"versanumer\">26<\/span><\/a>R\u00e1\u00f0ist einhver a\u00f0 honum me\u00f0 sver\u00f0i, \u00fe\u00e1 vinnur \u00fea\u00f0 eigi \u00e1, eigi heldur lensa, skotspj\u00f3t e\u00f0a \u00f6r.<a name=\"27\"><span class=\"versanumer\">27<\/span><\/a>Hann metur j\u00e1rni\u00f0 sem str\u00e1, eirinn sem ma\u00f0ksmoginn vi\u00f0.<a name=\"28\"><span class=\"versanumer\">28<\/span><\/a>Eigi rekur \u00f6rin hann \u00e1 fl\u00f3tta, sl\u00f6ngusteinarnir ver\u00f0a h\u00e1lmur fyrir honum.<a name=\"29\"><span class=\"versanumer\">29<\/span><\/a>Kylfur metur hann sem h\u00e1lmstr\u00e1, og a\u00f0 hvin spj\u00f3tsins hl\u00e6r hann.<a name=\"30\"><span class=\"versanumer\">30<\/span><\/a>Ne\u00f0an \u00e1 honum eru oddhv\u00f6ss brot, hann markar f\u00f6r \u00ed aurinn sem f\u00f6r eftir \u00fereskisle\u00f0a.<a name=\"31\"><span class=\"versanumer\">31<\/span><\/a>Hann l\u00e6tur vella \u00ed dj\u00fapinu sem \u00ed potti, gj\u00f6rir hafi\u00f0 eins og smyrslaketil.<a name=\"32\"><span class=\"versanumer\">32<\/span><\/a>Aftur undan honum er lj\u00f3sr\u00e1k, \u00e6tla m\u00e6tti, a\u00f0 sj\u00f3rinn v\u00e6ri silfurh\u00e6rur.<a name=\"33\"><span class=\"versanumer\">33<\/span><\/a>Enginn er hans maki \u00e1 j\u00f6r\u00f0u, hans sem skapa\u00f0ur er til \u00feess a\u00f0 kunna ekki a\u00f0 hr\u00e6\u00f0ast.<a name=\"34\"><span class=\"versanumer\">34<\/span><\/a>Hann l\u00edtur ni\u00f0ur \u00e1 allt h\u00e1tt, hann er konungur yfir \u00f6llum drembnum d\u00fdrum.<\/p>\n<div class=\"footnote1981\"><b>41.2<\/b> Egna Gu\u00f0 Job 9.4; 40.4; 3M\u00f3s 26.21,23,27; Nah 1.6<br \/>\n<b>41.3<\/b> Hver r\u00e6\u00f0st gegn Gu\u00f0i og sleppur heill R\u00f3m 11.35 \u2013 allt undir himninum er Gu\u00f0s Job 34.13; 2M\u00f3s 19.5; 5M\u00f3s 10.14; 1Kor 10.26+; 1Kor 3.21-23<br \/>\n<b>41.7<\/b> Skj\u00f6ldur Job 15.26<br \/>\n<b>41.11-13<\/b> Sp\u00fdr eldi Slm 18.9; Opb 9.17-18<br \/>\n<b>41.16<\/b> Hjarta sem steinn sbr Esk 11.19; 36.26<br \/>\n<b>41.22<\/b> \u00cd e\u00f0juna Esk 29.3<br \/>\n<b>41.23<\/b> L\u00e6tur dj\u00fapi\u00f0 vella Esk 32.2; sbr Slm 69.3<\/div>\n","protected":false},"excerpt":{"rendered":"<p>1Getur \u00fe\u00fa veitt kr\u00f3k\u00f3d\u00edlinn \u00e1 \u00f6ngul, getur \u00fe\u00fa heft tungu hans me\u00f0 sn\u00e6ri?2Dregur \u00fe\u00fa seftaug gegnum nasir hans og rekur \u00fe\u00fa kr\u00f3k gegnum kj\u00e1lka honum?3\u00c6tli hann beri fram fyrir \u00feig margar au\u00f0mj\u00fakar b\u00e6nir e\u00f0a m\u00e6li til \u00fe\u00edn bl\u00ed\u00f0um or\u00f0um?4Mun hann gj\u00f6ra vi\u00f0 \u00feig s\u00e1ttm\u00e1la, svo a\u00f0 \u00fe\u00fa takir hann a\u00f0 \u00e6vinlegum \u00fer\u00e6li?5Munt \u00fe\u00fa leika \u00fe\u00e9r a\u00f0 honum eins og litlum fugli og getur \u00fe\u00fa bundi\u00f0 hann fastan fyrir sm\u00e1meyjar \u00fe\u00ednar?6Manga fiskvei\u00f0af\u00e9lagar um hann, skipta \u00feeir honum me\u00f0al kaupmanna?7Getur \u00fe\u00fa fyllt h\u00fa\u00f0 hans broddum og haus hans skutlum?8Legg h\u00f6nd \u00fe\u00edna \u00e1 hann hugsa\u00f0u \u00fe\u00e9r, hv\u00edl\u00edk vi\u00f0ureign! \u00de\u00fa gj\u00f6rir \u00fea\u00f0 ekki aftur.9J\u00e1, <a href=\"https:\/\/biblian.is\/1981\/jobsbok-41-kafli\/\"> [&#8230;]<\/a><\/p>\n","protected":false},"author":1,"featured_media":0,"parent":0,"menu_order":0,"comment_status":"open","ping_status":"open","template":"bibliukaflar.php","meta":{"footnotes":""},"class_list":["post-1823","page","type-page","status-publish","hentry"],"_links":{"self":[{"href":"https:\/\/biblian.is\/1981\/wp-json\/wp\/v2\/pages\/1823","targetHints":{"allow":["GET"]}}],"collection":[{"href":"https:\/\/biblian.is\/1981\/wp-json\/wp\/v2\/pages"}],"about":[{"href":"https:\/\/biblian.is\/1981\/wp-json\/wp\/v2\/types\/page"}],"author":[{"embeddable":true,"href":"https:\/\/biblian.is\/1981\/wp-json\/wp\/v2\/users\/1"}],"replies":[{"embeddable":true,"href":"https:\/\/biblian.is\/1981\/wp-json\/wp\/v2\/comments?post=1823"}],"version-history":[{"count":0,"href":"https:\/\/biblian.is\/1981\/wp-json\/wp\/v2\/pages\/1823\/revisions"}],"wp:attachment":[{"href":"https:\/\/biblian.is\/1981\/wp-json\/wp\/v2\/media?parent=1823"}],"curies":[{"name":"wp","href":"https:\/\/api.w.org\/{rel}","templated":true}]}}