{"id":1821,"date":"2017-11-18T20:18:48","date_gmt":"2017-11-18T20:18:48","guid":{"rendered":"http:\/\/biblian.is\/1981\/jobsbok-39-kafli\/"},"modified":"2017-11-18T20:18:48","modified_gmt":"2017-11-18T20:18:48","slug":"jobsbok-39-kafli","status":"publish","type":"page","link":"https:\/\/biblian.is\/1981\/jobsbok-39-kafli\/","title":{"rendered":"Jobsb\u00f3k 39. kafli"},"content":{"rendered":"<p><a name=\"1\"><span class=\"versanumer\">1<\/span><\/a>Veist \u00fe\u00fa t\u00edmann, n\u00e6r steingeiturnar bera? Gefur \u00fe\u00fa gaum a\u00f0 f\u00e6\u00f0ingarhr\u00ed\u00f0um hindanna?<a name=\"2\"><span class=\"versanumer\">2<\/span><\/a>Telur \u00fe\u00fa m\u00e1nu\u00f0ina, sem \u00fe\u00e6r ganga me\u00f0, og veist \u00fe\u00fa t\u00edmann, n\u00e6r \u00fe\u00e6r bera?<a name=\"3\"><span class=\"versanumer\">3<\/span><\/a>\u00de\u00e6r leggjast \u00e1 kn\u00e9n, f\u00e6\u00f0a k\u00e1lfa s\u00edna, \u00fe\u00e6r losna flj\u00f3tt vi\u00f0 kvalir s\u00ednar.<a name=\"4\"><span class=\"versanumer\">4<\/span><\/a>K\u00e1lfar \u00feeirra ver\u00f0a sterkir, vaxa \u00ed haganum, fara burt og koma ekki aftur til \u00feeirra.<a name=\"5\"><span class=\"versanumer\">5<\/span><\/a>Hver hefir l\u00e1ti\u00f0 sk\u00f3garasnann ganga lausan og hver hefir leyst fj\u00f6tra villiasnans,<a name=\"6\"><span class=\"versanumer\">6<\/span><\/a>sem \u00e9g hefi gefi\u00f0 ey\u00f0ivelli a\u00f0 b\u00fasta\u00f0 og saltsl\u00e9ttu a\u00f0 heimkynni?<a name=\"7\"><span class=\"versanumer\">7<\/span><\/a>Hann hl\u00e6r a\u00f0 h\u00e1va\u00f0a borgarinnar, hann heyrir ekki k\u00f6ll rekstrarmannsins.<a name=\"8\"><span class=\"versanumer\">8<\/span><\/a>\u00dea\u00f0 sem hann leitar uppi \u00e1 fj\u00f6llunum, er haglendi hans, og \u00f6llu \u00fev\u00ed sem gr\u00e6nt er, s\u00e6kist hann eftir.<a name=\"9\"><span class=\"versanumer\">9<\/span><\/a>Mun v\u00edsundurinn vera f\u00fas til a\u00f0 \u00fej\u00f3na \u00fe\u00e9r e\u00f0a mun hann standa um n\u00e6tur vi\u00f0 stall \u00feinn?<a name=\"10\"><span class=\"versanumer\">10<\/span><\/a>Getur \u00fe\u00fa bundi\u00f0 v\u00edsundinn me\u00f0 bandinu vi\u00f0 pl\u00f3gfari\u00f0 e\u00f0a mun hann herfa dalgrundirnar \u00e1 eftir \u00fe\u00e9r?<a name=\"11\"><span class=\"versanumer\">11<\/span><\/a>Rei\u00f0ir \u00fe\u00fa \u00feig \u00e1 hann, af \u00fev\u00ed a\u00f0 kraftur hans er mikill, og tr\u00fair \u00fe\u00fa honum fyrir ar\u00f0i \u00fe\u00ednum?<a name=\"12\"><span class=\"versanumer\">12<\/span><\/a>Treystir \u00fe\u00fa honum til a\u00f0 flytja s\u00e1\u00f0 \u00feitt heim og til a\u00f0 safna \u00fev\u00ed \u00e1 \u00fereskiv\u00f6ll \u00feinn?<a name=\"13\"><span class=\"versanumer\">13<\/span><\/a>Str\u00fath\u00e6nan ba\u00f0ar gla\u00f0lega v\u00e6ngjunum, en er nokkurt \u00e1str\u00edki \u00ed \u00feeim v\u00e6ngjum og flugfj\u00f6\u00f0rum?<a name=\"14\"><span class=\"versanumer\">14<\/span><\/a>Nei, h\u00fan f\u00e6r j\u00f6r\u00f0inni egg s\u00edn og l\u00e6tur \u00feau hitna \u00ed moldinni<a name=\"15\"><span class=\"versanumer\">15<\/span><\/a>og gleymir, a\u00f0 f\u00f3tur getur broti\u00f0 \u00feau og d\u00fdr merkurinnar tro\u00f0i\u00f0 \u00feau sundur.<a name=\"16\"><span class=\"versanumer\">16<\/span><\/a>H\u00fan er h\u00f6r\u00f0 vi\u00f0 unga s\u00edna, eins og h\u00fan \u00e6tti \u00fe\u00e1 ekki, \u00fe\u00f3tt fyrirh\u00f6fn hennar s\u00e9 \u00e1rangurslaus, \u00fe\u00e1 er h\u00fan laus vi\u00f0 \u00f3tta,<a name=\"17\"><span class=\"versanumer\">17<\/span><\/a>\u00fev\u00ed a\u00f0 Gu\u00f0 synja\u00f0i henni um visku og veitti henni enga hlutdeild \u00ed hyggindum.<a name=\"18\"><span class=\"versanumer\">18<\/span><\/a>En \u00feegar h\u00fan sveiflar s\u00e9r \u00ed loft upp, \u00fe\u00e1 hl\u00e6r h\u00fan a\u00f0 hestinum og \u00feeim sem \u00e1 honum situr.<a name=\"19\"><span class=\"versanumer\">19<\/span><\/a>Gefur \u00fe\u00fa hestinum styrkleika, kl\u00e6\u00f0ir \u00fe\u00fa makka hans flaksandi faxi?<a name=\"20\"><span class=\"versanumer\">20<\/span><\/a>L\u00e6tur \u00fe\u00fa hann st\u00f6kkva eins og engisprettu? Fagurlega fr\u00fdsar hann, en hr\u00e6\u00f0ilega!<a name=\"21\"><span class=\"versanumer\">21<\/span><\/a>Hann krafsar upp grundina og k\u00e6tist af styrkleikanum, hann fer \u00fat \u00e1 m\u00f3ti hertygjunum.<a name=\"22\"><span class=\"versanumer\">22<\/span><\/a>Hann hl\u00e6r a\u00f0 hr\u00e6\u00f0slunni og skelfist ekki og hopar ekki fyrir sver\u00f0inu.<a name=\"23\"><span class=\"versanumer\">23<\/span><\/a>\u00c1 baki hans glamrar \u00ed \u00f6rvam\u00e6linum, spj\u00f3t og lensa leiftra.<a name=\"24\"><span class=\"versanumer\">24<\/span><\/a>Me\u00f0 h\u00e1va\u00f0a og harki hendist hann yfir j\u00f6r\u00f0ina og eigi ver\u00f0ur honum haldi\u00f0, \u00fe\u00e1 er l\u00fa\u00f0urinn gellur.<a name=\"25\"><span class=\"versanumer\">25<\/span><\/a>\u00cd hvert sinn er l\u00fa\u00f0urinn gellur, hv\u00edar hann, og langar lei\u00f0ir nasar hann bardagann, \u00ferumur\u00f6dd fyrirli\u00f0anna og her\u00f3pi\u00f0.<a name=\"26\"><span class=\"versanumer\">26<\/span><\/a>Er \u00fea\u00f0 fyrir \u00fe\u00edn hyggindi a\u00f0 haukurinn lyftir flugfj\u00f6\u00f0runum, brei\u00f0ir \u00fat v\u00e6ngi s\u00edna \u00ed su\u00f0ur\u00e1tt?<a name=\"27\"><span class=\"versanumer\">27<\/span><\/a>Er \u00fea\u00f0 eftir \u00feinni skipun a\u00f0 \u00f6rninn fl\u00fdgur svo h\u00e1tt og byggir hrei\u00f0ur sitt h\u00e1tt uppi?<a name=\"28\"><span class=\"versanumer\">28<\/span><\/a>\u00c1 klettunum \u00e1 hann s\u00e9r b\u00fdli og b\u00f3l, \u00e1 klettasn\u00f6sum og fjallatindum.<a name=\"29\"><span class=\"versanumer\">29<\/span><\/a>\u00dea\u00f0an skyggnist hann a\u00f0 \u00e6ti, augu hans sj\u00e1 langar lei\u00f0ir.<a name=\"30\"><span class=\"versanumer\">30<\/span><\/a>Og ungar hans svelgja bl\u00f3\u00f0, og hvar sem vegnir menn liggja, \u00fear er hann.<\/p>\n<div class=\"footnote1981\"><b>39.1<\/b> Steingeitur 1Sam 24.3; Slm 104.18 \u2013 f\u00e6\u00f0ingarhr\u00ed\u00f0ir Slm 29.9<br \/>\n<b>39.5<\/b> Villiasni, sl\u00e9ttuasni Job 6.5; 11.12; 24.5; 1M\u00f3s 16.12; H\u00f3s 8.9<br \/>\n<b>39.6<\/b> Saltsl\u00e9tta Jer 17.6<br \/>\n<b>39.7<\/b> Heyrir ekki k\u00f6ll smalanna sbr Jes 14.8<br \/>\n<b>39.9<\/b> Villinaut Slm 22.22<br \/>\n<b>38.11<\/b> Miki\u00f0 afl 4M\u00f3s 23.22; 5M\u00f3s 33.17; Slm 92.11<br \/>\n<b>39.13<\/b> Str\u00fatur 3M\u00f3s 11.16; Jes 13.21; M\u00edk 1.8<br \/>\n<b>39.16<\/b> Har\u00f0brj\u00f3sta Hlj 4.3<br \/>\n<b>39.19<\/b> Styrkleiki hestsins Slm 33.17; 147.10<br \/>\n<b>39.20<\/b> Engispretta sbr Jl 1.4-5<br \/>\n<b>39.24<\/b> Horna\u00feyt 4M\u00f3s 10.9<br \/>\n<b>39.26<\/b> F\u00e1lkinn 3M\u00f3s 11.16<br \/>\n<b>39.27<\/b> \u00d6rninn Job 9.26; 5M\u00f3s 28.49; Okv 23.5 \u2013 h\u00e1tt uppi Jer 49.6; \u00d3b 4<br \/>\n<b>39.30<\/b> S\u00e6kir \u00ed valinn Matt 24.28; L\u00fak 17.37<\/div>\n","protected":false},"excerpt":{"rendered":"<p>1Veist \u00fe\u00fa t\u00edmann, n\u00e6r steingeiturnar bera? Gefur \u00fe\u00fa gaum a\u00f0 f\u00e6\u00f0ingarhr\u00ed\u00f0um hindanna?2Telur \u00fe\u00fa m\u00e1nu\u00f0ina, sem \u00fe\u00e6r ganga me\u00f0, og veist \u00fe\u00fa t\u00edmann, n\u00e6r \u00fe\u00e6r bera?3\u00de\u00e6r leggjast \u00e1 kn\u00e9n, f\u00e6\u00f0a k\u00e1lfa s\u00edna, \u00fe\u00e6r losna flj\u00f3tt vi\u00f0 kvalir s\u00ednar.4K\u00e1lfar \u00feeirra ver\u00f0a sterkir, vaxa \u00ed haganum, fara burt og koma ekki aftur til \u00feeirra.5Hver hefir l\u00e1ti\u00f0 sk\u00f3garasnann ganga lausan og hver hefir leyst fj\u00f6tra villiasnans,6sem \u00e9g hefi gefi\u00f0 ey\u00f0ivelli a\u00f0 b\u00fasta\u00f0 og saltsl\u00e9ttu a\u00f0 heimkynni?7Hann hl\u00e6r a\u00f0 h\u00e1va\u00f0a borgarinnar, hann heyrir ekki k\u00f6ll rekstrarmannsins.8\u00dea\u00f0 sem hann leitar uppi \u00e1 fj\u00f6llunum, er haglendi hans, og \u00f6llu \u00fev\u00ed sem gr\u00e6nt er, s\u00e6kist hann eftir.9Mun v\u00edsundurinn <a href=\"https:\/\/biblian.is\/1981\/jobsbok-39-kafli\/\"> [&#8230;]<\/a><\/p>\n","protected":false},"author":1,"featured_media":0,"parent":0,"menu_order":0,"comment_status":"open","ping_status":"open","template":"bibliukaflar.php","meta":{"footnotes":""},"class_list":["post-1821","page","type-page","status-publish","hentry"],"_links":{"self":[{"href":"https:\/\/biblian.is\/1981\/wp-json\/wp\/v2\/pages\/1821","targetHints":{"allow":["GET"]}}],"collection":[{"href":"https:\/\/biblian.is\/1981\/wp-json\/wp\/v2\/pages"}],"about":[{"href":"https:\/\/biblian.is\/1981\/wp-json\/wp\/v2\/types\/page"}],"author":[{"embeddable":true,"href":"https:\/\/biblian.is\/1981\/wp-json\/wp\/v2\/users\/1"}],"replies":[{"embeddable":true,"href":"https:\/\/biblian.is\/1981\/wp-json\/wp\/v2\/comments?post=1821"}],"version-history":[{"count":0,"href":"https:\/\/biblian.is\/1981\/wp-json\/wp\/v2\/pages\/1821\/revisions"}],"wp:attachment":[{"href":"https:\/\/biblian.is\/1981\/wp-json\/wp\/v2\/media?parent=1821"}],"curies":[{"name":"wp","href":"https:\/\/api.w.org\/{rel}","templated":true}]}}