{"id":1818,"date":"2017-11-18T20:18:48","date_gmt":"2017-11-18T20:18:48","guid":{"rendered":"http:\/\/biblian.is\/1981\/jobsbok-36-kafli\/"},"modified":"2017-11-18T20:18:48","modified_gmt":"2017-11-18T20:18:48","slug":"jobsbok-36-kafli","status":"publish","type":"page","link":"https:\/\/biblian.is\/1981\/jobsbok-36-kafli\/","title":{"rendered":"Jobsb\u00f3k 36. kafli"},"content":{"rendered":"<p><a name=\"1\"><span class=\"versanumer\">1<\/span><\/a>Og El\u00edh\u00fa h\u00e9lt \u00e1fram og sag\u00f0i:<a name=\"2\"><span class=\"versanumer\">2<\/span><\/a>Haf \u00feolinm\u00e6\u00f0i vi\u00f0 mig enn stutta stund, a\u00f0 \u00e9g megi fr\u00e6\u00f0a \u00feig, \u00fev\u00ed a\u00f0 enn m\u00e1 margt segja Gu\u00f0i til varnar.<a name=\"3\"><span class=\"versanumer\">3<\/span><\/a>\u00c9g \u00e6tla a\u00f0 s\u00e6kja \u00feekking m\u00edna langar lei\u00f0ir og sanna, a\u00f0 skapari minn hafi \u00e1 r\u00e9ttu a\u00f0 standa.<a name=\"4\"><span class=\"versanumer\">4<\/span><\/a>\u00dev\u00ed a\u00f0 vissulega fer \u00e9g eigi me\u00f0 \u00f3sannindi, ma\u00f0ur me\u00f0 fullkominni \u00feekking stendur frammi fyrir \u00fe\u00e9r.<a name=\"5\"><span class=\"versanumer\">5<\/span><\/a>Sj\u00e1, Gu\u00f0 er voldugur, \u00fe\u00f3 fyrirl\u00edtur hann engan, voldugur a\u00f0 andans krafti.<a name=\"6\"><span class=\"versanumer\">6<\/span><\/a>Hann vi\u00f0heldur ekki l\u00edfi hins \u00f3gu\u00f0lega, en veitir hinum volu\u00f0u r\u00e9tt \u00feeirra.<a name=\"7\"><span class=\"versanumer\">7<\/span><\/a>Hann hefir ekki augun af hinum r\u00e9ttl\u00e1ta, og hj\u00e1 konungum \u00ed h\u00e1s\u00e6tinu l\u00e6tur hann \u00fe\u00e1 sitja a\u00f0 eil\u00edfu, til \u00feess a\u00f0 \u00feeir s\u00e9u h\u00e1tt upp hafnir.<a name=\"8\"><span class=\"versanumer\">8<\/span><\/a>Og \u00fe\u00f3tt \u00feeir ver\u00f0i vi\u00f0jum reyr\u00f0ir, veiddir \u00ed sn\u00f6rur eymdarinnar,<a name=\"9\"><span class=\"versanumer\">9<\/span><\/a>og hann setur \u00feeim fyrir sj\u00f3nir gj\u00f6r\u00f0ir \u00feeirra og afbrot \u00feeirra a\u00f0 \u00feeir breyttu drambsamlega,<a name=\"10\"><span class=\"versanumer\">10<\/span><\/a>og hann opnar eyru \u00feeirra fyrir umv\u00f6nduninni og segir a\u00f0 \u00feeir skuli sn\u00faa s\u00e9r fr\u00e1 rangl\u00e6ti,<a name=\"11\"><span class=\"versanumer\">11<\/span><\/a>ef \u00feeir \u00fe\u00e1 hl\u00fd\u00f0a og \u00fej\u00f3na honum, \u00fe\u00e1 ey\u00f0a \u00feeir d\u00f6gum s\u00ednum \u00ed velgengni og \u00e1rum s\u00ednum \u00ed una\u00f0i.<a name=\"12\"><span class=\"versanumer\">12<\/span><\/a>En hl\u00fd\u00f0i \u00feeir ekki, \u00fe\u00e1 farast \u00feeir fyrir skotvopnum, gefa upp andann \u00ed vanhyggju sinni.<a name=\"13\"><span class=\"versanumer\">13<\/span><\/a>\u00dev\u00ed a\u00f0 vonskufullir \u00ed hjarta ala \u00feeir me\u00f0 s\u00e9r rei\u00f0i, hr\u00f3pa eigi \u00e1 hj\u00e1lp, \u00feegar hann fj\u00f6trar \u00fe\u00e1.<a name=\"14\"><span class=\"versanumer\">14<\/span><\/a>\u00d6nd \u00feeirra deyr \u00ed \u00e6skubl\u00f3ma og l\u00edf \u00feeirra eins og h\u00f3rsveina.<a name=\"15\"><span class=\"versanumer\">15<\/span><\/a>En hann frelsar hinn b\u00e1gstadda me\u00f0 b\u00e1gindum hans og opnar eyru \u00feeirra me\u00f0 \u00ferengingunni.<a name=\"16\"><span class=\"versanumer\">16<\/span><\/a>Einnig \u00feig ginnir hann \u00fat \u00far gini ney\u00f0arinnar \u00fat \u00e1 v\u00ed\u00f0lendi, \u00fear sem engin \u00ferengsli eru, og \u00fea\u00f0 sem kemur \u00e1 bor\u00f0 \u00feitt, er fullt af feiti.<a name=\"17\"><span class=\"versanumer\">17<\/span><\/a>En ef \u00fe\u00fa vinnur til d\u00f3ms hins \u00f3gu\u00f0lega, \u00fe\u00e1 munu d\u00f3mur og r\u00e9ttur hremma \u00feig.<a name=\"18\"><span class=\"versanumer\">18<\/span><\/a>L\u00e1t \u00fev\u00ed eigi rei\u00f0ina ginna \u00feig til spotts, og l\u00e1t eigi st\u00e6r\u00f0 lausnargjaldsins t\u00e6la \u00feig.<a name=\"19\"><span class=\"versanumer\">19<\/span><\/a>Mun hr\u00f3p \u00feitt koma \u00fe\u00e9r \u00far nau\u00f0unum e\u00f0a nokkur \u00e1reynsla krafta \u00feinna?<a name=\"20\"><span class=\"versanumer\">20<\/span><\/a>\u00der\u00e1\u00f0u eigi n\u00f3ttina, \u00fe\u00e1 er \u00fej\u00f3\u00f0ir s\u00f3past burt af st\u00f6\u00f0vum s\u00ednum.<a name=\"21\"><span class=\"versanumer\">21<\/span><\/a>G\u00e6t \u00fe\u00edn, sn\u00fa \u00fe\u00e9r eigi a\u00f0 rangl\u00e6ti, \u00fev\u00ed a\u00f0 \u00fea\u00f0 k\u00fdst \u00fe\u00fa heldur en a\u00f0 l\u00ed\u00f0a.<a name=\"22\"><span class=\"versanumer\">22<\/span><\/a>Sj\u00e1, Gu\u00f0 er h\u00e1leitur \u00ed framkv\u00e6mdum m\u00e1ttar s\u00edns, hver er sl\u00edkur kennari sem hann?<a name=\"23\"><span class=\"versanumer\">23<\/span><\/a>Hver hefir fyrirskipa\u00f0 honum veg hans, og hver dirfist a\u00f0 segja: \u00de\u00fa hefir gj\u00f6rt rangt?<a name=\"24\"><span class=\"versanumer\">24<\/span><\/a>Minnstu \u00feess, a\u00f0 \u00fe\u00fa vegsamir verk hans, \u00fea\u00f0 er mennirnir syngja um lofkv\u00e6\u00f0i.<a name=\"25\"><span class=\"versanumer\">25<\/span><\/a>Allir menn horfa me\u00f0 f\u00f6gnu\u00f0i \u00e1 \u00fea\u00f0, dau\u00f0legur ma\u00f0urinn l\u00edtur \u00fea\u00f0 \u00far fjarska.<a name=\"26\"><span class=\"versanumer\">26<\/span><\/a>J\u00e1, Gu\u00f0 er mikill og v\u00e9r \u00feekkjum hann ekki, tala \u00e1ra hans \u00f3rannsakanleg.<a name=\"27\"><span class=\"versanumer\">27<\/span><\/a>\u00dev\u00ed a\u00f0 hann dregur upp vatnsdropana og l\u00e6tur \u00fdra \u00far \u00feoku sinni,<a name=\"28\"><span class=\"versanumer\">28<\/span><\/a>regni\u00f0, sem sk\u00fdin l\u00e1ta ni\u00f0ur streyma, drj\u00fapa yfir marga menn.<a name=\"29\"><span class=\"versanumer\">29<\/span><\/a>Og hver skilur \u00fatbrei\u00f0slu sk\u00fdjanna og dunurnar \u00ed tjaldi hans?<a name=\"30\"><span class=\"versanumer\">30<\/span><\/a>Sj\u00e1, hann brei\u00f0ir lj\u00f3s sitt \u00fat kringum sig og hylur dj\u00fap hafsins.<a name=\"31\"><span class=\"versanumer\">31<\/span><\/a>\u00dev\u00ed a\u00f0 me\u00f0 \u00fev\u00ed d\u00e6mir hann \u00fej\u00f3\u00f0irnar, me\u00f0 \u00fev\u00ed veitir hann f\u00e6\u00f0u \u00ed r\u00edkum m\u00e6li.<a name=\"32\"><span class=\"versanumer\">32<\/span><\/a>Hendur s\u00ednar hylur hann lj\u00f3si og b\u00fd\u00f0ur \u00fev\u00ed \u00fat gegn fjandmanni s\u00ednum.<a name=\"33\"><span class=\"versanumer\">33<\/span><\/a>\u00deruma hans bo\u00f0ar komu hans, hans sem l\u00e6tur rei\u00f0i s\u00edna geisa gegn rangl\u00e6tinu.<\/p>\n<div class=\"footnote1981\"><b>36.5<\/b> Fyrirl\u00edtur, hafnar ekki Job 34.33<br \/>\n<b>36.6<\/b> Gu\u00f0 veitir r\u00e9tt Job 34.12+<br \/>\n<b>36.7-11<\/b> Steypir af st\u00f3li Job 34.24+ ; Dan 4.26-34; 2Kro 33.9-13<br \/>\n<b>36.12<\/b> Fara yfir Job 27.22+<br \/>\n<b>36.15<\/b> Opnar eyra Job 5.18+<br \/>\n<b>36.16<\/b> \u00dat \u00e1 v\u00ed\u00f0lendi 1M\u00f3s 26.22; Slm 18.20<br \/>\n<b>36.22-23<\/b> Hver r\u00e1\u00f0leggur Gu\u00f0i? Job 38.3; 40.7; Jes 40.13-14<br \/>\n<b>36.26<\/b> Gu\u00f0 er meiri &#8230; Slm 145.3 \u2013 \u00f3teljandi Dan 7.9<br \/>\n<b>36.27-37.24<\/b> Um ve\u00f0ri\u00f0 Job 38.22-38; Slm 147.16-18; S\u00edr 43.13-22<br \/>\n<b>36.29<\/b> Rek sk\u00fdjanna Slm 18.10-15<br \/>\n<b>36.30<\/b> Hylur r\u00e6tur hafsins sbr Slm 18.16<br \/>\n<b>36.31<\/b> Gefur mat Slm 104.13-15<\/div>\n","protected":false},"excerpt":{"rendered":"<p>1Og El\u00edh\u00fa h\u00e9lt \u00e1fram og sag\u00f0i:2Haf \u00feolinm\u00e6\u00f0i vi\u00f0 mig enn stutta stund, a\u00f0 \u00e9g megi fr\u00e6\u00f0a \u00feig, \u00fev\u00ed a\u00f0 enn m\u00e1 margt segja Gu\u00f0i til varnar.3\u00c9g \u00e6tla a\u00f0 s\u00e6kja \u00feekking m\u00edna langar lei\u00f0ir og sanna, a\u00f0 skapari minn hafi \u00e1 r\u00e9ttu a\u00f0 standa.4\u00dev\u00ed a\u00f0 vissulega fer \u00e9g eigi me\u00f0 \u00f3sannindi, ma\u00f0ur me\u00f0 fullkominni \u00feekking stendur frammi fyrir \u00fe\u00e9r.5Sj\u00e1, Gu\u00f0 er voldugur, \u00fe\u00f3 fyrirl\u00edtur hann engan, voldugur a\u00f0 andans krafti.6Hann vi\u00f0heldur ekki l\u00edfi hins \u00f3gu\u00f0lega, en veitir hinum volu\u00f0u r\u00e9tt \u00feeirra.7Hann hefir ekki augun af hinum r\u00e9ttl\u00e1ta, og hj\u00e1 konungum \u00ed h\u00e1s\u00e6tinu l\u00e6tur hann \u00fe\u00e1 sitja a\u00f0 eil\u00edfu, til \u00feess a\u00f0 <a href=\"https:\/\/biblian.is\/1981\/jobsbok-36-kafli\/\"> [&#8230;]<\/a><\/p>\n","protected":false},"author":1,"featured_media":0,"parent":0,"menu_order":0,"comment_status":"open","ping_status":"open","template":"bibliukaflar.php","meta":{"footnotes":""},"class_list":["post-1818","page","type-page","status-publish","hentry"],"_links":{"self":[{"href":"https:\/\/biblian.is\/1981\/wp-json\/wp\/v2\/pages\/1818","targetHints":{"allow":["GET"]}}],"collection":[{"href":"https:\/\/biblian.is\/1981\/wp-json\/wp\/v2\/pages"}],"about":[{"href":"https:\/\/biblian.is\/1981\/wp-json\/wp\/v2\/types\/page"}],"author":[{"embeddable":true,"href":"https:\/\/biblian.is\/1981\/wp-json\/wp\/v2\/users\/1"}],"replies":[{"embeddable":true,"href":"https:\/\/biblian.is\/1981\/wp-json\/wp\/v2\/comments?post=1818"}],"version-history":[{"count":0,"href":"https:\/\/biblian.is\/1981\/wp-json\/wp\/v2\/pages\/1818\/revisions"}],"wp:attachment":[{"href":"https:\/\/biblian.is\/1981\/wp-json\/wp\/v2\/media?parent=1818"}],"curies":[{"name":"wp","href":"https:\/\/api.w.org\/{rel}","templated":true}]}}