{"id":1817,"date":"2017-11-18T20:18:48","date_gmt":"2017-11-18T20:18:48","guid":{"rendered":"http:\/\/biblian.is\/1981\/jobsbok-35-kafli\/"},"modified":"2017-11-18T20:18:48","modified_gmt":"2017-11-18T20:18:48","slug":"jobsbok-35-kafli","status":"publish","type":"page","link":"https:\/\/biblian.is\/1981\/jobsbok-35-kafli\/","title":{"rendered":"Jobsb\u00f3k 35. kafli"},"content":{"rendered":"<p><a name=\"1\"><span class=\"versanumer\">1<\/span><\/a>Og El\u00edh\u00fa t\u00f3k enn til m\u00e1ls og sag\u00f0i:<a name=\"2\"><span class=\"versanumer\">2<\/span><\/a>Hyggur \u00fe\u00fa \u00fea\u00f0 vera r\u00e9tt, kallar \u00fe\u00fa \u00fea\u00f0 r\u00e9ttl\u00e6ti mitt fyrir Gu\u00f0i,<a name=\"3\"><span class=\"versanumer\">3<\/span><\/a>a\u00f0 \u00fe\u00fa spyr, hva\u00f0 \u00fea\u00f0 sto\u00f0i \u00feig? Hva\u00f0a gagn hefi \u00e9g af \u00fev\u00ed, fremur en ef \u00e9g syndga\u00f0i?<a name=\"4\"><span class=\"versanumer\">4<\/span><\/a>\u00c9g \u00e6tla a\u00f0 veita \u00fe\u00e9r andsv\u00f6r \u00ed m\u00f3ti og vinum \u00fe\u00ednum me\u00f0 \u00fe\u00e9r.<a name=\"5\"><span class=\"versanumer\">5<\/span><\/a>Horf \u00fe\u00fa \u00e1 himininn og sj\u00e1, virtu fyrir \u00fe\u00e9r sk\u00fdin, sem eru h\u00e1tt yfir \u00fe\u00e9r.<a name=\"6\"><span class=\"versanumer\">6<\/span><\/a>Syndgir \u00fe\u00fa, hva\u00f0 getur \u00fe\u00fa gj\u00f6rt honum? Og s\u00e9u afbrot \u00fe\u00edn m\u00f6rg, hva\u00f0a ska\u00f0a gj\u00f6rir \u00fe\u00fa honum?<a name=\"7\"><span class=\"versanumer\">7<\/span><\/a>S\u00e9rt \u00fe\u00fa r\u00e1\u00f0vandur, hva\u00f0 gefur \u00fe\u00fa honum, e\u00f0a hva\u00f0 \u00feiggur hann af \u00feinni hendi?<a name=\"8\"><span class=\"versanumer\">8<\/span><\/a>Mann, eins og \u00feig, var\u00f0ar misgj\u00f6r\u00f0 \u00fe\u00edn og mannsins barn r\u00e1\u00f0vendni \u00fe\u00edn.<a name=\"9\"><span class=\"versanumer\">9<\/span><\/a>Menn \u00e6pa a\u00f0 s\u00f6nnu undan hinni margv\u00edslegu k\u00fagan, kveina undan armlegg hinna voldugu,<a name=\"10\"><span class=\"versanumer\">10<\/span><\/a>en enginn \u00feeirra segir: Hvar er Gu\u00f0, skapari minn, s\u00e1 er lei\u00f0ir fram lofs\u00f6ngva um n\u00f3tt,<a name=\"11\"><span class=\"versanumer\">11<\/span><\/a>sem fr\u00e6\u00f0ir oss meira en d\u00fdr merkurinnar og gj\u00f6rir oss vitrari en fugla loftsins?<a name=\"12\"><span class=\"versanumer\">12<\/span><\/a>\u00de\u00e1 \u00e6pa menn en hann svarar ekki undan drambsemi hinna vondu.<a name=\"13\"><span class=\"versanumer\">13<\/span><\/a>Nei, h\u00e9g\u00f3mam\u00e1l heyrir Gu\u00f0 eigi, og hinn Alm\u00e1ttki gefur \u00fev\u00ed engan gaum,<a name=\"14\"><span class=\"versanumer\">14<\/span><\/a>hva\u00f0 \u00fe\u00e1, er \u00fe\u00fa segir, a\u00f0 \u00fe\u00fa sj\u00e1ir hann ekki. M\u00e1li\u00f0 er lagt fram fyrir hann, og \u00fe\u00fa \u00e1tt a\u00f0 b\u00ed\u00f0a eftir honum.<a name=\"15\"><span class=\"versanumer\">15<\/span><\/a>En n\u00fa, af \u00fev\u00ed a\u00f0 rei\u00f0i hans hefir eigi refsa\u00f0, \u00e1 hann alls eigi a\u00f0 hafa vita\u00f0 neitt um yfirsj\u00f3nina!<a name=\"16\"><span class=\"versanumer\">16<\/span><\/a>En Job opnar munninn til a\u00f0 m\u00e6la h\u00e9g\u00f3ma, heldur langar r\u00e6\u00f0ur \u00ed vanhyggju sinni.<\/p>\n<div class=\"footnote1981\"><b>35.2<\/b> \u00c9g hef r\u00e9tt &#8230; Job 4.17+<br \/>\n<b>35.3<\/b> Hva\u00f0 gagnar? Job 7.20+<br \/>\n<b>35.4<\/b> Veita andsv\u00f6r Job 32.12+ ; 32.14<br \/>\n<b>35.5<\/b> H\u00e1tt fyrir ofan \u00feig 1M\u00f3s 15.5; Jes 55.9<br \/>\n<b>35.6<\/b> Hva\u00f0 gerir\u00f0u? Job 7.20+<br \/>\n<b>35.7<\/b> Gu\u00f0 hagnast ekki Job 22.3+<br \/>\n<b>35.9-13<\/b> Gu\u00f0 svarar ekki Job 24.12+ ; sbr 34.28<br \/>\n<b>35.13<\/b> Gu\u00f0 heyri ekki  Job 6.26<br \/>\n<b>35.14<\/b> \u00de\u00fa s\u00e9r\u00f0 ekki Job 9.11+<\/div>\n","protected":false},"excerpt":{"rendered":"<p>1Og El\u00edh\u00fa t\u00f3k enn til m\u00e1ls og sag\u00f0i:2Hyggur \u00fe\u00fa \u00fea\u00f0 vera r\u00e9tt, kallar \u00fe\u00fa \u00fea\u00f0 r\u00e9ttl\u00e6ti mitt fyrir Gu\u00f0i,3a\u00f0 \u00fe\u00fa spyr, hva\u00f0 \u00fea\u00f0 sto\u00f0i \u00feig? Hva\u00f0a gagn hefi \u00e9g af \u00fev\u00ed, fremur en ef \u00e9g syndga\u00f0i?4\u00c9g \u00e6tla a\u00f0 veita \u00fe\u00e9r andsv\u00f6r \u00ed m\u00f3ti og vinum \u00fe\u00ednum me\u00f0 \u00fe\u00e9r.5Horf \u00fe\u00fa \u00e1 himininn og sj\u00e1, virtu fyrir \u00fe\u00e9r sk\u00fdin, sem eru h\u00e1tt yfir \u00fe\u00e9r.6Syndgir \u00fe\u00fa, hva\u00f0 getur \u00fe\u00fa gj\u00f6rt honum? Og s\u00e9u afbrot \u00fe\u00edn m\u00f6rg, hva\u00f0a ska\u00f0a gj\u00f6rir \u00fe\u00fa honum?7S\u00e9rt \u00fe\u00fa r\u00e1\u00f0vandur, hva\u00f0 gefur \u00fe\u00fa honum, e\u00f0a hva\u00f0 \u00feiggur hann af \u00feinni hendi?8Mann, eins og \u00feig, var\u00f0ar misgj\u00f6r\u00f0 \u00fe\u00edn og mannsins barn <a href=\"https:\/\/biblian.is\/1981\/jobsbok-35-kafli\/\"> [&#8230;]<\/a><\/p>\n","protected":false},"author":1,"featured_media":0,"parent":0,"menu_order":0,"comment_status":"open","ping_status":"open","template":"bibliukaflar.php","meta":{"footnotes":""},"class_list":["post-1817","page","type-page","status-publish","hentry"],"_links":{"self":[{"href":"https:\/\/biblian.is\/1981\/wp-json\/wp\/v2\/pages\/1817","targetHints":{"allow":["GET"]}}],"collection":[{"href":"https:\/\/biblian.is\/1981\/wp-json\/wp\/v2\/pages"}],"about":[{"href":"https:\/\/biblian.is\/1981\/wp-json\/wp\/v2\/types\/page"}],"author":[{"embeddable":true,"href":"https:\/\/biblian.is\/1981\/wp-json\/wp\/v2\/users\/1"}],"replies":[{"embeddable":true,"href":"https:\/\/biblian.is\/1981\/wp-json\/wp\/v2\/comments?post=1817"}],"version-history":[{"count":0,"href":"https:\/\/biblian.is\/1981\/wp-json\/wp\/v2\/pages\/1817\/revisions"}],"wp:attachment":[{"href":"https:\/\/biblian.is\/1981\/wp-json\/wp\/v2\/media?parent=1817"}],"curies":[{"name":"wp","href":"https:\/\/api.w.org\/{rel}","templated":true}]}}