{"id":1816,"date":"2017-11-18T20:18:48","date_gmt":"2017-11-18T20:18:48","guid":{"rendered":"http:\/\/biblian.is\/1981\/jobsbok-34-kafli\/"},"modified":"2017-11-18T20:18:48","modified_gmt":"2017-11-18T20:18:48","slug":"jobsbok-34-kafli","status":"publish","type":"page","link":"https:\/\/biblian.is\/1981\/jobsbok-34-kafli\/","title":{"rendered":"Jobsb\u00f3k 34. kafli"},"content":{"rendered":"<p><a name=\"1\"><span class=\"versanumer\">1<\/span><\/a>Og El\u00edh\u00fa t\u00f3k aftur til m\u00e1ls og sag\u00f0i:<a name=\"2\"><span class=\"versanumer\">2<\/span><\/a>Heyri\u00f0, \u00fe\u00e9r vitrir menn, or\u00f0 m\u00edn, og \u00fe\u00e9r fr\u00f3\u00f0ir menn, hlusti\u00f0 \u00e1 mig.<a name=\"3\"><span class=\"versanumer\">3<\/span><\/a>\u00dev\u00ed a\u00f0 eyra\u00f0 pr\u00f3far or\u00f0in, eins og g\u00f3murinn smakkar matinn.<a name=\"4\"><span class=\"versanumer\">4<\/span><\/a>V\u00e9r skulum rannsaka, hva\u00f0 r\u00e9tt er, komast a\u00f0 \u00fev\u00ed hver me\u00f0 \u00f6\u00f0rum, hva\u00f0 gott er.<a name=\"5\"><span class=\"versanumer\">5<\/span><\/a>\u00dev\u00ed a\u00f0 Job hefir sagt: \u00c9g er saklaus, en Gu\u00f0 hefir svipt mig r\u00e9tti m\u00ednum.<a name=\"6\"><span class=\"versanumer\">6<\/span><\/a>\u00de\u00f3tt \u00e9g hafi r\u00e9tt fyrir m\u00e9r, stend \u00e9g sem lygari, banv\u00e6n \u00f6r hefir hitt mig, \u00fe\u00f3tt \u00e9g hafi \u00ed engu broti\u00f0.<a name=\"7\"><span class=\"versanumer\">7<\/span><\/a>Hva\u00f0a ma\u00f0ur er eins og Job, sem drekkur gu\u00f0last eins og vatn<a name=\"8\"><span class=\"versanumer\">8<\/span><\/a>og gefur sig \u00ed f\u00e9lagsskap vi\u00f0 \u00fe\u00e1, sem illt fremja, og er \u00ed fylgi vi\u00f0 \u00f3gu\u00f0lega menn?<a name=\"9\"><span class=\"versanumer\">9<\/span><\/a>\u00dev\u00ed a\u00f0 hann hefir sagt: Ma\u00f0urinn hefir ekkert gagn af \u00fev\u00ed a\u00f0 vera \u00ed vinfengi vi\u00f0 Gu\u00f0.<a name=\"10\"><span class=\"versanumer\">10<\/span><\/a>Fyrir \u00fev\u00ed, skynsamir menn, heyri\u00f0 mig! Fjarri fer \u00fev\u00ed, a\u00f0 Gu\u00f0 a\u00f0hafist illt og hinn Alm\u00e1ttki fremji rangl\u00e6ti.<a name=\"11\"><span class=\"versanumer\">11<\/span><\/a>Nei, hann geldur manninum verk hans og l\u00e6tur manninum farnast eftir breytni hans.<a name=\"12\"><span class=\"versanumer\">12<\/span><\/a>J\u00e1, vissulega fremur Gu\u00f0 ekki rangl\u00e6ti, og hinn Alm\u00e1ttki hallar ekki r\u00e9ttinum.<a name=\"13\"><span class=\"versanumer\">13<\/span><\/a>Hver hefir fengi\u00f0 honum j\u00f6r\u00f0ina til var\u00f0veislu, og hver hefir grundvalla\u00f0 allan heiminn?<a name=\"14\"><span class=\"versanumer\">14<\/span><\/a>Ef hann hugsa\u00f0i a\u00f0eins um sj\u00e1lfan sig, ef hann dr\u00e6gi til s\u00edn anda sinn og andardr\u00e1tt,<a name=\"15\"><span class=\"versanumer\">15<\/span><\/a>\u00fe\u00e1 mundi allt hold gefa upp andann og ma\u00f0urinn aftur ver\u00f0a a\u00f0 dufti.<a name=\"16\"><span class=\"versanumer\">16<\/span><\/a>Hafir \u00fe\u00fa vit, \u00fe\u00e1 heyr \u00fe\u00fa \u00feetta, hlusta \u00fe\u00fa \u00e1 hlj\u00f3m or\u00f0a minna.<a name=\"17\"><span class=\"versanumer\">17<\/span><\/a>Getur s\u00e1 stj\u00f3rna\u00f0, sem hatar r\u00e9ttinn? E\u00f0a vilt \u00fe\u00fa d\u00e6ma hinn r\u00e9ttl\u00e1ta, volduga?<a name=\"18\"><span class=\"versanumer\">18<\/span><\/a>\u00feann sem segir vi\u00f0 konunginn: \u00de\u00fa varmenni! vi\u00f0 tignarmanninn: \u00de\u00fa n\u00ed\u00f0ingur!<a name=\"19\"><span class=\"versanumer\">19<\/span><\/a>sem ekki dregur taum h\u00f6f\u00f0ingjanna og gj\u00f6rir ekki r\u00edkum h\u00e6rra undir h\u00f6f\u00f0i en f\u00e1t\u00e6kum, \u00fev\u00ed a\u00f0 handaverk hans eru \u00feeir allir.<a name=\"20\"><span class=\"versanumer\">20<\/span><\/a>Skyndilega deyja \u00feeir, og \u00fea\u00f0 um mi\u00f0ja n\u00f3tt, f\u00f3lki\u00f0 ver\u00f0ur skelka\u00f0, og \u00feeir hverfa, og hinn sterki er hrifinn burt, en eigi af manns hendi.<a name=\"21\"><span class=\"versanumer\">21<\/span><\/a>\u00dev\u00ed a\u00f0 augu Gu\u00f0s hv\u00edla yfir vegum hvers manns, og hann s\u00e9r \u00f6ll spor hans.<a name=\"22\"><span class=\"versanumer\">22<\/span><\/a>Ekkert \u00fea\u00f0 myrkur er til e\u00f0a s\u00fa ni\u00f0dimma, a\u00f0 illgj\u00f6r\u00f0amenn geti fali\u00f0 sig \u00fear.<a name=\"23\"><span class=\"versanumer\">23<\/span><\/a>\u00dev\u00ed a\u00f0 Gu\u00f0 \u00fearf ekki fyrst a\u00f0 gefa manni gaum, til \u00feess a\u00f0 hann komi fyrir d\u00f3m hans.<a name=\"24\"><span class=\"versanumer\">24<\/span><\/a>Hann br\u00fdtur hina voldugu sundur ranns\u00f3knarlaust og setur a\u00f0ra \u00ed \u00feeirra sta\u00f0.<a name=\"25\"><span class=\"versanumer\">25<\/span><\/a>\u00deannig \u00feekkir hann verk \u00feeirra og steypir \u00feeim um n\u00f3tt, og \u00feeir ver\u00f0a mar\u00f0ir sundur.<a name=\"26\"><span class=\"versanumer\">26<\/span><\/a>Hann hirtir \u00fe\u00e1 sem misgj\u00f6r\u00f0amenn \u00ed augs\u00fdn allra manna,<a name=\"27\"><span class=\"versanumer\">27<\/span><\/a>vegna \u00feess a\u00f0 \u00feeir hafa fr\u00e1 honum viki\u00f0 og vanr\u00e6kt alla vegu hans<a name=\"28\"><span class=\"versanumer\">28<\/span><\/a>og l\u00e1ti\u00f0 kvein hins f\u00e1t\u00e6ka berast til hans, en hann heyr\u00f0i kvein hinna volu\u00f0u.<a name=\"29\"><span class=\"versanumer\">29<\/span><\/a>Haldi hann kyrru fyrir, hver vill \u00fe\u00e1 sakfella hann? og byrgi hann augliti\u00f0, hver f\u00e6r \u00fe\u00e1 s\u00e9\u00f0 hann? \u00de\u00f3 vakir hann yfir \u00fej\u00f3\u00f0 og einstaklingi,<a name=\"30\"><span class=\"versanumer\">30<\/span><\/a>til \u00feess a\u00f0 gu\u00f0lausir menn skuli ekki drottna, til \u00feess a\u00f0 \u00feeir s\u00e9u ekki sn\u00f6rur l\u00fd\u00f0sins.<a name=\"31\"><span class=\"versanumer\">31<\/span><\/a>\u00dev\u00ed a\u00f0 segir nokkur vi\u00f0 Gu\u00f0: M\u00e9r hefir veri\u00f0 hegnt og breyti \u00fe\u00f3 ekki illa.<a name=\"32\"><span class=\"versanumer\">32<\/span><\/a>Kenn \u00fe\u00fa m\u00e9r \u00fea\u00f0, sem \u00e9g s\u00e9 ekki. Hafi \u00e9g frami\u00f0 rangl\u00e6ti, skal \u00e9g eigi gj\u00f6ra \u00fea\u00f0 framar?<a name=\"33\"><span class=\"versanumer\">33<\/span><\/a>\u00c1 hann a\u00f0 endurgjalda eftir ge\u00f0\u00fe\u00f3tta \u00fe\u00ednum, af \u00fev\u00ed a\u00f0 \u00fe\u00fa hafnar? \u00fev\u00ed a\u00f0 \u00fe\u00fa \u00e1tt a\u00f0 velja, en ekki \u00e9g. Og seg n\u00fa fram \u00fea\u00f0, er \u00fe\u00fa veist!<a name=\"34\"><span class=\"versanumer\">34<\/span><\/a>Skynsamir menn munu segja vi\u00f0 mig, og vitur ma\u00f0ur, sem \u00e1 mig hl\u00fd\u00f0ir:<a name=\"35\"><span class=\"versanumer\">35<\/span><\/a>Job talar ekki hyggilega, og or\u00f0 hans eru ekki skynsamleg.<a name=\"36\"><span class=\"versanumer\">36<\/span><\/a>\u00d3 a\u00f0 Job m\u00e6tti reyndur ver\u00f0a \u00e6 a\u00f0 n\u00fdju, af \u00fev\u00ed a\u00f0 hann svarar eins og illir menn svara.<a name=\"37\"><span class=\"versanumer\">37<\/span><\/a>\u00dev\u00ed a\u00f0 hann b\u00e6tir misgj\u00f6r\u00f0 ofan \u00e1 synd s\u00edna, hann klappar saman h\u00f6ndunum framan \u00ed oss og heldur langar r\u00e6\u00f0ur m\u00f3ti Gu\u00f0i.<\/p>\n<div class=\"footnote1981\"><b>34.5<\/b> Hef r\u00e9tt fyrir m\u00e9r Job 31.6+ &#8211; svipt mig r\u00e9tti m\u00ednum Job 27.2+<br \/>\n<b>34.6<\/b> \u00d6r Job 6.4+<br \/>\n<b>34.9<\/b> Engum \u00e1vinningur sbr Job 21.7-12<br \/>\n<b>34.11<\/b> Geldur manninum Jer 32.19; okv 24.12; Matt 16.27+<br \/>\n<b>34.12<\/b> Ekki rangl\u00e6ti Job 8.3+ ; 27.2+<br \/>\n<b>34.14<\/b> H\u00f6fundur l\u00edfsins Job 12.10+ ; Slm 104.29; Pr\u00e9d 12.7<br \/>\n<b>34.15<\/b> Hverfa aftur til moldarinnar 1M\u00f3s 3.19; Pr\u00e9d 12.7<br \/>\n<b>34.17<\/b> Gu\u00f0 hatar ekki r\u00e9ttinn 1M\u00f3s 18.25<br \/>\n<b>34.18<\/b> Mannleysa 2Sam 16.7<br \/>\n<b>34.19<\/b> Ekki manngreinar\u00e1lit 5M\u00f3s 10.17; sbr 3M\u00f3s 19.15<br \/>\n<b>34.20<\/b> Deyja skyndilega 2M\u00f3s 12.29; SSal 18.14-15; L\u00fak 12.20<br \/>\n<b>34.21<\/b> Gu\u00f0 gefur manninum gaum Job 24.23; 31.4; Jer 32.19; Slm 33.14-15<br \/>\n<b>34.22<\/b> Gu\u00f0 s\u00e9r \u00ed myrkri Slm 139.11-12<br \/>\n<b>34.23<\/b> \u00c1kve\u00f0a manni t\u00edma Job 7.19+<br \/>\n<b>34.24<\/b> \u00cd \u00feeirra sta\u00f0 Job 12.19; 34.20; 1Sam 16.1; Dan 4.17; L\u00fak 1.52<br \/>\n<b>34.26<\/b> Hirtir sbr Matt 26.67 og hlst.; J\u00f3h 18.22; Post 23.2-3<br \/>\n<b>34.28<\/b> Kvein hinna snau\u00f0u 2M\u00f3s 2.23-24; 1Sam 9.16; Jak 5.4<br \/>\n<b>34.36<\/b> Reyna einhvern Job 19.28<\/div>\n","protected":false},"excerpt":{"rendered":"<p>1Og El\u00edh\u00fa t\u00f3k aftur til m\u00e1ls og sag\u00f0i:2Heyri\u00f0, \u00fe\u00e9r vitrir menn, or\u00f0 m\u00edn, og \u00fe\u00e9r fr\u00f3\u00f0ir menn, hlusti\u00f0 \u00e1 mig.3\u00dev\u00ed a\u00f0 eyra\u00f0 pr\u00f3far or\u00f0in, eins og g\u00f3murinn smakkar matinn.4V\u00e9r skulum rannsaka, hva\u00f0 r\u00e9tt er, komast a\u00f0 \u00fev\u00ed hver me\u00f0 \u00f6\u00f0rum, hva\u00f0 gott er.5\u00dev\u00ed a\u00f0 Job hefir sagt: \u00c9g er saklaus, en Gu\u00f0 hefir svipt mig r\u00e9tti m\u00ednum.6\u00de\u00f3tt \u00e9g hafi r\u00e9tt fyrir m\u00e9r, stend \u00e9g sem lygari, banv\u00e6n \u00f6r hefir hitt mig, \u00fe\u00f3tt \u00e9g hafi \u00ed engu broti\u00f0.7Hva\u00f0a ma\u00f0ur er eins og Job, sem drekkur gu\u00f0last eins og vatn8og gefur sig \u00ed f\u00e9lagsskap vi\u00f0 \u00fe\u00e1, sem illt fremja, og er \u00ed <a href=\"https:\/\/biblian.is\/1981\/jobsbok-34-kafli\/\"> [&#8230;]<\/a><\/p>\n","protected":false},"author":1,"featured_media":0,"parent":0,"menu_order":0,"comment_status":"open","ping_status":"open","template":"bibliukaflar.php","meta":{"footnotes":""},"class_list":["post-1816","page","type-page","status-publish","hentry"],"_links":{"self":[{"href":"https:\/\/biblian.is\/1981\/wp-json\/wp\/v2\/pages\/1816","targetHints":{"allow":["GET"]}}],"collection":[{"href":"https:\/\/biblian.is\/1981\/wp-json\/wp\/v2\/pages"}],"about":[{"href":"https:\/\/biblian.is\/1981\/wp-json\/wp\/v2\/types\/page"}],"author":[{"embeddable":true,"href":"https:\/\/biblian.is\/1981\/wp-json\/wp\/v2\/users\/1"}],"replies":[{"embeddable":true,"href":"https:\/\/biblian.is\/1981\/wp-json\/wp\/v2\/comments?post=1816"}],"version-history":[{"count":0,"href":"https:\/\/biblian.is\/1981\/wp-json\/wp\/v2\/pages\/1816\/revisions"}],"wp:attachment":[{"href":"https:\/\/biblian.is\/1981\/wp-json\/wp\/v2\/media?parent=1816"}],"curies":[{"name":"wp","href":"https:\/\/api.w.org\/{rel}","templated":true}]}}