{"id":1815,"date":"2017-11-18T20:18:48","date_gmt":"2017-11-18T20:18:48","guid":{"rendered":"http:\/\/biblian.is\/1981\/jobsbok-33-kafli\/"},"modified":"2017-11-18T20:18:48","modified_gmt":"2017-11-18T20:18:48","slug":"jobsbok-33-kafli","status":"publish","type":"page","link":"https:\/\/biblian.is\/1981\/jobsbok-33-kafli\/","title":{"rendered":"Jobsb\u00f3k 33. kafli"},"content":{"rendered":"<p><a name=\"1\"><span class=\"versanumer\">1<\/span><\/a>En heyr \u00fe\u00fa, Job, r\u00e6\u00f0u m\u00edna, og hl\u00fd\u00f0 \u00fe\u00fa \u00e1 \u00f6ll or\u00f0 m\u00edn.<a name=\"2\"><span class=\"versanumer\">2<\/span><\/a>Sj\u00e1, \u00e9g opna munn minn, og tunga m\u00edn talar \u00ed g\u00f3mi m\u00ednum.<a name=\"3\"><span class=\"versanumer\">3<\/span><\/a>Or\u00f0 m\u00edn eru hjartans hreinskilni, og \u00fea\u00f0 sem varir m\u00ednar vita, m\u00e6la \u00fe\u00e6r \u00ed einl\u00e6gni.<a name=\"4\"><span class=\"versanumer\">4<\/span><\/a>Andi Gu\u00f0s hefir skapa\u00f0 mig, og andbl\u00e1stur hins Alm\u00e1ttka gefur m\u00e9r l\u00edf.<a name=\"5\"><span class=\"versanumer\">5<\/span><\/a>Ef \u00fe\u00fa getur, \u00fe\u00e1 svara \u00fe\u00fa m\u00e9r, b\u00fa \u00feig \u00fat \u00ed m\u00f3ti m\u00e9r og gakk fram.<a name=\"6\"><span class=\"versanumer\">6<\/span><\/a>Sj\u00e1, \u00e9g stend eins og \u00fe\u00fa gagnvart Gu\u00f0i, \u00e9g er og mynda\u00f0ur af leiri.<a name=\"7\"><span class=\"versanumer\">7<\/span><\/a>Sj\u00e1, hr\u00e6\u00f0sla vi\u00f0 mig \u00fearf eigi a\u00f0 skelfa \u00feig og \u00feungi minn eigi \u00fer\u00fdsta \u00fe\u00e9r ni\u00f0ur.<a name=\"8\"><span class=\"versanumer\">8<\/span><\/a>En \u00fe\u00fa hefir sagt \u00ed eyru m\u00e9r, og \u00e9g heyr\u00f0i hlj\u00f3m or\u00f0anna:<a name=\"9\"><span class=\"versanumer\">9<\/span><\/a>Hreinn er \u00e9g, laus vi\u00f0 afbrot, saklaus er \u00e9g, og hj\u00e1 m\u00e9r er engin misgj\u00f6r\u00f0.<a name=\"10\"><span class=\"versanumer\">10<\/span><\/a>En Gu\u00f0 reynir a\u00f0 finna tilefni til fjandskapar vi\u00f0 mig og \u00e6tlar a\u00f0 \u00e9g s\u00e9 \u00f3vinur hans.<a name=\"11\"><span class=\"versanumer\">11<\/span><\/a>Hann setur f\u00e6tur m\u00edna \u00ed stokk og a\u00f0g\u00e6tir alla vegu m\u00edna.<a name=\"12\"><span class=\"versanumer\">12<\/span><\/a>Sj\u00e1, \u00ed \u00feessu hefir \u00fe\u00fa rangt fyrir \u00fe\u00e9r, svara \u00e9g \u00fe\u00e9r, \u00fev\u00ed a\u00f0 Gu\u00f0 er meiri en ma\u00f0ur.<a name=\"13\"><span class=\"versanumer\">13<\/span><\/a>Hv\u00ed hefir \u00fe\u00fa \u00fer\u00e1tta\u00f0 vi\u00f0 hann, a\u00f0 hann svara\u00f0i engu \u00f6llum or\u00f0um \u00fe\u00ednum?<a name=\"14\"><span class=\"versanumer\">14<\/span><\/a>\u00dev\u00ed a\u00f0 vissulega talar Gu\u00f0 einu sinni, j\u00e1, tvisvar, en menn gefa \u00fev\u00ed ekki gaum.<a name=\"15\"><span class=\"versanumer\">15<\/span><\/a>\u00cd draumi, \u00ed n\u00e6turs\u00fdn, \u00fe\u00e1 er \u00feungur svefnh\u00f6fgi er fallinn yfir mennina, \u00ed blundi \u00e1 hv\u00edlube\u00f0i,<a name=\"16\"><span class=\"versanumer\">16<\/span><\/a>opnar hann eyru mannanna og innsiglar vi\u00f0v\u00f6runina til \u00feeirra<a name=\"17\"><span class=\"versanumer\">17<\/span><\/a>til \u00feess a\u00f0 f\u00e1 manninn til \u00feess a\u00f0 l\u00e1ta af gj\u00f6r\u00f0um s\u00ednum og for\u00f0a manninum vi\u00f0 drambsemi.<a name=\"18\"><span class=\"versanumer\">18<\/span><\/a>Hann hl\u00edfir s\u00e1lu hans vi\u00f0 gr\u00f6finni og l\u00edfi hans fr\u00e1 \u00fev\u00ed a\u00f0 farast fyrir skotvopni.<a name=\"19\"><span class=\"versanumer\">19<\/span><\/a>Ma\u00f0urinn er og aga\u00f0ur me\u00f0 kv\u00f6lum \u00e1 s\u00e6ng sinni, og str\u00ed\u00f0i\u00f0 geisar st\u00f6\u00f0uglega \u00ed beinum hans.<a name=\"20\"><span class=\"versanumer\">20<\/span><\/a>\u00de\u00e1 vekur l\u00edfshv\u00f6tin \u00f3beit hj\u00e1 honum \u00e1 brau\u00f0inu og s\u00e1l hans \u00e1 upp\u00e1haldsf\u00e6\u00f0unni.<a name=\"21\"><span class=\"versanumer\">21<\/span><\/a>Hold hans ey\u00f0ist og ver\u00f0ur \u00f3\u00e1sj\u00e1legt, og beinin, sem s\u00e1ust ekki \u00e1\u00f0ur, ver\u00f0a ber,<a name=\"22\"><span class=\"versanumer\">22<\/span><\/a>svo a\u00f0 s\u00e1l hans n\u00e1lgast gr\u00f6fina og l\u00edf hans engla dau\u00f0ans.<a name=\"23\"><span class=\"versanumer\">23<\/span><\/a>En ef \u00fear er hj\u00e1 honum \u00e1rna\u00f0arengill, talsma\u00f0ur, einn af \u00fe\u00fasund til \u00feess a\u00f0 bo\u00f0a manninum skyldu hans,<a name=\"24\"><span class=\"versanumer\">24<\/span><\/a>og miskunni hann sig yfir hann og segi: Endurleys hann og l\u00e1t hann eigi st\u00edga ni\u00f0ur \u00ed gr\u00f6fina, \u00e9g hefi fundi\u00f0 lausnargjaldi\u00f0,<a name=\"25\"><span class=\"versanumer\">25<\/span><\/a>\u00fe\u00e1 svellur hold hans af \u00e6sku\u00fer\u00f3tti, hann sn\u00fdr aftur til \u00e6skudaga sinna.<a name=\"26\"><span class=\"versanumer\">26<\/span><\/a>Hann bi\u00f0ur til Gu\u00f0s, og Gu\u00f0 miskunnar honum, l\u00e6tur hann l\u00edta auglit sitt me\u00f0 f\u00f6gnu\u00f0i og veitir manninum aftur r\u00e9ttl\u00e6ti hans.<a name=\"27\"><span class=\"versanumer\">27<\/span><\/a>Hann syngur frammi fyrir m\u00f6nnum og segir: \u00c9g haf\u00f0i syndga\u00f0 og gj\u00f6rt hi\u00f0 beina bogi\u00f0, og \u00fe\u00f3 var m\u00e9r ekki goldi\u00f0 l\u00edku l\u00edkt.<a name=\"28\"><span class=\"versanumer\">28<\/span><\/a>Gu\u00f0 hefir leyst s\u00e1lu m\u00edna fr\u00e1 \u00fev\u00ed a\u00f0 fara ofan \u00ed gr\u00f6fina, og l\u00edf mitt gle\u00f0ur sig vi\u00f0 lj\u00f3si\u00f0.<a name=\"29\"><span class=\"versanumer\">29<\/span><\/a>Sj\u00e1, allt \u00feetta gj\u00f6rir Gu\u00f0 tvisvar e\u00f0a \u00ferisvar vi\u00f0 manninn<a name=\"30\"><span class=\"versanumer\">30<\/span><\/a>til \u00feess a\u00f0 hr\u00edfa s\u00e1l hans fr\u00e1 gr\u00f6finni, til \u00feess a\u00f0 l\u00edfsins lj\u00f3s megi leika um hann.<a name=\"31\"><span class=\"versanumer\">31<\/span><\/a>Hl\u00fd\u00f0 \u00e1, Job, heyr \u00fe\u00fa mig, ver \u00fe\u00fa hlj\u00f3\u00f0ur og l\u00e1t mig tala.<a name=\"32\"><span class=\"versanumer\">32<\/span><\/a>Hafir \u00fe\u00fa eitthva\u00f0 a\u00f0 segja, \u00fe\u00e1 svara m\u00e9r, tala \u00fe\u00fa, \u00fev\u00ed a\u00f0 gjarnan vildi \u00e9g, a\u00f0 \u00fe\u00fa reyndist r\u00e9ttl\u00e1tur.<a name=\"33\"><span class=\"versanumer\">33<\/span><\/a>Ef svo er eigi \u00fe\u00e1 heyr \u00fe\u00fa mig, ver hlj\u00f3\u00f0ur, a\u00f0 \u00e9g megi kenna \u00fe\u00e9r speki.<\/p>\n<div class=\"footnote1981\"><b>33.4<\/b> Andi Gu\u00f0s Job 27.3+<br \/>\n<b>33.6<\/b> M\u00f3ta\u00f0ur \u00far leir Job 10.8+<br \/>\n<b>33.7<\/b> \u00d3tti Job 13.21; sbr 6.4+<br \/>\n<b>33.9<\/b> Syndlaus Job 11.4; 16.17<br \/>\n<b>33.10<\/b> Telur mig \u00f3vin Job 19.11<br \/>\n<b>33.11<\/b> Fylgist me\u00f0 breytni Job 7.19+<br \/>\n<b>33.13<\/b> Deila vi\u00f0 Gu\u00f0 Job 9.3+<br \/>\n<b>33.15<\/b> \u00cd draumi Job 4.13+ ; 1M\u00f3s 41.25; 1Kon 3.5; Dan 7.1<br \/>\n<b>33.18<\/b> Fara yfir Job 27.22+<br \/>\n<b>33.19<\/b> \u00c1minntur me\u00f0 kv\u00f6lum Job 5.17-18; 30.17; 36.15; sbr 2Kor 12.5-10<br \/>\n<b>33.21<\/b> Sj\u00fakd\u00f3mur Job 16.8+<br \/>\n<b>33.23<\/b> Me\u00f0algangari Job 16.19; 19.25; Dan 9.21-23; T\u00f3b 12.12; Opb 8.3-4<br \/>\n<b>33.25<\/b> Bati Job 29.18-20; Slm 103.5<br \/>\n<b>33.26<\/b> Sj\u00e1 auglit Gu\u00f0s Job 19.27+<br \/>\n<b>33.27<\/b> Fyrirgefning Slm 103.10; R\u00f3m 6.23<br \/>\n<b>33.30<\/b> Fr\u00e1 gr\u00f6finni Jes 38.17; J\u00f3n 2.7; Slm 103.4<br \/>\n<b>33.33<\/b> Speki Job 28.12+<\/div>\n","protected":false},"excerpt":{"rendered":"<p>1En heyr \u00fe\u00fa, Job, r\u00e6\u00f0u m\u00edna, og hl\u00fd\u00f0 \u00fe\u00fa \u00e1 \u00f6ll or\u00f0 m\u00edn.2Sj\u00e1, \u00e9g opna munn minn, og tunga m\u00edn talar \u00ed g\u00f3mi m\u00ednum.3Or\u00f0 m\u00edn eru hjartans hreinskilni, og \u00fea\u00f0 sem varir m\u00ednar vita, m\u00e6la \u00fe\u00e6r \u00ed einl\u00e6gni.4Andi Gu\u00f0s hefir skapa\u00f0 mig, og andbl\u00e1stur hins Alm\u00e1ttka gefur m\u00e9r l\u00edf.5Ef \u00fe\u00fa getur, \u00fe\u00e1 svara \u00fe\u00fa m\u00e9r, b\u00fa \u00feig \u00fat \u00ed m\u00f3ti m\u00e9r og gakk fram.6Sj\u00e1, \u00e9g stend eins og \u00fe\u00fa gagnvart Gu\u00f0i, \u00e9g er og mynda\u00f0ur af leiri.7Sj\u00e1, hr\u00e6\u00f0sla vi\u00f0 mig \u00fearf eigi a\u00f0 skelfa \u00feig og \u00feungi minn eigi \u00fer\u00fdsta \u00fe\u00e9r ni\u00f0ur.8En \u00fe\u00fa hefir sagt \u00ed eyru m\u00e9r, og \u00e9g <a href=\"https:\/\/biblian.is\/1981\/jobsbok-33-kafli\/\"> [&#8230;]<\/a><\/p>\n","protected":false},"author":1,"featured_media":0,"parent":0,"menu_order":0,"comment_status":"open","ping_status":"open","template":"bibliukaflar.php","meta":{"footnotes":""},"class_list":["post-1815","page","type-page","status-publish","hentry"],"_links":{"self":[{"href":"https:\/\/biblian.is\/1981\/wp-json\/wp\/v2\/pages\/1815","targetHints":{"allow":["GET"]}}],"collection":[{"href":"https:\/\/biblian.is\/1981\/wp-json\/wp\/v2\/pages"}],"about":[{"href":"https:\/\/biblian.is\/1981\/wp-json\/wp\/v2\/types\/page"}],"author":[{"embeddable":true,"href":"https:\/\/biblian.is\/1981\/wp-json\/wp\/v2\/users\/1"}],"replies":[{"embeddable":true,"href":"https:\/\/biblian.is\/1981\/wp-json\/wp\/v2\/comments?post=1815"}],"version-history":[{"count":0,"href":"https:\/\/biblian.is\/1981\/wp-json\/wp\/v2\/pages\/1815\/revisions"}],"wp:attachment":[{"href":"https:\/\/biblian.is\/1981\/wp-json\/wp\/v2\/media?parent=1815"}],"curies":[{"name":"wp","href":"https:\/\/api.w.org\/{rel}","templated":true}]}}