{"id":1814,"date":"2017-11-18T20:18:48","date_gmt":"2017-11-18T20:18:48","guid":{"rendered":"http:\/\/biblian.is\/1981\/jobsbok-32-kafli\/"},"modified":"2017-11-18T20:18:48","modified_gmt":"2017-11-18T20:18:48","slug":"jobsbok-32-kafli","status":"publish","type":"page","link":"https:\/\/biblian.is\/1981\/jobsbok-32-kafli\/","title":{"rendered":"Jobsb\u00f3k 32. kafli"},"content":{"rendered":"<p><a name=\"1\"><span class=\"versanumer\">1<\/span><\/a>Og \u00feessir \u00fer\u00edr menn h\u00e6ttu a\u00f0 svara Job, \u00fev\u00ed a\u00f0 hann \u00fe\u00f3ttist vera r\u00e9ttl\u00e1tur.<a name=\"2\"><span class=\"versanumer\">2<\/span><\/a>\u00de\u00e1 upptendra\u00f0ist rei\u00f0i El\u00edh\u00fa Barakelssonar B\u00fas\u00edta af Rams kynstofni. Upptendra\u00f0ist rei\u00f0i hans gegn Job, af \u00fev\u00ed a\u00f0 hann taldi sig hafa \u00e1 r\u00e9ttu a\u00f0 standa gagnvart Gu\u00f0i.<a name=\"3\"><span class=\"versanumer\">3<\/span><\/a>Rei\u00f0i hans upptendra\u00f0ist og gegn vinum hans \u00feremur, fyrir \u00fea\u00f0 a\u00f0 \u00feeir fundu engin andsv\u00f6r til \u00feess a\u00f0 sanna Job, a\u00f0 hann hef\u00f0i \u00e1 r\u00f6ngu a\u00f0 standa.<a name=\"4\"><span class=\"versanumer\">4<\/span><\/a>En El\u00edh\u00fa haf\u00f0i be\u00f0i\u00f0 me\u00f0 a\u00f0 m\u00e6la til Jobs, \u00fev\u00ed a\u00f0 hinir voru eldri en hann.<a name=\"5\"><span class=\"versanumer\">5<\/span><\/a>En er El\u00edh\u00fa s\u00e1, a\u00f0 mennirnir \u00fer\u00edr g\u00e1tu engu svara\u00f0, upptendra\u00f0ist rei\u00f0i hans.<a name=\"6\"><span class=\"versanumer\">6<\/span><\/a>\u00de\u00e1 t\u00f3k El\u00edh\u00fa Barakelsson B\u00fas\u00edti til m\u00e1ls og sag\u00f0i: \u00c9g er ungur a\u00f0 aldri, en \u00fe\u00e9r eru\u00f0 \u00f6ldungar, \u00feess vegna fyrirvar\u00f0 \u00e9g mig og kom m\u00e9r eigi a\u00f0 \u00fev\u00ed a\u00f0 kunngj\u00f6ra y\u00f0ur \u00fea\u00f0, sem \u00e9g veit.<a name=\"7\"><span class=\"versanumer\">7<\/span><\/a>\u00c9g hugsa\u00f0i: Aldurinn tali, og \u00e1rafj\u00f6ldinn kunngj\u00f6ri speki!<a name=\"8\"><span class=\"versanumer\">8<\/span><\/a>En \u00fea\u00f0 er andinn \u00ed manninum og andbl\u00e1stur hins Alm\u00e1ttka, sem gj\u00f6rir \u00fe\u00e1 vitra.<a name=\"9\"><span class=\"versanumer\">9<\/span><\/a>Elstu mennirnir eru ekki \u00e1vallt vitrastir, og \u00f6ldungarnir skynja eigi, hva\u00f0 r\u00e9ttast er.<a name=\"10\"><span class=\"versanumer\">10<\/span><\/a>Fyrir \u00fev\u00ed segi \u00e9g: Hl\u00fd\u00f0 \u00e1 mig, n\u00fa \u00e6tla einnig \u00e9g a\u00f0 kunngj\u00f6ra \u00fea\u00f0, sem \u00e9g veit.<a name=\"11\"><span class=\"versanumer\">11<\/span><\/a>Sj\u00e1, \u00e9g bei\u00f0 eftir r\u00e6\u00f0um y\u00f0ar, hlusta\u00f0i \u00e1 r\u00f6ksemdir y\u00f0ar, uns \u00fe\u00e9r fyndu\u00f0 or\u00f0in, sem vi\u00f0 \u00e6ttu.<a name=\"12\"><span class=\"versanumer\">12<\/span><\/a>Og a\u00f0 y\u00f0ur gaf \u00e9g gaum, en sj\u00e1, enginn sannf\u00e6r\u00f0i Job, enginn y\u00f0ar hrakti or\u00f0 hans.<a name=\"13\"><span class=\"versanumer\">13<\/span><\/a>Segi\u00f0 ekki: V\u00e9r h\u00f6fum hitt fyrir speki, Gu\u00f0 einn f\u00e6r sigra\u00f0 hann, en enginn ma\u00f0ur!<a name=\"14\"><span class=\"versanumer\">14<\/span><\/a>Gegn m\u00e9r hefir hann ekki sett fram neinar sannanir, og me\u00f0 y\u00f0ar or\u00f0um \u00e6tla \u00e9g ekki a\u00f0 svara honum.<a name=\"15\"><span class=\"versanumer\">15<\/span><\/a>\u00deeir eru skelka\u00f0ir, svara eigi framar, \u00feeir standa uppi or\u00f0lausir.<a name=\"16\"><span class=\"versanumer\">16<\/span><\/a>Og \u00e6tti \u00e9g a\u00f0 b\u00ed\u00f0a, \u00fear sem \u00feeir \u00feegja, \u00fear sem \u00feeir standa og svara eigi framar?<a name=\"17\"><span class=\"versanumer\">17<\/span><\/a>\u00c9g vil og svara af minni h\u00e1lfu, \u00e9g vil og kunngj\u00f6ra \u00fea\u00f0, sem \u00e9g veit.<a name=\"18\"><span class=\"versanumer\">18<\/span><\/a>\u00dev\u00ed a\u00f0 \u00e9g er fullur af or\u00f0um, andinn \u00ed brj\u00f3sti m\u00ednu kn\u00fdr mig.<a name=\"19\"><span class=\"versanumer\">19<\/span><\/a>Sj\u00e1, brj\u00f3st mitt er sem v\u00edn, er ekki f\u00e6r \u00fatr\u00e1s, \u00e6tlar a\u00f0 rifna, eins og n\u00fdfylltir belgir.<a name=\"20\"><span class=\"versanumer\">20<\/span><\/a>\u00c9g \u00e6tla a\u00f0 tala til \u00feess a\u00f0 l\u00e9tta \u00e1 m\u00e9r, \u00e6tla a\u00f0 opna varir m\u00ednar og svara.<a name=\"21\"><span class=\"versanumer\">21<\/span><\/a>\u00c9g \u00e6tla ekki a\u00f0 draga taum neins, og \u00e9g \u00e6tla engan a\u00f0 skjalla.<a name=\"22\"><span class=\"versanumer\">22<\/span><\/a>\u00dev\u00ed a\u00f0 \u00e9g kann ekki a\u00f0 skjalla, ella kynni skapari minn br\u00e1\u00f0lega a\u00f0 kippa m\u00e9r burt.<\/p>\n<div class=\"footnote1981\"><b>32.3<\/b> Fundu ekkert til a\u00f0 sanna sekt Job 4.17+<br \/>\n<b>32.4<\/b> Eldri en hann Job 8.8+ ; 3M\u00f3s 19.32<br \/>\n<b>32.8<\/b> Innbl\u00e1stur fr\u00e1 hinum Alm\u00e1ttka 1M\u00f3s 41.38-39; Dan 1.17; VDan 1.45<br \/>\n<b>32.9<\/b> \u00deurfa ekki a\u00f0 vera vitrir SSal 4.8-9; VDan 1.52-53<br \/>\n<b>32.11<\/b> Hlusta\u00f0i S\u00edr 5.11; Jak 1.19<br \/>\n<b>32.12<\/b> Enginn gat svara\u00f0 Job 35.4; T\u00edt 1.9<br \/>\n<b>32.13<\/b> Gu\u00f0 einn hefur spekina Job 36.22; 1M\u00f3s 41.16; Dan 2.27-28<br \/>\n<b>32.18-19<\/b> Skyldugur til a\u00f0 tala Jer 20.9<br \/>\n<b>32.19<\/b> N\u00fdjir v\u00ednbelgir Matt 9.17 og hlst.<br \/>\n<b>32.21-22<\/b> Skjalla Job 13.7-10; Okv 29.5<\/div>\n","protected":false},"excerpt":{"rendered":"<p>1Og \u00feessir \u00fer\u00edr menn h\u00e6ttu a\u00f0 svara Job, \u00fev\u00ed a\u00f0 hann \u00fe\u00f3ttist vera r\u00e9ttl\u00e1tur.2\u00de\u00e1 upptendra\u00f0ist rei\u00f0i El\u00edh\u00fa Barakelssonar B\u00fas\u00edta af Rams kynstofni. Upptendra\u00f0ist rei\u00f0i hans gegn Job, af \u00fev\u00ed a\u00f0 hann taldi sig hafa \u00e1 r\u00e9ttu a\u00f0 standa gagnvart Gu\u00f0i.3Rei\u00f0i hans upptendra\u00f0ist og gegn vinum hans \u00feremur, fyrir \u00fea\u00f0 a\u00f0 \u00feeir fundu engin andsv\u00f6r til \u00feess a\u00f0 sanna Job, a\u00f0 hann hef\u00f0i \u00e1 r\u00f6ngu a\u00f0 standa.4En El\u00edh\u00fa haf\u00f0i be\u00f0i\u00f0 me\u00f0 a\u00f0 m\u00e6la til Jobs, \u00fev\u00ed a\u00f0 hinir voru eldri en hann.5En er El\u00edh\u00fa s\u00e1, a\u00f0 mennirnir \u00fer\u00edr g\u00e1tu engu svara\u00f0, upptendra\u00f0ist rei\u00f0i hans.6\u00de\u00e1 t\u00f3k El\u00edh\u00fa Barakelsson B\u00fas\u00edti til m\u00e1ls og <a href=\"https:\/\/biblian.is\/1981\/jobsbok-32-kafli\/\"> [&#8230;]<\/a><\/p>\n","protected":false},"author":1,"featured_media":0,"parent":0,"menu_order":0,"comment_status":"open","ping_status":"open","template":"bibliukaflar.php","meta":{"footnotes":""},"class_list":["post-1814","page","type-page","status-publish","hentry"],"_links":{"self":[{"href":"https:\/\/biblian.is\/1981\/wp-json\/wp\/v2\/pages\/1814","targetHints":{"allow":["GET"]}}],"collection":[{"href":"https:\/\/biblian.is\/1981\/wp-json\/wp\/v2\/pages"}],"about":[{"href":"https:\/\/biblian.is\/1981\/wp-json\/wp\/v2\/types\/page"}],"author":[{"embeddable":true,"href":"https:\/\/biblian.is\/1981\/wp-json\/wp\/v2\/users\/1"}],"replies":[{"embeddable":true,"href":"https:\/\/biblian.is\/1981\/wp-json\/wp\/v2\/comments?post=1814"}],"version-history":[{"count":0,"href":"https:\/\/biblian.is\/1981\/wp-json\/wp\/v2\/pages\/1814\/revisions"}],"wp:attachment":[{"href":"https:\/\/biblian.is\/1981\/wp-json\/wp\/v2\/media?parent=1814"}],"curies":[{"name":"wp","href":"https:\/\/api.w.org\/{rel}","templated":true}]}}