{"id":1813,"date":"2017-11-18T20:18:48","date_gmt":"2017-11-18T20:18:48","guid":{"rendered":"http:\/\/biblian.is\/1981\/jobsbok-31-kafli\/"},"modified":"2017-11-18T20:18:48","modified_gmt":"2017-11-18T20:18:48","slug":"jobsbok-31-kafli","status":"publish","type":"page","link":"https:\/\/biblian.is\/1981\/jobsbok-31-kafli\/","title":{"rendered":"Jobsb\u00f3k 31. kafli"},"content":{"rendered":"<p><a name=\"1\"><span class=\"versanumer\">1<\/span><\/a>&#8222;\u00c9g haf\u00f0i gj\u00f6rt s\u00e1ttm\u00e1la vi\u00f0 augu m\u00edn; hvernig hef\u00f0i \u00e9g \u00fe\u00e1 \u00e1tt a\u00f0 l\u00edta til yngismeyjar?&#8220;<a name=\"2\"><span class=\"versanumer\">2<\/span><\/a>Og hvert v\u00e6ri \u00fe\u00e1 hlutskipti\u00f0 fr\u00e1 Gu\u00f0i h\u00e9r a\u00f0 ofan og arfleif\u00f0in fr\u00e1 hinum Alm\u00e1ttka af h\u00e6\u00f0um?<a name=\"3\"><span class=\"versanumer\">3<\/span><\/a>Er \u00fea\u00f0 ekki gl\u00f6tun fyrir gl\u00e6pamanninn og \u00f3g\u00e6fa fyrir \u00fe\u00e1, er illt fremja?<a name=\"4\"><span class=\"versanumer\">4<\/span><\/a>S\u00e9r hann ekki vegu m\u00edna, og telur hann ekki \u00f6ll m\u00edn spor?<a name=\"5\"><span class=\"versanumer\">5<\/span><\/a>Hafi \u00e9g gengi\u00f0 me\u00f0 lyginni og f\u00f3tur minn hra\u00f0a\u00f0 s\u00e9r til svika<a name=\"6\"><span class=\"versanumer\">6<\/span><\/a>vegi Gu\u00f0 mig \u00e1 r\u00e9tta vog, til \u00feess a\u00f0 hann vi\u00f0urkenni sakleysi mitt!<a name=\"7\"><span class=\"versanumer\">7<\/span><\/a>hafi spor m\u00edn viki\u00f0 af lei\u00f0, hjarta mitt fari\u00f0 eftir f\u00fdsn augna minna og flekkur lo\u00f0a\u00f0 vi\u00f0 hendur m\u00ednar,<a name=\"8\"><span class=\"versanumer\">8<\/span><\/a>\u00fe\u00e1 eti annar \u00fea\u00f0, sem \u00e9g s\u00e1i, og frj\u00f3angar m\u00ednir ver\u00f0i rifnir upp me\u00f0 r\u00f3tum.<a name=\"9\"><span class=\"versanumer\">9<\/span><\/a>Hafi hjarta mitt l\u00e1ti\u00f0 ginnast vegna einhverrar konu, og hafi \u00e9g sta\u00f0i\u00f0 \u00e1 hleri vi\u00f0 dyr n\u00e1unga m\u00edns,<a name=\"10\"><span class=\"versanumer\">10<\/span><\/a>\u00fe\u00e1 mali kona m\u00edn fyrir annan, og a\u00f0rir menn leggist me\u00f0 henni.<a name=\"11\"><span class=\"versanumer\">11<\/span><\/a>\u00dev\u00ed a\u00f0 sl\u00edkt v\u00e6ri \u00f3h\u00e6fa og gl\u00e6pur, sem d\u00f3murum ber a\u00f0 hegna fyrir,<a name=\"12\"><span class=\"versanumer\">12<\/span><\/a>\u00fev\u00ed a\u00f0 \u00fea\u00f0 v\u00e6ri eldur, sem ey\u00f0ir ofan \u00ed undirdj\u00fapin og hlyti a\u00f0 uppr\u00e6ta allar eigur m\u00ednar.<a name=\"13\"><span class=\"versanumer\">13<\/span><\/a>Hafi \u00e9g l\u00edtilsvirt r\u00e9tt \u00fej\u00f3ns m\u00edns e\u00f0a \u00feernu minnar, \u00fe\u00e1 er \u00feau \u00e1ttu \u00ed deilu vi\u00f0 mig,<a name=\"14\"><span class=\"versanumer\">14<\/span><\/a>hva\u00f0 \u00e6tti \u00e9g \u00fe\u00e1 a\u00f0 gj\u00f6ra, \u00feegar Gu\u00f0 risi upp, og hverju svara honum, \u00feegar hann rannsaka\u00f0i?<a name=\"15\"><span class=\"versanumer\">15<\/span><\/a>Hefir eigi s\u00e1 er mig sk\u00f3p, skapa\u00f0 \u00fej\u00f3n minn \u00ed m\u00f3\u00f0url\u00edfi, og hefir ekki hinn sami mynda\u00f0 okkur \u00ed m\u00f3\u00f0urkvi\u00f0i?<a name=\"16\"><span class=\"versanumer\">16<\/span><\/a>Hafi \u00e9g synja\u00f0 f\u00e1t\u00e6kum b\u00f3nar og l\u00e1ti\u00f0 augu ekkjunnar daprast,<a name=\"17\"><span class=\"versanumer\">17<\/span><\/a>&#8222;hafi \u00e9g eti\u00f0 bitann minn einn; og muna\u00f0arleysinginn ekkert fengi\u00f0 af honum&#8220;<a name=\"18\"><span class=\"versanumer\">18<\/span><\/a>nei, fr\u00e1 barn\u00e6sku minni hefir hann vaxi\u00f0 upp hj\u00e1 m\u00e9r sem hj\u00e1  f\u00f6\u00f0ur og fr\u00e1 m\u00f3\u00f0url\u00edfi hefi \u00e9g leitt hann<a name=\"19\"><span class=\"versanumer\">19<\/span><\/a>hafi \u00e9g s\u00e9\u00f0 aumingja kl\u00e6\u00f0lausan og snau\u00f0an mann \u00e1brei\u00f0ulausan,<a name=\"20\"><span class=\"versanumer\">20<\/span><\/a>&#8222;hafi lendar hans ekki blessa\u00f0 mig og hafi honum ekki hitna\u00f0 vi\u00f0 ullina af sau\u00f0um m\u00ednum;&#8220;<a name=\"21\"><span class=\"versanumer\">21<\/span><\/a>hafi \u00e9g reitt hnefann a\u00f0 muna\u00f0arleysingjanum, af \u00fev\u00ed a\u00f0 \u00e9g s\u00e1 m\u00e9r li\u00f0svon \u00ed borgarhli\u00f0inu,<a name=\"22\"><span class=\"versanumer\">22<\/span><\/a>\u00fe\u00e1 detti axlir m\u00ednar fr\u00e1 her\u00f0unum og handleggur minn brotni \u00far axlarli\u00f0num.<a name=\"23\"><span class=\"versanumer\">23<\/span><\/a>\u00dev\u00ed a\u00f0 gl\u00f6tunin fr\u00e1 Gu\u00f0i var m\u00e9r skelfileg, og gegn h\u00e1tign hans megna \u00e9g ekkert.<a name=\"24\"><span class=\"versanumer\">24<\/span><\/a>Hafi \u00e9g gj\u00f6rt gulli\u00f0 a\u00f0 athvarfi m\u00ednu og nefnt sk\u00edragulli\u00f0 fulltr\u00faa minn,<a name=\"25\"><span class=\"versanumer\">25<\/span><\/a>hafi \u00e9g gla\u00f0st yfir \u00fev\u00ed, a\u00f0 au\u00f0ur minn var mikill og a\u00f0 h\u00f6nd m\u00edn afla\u00f0i svo r\u00edkulega,<a name=\"26\"><span class=\"versanumer\">26<\/span><\/a>hafi \u00e9g horft \u00e1 s\u00f3lina, hversu h\u00fan skein, og \u00e1 tungli\u00f0, hversu d\u00fdrlega \u00fea\u00f0 \u00f3\u00f0 \u00e1fram,<a name=\"27\"><span class=\"versanumer\">27<\/span><\/a>og hafi hjarta mitt \u00fe\u00e1 l\u00e1ti\u00f0 t\u00e6last \u00ed leynum, svo a\u00f0 \u00e9g b\u00e6ri h\u00f6nd a\u00f0 munni og kyssti hana,<a name=\"28\"><span class=\"versanumer\">28<\/span><\/a>\u00fea\u00f0 hef\u00f0i l\u00edka veri\u00f0 hegningarver\u00f0 synd, \u00fev\u00ed a\u00f0 \u00fe\u00e1 hef\u00f0i \u00e9g afneita\u00f0 Gu\u00f0i \u00e1 h\u00e6\u00f0um.<a name=\"29\"><span class=\"versanumer\">29<\/span><\/a>Hafi \u00e9g gla\u00f0st yfir \u00f3f\u00f6rum fjandmanns m\u00edns og hlakka\u00f0 yfir \u00fev\u00ed, a\u00f0 \u00f3g\u00e6fa kom yfir hann<a name=\"30\"><span class=\"versanumer\">30<\/span><\/a>nei, aldrei hefi \u00e9g leyft munni m\u00ednum svo a\u00f0 syndga a\u00f0 \u00e9g me\u00f0 form\u00e6lingum \u00f3ska\u00f0i dau\u00f0a hans.<a name=\"31\"><span class=\"versanumer\">31<\/span><\/a>Hafa ekki heimilismenn m\u00ednir sagt: Hven\u00e6r hefir nokkur fari\u00f0 \u00f3saddur fr\u00e1 bor\u00f0i hans?<a name=\"32\"><span class=\"versanumer\">32<\/span><\/a>\u00e9g l\u00e9t ekki a\u00f0komumann n\u00e1tta \u00e1 bersv\u00e6\u00f0i, heldur opna\u00f0i \u00e9g dyr m\u00ednar fyrir fer\u00f0amanninum.<a name=\"33\"><span class=\"versanumer\">33<\/span><\/a>Hafi \u00e9g huli\u00f0 yfirsj\u00f3nir m\u00ednar, eins og menn gj\u00f6ra, og fali\u00f0 misgj\u00f6r\u00f0 m\u00edna \u00ed brj\u00f3sti m\u00ednu,<a name=\"34\"><span class=\"versanumer\">34<\/span><\/a>af \u00fev\u00ed a\u00f0 \u00e9g hr\u00e6ddist mannfj\u00f6ldann, og af \u00fev\u00ed a\u00f0 fyrirlitning \u00e6ttanna f\u00e6ldi mig, svo a\u00f0 \u00e9g haf\u00f0i h\u00e6gt um mig og f\u00f3r ekki \u00fat fyrir dyr,<a name=\"35\"><span class=\"versanumer\">35<\/span><\/a>hafi akurland mitt hr\u00f3pa\u00f0 undan m\u00e9r og \u00f6ll pl\u00f3gf\u00f6r \u00feess gr\u00e1ti\u00f0,<a name=\"36\"><span class=\"versanumer\">36<\/span><\/a>hafi \u00e9g eti\u00f0 gr\u00f3\u00f0ur \u00feess endurgjaldslaust og sl\u00f6kkt l\u00edf eiganda \u00feess,<a name=\"37\"><span class=\"versanumer\">37<\/span><\/a>\u00fe\u00e1 spretti \u00feyrnar upp \u00ed sta\u00f0 hveitis og illgresi \u00ed sta\u00f0 byggs.<a name=\"38\"><span class=\"versanumer\">38<\/span><\/a>\u00d3 a\u00f0 \u00e9g hef\u00f0i \u00feann, er hlusta vildi \u00e1 mig! H\u00e9r er undirskrift m\u00edn hinn Alm\u00e1ttki svari m\u00e9r! S\u00e1 sem mig \u00e1k\u00e6rir, skrifi sitt \u00e1k\u00e6ruskjal!<a name=\"39\"><span class=\"versanumer\">39<\/span><\/a>Vissulega skyldi \u00e9g bera \u00fea\u00f0 \u00e1 \u00f6xlinni, binda \u00fea\u00f0 sem h\u00f6fu\u00f0sveig um enni\u00f0,<a name=\"40\"><span class=\"versanumer\">40<\/span><\/a>\u00e9g skyldi segja Gu\u00f0i fr\u00e1 hverju spori m\u00ednu og ganga sem h\u00f6f\u00f0ingi fram fyrir hann! H\u00e9r enda r\u00e6\u00f0ur Jobs.<\/p>\n<div class=\"footnote1981\"><b>31.1<\/b> L\u00edta til mey 2M\u00f3s 20.17; S\u00edr 9.5; Matt 5.28<br \/>\n<b>31.2-3<\/b> Hlutskipti hins rangl\u00e1ta Job 20.29+<br \/>\n<b>31.6<\/b> Sakleysi mitt Job 1.1+ ; 27.6+ , Slm 17.1-5<br \/>\n<b>31.9<\/b> T\u00e6last Okv 6.23-26; Pr\u00e9d 7.26<br \/>\n<b>31.11<\/b> Refsivert brot 5M\u00f3s 22.22; Okv 6.32; J\u00f3h 8.4-5<br \/>\n<b>31.13<\/b> R\u00e9ttur \u00fer\u00e6lsins 2M\u00f3s 21.2-3; 3M\u00f3s 25.39-43; Jer 34.8-9<br \/>\n<b>31.15<\/b> Gu\u00f0 skapa\u00f0i h\u00e1a og l\u00e1ga Job 10.11+ ; Okv 22.2<br \/>\n<b>31.16-20<\/b> Me\u00f0aumkun Job 6.14+ ; Jes 58.6-7; T\u00f3b 4.7-11,16<br \/>\n<b>31.23<\/b> \u00d3tti vi\u00f0 refsingu Slm 119.120<br \/>\n<b>31.24<\/b> Setja von m\u00edna \u00e1 gull Job 22.24-25; Okv 11.28; L\u00fak 12.19-21<br \/>\n<b>31.26-27<\/b> Stj\u00f6rnud\u00fdrkun 5M\u00f3s 4.19; Jer 8.2; SSal 13.2<br \/>\n<b>31.29<\/b> Gle\u00f0jast yfir \u00f3f\u00f6rum annarra Okv 24.17; sbr Matt 5.44 og hlst.<br \/>\n<b>31.31<\/b> F\u00e6\u00f0a f\u00e1t\u00e6ka Jes 58.10<br \/>\n<b>31.32<\/b> H\u00fdsa vegfarendur 1M\u00f3s 19.2; D\u00f3m 19.20<br \/>\n<b>31.33<\/b> Fela misgj\u00f6r\u00f0 s\u00edna 1M\u00f3s 3.10-13<br \/>\n<b>31.35<\/b> Hann svari m\u00e9r Job 13.22+ &#8211; andst\u00e6\u00f0ingur minn Job 13.19; sbr 30.12+<br \/>\n<b>31.38<\/b> Akurlendi\u00f0 hr\u00f3par 3M\u00f3s 26.34-35; 2Kro 36.21<\/div>\n","protected":false},"excerpt":{"rendered":"<p>1&#8222;\u00c9g haf\u00f0i gj\u00f6rt s\u00e1ttm\u00e1la vi\u00f0 augu m\u00edn; hvernig hef\u00f0i \u00e9g \u00fe\u00e1 \u00e1tt a\u00f0 l\u00edta til yngismeyjar?&#8220;2Og hvert v\u00e6ri \u00fe\u00e1 hlutskipti\u00f0 fr\u00e1 Gu\u00f0i h\u00e9r a\u00f0 ofan og arfleif\u00f0in fr\u00e1 hinum Alm\u00e1ttka af h\u00e6\u00f0um?3Er \u00fea\u00f0 ekki gl\u00f6tun fyrir gl\u00e6pamanninn og \u00f3g\u00e6fa fyrir \u00fe\u00e1, er illt fremja?4S\u00e9r hann ekki vegu m\u00edna, og telur hann ekki \u00f6ll m\u00edn spor?5Hafi \u00e9g gengi\u00f0 me\u00f0 lyginni og f\u00f3tur minn hra\u00f0a\u00f0 s\u00e9r til svika6vegi Gu\u00f0 mig \u00e1 r\u00e9tta vog, til \u00feess a\u00f0 hann vi\u00f0urkenni sakleysi mitt!7hafi spor m\u00edn viki\u00f0 af lei\u00f0, hjarta mitt fari\u00f0 eftir f\u00fdsn augna minna og flekkur lo\u00f0a\u00f0 vi\u00f0 hendur m\u00ednar,8\u00fe\u00e1 eti annar \u00fea\u00f0, sem <a href=\"https:\/\/biblian.is\/1981\/jobsbok-31-kafli\/\"> [&#8230;]<\/a><\/p>\n","protected":false},"author":1,"featured_media":0,"parent":0,"menu_order":0,"comment_status":"open","ping_status":"open","template":"bibliukaflar.php","meta":{"footnotes":""},"class_list":["post-1813","page","type-page","status-publish","hentry"],"_links":{"self":[{"href":"https:\/\/biblian.is\/1981\/wp-json\/wp\/v2\/pages\/1813","targetHints":{"allow":["GET"]}}],"collection":[{"href":"https:\/\/biblian.is\/1981\/wp-json\/wp\/v2\/pages"}],"about":[{"href":"https:\/\/biblian.is\/1981\/wp-json\/wp\/v2\/types\/page"}],"author":[{"embeddable":true,"href":"https:\/\/biblian.is\/1981\/wp-json\/wp\/v2\/users\/1"}],"replies":[{"embeddable":true,"href":"https:\/\/biblian.is\/1981\/wp-json\/wp\/v2\/comments?post=1813"}],"version-history":[{"count":0,"href":"https:\/\/biblian.is\/1981\/wp-json\/wp\/v2\/pages\/1813\/revisions"}],"wp:attachment":[{"href":"https:\/\/biblian.is\/1981\/wp-json\/wp\/v2\/media?parent=1813"}],"curies":[{"name":"wp","href":"https:\/\/api.w.org\/{rel}","templated":true}]}}