{"id":1811,"date":"2017-11-18T20:18:48","date_gmt":"2017-11-18T20:18:48","guid":{"rendered":"http:\/\/biblian.is\/1981\/jobsbok-29-kafli\/"},"modified":"2017-11-18T20:18:48","modified_gmt":"2017-11-18T20:18:48","slug":"jobsbok-29-kafli","status":"publish","type":"page","link":"https:\/\/biblian.is\/1981\/jobsbok-29-kafli\/","title":{"rendered":"Jobsb\u00f3k 29. kafli"},"content":{"rendered":"<p><a name=\"1\"><span class=\"versanumer\">1<\/span><\/a>Og Job h\u00e9lt \u00e1fram a\u00f0 flytja r\u00e6\u00f0u s\u00edna og m\u00e6lti:<a name=\"2\"><span class=\"versanumer\">2<\/span><\/a>\u00d3 a\u00f0 m\u00e9r li\u00f0i eins og for\u00f0um daga, eins og \u00fe\u00e1 er Gu\u00f0 var\u00f0veitti mig,<a name=\"3\"><span class=\"versanumer\">3<\/span><\/a>\u00fe\u00e1 er lampi hans skein yfir h\u00f6f\u00f0i m\u00e9r, og \u00e9g gekk vi\u00f0 lj\u00f3s hans \u00ed myrkrinu,<a name=\"4\"><span class=\"versanumer\">4<\/span><\/a>eins og \u00fe\u00e1 er \u00e9g var \u00e1 sumri \u00e6vi minnar, \u00fe\u00e1 er vin\u00e1tta Gu\u00f0s var yfir tjaldi m\u00ednu,<a name=\"5\"><span class=\"versanumer\">5<\/span><\/a>\u00fe\u00e1 er hinn Alm\u00e1ttki var enn me\u00f0 m\u00e9r og b\u00f6rn m\u00edn hringinn \u00ed kringum mig,<a name=\"6\"><span class=\"versanumer\">6<\/span><\/a>\u00fe\u00e1 er \u00e9g \u00f3\u00f0 \u00ed rj\u00f3ma, og ol\u00edfuol\u00edan rann \u00ed l\u00e6kjum \u00far klettinum hj\u00e1 m\u00e9r,<a name=\"7\"><span class=\"versanumer\">7<\/span><\/a>\u00fe\u00e1 er \u00e9g gekk \u00fat \u00ed borgarhli\u00f0i\u00f0, upp \u00ed borgina, bj\u00f3 m\u00e9r s\u00e6ti \u00e1 torginu.<a name=\"8\"><span class=\"versanumer\">8<\/span><\/a>\u00deegar sveinarnir s\u00e1u mig, f\u00f6ldu \u00feeir sig, og \u00f6ldungarnir risu \u00far s\u00e6ti og st\u00f3\u00f0u.<a name=\"9\"><span class=\"versanumer\">9<\/span><\/a>H\u00f6f\u00f0ingjarnir h\u00e6ttu a\u00f0 tala og l\u00f6g\u00f0u h\u00f6nd \u00e1 munn s\u00e9r.<a name=\"10\"><span class=\"versanumer\">10<\/span><\/a>R\u00f6dd tignarmannanna \u00feagna\u00f0i, og tunga \u00feeirra loddi vi\u00f0 g\u00f3minn.<a name=\"11\"><span class=\"versanumer\">11<\/span><\/a>\u00dev\u00ed a\u00f0 ef eyra heyr\u00f0i, taldi \u00fea\u00f0 mig s\u00e6lan, og ef auga s\u00e1, bar \u00fea\u00f0 m\u00e9r vitni.<a name=\"12\"><span class=\"versanumer\">12<\/span><\/a>\u00dev\u00ed a\u00f0 \u00e9g bjarga\u00f0i b\u00e1gst\u00f6ddum, sem hr\u00f3pu\u00f0u \u00e1 hj\u00e1lp, og muna\u00f0arleysingjum, sem enga a\u00f0sto\u00f0 \u00e1ttu.<a name=\"13\"><span class=\"versanumer\">13<\/span><\/a>Blessunar\u00f3sk aumingjans kom yfir mig, og hjarta ekkjunnar fyllti \u00e9g f\u00f6gnu\u00f0i.<a name=\"14\"><span class=\"versanumer\">14<\/span><\/a>\u00c9g \u00edkl\u00e6ddist r\u00e9ttl\u00e6tinu, og \u00fea\u00f0 \u00edkl\u00e6ddist m\u00e9r, r\u00e1\u00f0vendni m\u00edn var m\u00e9r sem skikkja og vefjarh\u00f6ttur.<a name=\"15\"><span class=\"versanumer\">15<\/span><\/a>\u00c9g var auga hins blinda og f\u00f3tur hins halta.<a name=\"16\"><span class=\"versanumer\">16<\/span><\/a>\u00c9g var fa\u00f0ir hinna snau\u00f0u, og m\u00e1lefni \u00feess, sem \u00e9g eigi \u00feekkti, rannsaka\u00f0i \u00e9g.<a name=\"17\"><span class=\"versanumer\">17<\/span><\/a>\u00c9g braut jaxlana \u00ed hinum rangl\u00e1ta og reif br\u00e1\u00f0ina \u00far t\u00f6nnum hans.<a name=\"18\"><span class=\"versanumer\">18<\/span><\/a>\u00de\u00e1 hugsa\u00f0i \u00e9g: \u00cd hrei\u00f0ri m\u00ednu mun \u00e9g gefa upp andann og lifa langa \u00e6vi, eins og F\u00f6nix-fuglinn.<a name=\"19\"><span class=\"versanumer\">19<\/span><\/a>R\u00f3t m\u00edn er opin fyrir vatninu, og d\u00f6ggin hefir n\u00e1ttsta\u00f0 \u00e1 greinum m\u00ednum.<a name=\"20\"><span class=\"versanumer\">20<\/span><\/a>Hei\u00f0ur minn er \u00e6 n\u00fdr hj\u00e1 m\u00e9r, og bogi minn yngist upp \u00ed hendi minni.<a name=\"21\"><span class=\"versanumer\">21<\/span><\/a>\u00deeir hlustu\u00f0u \u00e1 mig og bi\u00f0u og hl\u00fdddu \u00feegjandi \u00e1 till\u00f6gu m\u00edna.<a name=\"22\"><span class=\"versanumer\">22<\/span><\/a>\u00de\u00e1 er \u00e9g haf\u00f0i tala\u00f0, t\u00f3ku \u00feeir eigi aftur til m\u00e1ls, og r\u00e6\u00f0a m\u00edn draup ni\u00f0ur \u00e1 \u00fe\u00e1.<a name=\"23\"><span class=\"versanumer\">23<\/span><\/a>\u00deeir bi\u00f0u m\u00edn eins og regns, og opnu\u00f0u munn sinn, eins og von v\u00e6ri \u00e1 vorsk\u00far.<a name=\"24\"><span class=\"versanumer\">24<\/span><\/a>\u00c9g brosti til \u00feeirra, \u00feegar \u00feeim f\u00e9llst hugur, og lj\u00f3s auglitis m\u00edns gj\u00f6r\u00f0u \u00feeir aldrei dapurt.<a name=\"25\"><span class=\"versanumer\">25<\/span><\/a>F\u00fas lag\u00f0i \u00e9g lei\u00f0 til \u00feeirra og sat \u00fear efstur, sat \u00fear sem konungur umkringdur af hersveit sinni, eins og huggari harm\u00ferunginna.<\/p>\n<div class=\"footnote1981\"><b>29.2<\/b> Gu\u00f0 vernda\u00f0i mig Job 1.1-5; 8.6; 42.10-17; 1Sam 2.9; Slm 40.12; Esr 5.5<br \/>\n<b>29.4<\/b> Gu\u00f0 sk\u00fdldi tjaldinu Okv 3.32; Jak 2.23+ ; sbr J\u00f3h 15.14-15<br \/>\n<b>29.6<\/b> \u00devo f\u00e6turna \u00ed mj\u00f3lk Job 20.17<br \/>\n<b>29.8<\/b> Risu \u00e1 f\u00e6tur sbr 3M\u00f3s 19.32<br \/>\n<b>29.9<\/b> H\u00f6nd \u00e1 munn Job 21.5+<br \/>\n<b>29.12<\/b> Bjarga\u00f0i snau\u00f0um Job 6.14+ ; Slm 72.12; sbr Job 22.9+<br \/>\n<b>29.14<\/b> Kl\u00e6ddist r\u00e9ttl\u00e6ti Job 19.9; Slm 132.9; sbr Jes 59.17<br \/>\n<b>29.15<\/b> Blindum auga 3M\u00f3s 19.14<br \/>\n<b>29.16<\/b> Snau\u00f0um fa\u00f0ir Jes 22.21<br \/>\n<b>29.17<\/b> Hnekkja rangl\u00e6tinu Jes 11.4; sbr Job 22.8<br \/>\n<b>29.18<\/b> Endurn\u00fdja l\u00edf sitt Jes 40.31; Slm 103.5<br \/>\n<b>29.19<\/b> Hj\u00e1 vatninu Slm 1.3 \u2013 d\u00f6ggin 1M\u00f3s 27.28; H\u00f3s 14.6; Okv 19.12<br \/>\n<b>29.20<\/b> Kraftur bogans sbr Job 30.11; 1M\u00f3s 49.24; Jer 49.35<br \/>\n<b>29.21<\/b> Hl\u00fdddu \u00feegjandi Job 21.5+<br \/>\n<b>29.22<\/b> Or\u00f0 m\u00edn 5M\u00f3s 32.2<br \/>\n<b>29.23<\/b> Eins og vorsk\u00far Okv 16.15<\/div>\n","protected":false},"excerpt":{"rendered":"<p>1Og Job h\u00e9lt \u00e1fram a\u00f0 flytja r\u00e6\u00f0u s\u00edna og m\u00e6lti:2\u00d3 a\u00f0 m\u00e9r li\u00f0i eins og for\u00f0um daga, eins og \u00fe\u00e1 er Gu\u00f0 var\u00f0veitti mig,3\u00fe\u00e1 er lampi hans skein yfir h\u00f6f\u00f0i m\u00e9r, og \u00e9g gekk vi\u00f0 lj\u00f3s hans \u00ed myrkrinu,4eins og \u00fe\u00e1 er \u00e9g var \u00e1 sumri \u00e6vi minnar, \u00fe\u00e1 er vin\u00e1tta Gu\u00f0s var yfir tjaldi m\u00ednu,5\u00fe\u00e1 er hinn Alm\u00e1ttki var enn me\u00f0 m\u00e9r og b\u00f6rn m\u00edn hringinn \u00ed kringum mig,6\u00fe\u00e1 er \u00e9g \u00f3\u00f0 \u00ed rj\u00f3ma, og ol\u00edfuol\u00edan rann \u00ed l\u00e6kjum \u00far klettinum hj\u00e1 m\u00e9r,7\u00fe\u00e1 er \u00e9g gekk \u00fat \u00ed borgarhli\u00f0i\u00f0, upp \u00ed borgina, bj\u00f3 m\u00e9r s\u00e6ti \u00e1 torginu.8\u00deegar sveinarnir s\u00e1u <a href=\"https:\/\/biblian.is\/1981\/jobsbok-29-kafli\/\"> [&#8230;]<\/a><\/p>\n","protected":false},"author":1,"featured_media":0,"parent":0,"menu_order":0,"comment_status":"open","ping_status":"open","template":"bibliukaflar.php","meta":{"footnotes":""},"class_list":["post-1811","page","type-page","status-publish","hentry"],"_links":{"self":[{"href":"https:\/\/biblian.is\/1981\/wp-json\/wp\/v2\/pages\/1811","targetHints":{"allow":["GET"]}}],"collection":[{"href":"https:\/\/biblian.is\/1981\/wp-json\/wp\/v2\/pages"}],"about":[{"href":"https:\/\/biblian.is\/1981\/wp-json\/wp\/v2\/types\/page"}],"author":[{"embeddable":true,"href":"https:\/\/biblian.is\/1981\/wp-json\/wp\/v2\/users\/1"}],"replies":[{"embeddable":true,"href":"https:\/\/biblian.is\/1981\/wp-json\/wp\/v2\/comments?post=1811"}],"version-history":[{"count":0,"href":"https:\/\/biblian.is\/1981\/wp-json\/wp\/v2\/pages\/1811\/revisions"}],"wp:attachment":[{"href":"https:\/\/biblian.is\/1981\/wp-json\/wp\/v2\/media?parent=1811"}],"curies":[{"name":"wp","href":"https:\/\/api.w.org\/{rel}","templated":true}]}}